{"id":87924,"date":"2021-09-07T10:17:38","date_gmt":"2021-09-07T17:17:38","guid":{"rendered":"https:\/\/ec2-34-221-119-146.us-west-2.compute.amazonaws.com\/?post_type=product&#038;p=87924"},"modified":"2026-02-12T10:08:28","modified_gmt":"2026-02-12T18:08:28","slug":"helios2plus-time-of-flight-tof-ip67-3d-camera","status":"publish","type":"product","link":"https:\/\/thinklucid.com\/de\/product\/helios2plus-time-of-flight-tof-ip67-3d-camera\/","title":{"rendered":"Helios2+ Time of Flight (ToF) IP67 3D Kamera"},"content":{"rendered":"<div class=\"wpb-content-wrapper\"><p>[vc_row][vc_column][vc_custom_heading text=&#8220;Helios2+ Time-of-Flight-Kamera mit kamerainternem HDR und Hochgeschwindigkeitsfunktionen&#8220; font_container=&#8220;tag:h2|font_size:24px|text_align:center&#8220; use_theme_fonts=&#8220;yes&#8220; css=&#8220;.vc_custom_1762812773976{margin-top: 50px !important;}&#8220;][vc_column_text css=&#8220;.vc_custom_1632529382178{margin-bottom: 25px !important;}&#8220;]Die Helios2+ ist eine erweiterte Version der Helios2 ToF-Kamera, die zwei neue Schl\u00fcsselfunktionen bietet, die den Einsatz in anspruchsvollen Umgebungen erm\u00f6glichen: den High Dynamic Range (HDR)-Modus und den High-Speed-Modus, w\u00e4hrend alle anderen Vorteile der Helios2 beibehalten werden.\u00a0 Sowohl der HDR- als auch der High-Speed-Modus werden vollst\u00e4ndig von der Kamera verarbeitet und erfordern nur minimale \u00c4nderungen am Back-End des Bildverarbeitungssystems. Der Helios2+ verf\u00fcgt \u00fcber dieselbe robuste Industrieplattform wie sein Vorg\u00e4nger und ist mechanisch und elektronisch zu 100 % mit dem Helios2 kompatibel, so dass bestehende Kunden einen nahtlosen Upgrade-Pfad nutzen k\u00f6nnen. Dank seines kompakten Formfaktors, seiner industriellen Zuverl\u00e4ssigkeit und seines attraktiven Preises eignet sich der Helios2+ ideal f\u00fcr viele anspruchsvolle 3D-Anwendungen wie 3D-Inspektion, automatisiertes Materialhandling und Robotik, um effizienter zu arbeiten und gleichzeitig die Gesamtsystemkosten zu senken.[\/vc_column_text][\/vc_column][\/vc_row][vc_row][vc_column width=&#8220;1\/2&#8243;][vc_custom_heading text=&#8220;Beispielvideo mit hohem Dynamikbereich&#8220; font_container=&#8220;tag:h2|font_size:24px|text_align:center&#8220; use_theme_fonts=&#8220;yes&#8220;][vc_column_text css=&#8220;.vc_custom_1632529486472{margin-bottom: 15px !important;}&#8220;]Der High Dynamic Range-Modus kombiniert mehrere Belichtungszeiten (62,5\u03bcs, 250\u03bcs, 1000\u03bcs) im Phasenbereich, um genaue Tiefeninformationen in kontrastreichen, komplexen Szenen zu liefern, die sowohl stark reflektierende als auch schwach reflektierende Objekte enthalten.[\/vc_column_text][vc_raw_html]JTIwJTNDZGl2JTIwY2xhc3MlM0QlMjJ5b3V0dWJlLXBsYXllciUyMiUyMGRhdGEtaWQlM0QlMjJnbUFIUVNKQTRJcyUyMiUyMGRhdGEtcmVsYXRlZCUzRCUyMjAlMjIlMjBkYXRhLWNvbnRyb2wlM0QlMjIxJTIyJTIwZGF0YS1pbmZvJTNEJTIyMCUyMiUyMGRhdGEtZnVsbHNjcmVlbiUzRCUyMjAlMjIlMjBzdHlsZSUzRCUyMndpZHRoJTNBMTAwJTI1JTNCZGlzcGxheSUzQSUyMGJsb2NrJTNCJTIwcG9zaXRpb24lM0ElMjByZWxhdGl2ZSUzQmN1cnNvciUzQSUyMHBvaW50ZXIlM0JtYXgtaGVpZ2h0JTNBNTI3cHglM0JoZWlnaHQlM0ExMDAlMjUlM0IlMjBvdmVyZmxvdyUzQWhpZGRlbiUzQnBhZGRpbmctYm90dG9tJTNBNTYuMjUlMjUlM0JtYXJnaW4lM0EwJTIwYXV0byUyMiUzRSUyMCUzQ2ltZyUyMHNyYyUzRCUyMiUyRndwLWNvbnRlbnQlMkZ1cGxvYWRzJTJGMjAyMSUyRjA5JTJGSGVsaW9zMlBsdXMtSERSLXRodW1ibmFpbC5qcGclMjIlMjBzdHlsZSUzRCUyMmJvdHRvbSUzQSUyMC0xMDAlMjUlM0IlMjBkaXNwbGF5JTNBJTIwYmxvY2slM0IlMjBsZWZ0JTNBJTIwMCUzQiUyMG1hcmdpbiUzQSUyMGF1dG8lM0IlMjBtYXgtd2lkdGglM0ElMjAxMDAlMjUlM0IlMjB3aWR0aCUzQSUyMDEwMCUyNSUzQmhlaWdodCUzQWF1dG8lM0IlMjBwb3NpdGlvbiUzQSUyMGFic29sdXRlJTNCJTIwcmlnaHQlM0ElMjAwJTNCJTIwdG9wJTNBJTIwLTEwMCUyNSUzQiUyMiUyMGFsdCUzRCUyMkhlbGlvczIlMjAzRCUyMFRpbWUlMjBvZiUyMEZsaWdodCUyMHByb2R1Y3QlMjB2aWRlbyUyMFRodW1ibmFpbCUyMiUzRSUyMCUzQ2RpdiUyMHN0eWxlJTNEJTIyaGVpZ2h0JTNBJTIwNzJweCUzQiUyMHdpZHRoJTNBJTIwNzJweCUzQiUyMGxlZnQlM0ElMjA1MCUyNSUzQiUyMHRvcCUzQSUyMDUwJTI1JTNCJTIwbWFyZ2luLWxlZnQlM0ElMjAtMzZweCUzQiUyMG1hcmdpbi10b3AlM0ElMjAtMzZweCUzQiUyMHBvc2l0aW9uJTNBJTIwYWJzb2x1dGUlM0IlMjBiYWNrZ3JvdW5kJTNBJTIwdXJsJTI4JTI3aHR0cHMlM0ElMkYlMkZpLmltZ3VyLmNvbSUyRlR4ekM3MGYucG5nJTI3JTI5JTIwbm8tcmVwZWF0JTNCJTIyJTNFJTNDJTJGZGl2JTNFJTIwJTNDJTJGZGl2JTNFJTIw[\/vc_raw_html][\/vc_column][vc_column width=&#8220;1\/2&#8243;][vc_custom_heading text=&#8220;Beispielvideo f\u00fcr den Hochgeschwindigkeitsmodus&#8220; font_container=&#8220;tag:h2|font_size:24px|text_align:center&#8220; use_theme_fonts=&#8220;yes&#8220;][vc_column_text css=&#8220;.vc_custom_1632529559652{margin-bottom: 15px !important;}&#8220;]Der Hochgeschwindigkeitsmodus erm\u00f6glicht die Tiefenwahrnehmung mit einer einphasigen Messung, um eine schnellere Erfassungsgeschwindigkeit und h\u00f6here Frameraten zu erzielen. Dies erm\u00f6glicht die 3D-Abbildung von sich schnell bewegenden Objekten ohne Verzerrung auf Kosten der absoluten Genauigkeit und des Messbereichs.[\/vc_column_text][vc_raw_html]JTIwJTNDZGl2JTIwY2xhc3MlM0QlMjJ5b3V0dWJlLXBsYXllciUyMiUyMGRhdGEtaWQlM0QlMjJWYXJtOHR0Y3FOUSUyMiUyMGRhdGEtcmVsYXRlZCUzRCUyMjAlMjIlMjBkYXRhLWNvbnRyb2wlM0QlMjIxJTIyJTIwZGF0YS1pbmZvJTNEJTIyMCUyMiUyMGRhdGEtZnVsbHNjcmVlbiUzRCUyMjAlMjIlMjBzdHlsZSUzRCUyMndpZHRoJTNBMTAwJTI1JTNCZGlzcGxheSUzQSUyMGJsb2NrJTNCJTIwcG9zaXRpb24lM0ElMjByZWxhdGl2ZSUzQmN1cnNvciUzQSUyMHBvaW50ZXIlM0JtYXgtaGVpZ2h0JTNBNTI3cHglM0JoZWlnaHQlM0ExMDAlMjUlM0IlMjBvdmVyZmxvdyUzQWhpZGRlbiUzQnBhZGRpbmctYm90dG9tJTNBNTYuMjUlMjUlM0JtYXJnaW4lM0EwJTIwYXV0byUyMiUzRSUyMCUzQ2ltZyUyMHNyYyUzRCUyMiUyRndwLWNvbnRlbnQlMkZ1cGxvYWRzJTJGMjAyMSUyRjA5JTJGSGVsaW9zMnBsdXMtaGlnaC1zcGVlZC10aHVtYm5haWwuanBnJTIyJTIwc3R5bGUlM0QlMjJib3R0b20lM0ElMjAtMTAwJTI1JTNCJTIwZGlzcGxheSUzQSUyMGJsb2NrJTNCJTIwbGVmdCUzQSUyMDAlM0IlMjBtYXJnaW4lM0ElMjBhdXRvJTNCJTIwbWF4LXdpZHRoJTNBJTIwMTAwJTI1JTNCJTIwd2lkdGglM0ElMjAxMDAlMjUlM0JoZWlnaHQlM0FhdXRvJTNCJTIwcG9zaXRpb24lM0ElMjBhYnNvbHV0ZSUzQiUyMHJpZ2h0JTNBJTIwMCUzQiUyMHRvcCUzQSUyMC0xMDAlMjUlM0IlMjIlMjBhbHQlM0QlMjJIZWxpb3MyJTIwM0QlMjBUaW1lJTIwb2YlMjBGbGlnaHQlMjBwcm9kdWN0JTIwdmlkZW8lMjBUaHVtYm5haWwlMjIlM0UlMjAlM0NkaXYlMjBzdHlsZSUzRCUyMmhlaWdodCUzQSUyMDcycHglM0IlMjB3aWR0aCUzQSUyMDcycHglM0IlMjBsZWZ0JTNBJTIwNTAlMjUlM0IlMjB0b3AlM0ElMjA1MCUyNSUzQiUyMG1hcmdpbi1sZWZ0JTNBJTIwLTM2cHglM0IlMjBtYXJnaW4tdG9wJTNBJTIwLTM2cHglM0IlMjBwb3NpdGlvbiUzQSUyMGFic29sdXRlJTNCJTIwYmFja2dyb3VuZCUzQSUyMHVybCUyOCUyN2h0dHBzJTNBJTJGJTJGaS5pbWd1ci5jb20lMkZUeHpDNzBmLnBuZyUyNyUyOSUyMG5vLXJlcGVhdCUzQiUyMiUzRSUzQyUyRmRpdiUzRSUyMCUzQyUyRmRpdiUzRSUyMA==[\/vc_raw_html][\/vc_column][\/vc_row]<\/p>\n<\/div>","protected":false},"excerpt":{"rendered":"<ol class=\"breadcrumb\" style=\"text-align: left\">\n<li><a href=\"\/de\/\">Home<\/a><\/li>\n<li><a href=\"https:\/\/thinklucid.com\/de\/helios-time-of-flight-tof-kamera\/\">Helios 0.3 MP Time of Flight (ToF) Kamera<\/a><\/li>\n<li>Helios2+ 0,3 MP IP67 3D ToF-Kamera <a href=\"https:\/\/thinklucid.com\/de\/product\/rgb-3d-kit-triton-3-2mp-helios2-kit\/\" rel=\"prev\"><svg><use xlink:href=\"#left-arrow\"><\/use><\/svg><span class=\"screen-reader-text\">Helios2 &amp; RGB Kit<\/span><\/a> <a href=\"https:\/\/thinklucid.com\/de\/product\/helios2-time-of-flight-imx556\/\" rel=\"next\"><svg><use xlink:href=\"#right-arrow\"><\/use><\/svg><span class=\"screen-reader-text\">Helios2 <\/span><\/a><\/li>\n<\/ol>\n<p style=\"text-align: left;margin-top: 15px;line-height: 1.8\">Holen Sie sich eine hochleistungsf\u00e4hige 3D-Kamera der Schutzklasse IP67 mit der Genauigkeit und Pr\u00e4zision, die Sie ben\u00f6tigen, angetrieben durch den 3D ISP-Kern von LUCID und den DepthSense IMX556 Time-of-Flight (ToF) Sensor von Sony. Mit zwei neuen Funktionen &#8211; High Dynamic Range (HDR) und Schnelle Geschwindigkeit-Modi &#8211; bietet die Helios2+ Kamera eine un\u00fcbertroffene Klarheit der Tiefendaten und Hochgeschwindigkeits-3D-Bildgebung f\u00fcr den 24\/7-Betrieb in rauen industriellen Umgebungen.<\/p>\n<div style=\"display:flex; justify-content: space-between;margin: 35px 0px 10px 0px\">\n<table class=\"table table-hover table-striped\" style=\"border: none;float: left;width: 31%\">\n<thead>\n<tr style=\"background-color: #82c9ed\">\n<th class=\"quick_spec_title\">Sensor<\/th>\n<\/tr>\n<\/thead>\n<tbody>\n<tr>\n<td class=\"quick_spec\">Sony DepthSense IMX556 CMOS<\/td>\n<\/tr>\n<\/tbody>\n<\/table>\n<table class=\"table table-hover table-striped\" style=\"border: none;float: left;width: 31%\">\n<thead>\n<tr style=\"background-color: #82c9ed;color: white\">\n<th class=\"quick_spec_title\">Aufl\u00f6sung<\/th>\n<\/tr>\n<\/thead>\n<tbody>\n<tr>\n<td class=\"quick_spec\">0,3 MP 640 x 480 px<\/td>\n<\/tr>\n<\/tbody>\n<\/table>\n<table class=\"table table-hover table-striped\" style=\"border: none;float: left;width: 31%\">\n<thead>\n<tr style=\"background-color: #82c9ed;color: white\">\n<th class=\"quick_spec_title\">Bildrate<\/th>\n<\/tr>\n<\/thead>\n<tbody>\n<tr>\n<td class=\"quick_spec\">30 FPS (Normal)<br \/>\n10 FPS (HDR)<br \/>\n103 FPS (hohe Geschwindigkeit)<\/td>\n<\/tr>\n<\/tbody>\n<\/table>\n<\/div>\n<table id=\"sku-table\" class=\"table table-hover table-striped\" style=\"width: 100%;margin-bottom: 25px;font-size: 12px;border: 1px dotted #f1f2f4\" border=\"0\" cellspacing=\"0\" cellpadding=\"0\">\n<tbody>\n<tr style=\"background-color: #82c9ed\">\n<td style=\"color: black\">Kameramodell<\/td>\n<td style=\"color: black\">Mono\/Farbe<\/td>\n<td style=\"color: black\">Arbeitsabstand<\/td>\n<td style=\"color: black\">Schutzart<\/td>\n<td style=\"color: black\">GigE Vision Schnittstelle<\/td>\n<td style=\"color: black\">Enthaltenes Zubeh\u00f6r<\/td>\n<\/tr>\n<tr>\n<td>HTP003S-001<\/td>\n<td>Mono<\/td>\n<td>0,3 m to 8,3 m<\/td>\n<td>IP67<\/td>\n<td>M12<\/td>\n<td>M8 GPIO IP67 Cap<\/td>\n<\/tr>\n<\/tbody>\n<\/table>\n","protected":false},"featured_media":53280,"template":"","meta":{"inline_featured_image":false},"product_brand":[],"product_cat":[695],"product_tag":[],"class_list":{"0":"post-87924","1":"product","2":"type-product","3":"status-publish","4":"has-post-thumbnail","6":"product_cat-helios-tof-de","8":"first","9":"instock","10":"taxable","11":"shipping-taxable","12":"purchasable","13":"product-type-simple","14":"layout-style-2","15":"col-md-4 col-sm-4 col-xs-6","16":"col-lg-2","17":"product-has-gallery","18":"product-style-addtocart"},"aioseo_notices":[],"_links":{"self":[{"href":"https:\/\/thinklucid.com\/de\/wp-json\/wp\/v2\/product\/87924","targetHints":{"allow":["GET"]}}],"collection":[{"href":"https:\/\/thinklucid.com\/de\/wp-json\/wp\/v2\/product"}],"about":[{"href":"https:\/\/thinklucid.com\/de\/wp-json\/wp\/v2\/types\/product"}],"wp:featuredmedia":[{"embeddable":true,"href":"https:\/\/thinklucid.com\/de\/wp-json\/wp\/v2\/media\/53280"}],"wp:attachment":[{"href":"https:\/\/thinklucid.com\/de\/wp-json\/wp\/v2\/media?parent=87924"}],"wp:term":[{"taxonomy":"product_brand","embeddable":true,"href":"https:\/\/thinklucid.com\/de\/wp-json\/wp\/v2\/product_brand?post=87924"},{"taxonomy":"product_cat","embeddable":true,"href":"https:\/\/thinklucid.com\/de\/wp-json\/wp\/v2\/product_cat?post=87924"},{"taxonomy":"product_tag","embeddable":true,"href":"https:\/\/thinklucid.com\/de\/wp-json\/wp\/v2\/product_tag?post=87924"}],"curies":[{"name":"wp","href":"https:\/\/api.w.org\/{rel}","templated":true}]}}