{"id":69067,"date":"2020-05-06T15:13:18","date_gmt":"2020-05-06T22:13:18","guid":{"rendered":"https:\/\/ec2-34-221-119-146.us-west-2.compute.amazonaws.com\/product\/tfl-mount-to-f-mount-lens-adapter-adjustable\/"},"modified":"2020-05-06T15:13:18","modified_gmt":"2020-05-06T22:13:18","slug":"tfl-mount-to-f-mount-lens-adapter-adjustable","status":"publish","type":"product","link":"https:\/\/thinklucid.com\/de\/product\/tfl-mount-to-f-mount-lens-adapter-adjustable\/","title":{"rendered":"TFL-Mount auf F-Mount Objektiv (mit einstellbarem BFD) Adapter"},"content":{"rendered":"","protected":false},"excerpt":{"rendered":"<ol class=\"breadcrumb\" style=\"text-align: left;\">\n<li><a href=\"\/\">Home<\/a><\/li>\n<li><a href=\"\/de\/accessories\/\">Zubeh\u00f6r<\/a><\/li>\n<li><a href=\"\/de\/accessories\/#lens-adapter\">Objektiv-Adapter<\/a><\/li>\n<li>TFL-Mount auf F-Mount Objektiv (mit einstellbarem BFD) Adapter <a href=\"\/de\/product\/tfl-mount-to-canon-ef-mount-w-gpio-and-power-adapter\/\" rel=\"prev\"><svg viewbox=\"0 0 20 20\"><use xmlns:xlink=\"http:\/\/www.w3.org\/1999\/xlink\" xlink:href=\"#left-arrow\"><\/use><\/svg><span class=\"screen-reader-text\">TFL-Mount to Canon EF-Mount (w\/ GPIO and Power) Birger Adapter<\/span><\/a> <a href=\"\/de\/product\/f-mount-lens-to-tfl-mount-adapter\/\" rel=\"next\"><svg viewbox=\"0 0 20 20\"><use xmlns:xlink=\"http:\/\/www.w3.org\/1999\/xlink\" xlink:href=\"#right-arrow\"><\/use><\/svg><span class=\"screen-reader-text\">TFL-Mount to F-Mount Adapter<\/span><\/a><\/li>\n<\/ol>\n<div style=\"margin: 25px 0 20px 0;\">Der F-Mount-Objektiv auf TFL-Mount-Adapter mit verstellbarem Auflagema\u00dfring (PN: ADA-TFL-F-ADJ) bietet einen sicheren Bajonettanschluss f\u00fcr F-Mount-Objektive an der Atlas-Kamera. Verf\u00fcgt \u00fcber einen Verriegelungsmechanismus zur Sicherung des Objektivs und einen Druckknopf zur Objektiventriegelung. Der einstellbare Auflagema\u00dfring erm\u00f6glicht die korrekte Fokussierung von telezentrischen Objektiven<\/div>\n<div style=\"margin: auto; width: 50%;\">\n<table class=\"table table-hover table-striped\" style=\"border: none;\">\n<tbody>\n<tr>\n<th>Abmessungen<\/th>\n<td>Durchmesser: \u00f8 59 mm, Tiefe: 32,47 mm<\/td>\n<\/tr>\n<tr>\n<th>Adjustable BFD Range<\/th>\n<td>+10 mm<\/td>\n<\/tr>\n<tr>\n<th>Gewicht<\/th>\n<td>109 g<\/td>\n<\/tr>\n<\/tbody>\n<\/table>\n<\/div>\n","protected":false},"featured_media":49117,"template":"","meta":{"inline_featured_image":false},"product_brand":[],"product_cat":[745],"product_tag":[],"class_list":{"0":"post-69067","1":"product","2":"type-product","3":"status-publish","4":"has-post-thumbnail","6":"product_cat-lens-adapter-de","8":"first","9":"instock","10":"taxable","11":"shipping-taxable","12":"purchasable","13":"product-type-simple","14":"layout-style-2","15":"col-md-4 col-sm-4 col-xs-6","16":"col-lg-2","17":"product-has-gallery","18":"product-style-addtocart"},"aioseo_notices":[],"_links":{"self":[{"href":"https:\/\/thinklucid.com\/de\/wp-json\/wp\/v2\/product\/69067","targetHints":{"allow":["GET"]}}],"collection":[{"href":"https:\/\/thinklucid.com\/de\/wp-json\/wp\/v2\/product"}],"about":[{"href":"https:\/\/thinklucid.com\/de\/wp-json\/wp\/v2\/types\/product"}],"wp:featuredmedia":[{"embeddable":true,"href":"https:\/\/thinklucid.com\/de\/wp-json\/wp\/v2\/media\/49117"}],"wp:attachment":[{"href":"https:\/\/thinklucid.com\/de\/wp-json\/wp\/v2\/media?parent=69067"}],"wp:term":[{"taxonomy":"product_brand","embeddable":true,"href":"https:\/\/thinklucid.com\/de\/wp-json\/wp\/v2\/product_brand?post=69067"},{"taxonomy":"product_cat","embeddable":true,"href":"https:\/\/thinklucid.com\/de\/wp-json\/wp\/v2\/product_cat?post=69067"},{"taxonomy":"product_tag","embeddable":true,"href":"https:\/\/thinklucid.com\/de\/wp-json\/wp\/v2\/product_tag?post=69067"}],"curies":[{"name":"wp","href":"https:\/\/api.w.org\/{rel}","templated":true}]}}