{"id":69057,"date":"2018-01-02T22:53:43","date_gmt":"2018-01-03T06:53:43","guid":{"rendered":"https:\/\/ec2-34-221-119-146.us-west-2.compute.amazonaws.com\/product\/4-ch-pcie-gige-vision-poe-card\/"},"modified":"2021-02-05T15:43:51","modified_gmt":"2021-02-05T23:43:51","slug":"4-ch-pcie-gige-vision-poe-card","status":"publish","type":"product","link":"https:\/\/thinklucid.com\/de\/product\/4-ch-pcie-gige-vision-poe-card\/","title":{"rendered":"ADLINK 4-CH PCIe GigE Vision PoE+ Netzwerkkarte"},"content":{"rendered":"","protected":false},"excerpt":{"rendered":"<ol class=\"breadcrumb\" style=\"text-align: left;\">\n<li><a href=\"\/\">Home<\/a><\/li>\n<li><a href=\"\/de\/accessories\/\">Zubeh\u00f6r<\/a><\/li>\n<li><a href=\"\/de\/category\/interface-cards-poe-injectors-de\/\">PC-Karten, PoE, Kamera Netzteil<\/a><\/li>\n<li>ADLINK 4-CH PCIe GigE Vision PoE+ Netzwerkkarte <a href=\"\/de\/product\/2-ch-pcie-gige-vision-poe-card\/\" rel=\"prev\"><span class=\"screen-reader-text\">2-CH PCIe GigE Vision PoE+ Card<\/span><svg viewbox=\"0 0 20 20\"><use xmlns:xlink=\"http:\/\/www.w3.org\/1999\/xlink\" xlink:href=\"#left-arrow\"><\/use><\/svg><\/a> <a href=\"\/de\/product\/intel-gigabit-ct-desktop-adapter\/\" rel=\"next\"><span class=\"screen-reader-text\">Intel Gigabit CT Desktop Adapter<\/span> <svg viewbox=\"0 0 20 20\"><use xmlns:xlink=\"http:\/\/www.w3.org\/1999\/xlink\" xlink:href=\"#right-arrow\"><\/use><\/svg> <\/a><\/li>\n<\/ol>\n<p style=\"text-align: left; font-size: 1.4rem; padding-top: 15px;\">Die Adlink GIE74 PCI-Express Karte verf\u00fcgt \u00fcber 4 unabh\u00e4ngige Gigabit Ethernet Ports zur Daten\u00fcbertragung und unterst\u00fctzt bis zu 4 GigE-Kameras mit Power over Ethernet (PoE). Die Karte erm\u00f6glicht Daten\u00fcbertragungsraten von bis zu 1 Gbit pro Sekunde bei Kabell\u00e4ngen von bis zu 100 Meter.<\/p>\n<p style=\"text-align: left; font-size: 1.4rem; color: black;\"><strong>Spezifikationen<\/strong><\/p>\n<div style=\"display: flex; justify-content: space-between; margin: 10px 0px 20px 0px;\">\n<table class=\"table table-hover table-striped\" style=\"border: none; float: left; width: 95%;\">\n<tbody>\n<tr>\n<th>Modell #<\/th>\n<td style=\"text-align: left;\">PCIE-POE4<\/td>\n<\/tr>\n<tr>\n<th>HerstellerNr.<\/th>\n<td style=\"text-align: left;\">ADLINK PCIe-GIE74<\/td>\n<\/tr>\n<tr>\n<th>PCI-Spezifikationsrevision<\/th>\n<td style=\"text-align: left;\">PCI Express\u00ae x4<\/td>\n<\/tr>\n<tr>\n<th>Chipset<\/th>\n<td style=\"text-align: left;\">Intel I210AT<\/td>\n<\/tr>\n<tr>\n<th>Anzahl Ports<\/th>\n<td style=\"text-align: left;\">4 fully-integrated Gigabit Ethernet Media Access Control (MAC) and physical layer (PHY) ports.<br \/>\nPoE+ (Power over Ethernet Plus), IEEE 802.3at compliant, supporting 0, 1, 2, 3, and 4, providing up to 30W.<br \/>\n9 kB jumbo frame support.<\/td>\n<\/tr>\n<tr>\n<th>Functions<\/th>\n<td style=\"text-align: left;\">\u2022 PoE power management<br \/>\n\u2022 Link aggregation, IEEE 1588 (PTP technology)<br \/>\n\u2022 Multiple cards and multiple cameras<br \/>\n\u2022 PoE protection<\/td>\n<\/tr>\n<tr>\n<th>Umgebungsbedingungen<\/th>\n<td style=\"text-align: left;\">60W PoE: 0\u02daC bis +70\u02daC (32\u02daF bis 150\u02daF)<br \/>\nLuftfeuchtigkeit: 5% bis 90% RHNC<\/td>\n<\/tr>\n<tr>\n<th>Leistungsaufnahme<\/th>\n<td style=\"text-align: left;\">+3,3V max @ 3A<br \/>\n\u2022 Max 61,6W PoE power w\/ 4-pin (+12V@6A) Molex connector (sold separately)<br \/>\n\u2022 Max 20W PoE power w\/ PCIe slot (+12V@2.1A)<\/td>\n<\/tr>\n<tr>\n<th>Abmessungen<\/th>\n<td style=\"text-align: left;\">167,6 mm x 106,6 mm (6,6\u201d x 4,2\u201d) (W x L)<\/td>\n<\/tr>\n<\/tbody>\n<\/table>\n<\/div>\n","protected":false},"featured_media":56594,"template":"","meta":{"inline_featured_image":false},"product_brand":[],"product_cat":[701],"product_tag":[],"class_list":{"0":"post-69057","1":"product","2":"type-product","3":"status-publish","4":"has-post-thumbnail","6":"product_cat-uncategorized-de","8":"first","9":"outofstock","10":"taxable","11":"shipping-taxable","12":"purchasable","13":"product-type-simple","14":"layout-style-2","15":"col-md-4 col-sm-4 col-xs-6","16":"col-lg-2","17":"product-has-gallery","18":"product-style-addtocart"},"aioseo_notices":[],"_links":{"self":[{"href":"https:\/\/thinklucid.com\/de\/wp-json\/wp\/v2\/product\/69057","targetHints":{"allow":["GET"]}}],"collection":[{"href":"https:\/\/thinklucid.com\/de\/wp-json\/wp\/v2\/product"}],"about":[{"href":"https:\/\/thinklucid.com\/de\/wp-json\/wp\/v2\/types\/product"}],"wp:featuredmedia":[{"embeddable":true,"href":"https:\/\/thinklucid.com\/de\/wp-json\/wp\/v2\/media\/56594"}],"wp:attachment":[{"href":"https:\/\/thinklucid.com\/de\/wp-json\/wp\/v2\/media?parent=69057"}],"wp:term":[{"taxonomy":"product_brand","embeddable":true,"href":"https:\/\/thinklucid.com\/de\/wp-json\/wp\/v2\/product_brand?post=69057"},{"taxonomy":"product_cat","embeddable":true,"href":"https:\/\/thinklucid.com\/de\/wp-json\/wp\/v2\/product_cat?post=69057"},{"taxonomy":"product_tag","embeddable":true,"href":"https:\/\/thinklucid.com\/de\/wp-json\/wp\/v2\/product_tag?post=69057"}],"curies":[{"name":"wp","href":"https:\/\/api.w.org\/{rel}","templated":true}]}}