{"id":69054,"date":"2018-01-02T22:55:28","date_gmt":"2018-01-03T06:55:28","guid":{"rendered":"https:\/\/ec2-34-221-119-146.us-west-2.compute.amazonaws.com\/product\/intel-gigabit-ct-desktop-adapter\/"},"modified":"2023-02-17T11:20:29","modified_gmt":"2023-02-17T19:20:29","slug":"intel-gigabit-ct-desktop-adapter","status":"publish","type":"product","link":"https:\/\/thinklucid.com\/de\/product\/intel-gigabit-ct-desktop-adapter\/","title":{"rendered":"Intel Gigabit CT Netzwerkkarte"},"content":{"rendered":"","protected":false},"excerpt":{"rendered":"<ol class=\"breadcrumb\" style=\"text-align: left;\">\n<li><a href=\"\/\">Home<\/a><\/li>\n<li><a href=\"\/de\/accessories\/\">Zubeh\u00f6r<\/a><\/li>\n<li><a href=\"\/de\/category\/interface-cards-poe-injectors-de\/\">PC-Karten, PoE, Kamera Netzteil<\/a><\/li>\n<li>Intel Gigabit CT Netzwerkkarte\u00a0<a href=\"\/de\/product\/lr-link-2-ch-pcie-gige-vision-poe-card\/\" rel=\"prev\"><span class=\"screen-reader-text\">4-CH PCIe GigE Vision PoE+ Card<\/span><svg viewbox=\"0 0 20 20\"><use xmlns:xlink=\"http:\/\/www.w3.org\/1999\/xlink\" xlink:href=\"#left-arrow\"><\/use><\/svg><\/a> <a href=\"\/de\/product\/m8-gpio-power-supply-na-eu\/\" rel=\"next\"><span class=\"screen-reader-text\">M8 GPIO AC Adapter Power Supply (NA\/EU)<\/span> <svg viewbox=\"0 0 20 20\"><use xmlns:xlink=\"http:\/\/www.w3.org\/1999\/xlink\" xlink:href=\"#right-arrow\"><\/use><\/svg> <\/a><\/li>\n<\/ol>\n<p style=\"text-align: left; font-size: 1.4rem; padding-top:15px\">Der Intel Gigabit-CT-Desktop-Adapter f\u00fcr PCs mit PCI-Express-Steckpl\u00e4tzen (PCIe) nutzt Auto-Negotiation, um sicherzustellen, dass der Adapter mit der h\u00f6chsten verf\u00fcgbaren Netzwerkgeschwindigkeit (10, 100 oder 1000 Mbit\/s) l\u00e4uft. Inklusive Low-Profile-Halterung. *Hinweis: Dies ist eine Nicht-PoE-Karte.<\/em><\/p>\n<p style=\"text-align: left; font-size: 1.4rem; color: black;\"><strong>Spezifikationen<\/strong><\/p>\n<div style=\"display: flex; justify-content: space-between; margin: 10px 0px 20px 0px;\">\n<table class=\"table table-hover table-striped\" style=\"border: none; float: left; width: 95%;\">\n<tbody>\n<tr>\n<th>Modell #<\/th>\n<td style=\"text-align: left;\">PCIE-ETH1<\/td>\n<\/tr>\n<tr>\n<th>HerstellerNr.<\/th>\n<td style=\"text-align: left;\">Intel EXPI9301CTBLK<\/td>\n<\/tr>\n<tr>\n<th>PCI-Spezifikationsrevision<\/th>\n<td style=\"text-align: left;\">PCI Express\u00ae x1<\/td>\n<\/tr>\n<tr>\n<th>Chipset<\/th>\n<td style=\"text-align: left;\">Intel 82574L<\/td>\n<\/tr>\n<tr>\n<th>Ethernet Port<\/th>\n<td style=\"text-align: left;\">1 fully-integrated Gigabit Ethernet Media Access Control (MAC) and physical layer (PHY) ports.<br \/>\n9 kB jumbo frame support.<\/td>\n<\/tr>\n<tr>\n<th>Functions<\/th>\n<td style=\"text-align: left;\">\u2022 10 \/ 100 \/ 1000 Mbps auto-negotiation, full-duplex<br \/>\n\u2022 IEEE 802.1p, Quality of Service (QoS)<br \/>\n\u2022 IEEE 802.1q, VLAN support<\/td>\n<\/tr>\n<tr>\n<th>Umgebungsbedingungen<\/th>\n<td style=\"text-align: left;\">\u00a00\u02daC bis +55\u02daC (32\u02daF bis 131\u02daF)<\/td>\n<\/tr>\n<tr>\n<th>Leistungsaufnahme<\/th>\n<td style=\"text-align: left;\">TDP 1.9 W<\/td>\n<\/tr>\n<tr>\n<th>Abmessungen<\/th>\n<td style=\"text-align: left;\">55.3 mm x 119.2 mm (2.181\u201d x 4.696\u201d) (W x L)<\/td>\n<\/tr>\n<\/tbody>\n<\/table>\n<\/div>\n<p><strong><span style=\"color:red\">**Dieses Produkt ist nicht mehr lieferbar. Bitte sehen Sie unten f\u00fcr \u00e4hnliche Produkte.**<\/span><\/strong><\/p>\n","protected":false},"featured_media":69055,"template":"","meta":{"inline_featured_image":false},"product_brand":[],"product_cat":[744],"product_tag":[],"class_list":{"0":"post-69054","1":"product","2":"type-product","3":"status-publish","4":"has-post-thumbnail","6":"product_cat-interface-cards-poe-injectors-de","8":"first","9":"outofstock","10":"taxable","11":"shipping-taxable","12":"purchasable","13":"product-type-simple","14":"layout-style-2","15":"col-md-4 col-sm-4 col-xs-6","16":"col-lg-2","17":"product-has-gallery","18":"product-style-addtocart"},"aioseo_notices":[],"_links":{"self":[{"href":"https:\/\/thinklucid.com\/de\/wp-json\/wp\/v2\/product\/69054","targetHints":{"allow":["GET"]}}],"collection":[{"href":"https:\/\/thinklucid.com\/de\/wp-json\/wp\/v2\/product"}],"about":[{"href":"https:\/\/thinklucid.com\/de\/wp-json\/wp\/v2\/types\/product"}],"wp:featuredmedia":[{"embeddable":true,"href":"https:\/\/thinklucid.com\/de\/wp-json\/wp\/v2\/media\/69055"}],"wp:attachment":[{"href":"https:\/\/thinklucid.com\/de\/wp-json\/wp\/v2\/media?parent=69054"}],"wp:term":[{"taxonomy":"product_brand","embeddable":true,"href":"https:\/\/thinklucid.com\/de\/wp-json\/wp\/v2\/product_brand?post=69054"},{"taxonomy":"product_cat","embeddable":true,"href":"https:\/\/thinklucid.com\/de\/wp-json\/wp\/v2\/product_cat?post=69054"},{"taxonomy":"product_tag","embeddable":true,"href":"https:\/\/thinklucid.com\/de\/wp-json\/wp\/v2\/product_tag?post=69054"}],"curies":[{"name":"wp","href":"https:\/\/api.w.org\/{rel}","templated":true}]}}