{"id":69018,"date":"2018-09-24T12:14:37","date_gmt":"2018-09-24T19:14:37","guid":{"rendered":"https:\/\/ec2-34-221-119-146.us-west-2.compute.amazonaws.com\/product\/transform-kit-for-phoenix\/"},"modified":"2023-10-13T09:01:40","modified_gmt":"2023-10-13T16:01:40","slug":"transform-kit-for-phoenix","status":"publish","type":"product","link":"https:\/\/thinklucid.com\/de\/product\/transform-kit-for-phoenix\/","title":{"rendered":"180&deg; &#038; 90&deg; Transformations-Kit f\u00fcr Phoenix-Kamera"},"content":{"rendered":"","protected":false},"excerpt":{"rendered":"<ol class=\"breadcrumb\" style=\"text-align: left;\">\n<li><a href=\"\/\">Home<\/a><\/li>\n<li><a href=\"\/de\/accessories\/\">Zubeh\u00f6r<\/a><\/li>\n<li>180&deg; &#038; 90&deg; Transformations-Kit f\u00fcr Phoenix-Kamera<\/li>\n<\/ol>\n<p><\/p>\n<p style=\"text-align: left;\">Die Phoenix-Kamera von LUCID verf\u00fcgt \u00fcber ein einzigartiges, transformierbares Design, das einfach konfiguriert werden kann, um eine Vielzahl von OEM-Anwendungen zu erf\u00fcllen. Die urspr\u00fcngliche Form der Phoenix \u00e4hnelt einer traditionellen Kameraform. Die einzelnen Platinenstapel k\u00f6nnen jedoch in verschiedenen Graden aufgeklappt werden, um sie optimal an Ihre Anwendung anzupassen. Dieser Bausatz enth\u00e4lt alle notwendigen Werkzeuge und Teile, die ben\u00f6tigt werden, um eine Phoenix-Kamera in die 180\u00b0- und 90\u00b0-Ausrichtung zu bringen (P\/N: PHX24-TK, PHX28-TK). Die 180\u00b0- und 90\u00b0-Ausrichtung der Phoenix kann bei Anwendungen mit begrenzter Tiefe und bei Ger\u00e4ten, bei denen der Ethernet-Anschluss von vorne zug\u00e4nglich sein muss, n\u00fctzlich sein. Die Transformationsm\u00f6glichkeiten von Phoenix erm\u00f6glichen mehr Designfreiheit unter Einhaltung der Platz- und Designvorgaben, ohne dass zus\u00e4tzliches sperriges Zubeh\u00f6r erforderlich ist.<\/p>\n<p style=\"text-align: left;\"><strong>The 180\u00b0 &amp; 90\u00b0 Transform Kit Includes:<\/strong><\/p>\n<ul>\n<li style=\"text-align: left;\"><strong>1 x 180\u00b0 Montageplatte<\/strong><\/li>\n<li style=\"text-align: left;\"><strong>1 x 90\u00b0 Montageplatte<\/strong><\/li>\n<li style=\"text-align: left;\"><strong>1 x Spacer #3<\/strong><\/li>\n<li style=\"text-align: left;\"><strong>2 x M1.7 x L12 Screws<\/strong><\/li>\n<li style=\"text-align: left;\"><strong>2 x M1.7 x L10 Screws<\/strong><\/li>\n<li style=\"text-align: left;\"><strong>2 x M1.7 x L8 Screws<\/strong><\/li>\n<li style=\"text-align: left;\"><strong>2 x M1.7 x L6 Screws<\/strong><\/li>\n<li style=\"text-align: left;\"><strong>1 x Stativhalterung mit Schrauben<\/strong><\/li>\n<li style=\"text-align: left;\"><strong>1 x Philips #0 Schraubendreher<\/strong><\/li>\n<\/ul>\n","protected":false},"featured_media":69027,"template":"","meta":{"inline_featured_image":false},"product_brand":[],"product_cat":[699],"product_tag":[],"class_list":{"0":"post-69018","1":"product","2":"type-product","3":"status-publish","4":"has-post-thumbnail","6":"product_cat-phoenix-transform-kits-de","8":"first","9":"instock","10":"taxable","11":"shipping-taxable","12":"purchasable","13":"product-type-variable","14":"layout-style-2","15":"col-md-4 col-sm-4 col-xs-6","16":"col-lg-2","17":"product-has-gallery","18":"product-style-addtocart"},"aioseo_notices":[],"_links":{"self":[{"href":"https:\/\/thinklucid.com\/de\/wp-json\/wp\/v2\/product\/69018","targetHints":{"allow":["GET"]}}],"collection":[{"href":"https:\/\/thinklucid.com\/de\/wp-json\/wp\/v2\/product"}],"about":[{"href":"https:\/\/thinklucid.com\/de\/wp-json\/wp\/v2\/types\/product"}],"wp:featuredmedia":[{"embeddable":true,"href":"https:\/\/thinklucid.com\/de\/wp-json\/wp\/v2\/media\/69027"}],"wp:attachment":[{"href":"https:\/\/thinklucid.com\/de\/wp-json\/wp\/v2\/media?parent=69018"}],"wp:term":[{"taxonomy":"product_brand","embeddable":true,"href":"https:\/\/thinklucid.com\/de\/wp-json\/wp\/v2\/product_brand?post=69018"},{"taxonomy":"product_cat","embeddable":true,"href":"https:\/\/thinklucid.com\/de\/wp-json\/wp\/v2\/product_cat?post=69018"},{"taxonomy":"product_tag","embeddable":true,"href":"https:\/\/thinklucid.com\/de\/wp-json\/wp\/v2\/product_tag?post=69018"}],"curies":[{"name":"wp","href":"https:\/\/api.w.org\/{rel}","templated":true}]}}