{"id":68926,"date":"2018-08-02T13:10:29","date_gmt":"2018-08-02T20:10:29","guid":{"rendered":"https:\/\/ec2-34-221-119-146.us-west-2.compute.amazonaws.com\/product\/ix-industrial-ethernet-cat6a-kable-2-0m-schwarz\/"},"modified":"2021-02-08T22:10:57","modified_gmt":"2021-02-09T06:10:57","slug":"ix-industrial-ethernet-cat6a-cable-2-0m-black","status":"publish","type":"product","link":"https:\/\/thinklucid.com\/de\/product\/ix-industrial-ethernet-cat6a-cable-2-0m-black\/","title":{"rendered":"ix Industrial Ethernet Cat6a Kable \u2013 2,0m, Schwarz"},"content":{"rendered":"","protected":false},"excerpt":{"rendered":"<ol class=\"breadcrumb\" style=\"text-align: left;\">\n<li><a href=\"\/\">Home<\/a><\/li>\n<li><a href=\"\/de\/accessories\/\">Zubeh\u00f6r<\/a><\/li>\n<li><a href=\"\/de\/category\/cables-de\/\">Kabel<\/a><\/li>\n<li>ix Industrial Ethernet Cat6a Kable \u2013 2,0m, Schwarz <a href=\"\/de\/product\/m12-to-rj45-ip67-cat6a-cable-right-angle-atl-hls-side-15m-dark-green\/\" rel=\"prev\"><span class=\"screen-reader-text\">M12 to RJ45 IP67 Cat6a Cable [Right Angle, Altas\/Helios Side] \u2013 15m, Dark Green<\/span><svg viewbox=\"0 0 20 20\"><use xmlns:xlink=\"http:\/\/www.w3.org\/1999\/xlink\" xlink:href=\"#left-arrow\"><\/use><\/svg><\/a> <a href=\"\/de\/product\/ix-industrial-ethernet-cat6a-cable-5-0m-black\/\" rel=\"next\"><span class=\"screen-reader-text\">ix Industrial Ethernet Cat6a Cable \u2013 5.0m, Black<\/span><svg viewbox=\"0 0 20 20\"><use xmlns:xlink=\"http:\/\/www.w3.org\/1999\/xlink\" xlink:href=\"#right-arrow\"><\/use><\/svg><\/a><\/li>\n<\/ol>\n<p style=\"text-align: left; font-size: 1.4rem; padding-top: 15px;\">Das ix Industrial\u00ae Steckgesicht ist durch die Cat. 6A Performance zukunftssicher f\u00fcr 1 \/ 10 Gbit\/s Ethernet ausgelegt und die hohe Stromtragf\u00e4higkeit erm\u00f6glicht aktuelle und zuk\u00fcnftige PoE Anwendungen. Damit kombiniert diese Schnittstelle auch Daten\u00fcbertragung und Stromversorgung in einem Interface und reduziert somit zus\u00e4tzlich den notwendigen Bauraum f\u00fcr die Verbindungstechnik in Ihren Anwendungen. Ein um 70 % reduzierter Bauraum der ix Industrial\u00ae Schnittstelle, im Vergleich zu typischen RJ45 Buchsen, erm\u00f6glicht die signifikante Verkleinerung von Ger\u00e4ten aller Art.<\/p>\n<p style=\"text-align: left; font-size: 1.4rem; color: black;\"><strong>Spezifikationen<\/strong><\/p>\n<div style=\"display: flex; justify-content: space-between; margin: 10px 0px 20px 0px;\">\n<table class=\"table table-hover table-striped\" style=\"border: none; float: left; width: 95%;\">\n<tbody>\n<tr>\n<th style=\"width: 25%;\">Modell #<\/th>\n<td style=\"text-align: left;\">LUCID CAB-IR-2M<\/td>\n<\/tr>\n<tr>\n<th>Verbindungstyp<\/th>\n<td style=\"text-align: left;\">ix Industrial (Hirose IX40G-A-10S-CV(7.0)) to RJ-45 male<\/td>\n<\/tr>\n<tr>\n<th>Kabelmantel<\/th>\n<td style=\"text-align: left;\">PVC &#8211; polyvinyl chloride<\/td>\n<\/tr>\n<tr>\n<th>Kabelschirmung<\/th>\n<td style=\"text-align: left;\">Kupferfolie<\/td>\n<\/tr>\n<tr>\n<th>Ka\u00adte\u00adgo\u00adrie<\/th>\n<td style=\"text-align: left;\">CAT6a &#8211; 10Gbit\/s<\/td>\n<\/tr>\n<tr>\n<th>Farbe<\/th>\n<td style=\"text-align: left;\">Schwarz<\/td>\n<\/tr>\n<tr>\n<th>L\u00e4nge<\/th>\n<td style=\"text-align: left;\">2,0 m (6,5 ft)<\/td>\n<\/tr>\n<tr>\n<th>Gewicht<\/th>\n<td style=\"text-align: left;\">90 g<\/td>\n<\/tr>\n<tr>\n<th>Drahtst\u00e4rke<\/th>\n<td style=\"text-align: left;\">26 AWG<\/td>\n<\/tr>\n<\/tbody>\n<\/table>\n<\/div>\n","protected":false},"featured_media":68927,"template":"","meta":{"inline_featured_image":false},"product_brand":[],"product_cat":[743],"product_tag":[],"class_list":{"0":"post-68926","1":"product","2":"type-product","3":"status-publish","4":"has-post-thumbnail","6":"product_cat-cables-de","8":"first","9":"instock","10":"taxable","11":"shipping-taxable","12":"purchasable","13":"product-type-simple","14":"layout-style-2","15":"col-md-4 col-sm-4 col-xs-6","16":"col-lg-2","17":"product-has-gallery","18":"product-style-addtocart"},"aioseo_notices":[],"_links":{"self":[{"href":"https:\/\/thinklucid.com\/de\/wp-json\/wp\/v2\/product\/68926","targetHints":{"allow":["GET"]}}],"collection":[{"href":"https:\/\/thinklucid.com\/de\/wp-json\/wp\/v2\/product"}],"about":[{"href":"https:\/\/thinklucid.com\/de\/wp-json\/wp\/v2\/types\/product"}],"wp:featuredmedia":[{"embeddable":true,"href":"https:\/\/thinklucid.com\/de\/wp-json\/wp\/v2\/media\/68927"}],"wp:attachment":[{"href":"https:\/\/thinklucid.com\/de\/wp-json\/wp\/v2\/media?parent=68926"}],"wp:term":[{"taxonomy":"product_brand","embeddable":true,"href":"https:\/\/thinklucid.com\/de\/wp-json\/wp\/v2\/product_brand?post=68926"},{"taxonomy":"product_cat","embeddable":true,"href":"https:\/\/thinklucid.com\/de\/wp-json\/wp\/v2\/product_cat?post=68926"},{"taxonomy":"product_tag","embeddable":true,"href":"https:\/\/thinklucid.com\/de\/wp-json\/wp\/v2\/product_tag?post=68926"}],"curies":[{"name":"wp","href":"https:\/\/api.w.org\/{rel}","templated":true}]}}