{"id":68614,"date":"2018-01-02T21:47:40","date_gmt":"2018-01-03T05:47:40","guid":{"rendered":"https:\/\/ec2-34-221-119-146.us-west-2.compute.amazonaws.com\/product\/fujinon-c-mount-2-3-12mm-f-1-6\/"},"modified":"2021-02-03T20:24:35","modified_gmt":"2021-02-04T04:24:35","slug":"fujinon-c-mount-2-3-12mm-f-1-6","status":"publish","type":"product","link":"https:\/\/thinklucid.com\/de\/product\/fujinon-c-mount-2-3-12mm-f-1-6\/","title":{"rendered":"Fujinon C-Mount 5MP 2\/3&#8243; 12mm f\/1,6"},"content":{"rendered":"","protected":false},"excerpt":{"rendered":"<ol class=\"breadcrumb\" style=\"text-align: left;\">\n<li><a href=\"\/\">Home<\/a><\/li>\n<li><a href=\"\/de\/accessories\/\">Zubeh\u00f6r<\/a><\/li>\n<li><a href=\"\/de\/category\/lenses-lens-tubes\/\">Objektive &amp; Linsentuben<\/a><\/li>\n<li>Fujinon C-Mount 2\/3&#8243; 12mm f\/1,6 <a href=\"\/de\/product\/fujinon-c-mount-2-3-8mm-f-1-6\/\" rel=\"prev\"><span class=\"screen-reader-text\">Fujinon 8mm C-mount<\/span><svg viewbox=\"0 0 20 20\"><use xmlns:xlink=\"http:\/\/www.w3.org\/1999\/xlink\" xlink:href=\"#left-arrow\"><\/use><\/svg><\/a> <a href=\"\/de\/product\/fujinon-c-mount-2-3-16mm-f-1-6\/\" rel=\"next\"><span class=\"screen-reader-text\">Fujinon 16mm C-mount<\/span><svg viewbox=\"0 0 20 20\"><use xmlns:xlink=\"http:\/\/www.w3.org\/1999\/xlink\" xlink:href=\"#right-arrow\"><\/use><\/svg><\/a><\/li>\n<\/ol>\n<p style=\"text-align: left; font-size: 1.4rem; padding-top: 15px;\">Das hochleistungsobjektiv HF-XA-5M von Fujinon, ist f\u00fcr branchen\u00fcbliche 2\/3&#8243; Sensoren ausgelegt. Es verf\u00fcgt \u00fcber eine konstant hohe Aufl\u00f6sung von 3,45 \u00b5m (entspricht ca. 5 Megapixel) von der Bildmitte bis in den Randbereich und ist durch seine Blendeneigenschaften von 1,6 sehr Lichtstark.<\/p>\n<p style=\"text-align: left; font-size: 1.4rem; color: black;\"><strong>Spezifikationen<\/strong><\/p>\n<div style=\"display: flex; justify-content: space-between; margin: 10px 0px 20px 0px;\">\n<table class=\"table table-hover table-striped\" style=\"border: none; float: left; width: 49%;\">\n<tbody>\n<tr>\n<th>HerstellerNr.<\/th>\n<td>Fujinon HF12XA-5M<\/td>\n<\/tr>\n<tr>\n<th>LUCID SKU<\/th>\n<td>FC120-5M<\/td>\n<\/tr>\n<tr>\n<th>Brennweite<\/th>\n<td>12mm<\/td>\n<\/tr>\n<tr>\n<th>Blendenbereich<\/th>\n<td>f1,6 &#8211; f16<\/td>\n<\/tr>\n<tr>\n<th>Blickwinkel 2\/3&#8243; (H x V)<\/th>\n<td>40,1\u00b0 x 30,3\u00b0<\/td>\n<\/tr>\n<tr>\n<th>Fokussierbereich (von Frontlinse)<\/th>\n<td>\u221e-100mm<\/td>\n<\/tr>\n<tr>\n<th>Fokussteuerung<\/th>\n<td>Manuell<\/td>\n<\/tr>\n<tr>\n<th>Blendensteuerung<\/th>\n<td>Manuell<\/td>\n<\/tr>\n<\/tbody>\n<\/table>\n<table class=\"table table-hover table-striped\" style=\"border: none; float: left; width: 49%;\">\n<tbody>\n<tr>\n<th>Filtergewinde<\/th>\n<td>M25,5 x 0,5mm<\/td>\n<\/tr>\n<tr>\n<th>Objektivanschluss<\/th>\n<td>C-Mount<\/td>\n<\/tr>\n<tr>\n<th>Max. Sensorgr\u00f6\u00dfe<\/th>\n<td>2\/3\u201d<\/td>\n<\/tr>\n<tr>\n<th>Verzeichnung<\/th>\n<td>-1,30%<\/td>\n<\/tr>\n<tr>\n<th>Durchmesser und L\u00e4nge<\/th>\n<td>\u03c629,5 x 51,5mm<\/td>\n<\/tr>\n<tr>\n<th>Gewicht<\/th>\n<td>79g<\/td>\n<\/tr>\n<tr>\n<th>Fixing Knobs Bundled<\/th>\n<td>2<\/td>\n<\/tr>\n<\/tbody>\n<\/table>\n<\/div>\n","protected":false},"featured_media":68615,"template":"","meta":{"inline_featured_image":false},"product_brand":[],"product_cat":[706],"product_tag":[],"class_list":{"0":"post-68614","1":"product","2":"type-product","3":"status-publish","4":"has-post-thumbnail","6":"product_cat-lenses-lens-tubes-de","8":"first","9":"instock","10":"taxable","11":"shipping-taxable","12":"purchasable","13":"product-type-simple","14":"layout-style-2","15":"col-md-4 col-sm-4 col-xs-6","16":"col-lg-2","17":"product-has-gallery","18":"product-style-addtocart"},"aioseo_notices":[],"_links":{"self":[{"href":"https:\/\/thinklucid.com\/de\/wp-json\/wp\/v2\/product\/68614","targetHints":{"allow":["GET"]}}],"collection":[{"href":"https:\/\/thinklucid.com\/de\/wp-json\/wp\/v2\/product"}],"about":[{"href":"https:\/\/thinklucid.com\/de\/wp-json\/wp\/v2\/types\/product"}],"wp:featuredmedia":[{"embeddable":true,"href":"https:\/\/thinklucid.com\/de\/wp-json\/wp\/v2\/media\/68615"}],"wp:attachment":[{"href":"https:\/\/thinklucid.com\/de\/wp-json\/wp\/v2\/media?parent=68614"}],"wp:term":[{"taxonomy":"product_brand","embeddable":true,"href":"https:\/\/thinklucid.com\/de\/wp-json\/wp\/v2\/product_brand?post=68614"},{"taxonomy":"product_cat","embeddable":true,"href":"https:\/\/thinklucid.com\/de\/wp-json\/wp\/v2\/product_cat?post=68614"},{"taxonomy":"product_tag","embeddable":true,"href":"https:\/\/thinklucid.com\/de\/wp-json\/wp\/v2\/product_tag?post=68614"}],"curies":[{"name":"wp","href":"https:\/\/api.w.org\/{rel}","templated":true}]}}