{"id":68581,"date":"2020-09-30T11:02:42","date_gmt":"2020-09-30T18:02:42","guid":{"rendered":"https:\/\/ec2-34-221-119-146.us-west-2.compute.amazonaws.com\/product\/fujinon-c-mount-23mp-1-1-16mm-f-1-8\/"},"modified":"2023-10-19T05:16:00","modified_gmt":"2023-10-19T12:16:00","slug":"fujinon-c-mount-23mp-1-1-16mm-f-1-8","status":"publish","type":"product","link":"https:\/\/thinklucid.com\/de\/product\/fujinon-c-mount-23mp-1-1-16mm-f-1-8\/","title":{"rendered":"Fujinon C-Mount 23MP 1,2&#8243; 16mm f\/1,8"},"content":{"rendered":"","protected":false},"excerpt":{"rendered":"<ol class=\"breadcrumb\" style=\"text-align: left;\">\n<li><a href=\"\/\">Home<\/a><\/li>\n<li><a href=\"\/de\/accessories\/\">Zubeh\u00f6r<\/a><\/li>\n<li><a href=\"\/de\/category\/lenses-lens-tubes\/\">Objektive &amp; Linsentuben<\/a><\/li>\n<li>Fujinon C-Mount 23MP 1,2&#8243; 16mm f\/1,8<a href=\"\/de\/product\/fujinon-c-mount-23mp-1-1-12mm-f-1-8\/\" rel=\"prev\"><span class=\"screen-reader-text\">Fujinon C-Mount 23MP 1.2\u2033 12mm f\/1.8<\/span><svg viewbox=\"0 0 20 20\"><use xmlns:xlink=\"http:\/\/www.w3.org\/1999\/xlink\" xlink:href=\"#left-arrow\"><\/use><\/svg><\/a> <a href=\"\/de\/product\/fujinon-c-mount-23mp-1-1-25mm-f-1-8\/\" rel=\"next\"><span class=\"screen-reader-text\">Fujinon C-Mount 23MP 4\/3\u2033 25mm f\/1.8<\/span><svg viewbox=\"0 0 20 20\"><use xmlns:xlink=\"http:\/\/www.w3.org\/1999\/xlink\" xlink:href=\"#right-arrow\"><\/use><\/svg><\/a><\/li>\n<\/ol>\n<p style=\"text-align: left; font-size: 1.4rem; padding-top:15px\">Das Fujinon CF-ZA-1S Machine Vision C-Mount Objektiv unterst\u00fctzt einen gro\u00dfen 1,1-Zoll-Sensor mit hoher Aufl\u00f6sung und einem Pixelabstand von 2,5 \u00b5m (entspricht 23 Megapixel). Die relative Ausleuchtung erreicht bis zu \u00fcber 90% und erm\u00f6glicht ein klares Bild von der Bildmitte bis zum Randbereich. Durch die kompakte Bauform und das neue sto\u00dfsichere Design ist das Objetkiv gegen Ersch\u00fctterungen und Vibrationen resistent und eignet sich daher f\u00fcr eine Vielzahl von Fertigungsumgebungen. <\/p>\n<p style=\"text-align: left; font-size: 1.4rem; color: black;\"><strong>Spezifikationen<\/strong><\/p>\n<div style=\"display: flex; justify-content: space-between; margin: 10px 0px 20px 0px;\">\n<table class=\"table table-hover table-striped\" style=\"border: none; float: left; width: 49%;\">\n<tbody>\n<tr>\n<th>HerstellerNr.<\/th>\n<td>FUJINON CF16ZA-1S<\/td>\n<\/tr>\n<tr>\n<th>LUCID SKU<\/th>\n<td>FCZ160<\/td>\n<\/tr>\n<tr>\n<th>Brennweite<\/th>\n<td>16mm<\/td>\n<\/tr>\n<tr>\n<th>Blendenbereich<\/th>\n<td>f1,8 &#8211; f16<\/td>\n<\/tr>\n<tr>\n<th>Blickwinkel (H x V)<\/th>\n<td>47,3\u00b0\u00d736,1\u00b0<\/td>\n<\/tr>\n<tr>\n<th>Fokussierbereich (von Frontlinse)<\/th>\n<td>\u221e-100mm<\/td>\n<\/tr>\n<tr>\n<th>Fokussteuerung<\/th>\n<td>Manuell<\/td>\n<\/tr>\n<tr>\n<th>Blendensteuerung<\/th>\n<td>Manuell<\/td>\n<\/tr>\n<\/tbody>\n<\/table>\n<table class=\"table table-hover table-striped\" style=\"border: none; float: left; width: 49%;\">\n<tbody>\n<tr>\n<th>Filtergewinde<\/th>\n<td>M37,5 x 0,5mm<\/td>\n<\/tr>\n<tr>\n<th>Objektivanschluss<\/th>\n<td>C-Mount<\/td>\n<\/tr>\n<tr>\n<th>Geeignetes Sensorgr\u00f6\u00dfe<\/th>\n<td>1,1&#8243; (2,5\u03bcm)<\/td>\n<\/tr>\n<tr>\n<th>Max. Sensorgr\u00f6\u00dfe<\/th>\n<td>1,2&#8243; (2,74\u03bcm)<\/td>\n<\/tr>\n<tr>\n<th>Verzeichnung<\/th>\n<td>-0,80 %<\/td>\n<\/tr>\n<tr>\n<th>Durchmesser und L\u00e4nge<\/th>\n<td>\u00f839 x 67,6mm<\/td>\n<\/tr>\n<tr>\n<th>Gewicht<\/th>\n<td>180g<\/td>\n<\/tr>\n<tr>\n<th>Fixing Knobs Bundled<\/th>\n<td>2 fixing knobs &amp; 6 low profile locking screws<\/td>\n<\/tr>\n<\/tbody>\n<\/table>\n<\/div>\n","protected":false},"featured_media":59342,"template":"","meta":{"inline_featured_image":false},"product_brand":[],"product_cat":[706],"product_tag":[],"class_list":{"0":"post-68581","1":"product","2":"type-product","3":"status-publish","4":"has-post-thumbnail","6":"product_cat-lenses-lens-tubes-de","8":"first","9":"onbackorder","10":"taxable","11":"shipping-taxable","12":"purchasable","13":"product-type-simple","14":"layout-style-2","15":"col-md-4 col-sm-4 col-xs-6","16":"col-lg-2","17":"product-has-gallery","18":"product-style-addtocart"},"aioseo_notices":[],"_links":{"self":[{"href":"https:\/\/thinklucid.com\/de\/wp-json\/wp\/v2\/product\/68581","targetHints":{"allow":["GET"]}}],"collection":[{"href":"https:\/\/thinklucid.com\/de\/wp-json\/wp\/v2\/product"}],"about":[{"href":"https:\/\/thinklucid.com\/de\/wp-json\/wp\/v2\/types\/product"}],"wp:featuredmedia":[{"embeddable":true,"href":"https:\/\/thinklucid.com\/de\/wp-json\/wp\/v2\/media\/59342"}],"wp:attachment":[{"href":"https:\/\/thinklucid.com\/de\/wp-json\/wp\/v2\/media?parent=68581"}],"wp:term":[{"taxonomy":"product_brand","embeddable":true,"href":"https:\/\/thinklucid.com\/de\/wp-json\/wp\/v2\/product_brand?post=68581"},{"taxonomy":"product_cat","embeddable":true,"href":"https:\/\/thinklucid.com\/de\/wp-json\/wp\/v2\/product_cat?post=68581"},{"taxonomy":"product_tag","embeddable":true,"href":"https:\/\/thinklucid.com\/de\/wp-json\/wp\/v2\/product_tag?post=68581"}],"curies":[{"name":"wp","href":"https:\/\/api.w.org\/{rel}","templated":true}]}}