{"id":68558,"date":"2019-06-19T14:00:54","date_gmt":"2019-06-19T21:00:54","guid":{"rendered":"https:\/\/ec2-34-221-119-146.us-west-2.compute.amazonaws.com\/product\/edmund-optics-c-mount-1-2-6mm-f-1-85\/"},"modified":"2022-01-19T12:19:34","modified_gmt":"2022-01-19T20:19:34","slug":"edmund-optics-c-mount-1-2-6mm-f-1-85","status":"publish","type":"product","link":"https:\/\/thinklucid.com\/de\/product\/edmund-optics-c-mount-1-2-6mm-f-1-85\/","title":{"rendered":"Edmund Optics C-Mount 1\/2&#8243; 6mm f\/1,85 (UC Series)"},"content":{"rendered":"","protected":false},"excerpt":{"rendered":"<ol class=\"breadcrumb\" style=\"text-align: left;\">\n<li><a href=\"\/\">Home<\/a><\/li>\n<li><a href=\"\/de\/accessories\/\">Zubeh\u00f6r<\/a><\/li>\n<li><a href=\"\/de\/category\/lenses-lens-tubes\/\">Objektive &amp; Linsentuben<\/a><\/li>\n<li>Edmund Optics C-Mount 1\/2\u2033 6mm f\/1,85 <a href=\"\/de\/product\/edmund-optics-c-mount-1-2-4-mm-f-1-8\/\" rel=\"prev\"><span class=\"screen-reader-text\">Edmund Optics C-Mount 1\/2\u2033 4mm f\/1.8<\/span><svg viewbox=\"0 0 20 20\"><use xmlns:xlink=\"http:\/\/www.w3.org\/1999\/xlink\" xlink:href=\"#left-arrow\"><\/use><\/svg><\/a> <a href=\"\/de\/product\/edmund-optics-c-mount-1-2-8mm-f-1-8\/\" rel=\"next\"><span class=\"screen-reader-text\">Edmund Optics C-Mount 1\/2\u2033 8mm f\/1.8<br \/>\nAdd to cart<\/span><svg viewbox=\"0 0 20 20\"><use xmlns:xlink=\"http:\/\/www.w3.org\/1999\/xlink\" xlink:href=\"#right-arrow\"><\/use><\/svg><\/a><\/li>\n<\/ol>\n<p style=\"text-align: left; font-size: 1.4rem; padding-top:15px\">Die TECHSPEC\u00ae Objektive mit Festbrennweite der UC-Serie besitzen eine verstellbare Blende und versenkte Feststellschrauben und sind fokussierbar \u00fcber einen weiten Arbeitsabstandsbereich, der auf typische Anwendungen der Maschinenbildverarbeitung ausgelegt ist. Sie sind zwar f\u00fcr Sensoren 1\/2,5&#8243; optimiert, viele Brennweiten eignen sich jedoch auch f\u00fcr Sensoren bis 1\/1,8&#8243;. Die TECHSPEC\u00ae Objektive mit Festbrennweite der UC-Serie sind ideal geeignet f\u00fcr alle kleineren Kamerasensoren und Anwendungen wie Inspektion, Automatisierung, Biomedizin und vieles mehr.<\/p>\n<p style=\"text-align: left; font-size: 1.4rem; color: black;\"><strong>Spezifikationen #33-301<\/strong><\/p>\n<div id=\"tabSpecifications\" class=\"tab-product\" style=\"display:block\">\n<div>\n<div class=\"row specsRow\" style=\"margin-right:0px\">\n<div class=\"col-lg-6 col-xs-12 specs\" style=\"padding:6px\">\n<div class=\"row\">\n<div class=\"col-lg-6 col-xs-6 col-6\">Brennweite FL (mm):<\/div>\n<div class=\"col-lg-6 col-xs-6 col-6\">\n6,00\n<\/div>\n<\/div>\n<\/div>\n<div class=\"col-lg-6 col-xs-12 specs\" style=\"padding:6px\">\n<div class=\"row\">\n<div class=\"col-lg-6 col-xs-6 col-6\">Max. Sensorgr\u00f6\u00dfe:<\/div>\n<div class=\"col-lg-6 col-xs-6 col-6\">\n1\/2&#8243;\n<\/div>\n<\/div>\n<\/div>\n<\/div>\n<div class=\"row specsRow\" style=\"margin-right:0px\">\n<div class=\"col-lg-6 col-xs-12 specs\" style=\"padding:6px\">\n<div class=\"row\">\n<div class=\"col-lg-6 col-xs-6 col-6\">Horizontales Bildfeld @ max. Sensorformat:<\/div>\n<div class=\"col-lg-6 col-xs-6 col-6\">\n73,8mm &#8211; 60,0\u00b0\n<\/div>\n<\/div>\n<\/div>\n<div class=\"col-lg-6 col-xs-12 specs\" style=\"padding:6px\">\n<div class=\"row\">\n<div class=\"col-lg-6 col-xs-6 col-6\">Blende (f\/#):<\/div>\n<div class=\"col-lg-6 col-xs-6 col-6\">\nf\/1,85 &#8211; f\/11\n<\/div>\n<\/div>\n<\/div>\n<\/div>\n<div class=\"row specsRow\" style=\"margin-right:0px\">\n<div class=\"col-lg-6 col-xs-12 specs\" style=\"padding:6px\">\n<div class=\"row\">\n<div class=\"col-lg-6 col-xs-6 col-6\">Arbeitsabstand (mm):<\/div>\n<div class=\"col-lg-6 col-xs-6 col-6\">\n50 &#8211; \u221e\n<\/div>\n<\/div>\n<\/div>\n<div class=\"col-lg-6 col-xs-12 specs\" style=\"padding:6px\">\n<div class=\"row\">\n<div class=\"col-lg-6 col-xs-6 col-6\">Beschich-tung:<\/div>\n<div class=\"col-lg-6 col-xs-6 col-6\">\n\u03bb\/4 MgF<sub>2<\/sub>\n<\/div>\n<\/div>\n<\/div>\n<\/div>\n<div class=\"row specsRow\" style=\"margin-right:0px\">\n<div class=\"col-lg-6 col-xs-12 specs\" style=\"padding:6px\">\n<div class=\"row\">\n<div class=\"col-lg-6 col-xs-6 col-6\">Verzeichnung (%):<\/div>\n<div class=\"col-lg-6 col-xs-6 col-6\">\n&lt;9,5% (on 1\/2,5&#8243; Sensor)\n<\/div>\n<\/div>\n<\/div>\n<div class=\"col-lg-6 col-xs-12 specs\" style=\"padding:6px\">\n<div class=\"row\">\n<div class=\"col-lg-6 col-xs-6 col-6\">Horizontales Bildfeld, 1\/2\u201c Sensor:<\/div>\n<div class=\"col-lg-6 col-xs-6 col-6\">\n73,8mm &#8211; 60,0\u00b0\n<\/div>\n<\/div>\n<\/div>\n<\/div>\n<div class=\"row specsRow\" style=\"margin-right:0px\">\n<div class=\"col-lg-6 col-xs-12 specs\" style=\"padding:6px\">\n<div class=\"row\">\n<div class=\"col-lg-6 col-xs-6 col-6\">Horizontales Bildfeld, 1\/2,5\u201c Sensor:<\/div>\n<div class=\"col-lg-6 col-xs-6 col-6\">\n65,9mm &#8211; 54,6\u00b0\n<\/div>\n<\/div>\n<\/div>\n<div class=\"col-lg-6 col-xs-12 specs\" style=\"padding:6px\">\n<div class=\"row\">\n<div class=\"col-lg-6 col-xs-6 col-6\">Horizontales Bildfeld, 1\/3\u201c Sensor:<\/div>\n<div class=\"col-lg-6 col-xs-6 col-6\">\n53,4mm &#8211; 45,4\u00b0\n<\/div>\n<\/div>\n<\/div>\n<\/div>\n<div class=\"row specsRow\" style=\"margin-right:0px\">\n<div class=\"col-lg-6 col-xs-12 specs\" style=\"padding:6px\">\n<div class=\"row\">\n<div class=\"col-lg-6 col-xs-6 col-6\">Horizontales Bildfeld, 1\/4\u201c Sensor:<\/div>\n<div class=\"col-lg-6 col-xs-6 col-6\">\n39,2mm &#8211; 34,2\u00b0\n<\/div>\n<\/div>\n<\/div>\n<div class=\"col-lg-6 col-xs-12 specs\" style=\"padding:6px\">\n<div class=\"row\">\n<div class=\"col-lg-6 col-xs-6 col-6\">Filtergewinde:<\/div>\n<div class=\"col-lg-6 col-xs-6 col-6\">\nM43 x 0,75 with adapter (EO #85-308)<\/a>\n<\/div>\n<\/div>\n<\/div>\n<\/div>\n<div class=\"row specsRow\" style=\"margin-right:0px\">\n<div class=\"col-lg-6 col-xs-12 specs\" style=\"padding:6px\">\n<div class=\"row\">\n<div class=\"col-lg-6 col-xs-6 col-6\">Frontgewinde:<\/div>\n<div class=\"col-lg-6 col-xs-6 col-6\">\nM34 x 0,5 (Female)\n<\/div>\n<\/div>\n<\/div>\n<div class=\"col-lg-6 col-xs-12 specs\" style=\"padding:6px\">\n<div class=\"row\">\n<div class=\"col-lg-6 col-xs-6 col-6\">zus\u00e4tzliche Objektivl\u00e4nge in Kamera (mm):<\/div>\n<div class=\"col-lg-6 col-xs-6 col-6\">\n3,2\n<\/div>\n<\/div>\n<\/div>\n<\/div>\n<div class=\"row specsRow\" style=\"margin-right:0px\">\n<div class=\"col-lg-6 col-xs-12 specs\" style=\"padding:6px\">\n<div class=\"row\">\n<div class=\"col-lg-6 col-xs-6 col-6\">Gewinde:<\/div>\n<div class=\"col-lg-6 col-xs-6 col-6\">\nC-Mount\n<\/div>\n<\/div>\n<\/div>\n<div class=\"col-lg-6 col-xs-12 specs\" style=\"padding:6px\">\n<div class=\"row\">\n<div class=\"col-lg-6 col-xs-6 col-6\">Anzahl Elemente (Gruppen):<\/div>\n<div class=\"col-lg-6 col-xs-6 col-6\">\n9 (8)\n<\/div>\n<\/div>\n<\/div>\n<\/div>\n<div class=\"row specsRow\" style=\"margin-right:0px\">\n<div class=\"col-lg-6 col-xs-12 specs\" style=\"padding:6px\">\n<div class=\"row\">\n<div class=\"col-lg-6 col-xs-6 col-6\">Numerische Apertur NA, Objektseite:<\/div>\n<div class=\"col-lg-6 col-xs-6 col-6\">\n0,00775\n<\/div>\n<\/div>\n<\/div>\n<div class=\"col-lg-6 col-xs-12 specs\" style=\"padding:6px\">\n<div class=\"row\">\n<div class=\"col-lg-6 col-xs-6 col-6\">Optimiert f\u00fcr Sensorgr\u00f6\u00dfe:<\/div>\n<div class=\"col-lg-6 col-xs-6 col-6\">\n1\/2,5&#8243;\n<\/div>\n<\/div>\n<\/div>\n<\/div>\n<div class=\"row specsRow\" style=\"margin-right:0px\">\n<div class=\"col-lg-6 col-xs-12 specs\" style=\"padding:6px\">\n<div class=\"row\">\n<div class=\"col-lg-6 col-xs-6 col-6\">Aussendurchmesser (mm):<\/div>\n<div class=\"col-lg-6 col-xs-6 col-6\">\n36,00\n<\/div>\n<\/div>\n<\/div>\n<div class=\"col-lg-6 col-xs-12 specs\" style=\"padding:6px\">\n<div class=\"row\">\n<div class=\"col-lg-6 col-xs-6 col-6\">Art:<\/div>\n<div class=\"col-lg-6 col-xs-6 col-6\">\nVIS\n<\/div>\n<\/div>\n<\/div>\n<\/div>\n<div class=\"row specsRow\" style=\"margin-right:0px\">\n<div class=\"col-lg-6 col-xs-12 specs\" style=\"padding:6px\">\n<div class=\"row\">\n<div class=\"col-lg-6 col-xs-6 col-6\">Blende-Option:<\/div>\n<div class=\"col-lg-6 col-xs-6 col-6\">\nVariable\n<\/div>\n<\/div>\n<\/div>\n<div class=\"col-lg-6 col-xs-12 specs\" style=\"padding:6px\">\n<div class=\"row\">\n<div class=\"col-lg-6 col-xs-6 col-6\">Typ:<\/div>\n<div class=\"col-lg-6 col-xs-6 col-6\">\nFixed Focal Length Lens\n<\/div>\n<\/div>\n<\/div>\n<\/div>\n<div class=\"row specsRow\" style=\"margin-right:0px\">\n<div class=\"col-lg-6 col-xs-12 specs\" style=\"padding:6px\">\n<div class=\"row\">\n<div class=\"col-lg-6 col-xs-6 col-6\">Gewicht (g):<\/div>\n<div class=\"col-lg-6 col-xs-6 col-6\">\n67\n<\/div>\n<\/div>\n<\/div>\n<div class=\"col-lg-6 col-xs-12 specs\" style=\"padding:6px\">\n<div class=\"row\">\n<div class=\"col-lg-6 col-xs-6 col-6\">Maximum Length (mm):<\/div>\n<div class=\"col-lg-6 col-xs-6 col-6\">\n40,9\n<\/div>\n<\/div>\n<\/div>\n<\/div>\n<div class=\"row specsRow\" style=\"margin-right:0px\">\n<div class=\"col-lg-6 col-xs-12 specs\" style=\"padding:6px\">\n<div class=\"row\">\n<div class=\"col-lg-6 col-xs-6 col-6\">Gewindedurchmesser (mm):<\/div>\n<div class=\"col-lg-6 col-xs-6 col-6\">\n30,0\n<\/div>\n<\/div>\n<\/div>\n<div class=\"col-lg-6 col-xs-12 specs\" style=\"padding:6px\">\n<div class=\"row\">\n<div class=\"col-lg-6 col-xs-6 col-6\">Inklusive Verriegelungsschrauben <\/div>\n<div class=\"col-lg-6 col-xs-6 col-6\"> 4 Insgesamt: 2x normal, 2x versenkte Schrauben<\/div>\n<\/div>\n<\/div>\n<\/div>\n<\/div>\n","protected":false},"featured_media":28576,"template":"","meta":{"inline_featured_image":false},"product_brand":[],"product_cat":[706],"product_tag":[],"class_list":{"0":"post-68558","1":"product","2":"type-product","3":"status-publish","4":"has-post-thumbnail","6":"product_cat-lenses-lens-tubes-de","8":"first","9":"onbackorder","10":"taxable","11":"shipping-taxable","12":"purchasable","13":"product-type-simple","14":"layout-style-2","15":"col-md-4 col-sm-4 col-xs-6","16":"col-lg-2","17":"product-has-gallery","18":"product-style-addtocart"},"aioseo_notices":[],"_links":{"self":[{"href":"https:\/\/thinklucid.com\/de\/wp-json\/wp\/v2\/product\/68558","targetHints":{"allow":["GET"]}}],"collection":[{"href":"https:\/\/thinklucid.com\/de\/wp-json\/wp\/v2\/product"}],"about":[{"href":"https:\/\/thinklucid.com\/de\/wp-json\/wp\/v2\/types\/product"}],"wp:featuredmedia":[{"embeddable":true,"href":"https:\/\/thinklucid.com\/de\/wp-json\/wp\/v2\/media\/28576"}],"wp:attachment":[{"href":"https:\/\/thinklucid.com\/de\/wp-json\/wp\/v2\/media?parent=68558"}],"wp:term":[{"taxonomy":"product_brand","embeddable":true,"href":"https:\/\/thinklucid.com\/de\/wp-json\/wp\/v2\/product_brand?post=68558"},{"taxonomy":"product_cat","embeddable":true,"href":"https:\/\/thinklucid.com\/de\/wp-json\/wp\/v2\/product_cat?post=68558"},{"taxonomy":"product_tag","embeddable":true,"href":"https:\/\/thinklucid.com\/de\/wp-json\/wp\/v2\/product_tag?post=68558"}],"curies":[{"name":"wp","href":"https:\/\/api.w.org\/{rel}","templated":true}]}}