{"id":68508,"date":"2019-06-24T17:41:07","date_gmt":"2019-06-25T00:41:07","guid":{"rendered":"https:\/\/ec2-34-221-119-146.us-west-2.compute.amazonaws.com\/product\/edmund-optics-tfl-mount-aps-c-100mm-f-2-8\/"},"modified":"2021-02-02T22:39:26","modified_gmt":"2021-02-03T06:39:26","slug":"edmund-optics-tfl-mount-aps-c-100mm-f-2-8","status":"publish","type":"product","link":"https:\/\/thinklucid.com\/de\/product\/edmund-optics-tfl-mount-aps-c-100mm-f-2-8\/","title":{"rendered":"Edmund Optics TFL-Mount APS-C 100mm f\/2,8"},"content":{"rendered":"","protected":false},"excerpt":{"rendered":"<ol class=\"breadcrumb\" style=\"text-align: left;\">\n<li><a href=\"\/\">Home<\/a><\/li>\n<li><a href=\"\/de\/accessories\/\">Zubeh\u00f6r<\/a><\/li>\n<li><a href=\"\/de\/category\/lenses-lens-tubes\/\">Objektive &amp; Linsentuben<\/a><\/li>\n<li>Edmund Optics TFL Mount APS-C 100mm f\/2,8<a href=\"\/de\/product\/edmund-optics-tfl-mount-aps-c-75mm-f-2-8\/\" rel=\"prev\"><span class=\"screen-reader-text\">Edmund Optics TFL-Mount APS-C 75mm f\/2.8<\/span><svg><use xlink:href=\"#left-arrow\"><\/use><\/svg><\/a> <a href=\"\/de\/product\/universe-compact-c-mount-5mp-6mm-f-2-0\/\" rel=\"next\"><span class=\"screen-reader-text\">Universe Compact C-Mount 5MP 2\/3\u2033 6mm f\/2.0<br \/>\nAdd to cart<\/span><svg><use xlink:href=\"#right-arrow\"><\/use><\/svg><\/a><\/li>\n<\/ol>\n<p style=\"text-align: left; font-size: 1.4rem; padding-top:15px\">Die Objektive der TECHSPEC\u00ae CA-Serie (CA &#8222;Compact APS&#8220;) mit fester Brennweite sind f\u00fcr hochaufl\u00f6sende Gro\u00dfformat-Sensoren konzipiert. Diese Objektive decken die Sensoren im APS-C-Format mit einem 28 mm Bildkreis ab und verf\u00fcgen \u00fcber einen TFL-Anschluss. TFL-Anschl\u00fcsse verf\u00fcgen \u00fcber ein M35 x 0,75 Gewinde mit einem Auflagema\u00df von 17,5 mm. Sie bieten das gleiche Auflagema\u00df, die gleiche Robustheit und den gleichen Bedienkomfort wie ein C-Mount. Sie eignen sich daher ideal f\u00fcr Bildverarbeitungs- und Automatisierungsanwendungen.<\/p>\n<p style=\"text-align: left; font-size: 1.4rem; color: black;\"><strong>Spezifikationen #11-322<\/strong><\/p>\n<div id=\"tabSpecifications\" class=\"tab-product\" style=\"display:block\">\n<div>\n<div class=\"row specsRow\" style=\"margin-right:0px\">\n<div class=\"col-lg-6 col-xs-12 specs\" style=\"padding:6px\">\n<div class=\"row\">\n<div class=\"col-lg-6 col-xs-6 col-6\">Brennweite FL (mm):<\/div>\n<div class=\"col-lg-6 col-xs-6 col-6\">\n100,00\n<\/div>\n<\/div>\n<\/div>\n<div class=\"col-lg-6 col-xs-12 specs\" style=\"padding:6px\">\n<div class=\"row\">\n<div class=\"col-lg-6 col-xs-6 col-6\">Max. Sensorgr\u00f6\u00dfe:<\/div>\n<div class=\"col-lg-6 col-xs-6 col-6\">\nAPS-C\n<\/div>\n<\/div>\n<\/div>\n<\/div>\n<div class=\"row specsRow\" style=\"margin-right:0px\">\n<div class=\"col-lg-6 col-xs-12 specs\" style=\"padding:6px\">\n<div class=\"row\">\n<div class=\"col-lg-6 col-xs-6 col-6\">Blende (f\/#):<\/div>\n<div class=\"col-lg-6 col-xs-6 col-6\">\nf\/2,8 &#8211; f\/22\n<\/div>\n<\/div>\n<\/div>\n<div class=\"col-lg-6 col-xs-12 specs\" style=\"padding:6px\">\n<div class=\"row\">\n<div class=\"col-lg-6 col-xs-6 col-6\">Arbeitsabstand (mm):<\/div>\n<div class=\"col-lg-6 col-xs-6 col-6\">\n500 &#8211; \u221e\n<\/div>\n<\/div>\n<\/div>\n<\/div>\n<div class=\"row specsRow\" style=\"margin-right:0px\">\n<div class=\"col-lg-6 col-xs-12 specs\" style=\"padding:6px\">\n<div class=\"row\">\n<div class=\"col-lg-6 col-xs-6 col-6\">Beschich-tung:<\/div>\n<div class=\"col-lg-6 col-xs-6 col-6\">\n\u03bb\/4 MgF<sub>2<\/sub>\n<\/div>\n<\/div>\n<\/div>\n<div class=\"col-lg-6 col-xs-12 specs\" style=\"padding:6px\">\n<div class=\"row\">\n<div class=\"col-lg-6 col-xs-6 col-6\">Horizontales Bildfeld, APS-C Sensor:<\/div>\n<div class=\"col-lg-6 col-xs-6 col-6\">\n102,1mm &#8211; 12,7\u00b0\n<\/div>\n<\/div>\n<\/div>\n<\/div>\n<div class=\"row specsRow\" style=\"margin-right:0px\">\n<div class=\"col-lg-6 col-xs-12 specs\" style=\"padding:6px\">\n<div class=\"row\">\n<div class=\"col-lg-6 col-xs-6 col-6\">Horizontales Bildfeld, 4\/3\u201c Sensor:<\/div>\n<div class=\"col-lg-6 col-xs-6 col-6\">\n78,8mm &#8211; 9,8\u00b0\n<\/div>\n<\/div>\n<\/div>\n<div class=\"col-lg-6 col-xs-12 specs\" style=\"padding:6px\">\n<div class=\"row\">\n<div class=\"col-lg-6 col-xs-6 col-6\">Horizontales Bildfeld, 1,1\u201c Sensor:<\/div>\n<div class=\"col-lg-6 col-xs-6 col-6\">\n64,7mm &#8211; 8,1\u00b0\n<\/div>\n<\/div>\n<\/div>\n<\/div>\n<div class=\"row specsRow\" style=\"margin-right:0px\">\n<div class=\"col-lg-6 col-xs-12 specs\" style=\"padding:6px\">\n<div class=\"row\">\n<div class=\"col-lg-6 col-xs-6 col-6\">Horizontales Bildfeld, 1\u201c Sensor:<\/div>\n<div class=\"col-lg-6 col-xs-6 col-6\">\n57,6mm &#8211; 7,3\u00b0\n<\/div>\n<\/div>\n<\/div>\n<div class=\"col-lg-6 col-xs-12 specs\" style=\"padding:6px\">\n<div class=\"row\">\n<div class=\"col-lg-6 col-xs-6 col-6\">Horizontales Bildfeld, 1\/1,8\u201c Sensor:<\/div>\n<div class=\"col-lg-6 col-xs-6 col-6\">\n32,8mm &#8211; 4,1\u00b0\n<\/div>\n<\/div>\n<\/div>\n<\/div>\n<div class=\"row specsRow\" style=\"margin-right:0px\">\n<div class=\"col-lg-6 col-xs-12 specs\" style=\"padding:6px\">\n<div class=\"row\">\n<div class=\"col-lg-6 col-xs-6 col-6\">Horizontales Bildfeld, 1\/2\u201c Sensor:<\/div>\n<div class=\"col-lg-6 col-xs-6 col-6\">\n28,8mm &#8211; 3,7\u00b0\n<\/div>\n<\/div>\n<\/div>\n<div class=\"col-lg-6 col-xs-12 specs\" style=\"padding:6px\">\n<div class=\"row\">\n<div class=\"col-lg-6 col-xs-6 col-6\">Horizontales Bildfeld, 1\/2,5\u201c Sensor:<\/div>\n<div class=\"col-lg-6 col-xs-6 col-6\">\n26,4mm &#8211; 3,3\u00b0\n<\/div>\n<\/div>\n<\/div>\n<\/div>\n<div class=\"row specsRow\" style=\"margin-right:0px\">\n<div class=\"col-lg-6 col-xs-12 specs\" style=\"padding:6px\">\n<div class=\"row\">\n<div class=\"col-lg-6 col-xs-6 col-6\">Horizontales Bildfeld, 1\/3\u201c Sensor:<\/div>\n<div class=\"col-lg-6 col-xs-6 col-6\">\n21,9mm &#8211; 2,7\u00b0\n<\/div>\n<\/div>\n<\/div>\n<div class=\"col-lg-6 col-xs-12 specs\" style=\"padding:6px\">\n<div class=\"row\">\n<div class=\"col-lg-6 col-xs-6 col-6\">Horizontales Bildfeld, 1\/4\u201c Sensor:<\/div>\n<div class=\"col-lg-6 col-xs-6 col-6\">\n16,4mm &#8211; 2,1\u00b0\n<\/div>\n<\/div>\n<\/div>\n<\/div>\n<div class=\"row specsRow\" style=\"margin-right:0px\">\n<div class=\"col-lg-6 col-xs-12 specs\" style=\"padding:6px\">\n<div class=\"row\">\n<div class=\"col-lg-6 col-xs-6 col-6\">Horizontales Bildfeld, 2\/3\u201c Sensor:<\/div>\n<div class=\"col-lg-6 col-xs-6 col-6\">\n40,1mm &#8211; 5,0\u00b0\n<\/div>\n<\/div>\n<\/div>\n<div class=\"col-lg-6 col-xs-12 specs\" style=\"padding:6px\">\n<div class=\"row\">\n<div class=\"col-lg-6 col-xs-6 col-6\">Filtergewinde:<\/div>\n<div class=\"col-lg-6 col-xs-6 col-6\">\nM46 x 0,75 (Female)\n<\/div>\n<\/div>\n<\/div>\n<\/div>\n<div class=\"row specsRow\" style=\"margin-right:0px\">\n<div class=\"col-lg-6 col-xs-12 specs\" style=\"padding:6px\">\n<div class=\"row\">\n<div class=\"col-lg-6 col-xs-6 col-6\">L\u00e4nge (mm):<\/div>\n<div class=\"col-lg-6 col-xs-6 col-6\">\n132,97\n<\/div>\n<\/div>\n<\/div>\n<div class=\"col-lg-6 col-xs-12 specs\" style=\"padding:6px\">\n<div class=\"row\">\n<div class=\"col-lg-6 col-xs-6 col-6\">Gewinde:<\/div>\n<div class=\"col-lg-6 col-xs-6 col-6\">\nTFL Mount\n<\/div>\n<\/div>\n<\/div>\n<\/div>\n<div class=\"row specsRow\" style=\"margin-right:0px\">\n<div class=\"col-lg-6 col-xs-12 specs\" style=\"padding:6px\">\n<div class=\"row\">\n<div class=\"col-lg-6 col-xs-6 col-6\">Anzahl Elemente (Gruppen):<\/div>\n<div class=\"col-lg-6 col-xs-6 col-6\">\n8 (5)\n<\/div>\n<\/div>\n<\/div>\n<div class=\"col-lg-6 col-xs-12 specs\" style=\"padding:6px\">\n<div class=\"row\">\n<div class=\"col-lg-6 col-xs-6 col-6\">Numerische Apertur NA, Objektseite:<\/div>\n<div class=\"col-lg-6 col-xs-6 col-6\">\n0,0321\n<\/div>\n<\/div>\n<\/div>\n<\/div>\n<div class=\"row specsRow\" style=\"margin-right:0px\">\n<div class=\"col-lg-6 col-xs-12 specs\" style=\"padding:6px\">\n<div class=\"row\">\n<div class=\"col-lg-6 col-xs-6 col-6\">Aussendurchmesser (mm):<\/div>\n<div class=\"col-lg-6 col-xs-6 col-6\">\n61\n<\/div>\n<\/div>\n<\/div>\n<div class=\"col-lg-6 col-xs-12 specs\" style=\"padding:6px\">\n<div class=\"row\">\n<div class=\"col-lg-6 col-xs-6 col-6\">Art:<\/div>\n<div class=\"col-lg-6 col-xs-6 col-6\">\nVIS\n<\/div>\n<\/div>\n<\/div>\n<\/div>\n<div class=\"row specsRow\" style=\"margin-right:0px\">\n<div class=\"col-lg-6 col-xs-12 specs\" style=\"padding:6px\">\n<div class=\"row\">\n<div class=\"col-lg-6 col-xs-6 col-6\">Blende-Option:<\/div>\n<div class=\"col-lg-6 col-xs-6 col-6\">\nVariable\n<\/div>\n<\/div>\n<\/div>\n<div class=\"col-lg-6 col-xs-12 specs\" style=\"padding:6px\">\n<div class=\"row\">\n<div class=\"col-lg-6 col-xs-6 col-6\">Typ:<\/div>\n<div class=\"col-lg-6 col-xs-6 col-6\">\nFixed Focal Length Lens\n<\/div>\n<\/div>\n<\/div>\n<\/div>\n<div class=\"row specsRow\" style=\"margin-right:0px\">\n<div class=\"col-lg-6 col-xs-12 specs\" style=\"padding:6px\">\n<div class=\"row\">\n<div class=\"col-lg-6 col-xs-6 col-6\">Gewicht (g):<\/div>\n<div class=\"col-lg-6 col-xs-6 col-6\">\n597\n<\/div>\n<\/div>\n<\/div>\n<\/div>\n<\/div>\n","protected":false},"featured_media":41930,"template":"","meta":{"inline_featured_image":false},"product_brand":[],"product_cat":[706],"product_tag":[],"class_list":{"0":"post-68508","1":"product","2":"type-product","3":"status-publish","4":"has-post-thumbnail","6":"product_cat-lenses-lens-tubes-de","8":"first","9":"instock","10":"taxable","11":"shipping-taxable","12":"purchasable","13":"product-type-simple","14":"layout-style-2","15":"col-md-4 col-sm-4 col-xs-6","16":"col-lg-2","17":"product-has-gallery","18":"product-style-addtocart"},"aioseo_notices":[],"_links":{"self":[{"href":"https:\/\/thinklucid.com\/de\/wp-json\/wp\/v2\/product\/68508","targetHints":{"allow":["GET"]}}],"collection":[{"href":"https:\/\/thinklucid.com\/de\/wp-json\/wp\/v2\/product"}],"about":[{"href":"https:\/\/thinklucid.com\/de\/wp-json\/wp\/v2\/types\/product"}],"wp:featuredmedia":[{"embeddable":true,"href":"https:\/\/thinklucid.com\/de\/wp-json\/wp\/v2\/media\/41930"}],"wp:attachment":[{"href":"https:\/\/thinklucid.com\/de\/wp-json\/wp\/v2\/media?parent=68508"}],"wp:term":[{"taxonomy":"product_brand","embeddable":true,"href":"https:\/\/thinklucid.com\/de\/wp-json\/wp\/v2\/product_brand?post=68508"},{"taxonomy":"product_cat","embeddable":true,"href":"https:\/\/thinklucid.com\/de\/wp-json\/wp\/v2\/product_cat?post=68508"},{"taxonomy":"product_tag","embeddable":true,"href":"https:\/\/thinklucid.com\/de\/wp-json\/wp\/v2\/product_tag?post=68508"}],"curies":[{"name":"wp","href":"https:\/\/api.w.org\/{rel}","templated":true}]}}