{"id":65620,"date":"2020-10-21T16:45:42","date_gmt":"2020-10-21T23:45:42","guid":{"rendered":"https:\/\/ec2-34-221-119-146.us-west-2.compute.amazonaws.com\/product\/rgb-3d-kit-triton-3-2mp-helios2-kit\/"},"modified":"2025-12-18T15:59:12","modified_gmt":"2025-12-18T23:59:12","slug":"rgb-3d-kit-triton-3-2mp-helios2-kit","status":"publish","type":"product","link":"https:\/\/thinklucid.com\/de\/product\/rgb-3d-kit-triton-3-2mp-helios2-kit\/","title":{"rendered":"3D+RGB IP67 Paket (Helios2 \/ Helios2+ \/ Helios2 Ray &#038; Triton 3,2MP Paket)"},"content":{"rendered":"","protected":false},"excerpt":{"rendered":"<ol class=\"breadcrumb\" style=\"text-align: left;\">\n<li><a href=\"\/de\/\">Home<\/a><\/li>\n<li><a href=\"https:\/\/thinklucid.com\/de\/helios-time-of-flight-tof-kamera\/\">Helios Time of Flight (ToF) Kamera<\/a><\/li>\n<li>3D+RGB IP67 <span class=\"VIiyi\" lang=\"de\"><span class=\"JLqJ4b ChMk0b\" data-language-for-alternatives=\"de\" data-language-to-translate-into=\"en\" data-phrase-index=\"0\">Paket<\/span><\/span> (Helios2 \/ Helios2+ \/ Helios2 Ray &amp; Triton 3,2MP <span class=\"VIiyi\" lang=\"de\"><span class=\"JLqJ4b ChMk0b\" data-language-for-alternatives=\"de\" data-language-to-translate-into=\"en\" data-phrase-index=\"0\">Paket<\/span><\/span>) <a href=\"https:\/\/thinklucid.com\/de\/product\/helios2-narrow-ip67-time-of-flight-tof-3d-camera\/\" rel=\"prev\"><svg viewbox=\"0 0 20 20\"><use xmlns:xlink=\"http:\/\/www.w3.org\/1999\/xlink\" xlink:href=\"#left-arrow\"><\/use><\/svg><span class=\"screen-reader-text\">Helios2 Narrow 0.3 MP 3D Kamera<\/span><\/a> <a href=\"https:\/\/thinklucid.com\/de\/product\/helios2plus-time-of-flight-tof-ip67-3d-camera\/\" rel=\"next\"><svg viewbox=\"0 0 20 20\"><use xmlns:xlink=\"http:\/\/www.w3.org\/1999\/xlink\" xlink:href=\"#right-arrow\"><\/use><\/svg><span class=\"screen-reader-text\">Helios2+ 0.3 MP 3D Kamera<\/span><\/a><\/li>\n<\/ol>\n<p style=\"text-align: left; margin-top: 15px; line-height: 1.8;\">Unser 3D + RGB IP67 Kit kombiniert Triton 3.2MP und Helios2 ToF 3D-Kameras f\u00fcr pr\u00e4zise farbige Punktwolken. Die Triton 3.2MP erg\u00e4nzt die Helios2 3D-Tiefendaten um Farbinformationen. Diese Kits enthalten alles, was Sie f\u00fcr eine staub- und wasserdichte 3D-Farbbildgebung ben\u00f6tigen.<\/p>\n<p style=\"text-align: left; margin: 0; line-height: 1.8;\">Montage erforderlich. Siehe Registerkarte &#8222;Erste Schritte\/Montageanleitung&#8220; unten f\u00fcr Montageanweisungen.<\/p>\n<table id=\"sku-table\" class=\"table table-hover table-striped\" style=\"width: 100%; margin-bottom: 20px; border: 1px dotted #f1f2f4;\" border=\"0\" cellspacing=\"0\" cellpadding=\"0\">\n<tbody>\n<tr style=\"background-color: #82c9ed;\">\n<td style=\"color: black;\">Kit SKUs<\/td>\n<td style=\"color: black;\">Description<\/td>\n<\/tr>\n<tr>\n<td>HTP-TRI-KIT001<\/td>\n<td>3D+RGB IP67 Kit mit Helios2+ HTP003S-001<\/td>\n<\/tr>\n<tr>\n<td>HLT-TRI-KIT001<\/td>\n<td>3D+RGB IP67 Kit mit Helios2 HLT003S-001<\/td>\n<\/tr>\n<tr>\n<td>HTR-TRI-KIT001-NA<\/td>\n<td>3D+RGB IP67 Kit mit Helios2 Ray HTR003S-001 und NA-Netzteil<\/td>\n<\/tr>\n<tr>\n<td>HTR-TRI-KIT001-EU<\/td>\n<td>3D+RGB IP67 Kit mit Helios2 Ray HTR003S-001 und EU-Netzteil<\/td>\n<\/tr>\n<tr>\n<td>HTR-TRI-KIT001-AU<\/td>\n<td>3D+RGB IP67 Kit mit Helios2 Ray HTR003S-001 und AU-Netzteil<\/td>\n<\/tr>\n<tr>\n<td>HTR-TRI-KIT001-UK<\/td>\n<td>3D+RGB IP67 Kit mit Helios2 Ray HTR003S-001 und UK-Netzteil<\/td>\n<\/tr>\n<\/tbody>\n<\/table>\n<div style=\"text-align: left; color: black;\">Was im Kit enthalten ist:<\/div>\n<table id=\"sku-table\" class=\"table table-hover table-striped\" style=\"width: 100%; margin-bottom: 25px; font-size: 12px; border: 1px dotted #f1f2f4;\" border=\"0\" cellspacing=\"0\" cellpadding=\"0\">\n<tbody>\n<tr style=\"background-color: #82c9ed;\">\n<td style=\"color: black;\">Produkte<\/td>\n<td style=\"color: black;\">Menge<\/td>\n<td style=\"color: black;\">Beschreibung<\/td>\n<\/tr>\n<tr>\n<td><a style=\"color: #0073aa;\" href=\"https:\/\/thinklucid.com\/de\/product\/helios2plus-time-of-flight-tof-ip67-3d-camera\/\">HTP003S-001<\/a> <em>oder<\/em> <a style=\"color: #0073aa;\" href=\"https:\/\/thinklucid.com\/de\/product\/helios2-time-of-flight-imx556\/\">HLT003S-001<\/a> <em>oder<\/em> <a style=\"color: #0073aa;\" href=\"https:\/\/thinklucid.com\/de\/product\/helios2-ray-outdoor-tof-ip67-3d-camera\/\">HTR003S-001<\/a><\/td>\n<td>1<\/td>\n<td>W\u00e4hlen Sie zwischen Helios2+, Helios2, oder Helios2 Ray Time-of-Flight 3D-Kamera<\/td>\n<\/tr>\n<tr>\n<td><a style=\"color: #0073aa;\" href=\"https:\/\/thinklucid.com\/de\/product\/triton-32-mp-imx265\/\">TRI032S-CC<\/a><\/td>\n<td>1<\/td>\n<td>Triton 3,2MP Farbe Kamera, IP67, 2048 x 1536 px, 32 FPS, M12 GigE<\/td>\n<\/tr>\n<tr>\n<td><a style=\"color: #0073aa;\" href=\"https:\/\/thinklucid.com\/de\/product\/universe-compact-c-mount-5mp-6mm-f-2-0\/\">UC060-5M<\/a><\/td>\n<td>1<\/td>\n<td>Universe Compact C-Mount Objektive 5MP 2\/3&#8243; 6mm (Manufacturer P\/N: BL060C)<\/td>\n<\/tr>\n<tr>\n<td><a style=\"color: #0073aa;\" href=\"https:\/\/thinklucid.com\/de\/product\/ip67-c-mount-46mm-lens-tube\/\">IPTC-D270L346<\/a><\/td>\n<td>1<\/td>\n<td>IP67 C-Mount IP67 Objektivschutz, Innendurchmesser \u2300: 27mm, Innenl\u00e4nge: 34.6mm<\/td>\n<\/tr>\n<tr>\n<td><a style=\"color: #0073aa;\" href=\"#\">HLT-TRI-MNT<\/a><\/td>\n<td>1<\/td>\n<td>Triton zu Helios2 Montagewinkel mit 8 Schrauben (4x M4 und 4x M3 mit Unterlegscheiben)<\/td>\n<\/tr>\n<tr>\n<td><a style=\"color: #0073aa;\" href=\"https:\/\/thinklucid.com\/de\/product\/tripod-adapter-atl\/\">ATL-TR<\/a><\/td>\n<td>1<\/td>\n<td>Helios2 Stativadapter mit 4 Schrauben (4 x M4)<\/td>\n<\/tr>\n<tr>\n<td><a style=\"color: #0073aa;\" href=\"https:\/\/thinklucid.com\/de\/product\/m12-to-rj45-ip67-cat6a-cable-amphenol-2-0m-dark-green\/\">CAB-MR-2M-A<\/a><\/td>\n<td>2<\/td>\n<td>M12 auf RJ45 IP67 Cat6a Kable (Amphenol) \u2013 2,0m, Dunkelgr\u00fcn<\/td>\n<\/tr>\n<tr>\n<td><a style=\"color: #0073aa;\" href=\"https:\/\/thinklucid.com\/de\/product\/lr-link-2-ch-pcie-gige-vision-poe-card\/\">PCIE-POE2-LR<\/a><\/td>\n<td>1<\/td>\n<td>LR-LINK 2-CH PCIe GigE Vision PoE+ Card<\/td>\n<\/tr>\n<tr>\n<td><a style=\"color: #0073aa;\" href=\"https:\/\/thinklucid.com\/de\/product\/m8-gpio-power-supply-na-eu\/\">M8P-US1\/EU1\/AU1\/UK1<\/a><\/td>\n<td>1<\/td>\n<td>M8 GPIO AC Netzteil (NA\/EU\/AU\/UK) (Nur f\u00fcr Helios2 Ray RGB-Paket)<\/td>\n<\/tr>\n<\/tbody>\n<\/table>\n<h2 style=\"font-size: 22px; font-weight: 400; background-color: #f9f9f9; padding: 15px 0px 0px 0px; margin: 20px 0px 0px;\">Bitte w\u00e4hlen Sie Ihr Kit:<\/h2>\n","protected":false},"featured_media":60978,"template":"","meta":{"inline_featured_image":false},"product_brand":[],"product_cat":[695],"product_tag":[],"class_list":{"0":"post-65620","1":"product","2":"type-product","3":"status-publish","4":"has-post-thumbnail","6":"product_cat-helios-tof-de","8":"first","9":"instock","10":"taxable","11":"shipping-taxable","12":"purchasable","13":"product-type-variable","14":"layout-style-2","15":"col-md-4 col-sm-4 col-xs-6","16":"col-lg-2","17":"product-has-gallery","18":"product-style-addtocart"},"aioseo_notices":[],"_links":{"self":[{"href":"https:\/\/thinklucid.com\/de\/wp-json\/wp\/v2\/product\/65620","targetHints":{"allow":["GET"]}}],"collection":[{"href":"https:\/\/thinklucid.com\/de\/wp-json\/wp\/v2\/product"}],"about":[{"href":"https:\/\/thinklucid.com\/de\/wp-json\/wp\/v2\/types\/product"}],"wp:featuredmedia":[{"embeddable":true,"href":"https:\/\/thinklucid.com\/de\/wp-json\/wp\/v2\/media\/60978"}],"wp:attachment":[{"href":"https:\/\/thinklucid.com\/de\/wp-json\/wp\/v2\/media?parent=65620"}],"wp:term":[{"taxonomy":"product_brand","embeddable":true,"href":"https:\/\/thinklucid.com\/de\/wp-json\/wp\/v2\/product_brand?post=65620"},{"taxonomy":"product_cat","embeddable":true,"href":"https:\/\/thinklucid.com\/de\/wp-json\/wp\/v2\/product_cat?post=65620"},{"taxonomy":"product_tag","embeddable":true,"href":"https:\/\/thinklucid.com\/de\/wp-json\/wp\/v2\/product_tag?post=65620"}],"curies":[{"name":"wp","href":"https:\/\/api.w.org\/{rel}","templated":true}]}}