{"id":64850,"date":"2020-07-03T15:11:48","date_gmt":"2020-07-03T22:11:48","guid":{"rendered":"https:\/\/ec2-34-221-119-146.us-west-2.compute.amazonaws.com\/product\/helios2-time-of-flight-imx556\/"},"modified":"2026-02-12T10:20:01","modified_gmt":"2026-02-12T18:20:01","slug":"helios2-time-of-flight-imx556","status":"publish","type":"product","link":"https:\/\/thinklucid.com\/de\/product\/helios2-time-of-flight-imx556\/","title":{"rendered":"Helios2 Time of Flight (ToF) IP67 3D Kamera"},"content":{"rendered":"","protected":false},"excerpt":{"rendered":"<ol class=\"breadcrumb\" style=\"text-align: left\">\n<li><a href=\"\/de\/\">Home<\/a><\/li>\n<li><a href=\"https:\/\/thinklucid.com\/de\/helios-time-of-flight-tof-kamera\/\">Helios 0.3 MP Time of Flight (ToF) Kamera<\/a><\/li>\n<li>Helios2 0,3 MP IP67 3D ToF-Kamera <a href=\"https:\/\/thinklucid.com\/de\/product\/helios2plus-time-of-flight-tof-ip67-3d-camera\/\" rel=\"prev\"><svg><use xlink:href=\"#left-arrow\"><\/use><\/svg><span class=\"screen-reader-text\">Helios2+ 3D Kamera<\/span><\/a> <a href=\"https:\/\/thinklucid.com\/de\/product\/helios2-ray-outdoor-tof-ip67-3d-camera\/\" rel=\"next\"><svg><use xlink:href=\"#right-arrow\"><\/use><\/svg><span class=\"screen-reader-text\">Helios2 Ray 3D Kamera<\/span><\/a><\/li>\n<\/ol>\n<p style=\"text-align: left;margin-top: 15px;line-height: 1.8\">Die Helios2 Time of Flight (ToF)-Kamera ist eine IP67-Industrie-3D-Kamera mit dem DepthSense-Sensor von Sony, der f\u00fcr den Hochleistungsbetrieb in industriellen Umgebungen entwickelt wurde. Sie wurde f\u00fcr anspruchsvolle 24\/7-Umgebungen und eine Vielzahl industrieller 3D-Anwendungen wie Robotik, 3D-Inspektion und Logistik entwickelt, einschlie\u00dflich fortschrittlicher Materialhandhabung, Pick-and-Place, Sortierung, Palettierung\/Depalettierung, Volumensch\u00e4tzung und mehr. Der Helios2 bietet eine Pr\u00e4zision im Submillimeterbereich und eine verbesserte Genauigkeit im Vergleich zum Vorg\u00e4ngermodell Helios. Die Kalibrierung zwischen den VCSELs und dem Sensor-Timing wurde verbessert, was zu mehr 3D-Details f\u00fchrt, zusammen mit einer verbesserten Kantenerkennung, um fliegende Pixel und das Gesamtrauschen zu reduzieren.<\/p>\n<div style=\"display:flex; justify-content: space-between;margin: 35px 0px 10px 0px\">\n<table class=\"table table-hover table-striped\" style=\"border: none;float: left;width: 31%\">\n<thead>\n<tr style=\"background-color: #82c9ed\">\n<th class=\"quick_spec_title\">Sensor<\/th>\n<\/tr>\n<\/thead>\n<tbody>\n<tr>\n<td class=\"quick_spec\">Sony DepthSense IMX556 CMOS<\/td>\n<\/tr>\n<\/tbody>\n<\/table>\n<table class=\"table table-hover table-striped\" style=\"border: none;float: left;width: 31%\">\n<thead>\n<tr style=\"background-color: #82c9ed;color: white\">\n<th class=\"quick_spec_title\">Aufl\u00f6sung<\/th>\n<\/tr>\n<\/thead>\n<tbody>\n<tr>\n<td class=\"quick_spec\">0,3 MP 640 x 480 px<\/td>\n<\/tr>\n<\/tbody>\n<\/table>\n<table class=\"table table-hover table-striped\" style=\"border: none;float: left;width: 31%\">\n<thead>\n<tr style=\"background-color: #82c9ed;color: white\">\n<th class=\"quick_spec_title\">Bildrate<\/th>\n<\/tr>\n<\/thead>\n<tbody>\n<tr>\n<td class=\"quick_spec\">30 FPS<\/td>\n<\/tr>\n<\/tbody>\n<\/table>\n<\/div>\n<table id=\"sku-table\" class=\"table table-hover table-striped\" style=\"width: 100%;margin-bottom: 25px;font-size: 12px;border: 1px dotted #f1f2f4\" border=\"0\" cellspacing=\"0\" cellpadding=\"0\">\n<tbody>\n<tr style=\"background-color: #82c9ed\">\n<td style=\"color: black\">Kameramodell<\/td>\n<td style=\"color: black\">Mono\/Farbe<\/td>\n<td style=\"color: black\">Arbeitsabstand<\/td>\n<td style=\"color: black\">Schutzart<\/td>\n<td style=\"color: black\">GigE Vision Schnittstelle<\/td>\n<td style=\"color: black\">Enthaltenes Zubeh\u00f6r<\/td>\n<\/tr>\n<tr>\n<td>HLT003S-001<\/td>\n<td>Mono<\/td>\n<td>0,3 m to 8,3 m<\/td>\n<td>IP67<\/td>\n<td>M12<\/td>\n<td>M8 GPIO IP67 Cap<\/td>\n<\/tr>\n<\/tbody>\n<\/table>\n","protected":false},"featured_media":53280,"template":"","meta":{"inline_featured_image":false},"product_brand":[],"product_cat":[695],"product_tag":[],"class_list":{"0":"post-64850","1":"product","2":"type-product","3":"status-publish","4":"has-post-thumbnail","6":"product_cat-helios-tof-de","8":"first","9":"instock","10":"taxable","11":"shipping-taxable","12":"purchasable","13":"product-type-simple","14":"layout-style-2","15":"col-md-4 col-sm-4 col-xs-6","16":"col-lg-2","17":"product-has-gallery","18":"product-style-addtocart"},"aioseo_notices":[],"_links":{"self":[{"href":"https:\/\/thinklucid.com\/de\/wp-json\/wp\/v2\/product\/64850","targetHints":{"allow":["GET"]}}],"collection":[{"href":"https:\/\/thinklucid.com\/de\/wp-json\/wp\/v2\/product"}],"about":[{"href":"https:\/\/thinklucid.com\/de\/wp-json\/wp\/v2\/types\/product"}],"wp:featuredmedia":[{"embeddable":true,"href":"https:\/\/thinklucid.com\/de\/wp-json\/wp\/v2\/media\/53280"}],"wp:attachment":[{"href":"https:\/\/thinklucid.com\/de\/wp-json\/wp\/v2\/media?parent=64850"}],"wp:term":[{"taxonomy":"product_brand","embeddable":true,"href":"https:\/\/thinklucid.com\/de\/wp-json\/wp\/v2\/product_brand?post=64850"},{"taxonomy":"product_cat","embeddable":true,"href":"https:\/\/thinklucid.com\/de\/wp-json\/wp\/v2\/product_cat?post=64850"},{"taxonomy":"product_tag","embeddable":true,"href":"https:\/\/thinklucid.com\/de\/wp-json\/wp\/v2\/product_tag?post=64850"}],"curies":[{"name":"wp","href":"https:\/\/api.w.org\/{rel}","templated":true}]}}