{"id":64159,"date":"2020-05-11T17:28:35","date_gmt":"2020-05-12T00:28:35","guid":{"rendered":"https:\/\/ec2-34-221-119-146.us-west-2.compute.amazonaws.com\/product\/triton-5-mp-imx490\/"},"modified":"2026-03-12T11:45:39","modified_gmt":"2026-03-12T18:45:39","slug":"triton-5-mp-imx490","status":"publish","type":"product","link":"https:\/\/thinklucid.com\/de\/product\/triton-5-mp-imx490\/","title":{"rendered":"Triton 5,4 MP Model"},"content":{"rendered":"<div class=\"wpb-content-wrapper\"><p>[vc_row][vc_column][vc_custom_heading text=&#8220;Triton mit Sony&#8217;s IMX490 CMOS-Sensor f\u00fcr die Automobilindustrie&#8220; font_container=&#8220;tag:h2|text_align:center&#8220; use_theme_fonts=&#8220;yes&#8220; css=&#8220;.vc_custom_1762813529933{margin-top: 50px !important;}&#8220;][vc_custom_heading text=&#8220;Fahrzeugkamera mit 5,4 MP Aufl\u00f6sung, &#8222;Backlit&#8222;-Sensor (BSI), HDR, verhindert das Flackern von LED-Signalen (LFM) und bietet Schutz nach IP67.&#8220; font_container=&#8220;tag:h2|font_size:18px|text_align:left|line_height:1.8&#8243; use_theme_fonts=&#8220;yes&#8220;][vc_column_text]<\/p>\n<p style=\"text-align: left;\">Der IMX490 ist ein 1\/1,55 Zoll gro\u00dfer CMOS-Sensor mit einer Aufl\u00f6sung von 5,4 Megapixeln aus 2.896 \u00d7 1.876 Bildpunkten. Durch das breite Bildformat soll der Sensor in der Horizontalen einen gr\u00f6\u00dferen Bereich als fr\u00fchere Sensoren abbilden, um so im Auto verbaut zum Beispiel mehr Stra\u00dfenschilder, Fahrradfahrer oder Fu\u00dfg\u00e4nger einzufangen. In der Vertikalen sollen dennoch auch \u00fcber dem Fahrzeug auf H\u00f6he der Haltelinie montierte Ampeln erkannt werden. Das ist vor allem in Europa von Vorteil, w\u00e4hrend zum Beispiel in den USA Ampeln auf der gegen\u00fcberliegende Seite der Kreuzung montiert werden.<\/p>\n<p>[\/vc_column_text][vc_row_inner equal_height=&#8220;yes&#8220; content_placement=&#8220;middle&#8220;][vc_column_inner width=&#8220;1\/2&#8243;][vc_column_text]<\/p>\n<p style=\"text-align: left;\">Dynamikumfang von 100.000 bis 0,1 Lux. Um bei schwierigen Lichtverh\u00e4ltnissen wie zum Beispiel der Ein- und Ausfahrt aus einem Tunnel Bereiche wie Schatten oder extremes Gegenlicht dennoch korrekt zu erfassen, erreicht der Sensor einen dreimal gr\u00f6\u00dferen Dynamikumfang als Sonys zuvor f\u00fcr das Automotive-Segment angebotener CMOS-Sensor, der dar\u00fcber hinaus noch mit einer Aufl\u00f6sung von 2 Megapixeln arbeitete. Dadurch soll eine \u00dcberbelichtung selbst bei direktem Gegenlicht mit bis zu 100.000 Lux vermieden werden. Am anderen Ende des Spektrums sollen Personen und Hindernisse bei bis zu 0,1 Lux erkannt werden k\u00f6nnen.<\/p>\n<ul style=\"text-align: left;\">\n<li style=\"margin-bottom: 15px;\">120dB HDR-Funktion, dreimal so hoch wie bei herk\u00f6mmlichen Sensoren, plus Bewegungsartefaktfilter.<\/li>\n<li style=\"margin-bottom: 15px;\">Unterbindet das Flackern von LED-Signalen und Beleuchtung (LFM).<\/li>\n<li style=\"margin-bottom: 15px;\">Die hohe Empfindlichkeit von 2280 mV (Standardwert: F5,6) wurde gegen\u00fcber herk\u00f6mmlichen Sensoren um ca. 15% verbessert.<\/li>\n<li style=\"margin-bottom: 15px;\">Die Triton-Kamera bietet Schutzart IP67, zertifizierten Schock- und Vibrationsbetrieb, EMV-Industrie-Immunit\u00e4t und eine hohe Betriebstemperatur.<\/li>\n<\/ul>\n<p>[\/vc_column_text][\/vc_column_inner][vc_column_inner width=&#8220;1\/2&#8243;][vc_video link=&#8220;https:\/\/www.youtube.com\/watch?v=zycALZlz-Bc&#8220; align=&#8220;center&#8220;][vc_column_text]<\/p>\n<p style=\"text-align: center;\">5.4MP IMX490 (HDR &amp; LFM) vs. Conventional 2.0 MP (HDR Only)<\/p>\n<p>[\/vc_column_text][\/vc_column_inner][\/vc_row_inner][\/vc_column][\/vc_row][vc_row][vc_column]\n\t\t\t\t<p class=\"rs-p-wp-fix\"><\/p>\n\t\t\t\t<sr7-module data-alias=\"slider-15\" data-id=\"100\" id=\"SR7_100_1\" class=\"rs-ov-hidden\" data-version=\"6.7.41\">\n\t\t\t\t\t<sr7-adjuster><\/sr7-adjuster>\n\t\t\t\t\t<sr7-content>\n\t\t\t\t\t\t<sr7-slide id=\"SR7_100_1-134\" data-key=\"134\">\n\t\t\t\t\t\t\t<sr7-txt id=\"SR7_100_1-134-2\" class=\"sr7-layer\">IMX490<\/sr7-txt>\n\t\t\t\t\t\t\t<sr7-txt id=\"SR7_100_1-134-3\" class=\"sr7-layer\">IMX264<\/sr7-txt>\n\t\t\t\t\t\t<\/sr7-slide>\n\t\t\t\t\t\t<sr7-slide id=\"SR7_100_1-599\" data-key=\"599\">\n\t\t\t\t\t\t<\/sr7-slide>\n\t\t\t\t\t<\/sr7-content>\n\t\t\t\t\t<image_lists style=\"display:none\">\n\t\t\t\t\t\t<img decoding=async data-opt-id=1980296689  data-src=\"https:\/\/mlxrlrwirvff.i.optimole.com\/cb:UhP2~57313\/w:auto\/h:auto\/q:75\/https:\/\/thinklucid.com\/wp-content\/uploads\/2020\/05\/LUCID_Triton-IMX264-image.jpg\" data-libid=\"66148\" data-lib=\"medialibrary\" title=\"LUCID_Triton-IMX264-image\" width=\"0\" height=\"0\" data-dbsrc=\"Ly90aGlua2x1Y2lkLmNvbS93cC1jb250ZW50L3VwbG9hZHMvMjAyMC8wNS9MVUNJRF9Ucml0b24tSU1YMjY0LWltYWdlLmpwZw==\"\/>\n\t\t\t\t\t\t<img decoding=async data-opt-id=297582994  data-src=\"https:\/\/mlxrlrwirvff.i.optimole.com\/cb:UhP2~57313\/w:auto\/h:auto\/q:75\/https:\/\/thinklucid.com\/wp-content\/uploads\/2020\/05\/LUCID_Triton-IMX490-image.jpg\" data-libid=\"66145\" data-lib=\"medialibrary\" title=\"LUCID_Triton-IMX490-image\" width=\"0\" height=\"0\" data-dbsrc=\"Ly90aGlua2x1Y2lkLmNvbS93cC1jb250ZW50L3VwbG9hZHMvMjAyMC8wNS9MVUNJRF9Ucml0b24tSU1YNDkwLWltYWdlLmpwZw==\"\/>\n\t\t\t\t\t<\/image_lists>\n\t\t\t\t<\/sr7-module>\n\t\t\t\t<script>\n\t\t\t\t\tSR7.PMH ??={}; SR7.PMH[\"SR7_100_1\"] = {cn:100,state:false,fn: function() { if (_tpt!==undefined && _tpt.prepareModuleHeight !== undefined) {  _tpt.prepareModuleHeight({id:\"SR7_100_1\",el:[900,900,900,500,500],type:'standard',shdw:'0',gh:[900,900,900,500,500],gw:[1240,1240,1240,778,778],vpt:['-200px&#039;,&#039;-200px&#039;,&#039;-200px&#039;,&#039;-200px&#039;,&#039;-200px'],size:{fullWidth:true, fullHeight:false},mh:'0',onh:0,onw:0,bg:{color:'{\"orig\":\"transparent\",\"type\":\"solid\",\"string\":\"transparent\"}'}});   SR7.PMH[\"SR7_100_1\"].state=true;} else if(SR7.PMH[\"SR7_100_1\"].cn-->0)\tsetTimeout( SR7.PMH[\"SR7_100_1\"].fn,19);}};SR7.PMH[\"SR7_100_1\" ].fn();\n\t\t\t\t<\/script>\n[\/vc_column][\/vc_row]<\/p>\n<\/div>","protected":false},"excerpt":{"rendered":"<ol class=\"breadcrumb\" style=\"text-align: left;\">\n<li><a href=\"\/de\/\">Home<\/a><\/li>\n<li><a href=\"https:\/\/thinklucid.com\/de\/triton-gige-machine-vision\/\">Triton GigE Kamera<\/a><\/li>\n<li>Triton &#8211; 5,4 MP Sony IMX490 CMOS <a href=\"https:\/\/thinklucid.com\/de\/product\/triton-5-0-mp-polarization-model-imx264mzrmyr\/\" rel=\"prev\"><svg viewbox=\"0 0 20 20\"><use xmlns:xlink=\"http:\/\/www.w3.org\/1999\/xlink\" xlink:href=\"#left-arrow\"><\/use><\/svg><span class=\"screen-reader-text\">Triton 5 MP Polarization<\/span><\/a> <a href=\"https:\/\/thinklucid.com\/de\/product\/triton-64-mp-imx178\/\" rel=\"next\"><svg viewbox=\"0 0 20 20\"><use xmlns:xlink=\"http:\/\/www.w3.org\/1999\/xlink\" xlink:href=\"#right-arrow\"><\/use><\/svg><span class=\"screen-reader-text\">Triton 6.4 MP <\/span><\/a><\/li>\n<\/ol>\n<p style=\"text-align: left; margin-top: 15px; line-height: 1.6;\">Die Triton TRI054S mit dem hintergrundbeleuchteten Stapel-CMOS-Sensor IMX490 (BSI) erm\u00f6glicht eine gleichzeitige 120-dB-HDR-Bildgebung und LED-Flackerreduzierung. Sony hat einen neuen CMOS-Sensor speziell f\u00fcr den Einsatz im Auto entwickelt. Der IMX490 hat ein breiteres Sichtfeld, beherrscht besseres HDR f\u00fcr einen gr\u00f6\u00dferen Dynamikumfang und unterbindet das Flackern von LED-Signalen und Beleuchtung. Sony hat einen neuen CMOS-Sensor speziell f\u00fcr den Einsatz im Auto entwickelt. Der IMX490 hat ein breiteres Sichtfeld, beherrscht besseres HDR f\u00fcr einen gr\u00f6\u00dferen Dynamikumfang und unterbindet das Flackern von LED-Signalen und Beleuchtung. Der IMX490 ist ein 1\/1,55 Zoll gro\u00dfer CMOS-Sensor mit einer Aufl\u00f6sung von 5,4 Megapixeln aus 2.880 \u00d7 1.860 Bildpunkten.<\/p>\n<div style=\"display: flex; justify-content: space-between; margin: 40px 0px 10px 0px;\">\n<table class=\"table table-hover table-striped\" style=\"border: none; float: left; width: 31%;\">\n<thead>\n<tr style=\"background-color: #82c9ed;\">\n<th class=\"quick_spec_title\">Sensor<\/th>\n<\/tr>\n<\/thead>\n<tbody>\n<tr>\n<td class=\"quick_spec\">Sony IMX490 CMOS<\/td>\n<\/tr>\n<\/tbody>\n<\/table>\n<table class=\"table table-hover table-striped\" style=\"border: none; float: left; width: 31%;\">\n<thead>\n<tr style=\"background-color: #82c9ed; color: white;\">\n<th class=\"quick_spec_title\">Aufl\u00f6sung<\/th>\n<\/tr>\n<\/thead>\n<tbody>\n<tr>\n<td class=\"quick_spec\">5,4 MP, 2880 x 1860 px<\/td>\n<\/tr>\n<\/tbody>\n<\/table>\n<table class=\"table table-hover table-striped\" style=\"border: none; float: left; width: 31%;\">\n<thead>\n<tr style=\"background-color: #82c9ed; color: white;\">\n<th class=\"quick_spec_title\">Bildrate<\/th>\n<\/tr>\n<\/thead>\n<tbody>\n<tr>\n<td class=\"quick_spec\">20,8 FPS<\/td>\n<\/tr>\n<\/tbody>\n<\/table>\n<\/div>\n<table id=\"sku-table\" class=\"table table-hover table-striped\" style=\"margin: auto; font-size: 12px; border: 1px dotted #f1f2f4;\" border=\"0\" cellspacing=\"0\" cellpadding=\"0\">\n<tbody>\n<tr style=\"background-color: #82c9ed;\">\n<td style=\"color: black;\">Kameramodell<\/td>\n<td style=\"color: black;\">Mono\/Farbe<\/td>\n<td style=\"color: black;\">Objektivanschluss<\/td>\n<td style=\"color: black;\">GigE Vision Schnittstelle<\/td>\n<td style=\"color: black;\">Enthaltenes Zubeh\u00f6r<\/td>\n<\/tr>\n<tr>\n<td>TRI054S-CC<\/td>\n<td>Farbe<\/td>\n<td>C-mount<\/td>\n<td>M12<\/td>\n<td>M8 GPIO IP67 Cap<\/td>\n<\/tr>\n<\/tbody>\n<\/table>\n<div style=\"clear: both;\"><\/div>\n","protected":false},"featured_media":49735,"template":"","meta":{"inline_featured_image":false},"product_brand":[],"product_cat":[258],"product_tag":[],"class_list":{"0":"post-64159","1":"product","2":"type-product","3":"status-publish","4":"has-post-thumbnail","6":"product_cat-triton-de","8":"first","9":"onbackorder","10":"taxable","11":"shipping-taxable","12":"purchasable","13":"product-type-simple","14":"layout-style-2","15":"col-md-4 col-sm-4 col-xs-6","16":"col-lg-2","17":"product-has-gallery","18":"product-style-addtocart"},"aioseo_notices":[],"_links":{"self":[{"href":"https:\/\/thinklucid.com\/de\/wp-json\/wp\/v2\/product\/64159","targetHints":{"allow":["GET"]}}],"collection":[{"href":"https:\/\/thinklucid.com\/de\/wp-json\/wp\/v2\/product"}],"about":[{"href":"https:\/\/thinklucid.com\/de\/wp-json\/wp\/v2\/types\/product"}],"wp:featuredmedia":[{"embeddable":true,"href":"https:\/\/thinklucid.com\/de\/wp-json\/wp\/v2\/media\/49735"}],"wp:attachment":[{"href":"https:\/\/thinklucid.com\/de\/wp-json\/wp\/v2\/media?parent=64159"}],"wp:term":[{"taxonomy":"product_brand","embeddable":true,"href":"https:\/\/thinklucid.com\/de\/wp-json\/wp\/v2\/product_brand?post=64159"},{"taxonomy":"product_cat","embeddable":true,"href":"https:\/\/thinklucid.com\/de\/wp-json\/wp\/v2\/product_cat?post=64159"},{"taxonomy":"product_tag","embeddable":true,"href":"https:\/\/thinklucid.com\/de\/wp-json\/wp\/v2\/product_tag?post=64159"}],"curies":[{"name":"wp","href":"https:\/\/api.w.org\/{rel}","templated":true}]}}