{"id":191424,"date":"2026-04-06T13:35:43","date_gmt":"2026-04-06T20:35:43","guid":{"rendered":"https:\/\/thinklucid.com\/?post_type=product&#038;p=191424"},"modified":"2026-04-08T14:47:07","modified_gmt":"2026-04-08T21:47:07","slug":"computar-c-mount-45mp-4-3-35mm-f-2-6","status":"publish","type":"product","link":"https:\/\/thinklucid.com\/de\/product\/computar-c-mount-45mp-4-3-35mm-f-2-6\/","title":{"rendered":"Computar C-Mount 45MP 4\/3&#8243; 35mm f\/2,6"},"content":{"rendered":"","protected":false},"excerpt":{"rendered":"<ol class=\"breadcrumb\" style=\"text-align: left\">\n<li><a href=\"\/\">Startseite<\/a><\/li>\n<li><a href=\"https:\/\/thinklucid.com\/de\/accessories\/\">Zubeh\u00f6r<\/a><\/li>\n<li><a href=\"https:\/\/thinklucid.com\/de\/category\/lenses-lens-tubes-de\/\">Objektive &amp; Linsentuben<\/a><\/li>\n<li>Computar C-Mount 45MP 4\/3&#8243; 35mm f\/2.6 [product_cat_nav]<\/li>\n<\/ol>\n<p style=\"text-align: left;font-size: 1.4rem\">Das F3526-MPT Objektiv mit 35 mm Brennweite von Computar unterst\u00fctzt Sensoren bis 4\/3&#8243; (1,4&#8243;) und eine Aufl\u00f6sung von bis zu 45 Megapixeln. Die MPT-Serie kombiniert leistungsstarke Optik mit g\u00e4ngigen Brennweiten f\u00fcr gro\u00dfformatige Megapixel-Sensoren mit kleinen Pixelgr\u00f6\u00dfen von 2,74 \u03bcm.<\/p>\n<p style=\"text-align: left;font-size: 1.4rem;color: black\"><strong>Spezifikationen<\/strong><\/p>\n<div style=\"justify-content: space-between;margin: 10px 0px 20px 0px\">\n<table class=\"table table-hover table-striped\" style=\"border: none;float: left;width: 49%\">\n<tbody>\n<tr>\n<th>HerstellerNr.<\/th>\n<td>Computar F3526-MPT<\/td>\n<\/tr>\n<tr>\n<th>LUCID SKU<\/th>\n<td>CC350-45M<\/td>\n<\/tr>\n<tr>\n<th>Brennweite<\/th>\n<td>35mm<\/td>\n<\/tr>\n<tr>\n<th>Blendenbereich<\/th>\n<td>f2,6 &#8211; f16<\/td>\n<\/tr>\n<tr>\n<th>Blickwinkel 4\/3&#8243; (1,4\u201d) (H x V)<\/th>\n<td>30,6\u00b0 x 21,1\u00b0<\/td>\n<\/tr>\n<tr>\n<th>Fokussierbereich (von Frontlinse)<\/th>\n<td>\u221e-150mm<\/td>\n<\/tr>\n<tr>\n<th>Fokussteuerung<\/th>\n<td>Manuell<\/td>\n<\/tr>\n<tr>\n<th>Blendensteuerung<\/th>\n<td>Manuell<\/td>\n<\/tr>\n<\/tbody>\n<\/table>\n<table class=\"table table-hover table-striped\" style=\"border: none;float: left;width: 49%\">\n<tbody>\n<tr>\n<th>Filtergewinde<\/th>\n<td>M34 x 0,5mm<\/td>\n<\/tr>\n<tr>\n<th>Objektivanschluss<\/th>\n<td>C-Mount<\/td>\n<\/tr>\n<tr>\n<th>Max. Sensorgr\u00f6\u00dfe<\/th>\n<td>4\/3&#8243; (1,4\u201d)<\/td>\n<\/tr>\n<tr>\n<th>Verzeichnung<\/th>\n<td>-0,01% (1,4&#8243;)<\/td>\n<\/tr>\n<tr>\n<th>Durchmesser und L\u00e4nge<\/th>\n<td>\u03c639 x 58mm<\/td>\n<\/tr>\n<tr>\n<th>Gewicht<\/th>\n<td>122g<\/td>\n<\/tr>\n<tr>\n<th>Fixing Knobs Bundled<\/th>\n<td>2 total<\/td>\n<\/tr>\n<\/tbody>\n<\/table>\n<\/div>\n","protected":false},"featured_media":191581,"template":"","meta":{"inline_featured_image":false},"product_brand":[],"product_cat":[706],"product_tag":[],"class_list":{"0":"post-191424","1":"product","2":"type-product","3":"status-publish","4":"has-post-thumbnail","6":"product_cat-lenses-lens-tubes-de","8":"first","9":"onbackorder","10":"taxable","11":"shipping-taxable","12":"purchasable","13":"product-type-simple","14":"new","15":"layout-style-2","16":"col-md-4 col-sm-4 col-xs-6","17":"col-lg-2","18":"product-has-gallery","19":"product-style-addtocart"},"aioseo_notices":[],"_links":{"self":[{"href":"https:\/\/thinklucid.com\/de\/wp-json\/wp\/v2\/product\/191424","targetHints":{"allow":["GET"]}}],"collection":[{"href":"https:\/\/thinklucid.com\/de\/wp-json\/wp\/v2\/product"}],"about":[{"href":"https:\/\/thinklucid.com\/de\/wp-json\/wp\/v2\/types\/product"}],"wp:featuredmedia":[{"embeddable":true,"href":"https:\/\/thinklucid.com\/de\/wp-json\/wp\/v2\/media\/191581"}],"wp:attachment":[{"href":"https:\/\/thinklucid.com\/de\/wp-json\/wp\/v2\/media?parent=191424"}],"wp:term":[{"taxonomy":"product_brand","embeddable":true,"href":"https:\/\/thinklucid.com\/de\/wp-json\/wp\/v2\/product_brand?post=191424"},{"taxonomy":"product_cat","embeddable":true,"href":"https:\/\/thinklucid.com\/de\/wp-json\/wp\/v2\/product_cat?post=191424"},{"taxonomy":"product_tag","embeddable":true,"href":"https:\/\/thinklucid.com\/de\/wp-json\/wp\/v2\/product_tag?post=191424"}],"curies":[{"name":"wp","href":"https:\/\/api.w.org\/{rel}","templated":true}]}}