{"id":191220,"date":"2026-03-20T12:28:44","date_gmt":"2026-03-20T19:28:44","guid":{"rendered":"https:\/\/thinklucid.com\/?post_type=product&#038;p=191220"},"modified":"2026-03-20T13:07:01","modified_gmt":"2026-03-20T20:07:01","slug":"helios2plus-narrow-time-of-flight-tof-ip67-3d-camera","status":"publish","type":"product","link":"https:\/\/thinklucid.com\/de\/product\/helios2plus-narrow-time-of-flight-tof-ip67-3d-camera\/","title":{"rendered":"Helios2+ Narrow Time of Flight (ToF) IP67 3D Kamera"},"content":{"rendered":"","protected":false},"excerpt":{"rendered":"<ol class=\"breadcrumb\" style=\"text-align: left;\">\n<li><a href=\"\/de\/\">Startseite<\/a><\/li>\n<li><a href=\"https:\/\/thinklucid.com\/de\/helios-time-of-flight-tof-kamera\/\">Helios Time-of-Flight (ToF) Kamera<\/a><\/li>\n<li>Helios2+ Narrow 0,3 MP IP67 3D-Kamera <a href=\"https:\/\/thinklucid.com\/de\/product\/helios2-wide-time-of-flight-tof-ip67-3d-camera\/\" rel=\"prev\"><svg><use xlink:href=\"#left-arrow\"><\/use><\/svg><span class=\"screen-reader-text\">Helios2 Wide 3D-Kamera<\/span><\/a> <a href=\"https:\/\/thinklucid.com\/de\/product\/rgb-3d-kit-triton-3-2mp-helios2-kit\/\" rel=\"next\"><svg><use xlink:href=\"#right-arrow\"><\/use><\/svg><span class=\"screen-reader-text\">Helios2 3D+RGB Kamera<\/span><\/a><\/li>\n<\/ol>\n<p style=\"text-align: left; margin-top: 15px; line-height: 1.8;\">Erhalten Sie eine robuste IP67 \u201eFactory Tough\u201c 3D-Kamera, betrieben mit dem 3D-ISP von LUCID und dem Sony DepthSense IMX556 ToF-Sensor, f\u00fcr pr\u00e4zise und genaue Tiefendaten. Die Helios2+ Narrow erweitert die urspr\u00fcngliche Helios2 um HDR- und High-Speed-Modi und erm\u00f6glicht klare, hochgeschwindige 3D-Bildgebung f\u00fcr den 24\/7-Industriebetrieb. Die schmale Beleuchtung erzeugt dichtere Punktwolken mit reduzierten Mehrwegefehlern und ist f\u00fcr hochpr\u00e4zise Anwendungen mit einem Sichtfeld von 31\u00b0 \u00d7 24\u00b0 optimiert.*<\/p>\n<p style=\"text-align: left; margin-top: 15px; line-height: 1.8;\"><em>*Die Helios2+ Narrow 100 (HPN003S-100) ist f\u00fcr maximale Pr\u00e4zision optimiert, wenn sich das Ziel in einem Abstand von 75 cm bis 150 cm vor der Kamera befindet.<\/em><\/p>\n<p style=\"text-align: left; margin-top: 5px; line-height: 1.8;\"><em>*Die Helios2+ Narrow 300 (HPN003S-300) ist f\u00fcr maximale Pr\u00e4zision optimiert, wenn sich das Ziel in einem Abstand von 150 cm bis unendlich vor der Kamera befindet.<\/em><\/p>\n<div style=\"display: flex; justify-content: space-between; margin: 35px 0px 10px 0px;\">\n<table class=\"table table-hover table-striped\" style=\"border: none; float: left; width: 31%;\">\n<thead>\n<tr style=\"background-color: #82c9ed;\">\n<th class=\"quick_spec_title\">Sensor<\/th>\n<\/tr>\n<\/thead>\n<tbody>\n<tr>\n<td class=\"quick_spec\">Sony DepthSense IMX556 CMOS<\/td>\n<\/tr>\n<\/tbody>\n<\/table>\n<table class=\"table table-hover table-striped\" style=\"border: none; float: left; width: 31%;\">\n<thead>\n<tr style=\"background-color: #82c9ed; color: white;\">\n<th class=\"quick_spec_title\">Aufl\u00f6sung<\/th>\n<\/tr>\n<\/thead>\n<tbody>\n<tr>\n<td class=\"quick_spec\">0,3 MP 640 x 480 px<\/td>\n<\/tr>\n<\/tbody>\n<\/table>\n<table class=\"table table-hover table-striped\" style=\"border: none; float: left; width: 31%;\">\n<thead>\n<tr style=\"background-color: #82c9ed; color: white;\">\n<th class=\"quick_spec_title\">Bildrate<\/th>\n<\/tr>\n<\/thead>\n<tbody>\n<tr>\n<td class=\"quick_spec\">30 FPS (Normal)<br \/>\n10 FPS (HDR)<br \/>\n103 FPS (High-Speed)<\/td>\n<\/tr>\n<\/tbody>\n<\/table>\n<\/div>\n<table id=\"sku-table\" class=\"table table-hover table-striped\" style=\"width: 100%; margin-bottom: 25px; font-size: 12px; border: 1px dotted #f1f2f4;\" border=\"0\" cellspacing=\"0\" cellpadding=\"0\">\n<tbody>\n<tr style=\"background-color: #82c9ed;\">\n<td style=\"color: black;\">Modell-SKUs<\/td>\n<td style=\"color: black;\">Chroma<\/td>\n<td style=\"color: black;\">Fokusabstand<\/td>\n<td style=\"color: black;\">Arbeitsabstand<\/td>\n<td style=\"color: black;\">Schutzart<\/td>\n<td style=\"color: black;\">GigE Vision Anschluss<\/td>\n<td style=\"color: black;\">Enthaltenes Zubeh\u00f6r<\/td>\n<\/tr>\n<tr>\n<td>HPN003S-100<\/td>\n<td>Mono<\/td>\n<td>75 cm &#8211; 150 cm<\/td>\n<td>0,3 m &#8211; 8,3 m<\/td>\n<td>IP67<\/td>\n<td>M12<\/td>\n<td>M8 GPIO IP67 Schutzkappe<\/td>\n<\/tr>\n<tr>\n<td>HPN003S-300<\/td>\n<td>Mono<\/td>\n<td>150 cm bis unendlich<\/td>\n<td>0,3 m bis 8,3 m<\/td>\n<td>IP67<\/td>\n<td>M12<\/td>\n<td>M8 GPIO IP67 Schutzkappe<\/td>\n<\/tr>\n<\/tbody>\n<\/table>\n<h2 style=\"font-size: 22px; font-weight: 400; background-color: #f9f9f9; padding: 15px 0px 0px 0px; margin: 20px 0 0px;\">Bitte w\u00e4hlen Sie Ihr Helios2+ Narrow Modell:<\/h2>\n","protected":false},"featured_media":177990,"template":"","meta":{"inline_featured_image":false},"product_brand":[],"product_cat":[695],"product_tag":[],"class_list":{"0":"post-191220","1":"product","2":"type-product","3":"status-publish","4":"has-post-thumbnail","6":"product_cat-helios-tof-de","8":"first","9":"onbackorder","10":"taxable","11":"shipping-taxable","12":"purchasable","13":"product-type-variable","14":"new","15":"layout-style-2","16":"col-md-4 col-sm-4 col-xs-6","17":"col-lg-2","18":"product-has-gallery","19":"product-style-addtocart"},"aioseo_notices":[],"_links":{"self":[{"href":"https:\/\/thinklucid.com\/de\/wp-json\/wp\/v2\/product\/191220","targetHints":{"allow":["GET"]}}],"collection":[{"href":"https:\/\/thinklucid.com\/de\/wp-json\/wp\/v2\/product"}],"about":[{"href":"https:\/\/thinklucid.com\/de\/wp-json\/wp\/v2\/types\/product"}],"wp:featuredmedia":[{"embeddable":true,"href":"https:\/\/thinklucid.com\/de\/wp-json\/wp\/v2\/media\/177990"}],"wp:attachment":[{"href":"https:\/\/thinklucid.com\/de\/wp-json\/wp\/v2\/media?parent=191220"}],"wp:term":[{"taxonomy":"product_brand","embeddable":true,"href":"https:\/\/thinklucid.com\/de\/wp-json\/wp\/v2\/product_brand?post=191220"},{"taxonomy":"product_cat","embeddable":true,"href":"https:\/\/thinklucid.com\/de\/wp-json\/wp\/v2\/product_cat?post=191220"},{"taxonomy":"product_tag","embeddable":true,"href":"https:\/\/thinklucid.com\/de\/wp-json\/wp\/v2\/product_tag?post=191220"}],"curies":[{"name":"wp","href":"https:\/\/api.w.org\/{rel}","templated":true}]}}