{"id":191024,"date":"2026-03-18T13:54:03","date_gmt":"2026-03-18T20:54:03","guid":{"rendered":"https:\/\/thinklucid.com\/?post_type=product&#038;p=191024"},"modified":"2026-03-18T14:18:04","modified_gmt":"2026-03-18T21:18:04","slug":"edmund-optics-tfl-mount-aps-c-25mm-f-2-8","status":"publish","type":"product","link":"https:\/\/thinklucid.com\/de\/product\/edmund-optics-tfl-mount-aps-c-25mm-f-2-8\/","title":{"rendered":"Edmund Optics TFL-Mount APS-C 25mm f\/2,8"},"content":{"rendered":"","protected":false},"excerpt":{"rendered":"<ol class=\"breadcrumb\" style=\"text-align: left;\">\n<li><a href=\"\/\">Home<\/a><\/li>\n<li><a href=\"https:\/\/thinklucid.com\/de\/accessories\/\">Zubeh\u00f6r<\/a><\/li>\n<li><a href=\"https:\/\/thinklucid.com\/de\/category\/lenses-lens-tubes-de\/\">Objektive &amp; Linsentuben<\/a><\/li>\n<li>Edmund Optics TFL-Mount APS-C 25mm f\/2,8<a href=\"https:\/\/thinklucid.com\/de\/product\/edmund-optics-c-mount-2-3-50mm-f-2-c-series\/\" rel=\"prev\"><span class=\"screen-reader-text\">Edmund Optics C-Mount 2\/3\u2033 50mm f\/2.0 (C Series)<\/span><svg><use xlink:href=\"#left-arrow\"><\/use><\/svg><\/a> <a href=\"https:\/\/thinklucid.com\/de\/product\/edmund-optics-tfl-mount-aps-c-50mm-f-1-8\/\" rel=\"next\"><span class=\"screen-reader-text\">Edmund Optics TFL-Mount APS-C 75mm f\/2.8<\/span><svg><use xlink:href=\"#right-arrow\"><\/use><\/svg><\/a><\/li>\n<\/ol>\n<p style=\"text-align: left;font-size: 1.4rem\">Die TECHSPEC\u00ae CA (Compact APS) Serie Festbrennweitenobjektive von Edmund Optics ist f\u00fcr hochaufl\u00f6sende Gro\u00dfformatsensoren ausgelegt. Mit einem Bildkreis von 28 mm decken diese Objektive APS-C-Sensorformate ab und verf\u00fcgen \u00fcber einen TFL-Mount. TFL-Mounts besitzen ein M35 x 0,75 Gewinde mit einem Auflagema\u00df von 17,5 mm und bieten die gleiche Robustheit, das gleiche Auflagema\u00df sowie die gleiche einfache Handhabung wie ein C-Mount. Die TECHSPEC\u00ae CA Serie kombiniert kompakte Bauform mit Unterst\u00fctzung f\u00fcr Gro\u00dfformatsensoren und eignet sich ideal f\u00fcr Machine-Vision- und Fabrikautomationsanwendungen. <strong>Kompatibel mit TFL-Mount-Modellen.<\/strong><\/p>\n<p style=\"text-align: left;font-size: 1.4rem\"><strong>Spezifikationen<\/strong><\/p>\n<div style=\"display: flex; justify-content: space-between; margin: 10px 0px 20px 0px;\">\n<table class=\"table table-hover table-striped\" style=\"border: none;float: left;width: 49%\">\n<tbody>\n<tr>\n<th>Edmund Optics Modellnummer<\/th>\n<td>11-318<\/td>\n<\/tr>\n<tr>\n<th>LUCID SKU:<\/th>\n<td>EOCA250<\/td>\n<\/tr>\n<tr>\n<th>Brennweite<\/th>\n<td>25 mm<\/td>\n<\/tr>\n<tr>\n<th>Blende<\/th>\n<td>f\/2.8 &#8211; f\/16<\/td>\n<\/tr>\n<tr>\n<th>Arbeitsabstand<\/th>\n<td>200 mm \u2013 \u221e<\/td>\n<\/tr>\n<tr>\n<th>Max. Verzeichnung (%)<\/th>\n<td>5,8<\/td>\n<\/tr>\n<tr>\n<th>Filtergewinde<\/th>\n<td>M52 x 0,75<\/td>\n<\/tr>\n<tr>\n<th>Beschichtung<\/th>\n<td>\u03bb\/4 MgF<sub>2<\/sub><\/td>\n<\/tr>\n<tr>\n<th>L\u00e4nge<\/th>\n<td>93,65mm<\/td>\n<\/tr>\n<tr>\n<th>Anzahl der Linsenelemente (Gruppen)<\/th>\n<td>10 (9)<\/td>\n<\/tr>\n<tr>\n<th>Au\u00dfendurchmesser<\/th>\n<td>52mm<\/td>\n<\/tr>\n<tr>\n<th>Typ<\/th>\n<td>Festbrennweitenobjektiv<\/td>\n<\/tr>\n<tr>\n<th>Numerische Apertur (NA), Objektseite<\/th>\n<td>0,019 <\/td>\n<\/tr>\n<tr>\n<th>Gewicht<\/th>\n<td>276g<\/td>\n<\/tr>\n<\/tbody>\n<\/table>\n<table class=\"table table-hover table-striped\" style=\"border: none;float: left;width: 49%\">\n<tbody>\n<tr>\n<th>Sichtfeld, APS-C-Sensor<\/th>\n<td>50\u00b0 <\/td>\n<\/tr>\n<tr>\n<th>Max. Sensorformat<\/th>\n<td>APS-C<\/td>\n<\/tr>\n<th>Mount<\/th>\n<td>TFL-Mount<\/td>\n<\/tr>\n<tr>\n<th>Sichtfeld, 4\/3&#8243;-Sensor<\/th>\n<td>38,0\u00b0 <\/td>\n<\/tr>\n<tr>\n<th>Sichtfeld, 1&#8243;-Sensor<\/th>\n<td>29,2\u00b0 <\/td>\n<\/tr>\n<tr>\n<th>Sichtfeld, 1\/4&#8243;-Sensor<\/th>\n<td>22,1mm &#8211; 5,9\u00b0 <\/td>\n<\/tr>\n<tr>\n<th>Sichtfeld, 1,1&#8243;-Sensor<\/th>\n<td>32,1\u00b0 <\/td>\n<\/tr>\n<tr>\n<th>Sichtfeld, 2\/3&#8243;-Sensor<\/th>\n<td>20,2\u00b0<\/td>\n<\/tr>\n<\/tbody>\n<\/table>\n<\/div>\n","protected":false},"featured_media":191046,"template":"","meta":{"inline_featured_image":false},"product_brand":[],"product_cat":[706],"product_tag":[],"class_list":{"0":"post-191024","1":"product","2":"type-product","3":"status-publish","4":"has-post-thumbnail","6":"product_cat-lenses-lens-tubes-de","8":"first","9":"onbackorder","10":"taxable","11":"shipping-taxable","12":"purchasable","13":"product-type-simple","14":"new","15":"layout-style-2","16":"col-md-4 col-sm-4 col-xs-6","17":"col-lg-2","18":"product-has-gallery","19":"product-style-addtocart"},"aioseo_notices":[],"_links":{"self":[{"href":"https:\/\/thinklucid.com\/de\/wp-json\/wp\/v2\/product\/191024","targetHints":{"allow":["GET"]}}],"collection":[{"href":"https:\/\/thinklucid.com\/de\/wp-json\/wp\/v2\/product"}],"about":[{"href":"https:\/\/thinklucid.com\/de\/wp-json\/wp\/v2\/types\/product"}],"wp:featuredmedia":[{"embeddable":true,"href":"https:\/\/thinklucid.com\/de\/wp-json\/wp\/v2\/media\/191046"}],"wp:attachment":[{"href":"https:\/\/thinklucid.com\/de\/wp-json\/wp\/v2\/media?parent=191024"}],"wp:term":[{"taxonomy":"product_brand","embeddable":true,"href":"https:\/\/thinklucid.com\/de\/wp-json\/wp\/v2\/product_brand?post=191024"},{"taxonomy":"product_cat","embeddable":true,"href":"https:\/\/thinklucid.com\/de\/wp-json\/wp\/v2\/product_cat?post=191024"},{"taxonomy":"product_tag","embeddable":true,"href":"https:\/\/thinklucid.com\/de\/wp-json\/wp\/v2\/product_tag?post=191024"}],"curies":[{"name":"wp","href":"https:\/\/api.w.org\/{rel}","templated":true}]}}