{"id":190988,"date":"2026-03-18T10:03:39","date_gmt":"2026-03-18T17:03:39","guid":{"rendered":"https:\/\/thinklucid.com\/?post_type=product&#038;p=190988"},"modified":"2026-03-18T14:59:22","modified_gmt":"2026-03-18T21:59:22","slug":"edmund-optics-c-mount-2-3-75mm-f-2-0-c-series","status":"publish","type":"product","link":"https:\/\/thinklucid.com\/de\/product\/edmund-optics-c-mount-2-3-75mm-f-2-0-c-series\/","title":{"rendered":"Edmund Optics C-Mount 2\/3&#8243; 75mm f\/2,0 (C Series)"},"content":{"rendered":"","protected":false},"excerpt":{"rendered":"<ol class=\"breadcrumb\" style=\"text-align: left;\">\n<li><a href=\"\/\">Home<\/a><\/li>\n<li><a href=\"https:\/\/thinklucid.com\/de\/accessories\/\">Zubeh\u00f6r<\/a><\/li>\n<li><a href=\"https:\/\/thinklucid.com\/de\/category\/lenses-lens-tubes-de\/\">Objektive &amp; Linsentuben<\/a><\/li>\n<li>Edmund Optics C-Mount 2\/3&#8243; 75mm f\/2,0 (C Series) <a href=\"https:\/\/thinklucid.com\/de\/product\/edmund-optics-c-mount-2-3-35mm-f-1-6-c-series\/\" rel=\"prev\"><span class=\"screen-reader-text\">Edmund Optics C-Mount 2\/3\u2033 35mm f\/1.65 (C Series)<\/span><svg viewbox=\"0 0 20 20\"><use xmlns:xlink=\"http:\/\/www.w3.org\/1999\/xlink\" xlink:href=\"#left-arrow\"><\/use><\/svg><\/a> <a href=\"https:\/\/thinklucid.com\/de\/product\/edmund-optics-tfl-mount-aps-c-35mm-f-2-8\/\" rel=\"next\"><span class=\"screen-reader-text\">Edmund Optics TFL-Mount APS-C 50mm f\/1.8<\/span><svg viewbox=\"0 0 20 20\"><use xmlns:xlink=\"http:\/\/www.w3.org\/1999\/xlink\" xlink:href=\"#right-arrow\"><\/use><\/svg><\/a><\/li>\n<\/ol>\n<p style=\"text-align: left;font-size: 1.4rem; margin-top:15px\">Die ultra-kompakten TECHSPEC\u00ae C Series Festbrennweitenobjektive von Edmund Optics sind f\u00fcr Machine-Vision-Anwendungen konzipiert und erf\u00fcllen die Anforderungen an Arbeitsabstand und Aufl\u00f6sung in der Fabrikautomation und Inspektion. Die TECHSPEC\u00ae C Series Festbrennweitenobjektive verf\u00fcgen \u00fcber gro\u00dfe maximale Blenden\u00f6ffnungen, wodurch sie auch unter stark eingeschr\u00e4nkten Lichtverh\u00e4ltnissen eingesetzt werden k\u00f6nnen. Jedes Objektiv ist mit einer Breitband-Antireflexionsbeschichtung ausgestattet und verf\u00fcgt \u00fcber arretierbare Blenden- und Fokuseinstellungen mit versenkten Madenschrauben sowie ein robustes, widerstandsf\u00e4higes Geh\u00e4use f\u00fcr platzkritische Anwendungen.<\/p>\n<p style=\"text-align: left;font-size: 1.4rem; color:black;\"><strong>Spezifikationen<\/strong><\/p>\n<div style=\"display: flex; justify-content: space-between; margin: 10px 0px 20px 0px;\">\n<table class=\"table table-hover table-striped\" style=\"border: none;float: left;width: 49%\">\n<tbody>\n<tr>\n<th>Edmund Optics Modellnummer<\/th>\n<td>33-310<\/td>\n<\/tr>\n<tr>\n<th>LUCID SKU:<\/th>\n<td>EOC0750<\/td>\n<\/tr>\n<tr>\n<th>Brennweite<\/th>\n<td>75 mm<\/td>\n<\/tr>\n<tr>\n<th>Sichtfeld bei max. Sensorformat<\/th>\n<td>5,76\u00b0<\/td>\n<\/tr>\n<tr>\n<th>Verzeichnung (%)<\/th>\n<td>0,068<\/td>\n<\/tr>\n<tr>\n<th>Arbeitsabstand<\/th>\n<td>500mm \u2013 \u221e<\/td>\n<\/tr>\n<tr>\n<th>Sichtfeld, 1\/2&#8243;-Sensor:<\/th>\n<td>4,19\u00b0<\/td>\n<\/tr>\n<tr>\n<th>Sichtfeld, 1\/3&#8243;-Sensor:<\/th>\n<td>3,14\u00b0<\/td>\n<\/tr>\n<tr>\n<th>Sichtfeld, 2\/3&#8243;-Sensor:<\/th>\n<td>5,76\u00b0<\/td>\n<\/tr>\n<tr>\n<th>Anzahl der Linsenelemente (Gruppen)<\/th>\n<td>7 (6)<\/td>\n<\/tr>\n<tr>\n<th>Typ<\/th>\n<td>Festbrennweitenobjektiv<\/td>\n<\/tr>\n<tr>\n<th>Maximale L\u00e4nge<\/th>\n<td>98,76 mm<\/td>\n<\/tr>\n<\/tbody>\n<\/table>\n<table class=\"table table-hover table-striped\" style=\"border: none;float: left;width: 49%\">\n<tbody>\n<tr>\n<th>Max. Sensorformat<\/th>\n<td>2\/3&#8243;<\/td>\n<\/tr>\n<tr>\n<th>Beschichtung<\/th>\n<td>425 &#8211; 675nm BBAR<\/td>\n<\/tr>\n<tr>\n<th>Sichtfeld, 1\/1,8&#8243;-Sensor<\/th>\n<td>4,71\u00b0<\/td>\n<\/tr>\n<tr>\n<th>Sichtfeld, 1\/2,5&#8243;-Sensor<\/th>\n<td>3,77\u00b0<\/td>\n<\/tr>\n<tr>\n<th>Blende (f\/#)<\/th>\n<td>f\/2 &#8211; f\/16<\/td>\n<\/tr>\n<tr>\n<th>Mount<\/th>\n<td>C-Mount<\/td>\n<\/tr>\n<tr>\n<th>Numerische Apertur (NA), Objektseite<\/th>\n<td>0,05111<\/td>\n<\/tr>\n<tr>\n<th>Au\u00dfendurchmesser<\/th>\n<td>48 mm<\/td>\n<\/tr>\n<tr>\n<th>Gewicht<\/th>\n<td>150 g<\/td>\n<\/tr>\n<tr>\n<th>Mitgelieferte Fixierschrauben<\/th>\n<td>Insgesamt 4: 2\u00d7 Standard, 2\u00d7 versenkt<\/td>\n<\/tr>\n<\/tbody>\n<\/table>\n<\/div>\n","protected":false},"featured_media":191004,"template":"","meta":{"inline_featured_image":false},"product_brand":[],"product_cat":[706],"product_tag":[],"class_list":{"0":"post-190988","1":"product","2":"type-product","3":"status-publish","4":"has-post-thumbnail","6":"product_cat-lenses-lens-tubes-de","8":"first","9":"instock","10":"taxable","11":"shipping-taxable","12":"purchasable","13":"product-type-simple","14":"new","15":"layout-style-2","16":"col-md-4 col-sm-4 col-xs-6","17":"col-lg-2","18":"product-has-gallery","19":"product-style-addtocart"},"aioseo_notices":[],"_links":{"self":[{"href":"https:\/\/thinklucid.com\/de\/wp-json\/wp\/v2\/product\/190988","targetHints":{"allow":["GET"]}}],"collection":[{"href":"https:\/\/thinklucid.com\/de\/wp-json\/wp\/v2\/product"}],"about":[{"href":"https:\/\/thinklucid.com\/de\/wp-json\/wp\/v2\/types\/product"}],"wp:featuredmedia":[{"embeddable":true,"href":"https:\/\/thinklucid.com\/de\/wp-json\/wp\/v2\/media\/191004"}],"wp:attachment":[{"href":"https:\/\/thinklucid.com\/de\/wp-json\/wp\/v2\/media?parent=190988"}],"wp:term":[{"taxonomy":"product_brand","embeddable":true,"href":"https:\/\/thinklucid.com\/de\/wp-json\/wp\/v2\/product_brand?post=190988"},{"taxonomy":"product_cat","embeddable":true,"href":"https:\/\/thinklucid.com\/de\/wp-json\/wp\/v2\/product_cat?post=190988"},{"taxonomy":"product_tag","embeddable":true,"href":"https:\/\/thinklucid.com\/de\/wp-json\/wp\/v2\/product_tag?post=190988"}],"curies":[{"name":"wp","href":"https:\/\/api.w.org\/{rel}","templated":true}]}}