{"id":190956,"date":"2026-03-17T21:19:42","date_gmt":"2026-03-18T04:19:42","guid":{"rendered":"https:\/\/thinklucid.com\/?post_type=product&#038;p=190956"},"modified":"2026-03-18T14:21:24","modified_gmt":"2026-03-18T21:21:24","slug":"computar-c-mount-12mp-50mm-f-2-8","status":"publish","type":"product","link":"https:\/\/thinklucid.com\/de\/product\/computar-c-mount-12mp-50mm-f-2-8\/","title":{"rendered":"Computar C-Mount 12MP 1,1&#8243; 50mm f\/2,8"},"content":{"rendered":"","protected":false},"excerpt":{"rendered":"<ol class=\"breadcrumb\" style=\"text-align: left;\">\n<li><a href=\"\/\">Home<\/a><\/li>\n<li><a href=\"https:\/\/thinklucid.com\/de\/accessories\/\">Zubeh\u00f6r<\/a><\/li>\n<li><a href=\"https:\/\/thinklucid.com\/de\/category\/lenses-lens-tubes-de\/\">Objektive &amp; Linsentuben<\/a><\/li>\n<li>Computar C-Mount 12 MP 1,1&#8243; 50mm f\/2,8 <a href=\"https:\/\/thinklucid.com\/de\/product\/computar-c-mount-12mp-25mm-f-28\/\" rel=\"prev\"><span class=\"screen-reader-text\">Computar C-Mount 1.1\u2033 16mm f\/2.8<\/span><svg viewbox=\"0 0 20 20\"><use xmlns:xlink=\"http:\/\/www.w3.org\/1999\/xlink\" xlink:href=\"#left-arrow\"><\/use><\/svg><\/a> <a href=\"https:\/\/thinklucid.com\/de\/product\/universe-compact-nf-mount-5mp-2-3-6mm-f-2-0\/\" rel=\"next\"><span class=\"screen-reader-text\">Universe Compact NF-Mount 5MP 2\/3\u2033 6mm f\/2.0<\/span><svg viewbox=\"0 0 20 20\"><use xmlns:xlink=\"http:\/\/www.w3.org\/1999\/xlink\" xlink:href=\"#right-arrow\"><\/use><\/svg><\/a><\/li>\n<\/ol>\n<p style=\"text-align: left; font-size: 1.4rem;\">Die MPY-Serie unterst\u00fctzt ein Sensorformat von 1,1\u201d bei 12 Megapixel Aufl\u00f6sung in einem C-Mount-Objektiv. Die MPY-Serie kombiniert leistungsstarke Optik mit einer Auswahl g\u00e4ngiger Brennweiten f\u00fcr maximale Anwendungsflexibilit\u00e4t.<\/p>\n<p style=\"text-align: left; font-size: 1.4rem; color:black;\"><strong>Spezifikationen<\/strong><\/p>\n<div style=\"display: flex; justify-content: space-between; margin: 10px 0px 20px 0px;\">\n<table class=\"table table-hover table-striped\" style=\"border: none; float: left; width: 49%;\">\n<tbody>\n<tr>\n<th>Hersteller-Modellnummer<\/th>\n<td>Computar V5028-MPY<\/td>\n<\/tr>\n<tr>\n<th>LUCID SKU<\/th>\n<td>CC500-12M<\/td>\n<\/tr>\n<tr>\n<th>Brennweite<\/th>\n<td>50mm<\/td>\n<\/tr>\n<tr>\n<th>Blendenbereich (f-Zahl)<\/th>\n<td>f2.8 &#8211; f16<\/td>\n<\/tr>\n<tr>\n<th>Bildwinkel (H x V) *<br \/>\n*Montiert an 1,1\u201d-Sensor-Kameras<\/th>\n<td>16,2\u00b0 x 11,9\u00b0<\/td>\n<\/tr>\n<tr>\n<th>Fokussierbereich (ab Objektivvorderseite)<\/th>\n<td>\u221e\u2013500mm<\/td>\n<\/tr>\n<tr>\n<th>Fokuseinstellung<\/th>\n<td>Manuell<\/td>\n<\/tr>\n<tr>\n<th>Blendeneinstellung<\/th>\n<td>Manuell<\/td>\n<\/tr>\n<\/tbody>\n<\/table>\n<table class=\"table table-hover table-striped\" style=\"border: none; float: left; width: 49%;\">\n<tbody>\n<tr>\n<th>Filtergewinde<\/th>\n<td>M34 x 0,5mm<\/td>\n<\/tr>\n<tr>\n<th>Mount<\/th>\n<td>C-Mount<\/td>\n<\/tr>\n<tr>\n<th>Max. Sensorgr\u00f6\u00dfe<\/th>\n<td>1,1\u201d<\/td>\n<\/tr>\n<tr>\n<th>TV-Verzeichnung<\/th>\n<td>0,1% (2\/3&#8243;), 0,1% (1&#8243;), 0,1% (1,1&#8243;)<\/td>\n<\/tr>\n<tr>\n<th>Abmessungen<\/th>\n<td>\u03c639,5 x 45,2mm<\/td>\n<\/tr>\n<tr>\n<th>Gewicht<\/th>\n<td>107,0g<\/td>\n<\/tr>\n<tr>\n<th>Mitgelieferte Sicherungsschrauben<\/th>\n<td>Insgesamt 4: 2\u00d7 Standard, 2\u00d7 Low-Profile, bereitgestellt von LUCID f\u00fcr die Verwendung mit Objektivtuben<\/td>\n<\/tr>\n<\/tbody>\n<\/table>\n<\/div>\n","protected":false},"featured_media":190972,"template":"","meta":{"inline_featured_image":false},"product_brand":[],"product_cat":[706],"product_tag":[],"class_list":{"0":"post-190956","1":"product","2":"type-product","3":"status-publish","4":"has-post-thumbnail","6":"product_cat-lenses-lens-tubes-de","8":"first","9":"instock","10":"taxable","11":"shipping-taxable","12":"purchasable","13":"product-type-simple","14":"new","15":"layout-style-2","16":"col-md-4 col-sm-4 col-xs-6","17":"col-lg-2","18":"product-has-gallery","19":"product-style-addtocart"},"aioseo_notices":[],"_links":{"self":[{"href":"https:\/\/thinklucid.com\/de\/wp-json\/wp\/v2\/product\/190956","targetHints":{"allow":["GET"]}}],"collection":[{"href":"https:\/\/thinklucid.com\/de\/wp-json\/wp\/v2\/product"}],"about":[{"href":"https:\/\/thinklucid.com\/de\/wp-json\/wp\/v2\/types\/product"}],"wp:featuredmedia":[{"embeddable":true,"href":"https:\/\/thinklucid.com\/de\/wp-json\/wp\/v2\/media\/190972"}],"wp:attachment":[{"href":"https:\/\/thinklucid.com\/de\/wp-json\/wp\/v2\/media?parent=190956"}],"wp:term":[{"taxonomy":"product_brand","embeddable":true,"href":"https:\/\/thinklucid.com\/de\/wp-json\/wp\/v2\/product_brand?post=190956"},{"taxonomy":"product_cat","embeddable":true,"href":"https:\/\/thinklucid.com\/de\/wp-json\/wp\/v2\/product_cat?post=190956"},{"taxonomy":"product_tag","embeddable":true,"href":"https:\/\/thinklucid.com\/de\/wp-json\/wp\/v2\/product_tag?post=190956"}],"curies":[{"name":"wp","href":"https:\/\/api.w.org\/{rel}","templated":true}]}}