{"id":189898,"date":"2026-01-28T13:34:49","date_gmt":"2026-01-28T21:34:49","guid":{"rendered":"https:\/\/thinklucid.com\/?post_type=product&#038;p=189898"},"modified":"2026-03-21T15:58:09","modified_gmt":"2026-03-21T22:58:09","slug":"lucid-2-ch-10g-1g-rdma-poe-isolated-host-channel-adapter-hca-network-card","status":"publish","type":"product","link":"https:\/\/thinklucid.com\/de\/product\/lucid-2-ch-10g-1g-rdma-poe-isolated-host-channel-adapter-hca-network-card\/","title":{"rendered":"LUCID 2-CH 10G\/1G RDMA PoE+ (isolierte) HCA-Netzwerkkarte"},"content":{"rendered":"","protected":false},"excerpt":{"rendered":"<ol class=\"breadcrumb\" style=\"text-align: left;\">\n<li><a href=\"\/\">Home<\/a><\/li>\n<li><a href=\"https:\/\/thinklucid.com\/de\/accessories\/\">Zubeh\u00f6r<\/a><\/li>\n<li><a href=\"https:\/\/thinklucid.com\/de\/category\/interface-cards-poe-injectors-de\/\">PC-Karten, PoE, Kamera Netzteil<\/a><\/li>\n<li>LUCID 2-CH 10G\/1G RDMA PoE+ (isolierte) HCA-Netzwerkkarte (PCIE-POE2-10G-IOI)<a href=\"https:\/\/thinklucid.com\/de\/product\/tp-link-poe-injector\/\" rel=\"prev\"><span class=\"screen-reader-text\">Phihong PoE Injector (EU\/UK Versions)<\/span><svg viewbox=\"0 0 20 20\"><use xmlns:xlink=\"http:\/\/www.w3.org\/1999\/xlink\" xlink:href=\"#left-arrow\"><\/use><\/svg><\/a> <a href=\"https:\/\/thinklucid.com\/de\/product\/10g-5g-2-5g-1g-poe-ethernet-card\/\" rel=\"next\"><span class=\"screen-reader-text\">10G\/5G\/2.5G\/1G PoE+ NBASE-T Netzwerkkarte<\/span> <svg viewbox=\"0 0 20 20\"><use xmlns:xlink=\"http:\/\/www.w3.org\/1999\/xlink\" xlink:href=\"#right-arrow\"><\/use><\/svg> <\/a><\/li>\n<\/ol>\n<p style=\"text-align: left; font-size: 1.2rem; margin-top: 15px;\">LUCIDs 2-CH RDMA PCIe-Karte (P\/N:PCIE-10GPOE2-LUCID2) bietet eine latenzarme, leistungsstarke 10 GigE RDMA (RoCE v2)-Konnektivit\u00e4t f\u00fcr anspruchsvolle Machine-Vision-Systeme und vereinfacht zugleich das Systemdesign durch integrierte Stromversorgung und intelligente Steuerungsfunktionen. Dank integriertem PoE+ erm\u00f6glichen die Karten eine echte Ein-Kabel-Verbindung, indem sowohl Strom als auch Daten \u00fcber eine einzige Ethernet-Leitung \u00fcbertragen werden. Dadurch entfallen externe Netzteile und die Verkabelung wird reduziert. Die elektrische PoE-Isolierung pro Port erh\u00f6ht den Systemschutz in industriellen Umgebungen, und die programmierbare PoE-Steuerung erm\u00f6glicht das ferngesteuerte Ein- und Ausschalten angeschlossener Kameras zur Minimierung von Ausfallzeiten. Bitte beachten Sie, dass diese Netzwerkkarte nicht NBASE-T-kompatibel ist und weder 5GigE noch 2.5GigE unterst\u00fctzt.<\/p>\n<p style=\"text-align: left; font-size: 1.4rem;\"><strong>Spezifikationen<\/strong><\/p>\n<div style=\"display: flex; justify-content: space-between; margin: 10px 0px 8px 0px;\">\n<table class=\"table table-hover table-striped\" style=\"border: none; float: left; width: 99%; margin-bottom: 0;\">\n<tbody>\n<tr>\n<td><strong>Hersteller:<\/strong><\/td>\n<td>LUCID Vision Labs<\/td>\n<\/tr>\n<tr>\n<td><strong>Chipsatz<\/strong><\/td>\n<td>Broadcom BCM57416<\/td>\n<\/tr>\n<tr>\n<td><strong>Anzahl der Ports<\/strong><\/td>\n<td>2<\/td>\n<\/tr>\n<tr>\n<td><strong>Port-Typ<\/strong><\/td>\n<td>RJ45<\/td>\n<\/tr>\n<tr>\n<td><strong>PCIe-Version und Lanes<\/strong><\/td>\n<td>PCIe 3.0 x4<\/td>\n<\/tr>\n<tr>\n<td><strong>\u00dcbertragungsgeschwindigkeit<\/strong><\/td>\n<td>10GigE (IEEE 802.3an) und 1GigE (IEEE 802.3ab)<\/td>\n<\/tr>\n<tr>\n<td><strong>Jumbo-Frame-Gr\u00f6\u00dfe<\/strong><\/td>\n<td>9174 Byte<\/td>\n<\/tr>\n<tr>\n<td><strong>PoE-Unterst\u00fctzung<\/strong><\/td>\n<td>PoE+ (IEEE 802.3at, pro Port isoliert)<\/td>\n<\/tr>\n<tr>\n<td><strong>Leistungsaufnahme<\/strong><\/td>\n<td>21,7W \u00fcber PCIe, max. 120W (max. 30W pro Kanal) \u00fcber 8-Pin-12V-Zusatzanschluss.<br \/>\nIsoliertes PoE pro Kanal.<br \/>\nPoE pro Port kann programmatisch ein- bzw. ausgeschaltet werden.<\/td>\n<\/tr>\n<tr>\n<td><strong>Betriebstemperaturbereich<\/strong><\/td>\n<td>0\u201355\u00b0C Umgebungstemperatur<\/td>\n<\/tr>\n<tr>\n<td><strong>Lagertemperaturbereich<\/strong><\/td>\n<td>-30\u201360\u00b0C<\/td>\n<\/tr>\n<tr>\n<td><strong>Lieferumfang<\/strong><\/td>\n<td>Low-Profile-Slotblech<\/td>\n<\/tr>\n<\/tbody>\n<\/table>\n<\/div>\n","protected":false},"featured_media":190404,"template":"","meta":{"inline_featured_image":false},"product_brand":[],"product_cat":[744],"product_tag":[],"class_list":{"0":"post-189898","1":"product","2":"type-product","3":"status-publish","4":"has-post-thumbnail","6":"product_cat-interface-cards-poe-injectors-de","8":"first","9":"onbackorder","10":"taxable","11":"shipping-taxable","12":"purchasable","13":"product-type-simple","14":"layout-style-2","15":"col-md-4 col-sm-4 col-xs-6","16":"col-lg-2","17":"product-has-gallery","18":"product-style-addtocart"},"aioseo_notices":[],"_links":{"self":[{"href":"https:\/\/thinklucid.com\/de\/wp-json\/wp\/v2\/product\/189898","targetHints":{"allow":["GET"]}}],"collection":[{"href":"https:\/\/thinklucid.com\/de\/wp-json\/wp\/v2\/product"}],"about":[{"href":"https:\/\/thinklucid.com\/de\/wp-json\/wp\/v2\/types\/product"}],"wp:featuredmedia":[{"embeddable":true,"href":"https:\/\/thinklucid.com\/de\/wp-json\/wp\/v2\/media\/190404"}],"wp:attachment":[{"href":"https:\/\/thinklucid.com\/de\/wp-json\/wp\/v2\/media?parent=189898"}],"wp:term":[{"taxonomy":"product_brand","embeddable":true,"href":"https:\/\/thinklucid.com\/de\/wp-json\/wp\/v2\/product_brand?post=189898"},{"taxonomy":"product_cat","embeddable":true,"href":"https:\/\/thinklucid.com\/de\/wp-json\/wp\/v2\/product_cat?post=189898"},{"taxonomy":"product_tag","embeddable":true,"href":"https:\/\/thinklucid.com\/de\/wp-json\/wp\/v2\/product_tag?post=189898"}],"curies":[{"name":"wp","href":"https:\/\/api.w.org\/{rel}","templated":true}]}}