{"id":189363,"date":"2026-01-13T14:29:45","date_gmt":"2026-01-13T22:29:45","guid":{"rendered":"https:\/\/thinklucid.com\/?post_type=product&#038;p=189363"},"modified":"2026-02-26T21:43:43","modified_gmt":"2026-02-27T05:43:43","slug":"atlas10-swir-5-2mp-imx992","status":"publish","type":"product","link":"https:\/\/thinklucid.com\/de\/product\/atlas10-swir-5-2mp-imx992\/","title":{"rendered":"Atlas10 SWIR 5,2MP IP67 Model (IMX992)"},"content":{"rendered":"","protected":false},"excerpt":{"rendered":"<ol class=\"breadcrumb\" style=\"text-align: left;\">\n<li><a href=\"\/de\/\">Home<\/a><\/li>\n<li><a href=\"https:\/\/thinklucid.com\/de\/swir-ip67-cameras\/\">Atlas &amp; Triton SWIR IP67 Kamera<\/a><\/li>\n<li>Atlas10 SWIR IP67 Model \u2013 5,2MP Sony IMX992 CMOS <a href=\"https:\/\/thinklucid.com\/de\/product\/atlas10-swir-3-2mp-imx993\/\" rel=\"prev\"><svg><use xlink:href=\"#left-arrow\"><\/use><\/svg><span class=\"screen-reader-text\">Atlas10 SWIR 3,2mp<\/span><\/a> <a href=\"https:\/\/thinklucid.com\/de\/product\/atlas-swir-0-3mp-model-imx991\/\" rel=\"next\"><svg><use xlink:href=\"#right-arrow\"><\/use><\/svg><span class=\"screen-reader-text\">Atlas SWIR 0,3mp<\/span><\/a><\/li>\n<\/ol>\n<p style=\"text-align: left; margin-top: 15px; line-height: 1.7;\">Die Atlas10 SWIR Kamera ist mit dem Sony\u00ae SenSWIR\u2122 5,2 MP IMX992 InGaAs-Sensor ausgestattet und erm\u00f6glicht eine breitbandige, hochempfindliche Bildgebung im sichtbaren und unsichtbaren Spektralbereich von 400 bis 1700 nm. Basierend auf der Factory-Tough\u2122 Plattform von LUCID bietet die Kamera ein robustes IP67-zertifiziertes Geh\u00e4use, Power over Ethernet (PoE+) sowie eine integrierte einstufige Sensork\u00fchlung (TEC1). Diese Kombination gew\u00e4hrleistet eine herausragende Bildqualit\u00e4t und einen zuverl\u00e4ssigen Betrieb \u00fcber einen erweiterten Temperaturbereich. Die 10GigE-Schnittstelle mit RDMA (RoCE v2) erm\u00f6glicht eine effiziente, latenzarme Bild\u00fcbertragung und ist ideal f\u00fcr datenintensive Anwendungen.<\/p>\n<p style=\"text-align: left;\">Durch die Erfassung von kurzwelligem Infrarotlicht (SWIR) \u00fcber das sichtbare Spektrum hinaus erschlie\u00dft die Atlas10 SWIR erweiterte industrielle Bildverarbeitungsm\u00f6glichkeiten. Dazu z\u00e4hlen unter anderem Lebensmittelinspektion und -sortierung, IR-Mikroskopie, Halbleiterinspektion, Materialidentifikation sowie weitere Anwendungen, bei denen der SWIR-Kontrast entscheidende Details sichtbar macht, die mit konventionellen Bildgebungstechnologien nicht erkennbar sind.<\/p>\n<div style=\"display: flex; justify-content: space-between; margin: 35px 0px 10px 0px;\">\n<table class=\"table table-hover table-striped\" style=\"border: none; float: left; width: 31%;\">\n<thead>\n<tr style=\"background-color: #82c9ed;\">\n<th class=\"quick_spec_title\">Sensor<\/th>\n<\/tr>\n<\/thead>\n<tbody>\n<tr>\n<td class=\"quick_spec\">Sony IMX992 InGaAs<\/td>\n<\/tr>\n<\/tbody>\n<\/table>\n<table class=\"table table-hover table-striped\" style=\"border: none; float: left; width: 31%;\">\n<thead>\n<tr style=\"background-color: #82c9ed; color: white;\">\n<th class=\"quick_spec_title\">Aufl\u00f6sung<\/th>\n<\/tr>\n<\/thead>\n<tbody>\n<tr>\n<td class=\"quick_spec\">5,2 MP, 2560 x 2048 px<\/td>\n<\/tr>\n<\/tbody>\n<\/table>\n<table class=\"table table-hover table-striped\" style=\"border: none; float: left; width: 31%;\">\n<thead>\n<tr style=\"background-color: #82c9ed; color: white;\">\n<th class=\"quick_spec_title\">Bildrate<\/th>\n<\/tr>\n<\/thead>\n<tbody>\n<tr>\n<td class=\"quick_spec\">119,6 FPS<\/td>\n<\/tr>\n<\/tbody>\n<\/table>\n<\/div>\n<table id=\"sku-table\" class=\"table table-hover table-striped\" style=\"margin: auto; font-size: 12px; border: 1px dotted #f1f2f4; width: 98%;\" border=\"0\" cellspacing=\"0\" cellpadding=\"0\">\n<tbody>\n<tr style=\"background-color: #82c9ed;\">\n<td style=\"color: black;\">Kameramodell<\/td>\n<td style=\"color: black;\">Mono\/Farbe<\/td>\n<td style=\"color: black;\">Empfindlichkeitsbereich<\/td>\n<td style=\"color: black;\">K\u00fchlung<\/td>\n<td style=\"color: black;\">Objektivanschluss<\/td>\n<td style=\"color: black;\">10GigE Schnittstelle<\/td>\n<td style=\"color: black;\">Mitgeliefertes Zubeh\u00f6r<\/td>\n<\/tr>\n<tr>\n<td>ASX053S-WC<\/td>\n<td>Mono<\/td>\n<td>400 nm bis 1700 nm<\/td>\n<td>TEC1<\/td>\n<td>C-mount<\/td>\n<td>M12<\/td>\n<td>K\u00fchlk\u00f6rper<\/td>\n<\/tr>\n<\/tbody>\n<\/table>\n","protected":false},"featured_media":189379,"template":"","meta":{"inline_featured_image":false},"product_brand":[],"product_cat":[973],"product_tag":[],"class_list":{"0":"post-189363","1":"product","2":"type-product","3":"status-publish","4":"has-post-thumbnail","6":"product_cat-atlas-swir-de","8":"first","9":"outofstock","10":"taxable","11":"shipping-taxable","12":"purchasable","13":"product-type-simple","14":"layout-style-2","15":"col-md-4 col-sm-4 col-xs-6","16":"col-lg-2","17":"product-has-gallery","18":"product-style-addtocart"},"aioseo_notices":[],"_links":{"self":[{"href":"https:\/\/thinklucid.com\/de\/wp-json\/wp\/v2\/product\/189363","targetHints":{"allow":["GET"]}}],"collection":[{"href":"https:\/\/thinklucid.com\/de\/wp-json\/wp\/v2\/product"}],"about":[{"href":"https:\/\/thinklucid.com\/de\/wp-json\/wp\/v2\/types\/product"}],"wp:featuredmedia":[{"embeddable":true,"href":"https:\/\/thinklucid.com\/de\/wp-json\/wp\/v2\/media\/189379"}],"wp:attachment":[{"href":"https:\/\/thinklucid.com\/de\/wp-json\/wp\/v2\/media?parent=189363"}],"wp:term":[{"taxonomy":"product_brand","embeddable":true,"href":"https:\/\/thinklucid.com\/de\/wp-json\/wp\/v2\/product_brand?post=189363"},{"taxonomy":"product_cat","embeddable":true,"href":"https:\/\/thinklucid.com\/de\/wp-json\/wp\/v2\/product_cat?post=189363"},{"taxonomy":"product_tag","embeddable":true,"href":"https:\/\/thinklucid.com\/de\/wp-json\/wp\/v2\/product_tag?post=189363"}],"curies":[{"name":"wp","href":"https:\/\/api.w.org\/{rel}","templated":true}]}}