{"id":182120,"date":"2025-06-03T13:27:28","date_gmt":"2025-06-03T20:27:28","guid":{"rendered":"https:\/\/thinklucid.com\/?post_type=product&#038;p=182120"},"modified":"2026-03-12T11:57:43","modified_gmt":"2026-03-12T18:57:43","slug":"phoenix-1-6mp-dual-head-model-imx273","status":"publish","type":"product","link":"https:\/\/thinklucid.com\/de\/product\/phoenix-1-6mp-dual-head-model-imx273\/","title":{"rendered":"Phoenix 1,6 MP (x2) Dual Remote-Head Model (Sony IMX273)"},"content":{"rendered":"","protected":false},"excerpt":{"rendered":"<ol class=\"breadcrumb\" style=\"text-align: left;\">\n<li><a href=\"\/de\/\">Home<\/a><\/li>\n<li><a href=\"https:\/\/thinklucid.com\/de\/phoenix-machine-vision\/\">Phoenix GigE Kamera<\/a><\/li>\n<li>Phoenix \u2013 Dual Remote-Head 1,6 MP, Sony\u00a0IMX273 CMOS<\/li>\n<\/ol>\n<p style=\"text-align: left; margin-top: 15px;\">Der Phoenix Dual Remote-Head ist eine kompakte Kamera mit einem einzigartigen platzsparenden Design. Diese Kamera kann synchronisierte Bilder von ihren beiden Sensoren \u00fcbertragen, was sie ideal f\u00fcr eine Reihe von Anwendungen macht, die mehrere Sichtfelder erfordern. Ob f\u00fcr Stereo-Vision-Setups, Drohnen mit unterschiedlichen Blickwinkeln oder f\u00fcr die Implementierung von ITS-Anwendungen, die sowohl IR-gefilterte als auch nicht-gefilterte Sensoren ben\u00f6tigen, die Phoenix-Kamera bietet mit ihren zwei Sensoren und dem Design in einem Geh\u00e4use zuverl\u00e4ssige Leistung. Ihr geringes Gewicht und ihre Flexibilit\u00e4t machen sie anpassungsf\u00e4hig an verschiedene platzbeschr\u00e4nkte Anwendungen.<\/p>\n<div style=\"display: flex; justify-content: space-between; margin: 35px 0px 10px 0px;\">\n<table class=\"table table-hover table-striped\" style=\"border: none; float: left; width: 31%;\">\n<thead>\n<tr style=\"background-color: #82c9ed;\">\n<th class=\"quick_spec_title\">Sensor<\/th>\n<\/tr>\n<\/thead>\n<tbody>\n<tr>\n<td class=\"quick_spec\">Sony IMX273 CMOS (x2)<\/td>\n<\/tr>\n<\/tbody>\n<\/table>\n<table class=\"table table-hover table-striped\" style=\"border: none; float: left; width: 31%;\">\n<thead>\n<tr style=\"background-color: #82c9ed; color: white;\">\n<th class=\"quick_spec_title\">Aufl\u00f6sung<\/th>\n<\/tr>\n<\/thead>\n<tbody>\n<tr>\n<td class=\"quick_spec\">1,6 MP, 1440 x 1080 px (x2)<\/td>\n<\/tr>\n<\/tbody>\n<\/table>\n<table class=\"table table-hover table-striped\" style=\"border: none; float: left; width: 31%;\">\n<thead>\n<tr style=\"background-color: #82c9ed; color: white;\">\n<th class=\"quick_spec_title\">Bildrate<\/th>\n<\/tr>\n<\/thead>\n<tbody>\n<tr>\n<td class=\"quick_spec\">35,8 FPS (jeder Sensor)<\/td>\n<\/tr>\n<\/tbody>\n<\/table>\n<\/div>\n<table id=\"sku-table\" class=\"table table-hover table-striped\" style=\"margin: auto; border: 1px dotted #f1f2f4;\" border=\"0\" cellspacing=\"0\" cellpadding=\"0\">\n<tbody>\n<tr style=\"background-color: #82c9ed;\">\n<td style=\"color: black;\">Kameramodell<\/td>\n<td style=\"color: black;\">Mono\/Farbe<\/td>\n<td style=\"color: black;\">Objektivanschluss<\/td>\n<td style=\"color: black;\">GigE Vision Schnittstelle<\/td>\n<\/tr>\n<tr>\n<td>PDH016S-CC<\/td>\n<td>Farbe<\/td>\n<td>C-mount<\/td>\n<td>RJ45<\/td>\n<\/tr>\n<tr>\n<td>PDH016S-MC<\/td>\n<td>Mono<\/td>\n<td>C-mount<\/td>\n<td>RJ45<\/td>\n<\/tr>\n<tr>\n<td>PDH016S-CC-FFC<\/td>\n<td>Farbe<\/td>\n<td>C-mount<\/td>\n<td>FFC (ZIF)<\/td>\n<\/tr>\n<tr>\n<td>PDH016S-MC-FFC<\/td>\n<td>Mono<\/td>\n<td>C-mount<\/td>\n<td>FFC (ZIF)<\/td>\n<\/tr>\n<tr>\n<td>PDH016S-CS<\/td>\n<td>Farbe<\/td>\n<td>S-mount<\/td>\n<td>RJ45<\/td>\n<\/tr>\n<tr>\n<td>PDH016S-MS<\/td>\n<td>Mono<\/td>\n<td>S-mount<\/td>\n<td>RJ45<\/td>\n<\/tr>\n<tr>\n<td>PDH016S-CS-FFC<\/td>\n<td>Farbe<\/td>\n<td>S-mount<\/td>\n<td>FFC (ZIF)<\/td>\n<\/tr>\n<tr>\n<td>PDH016S-MS-FFC<\/td>\n<td>Mono<\/td>\n<td>S-mount<\/td>\n<td>FFC (ZIF)<\/td>\n<\/tr>\n<\/tbody>\n<\/table>\n<h2 style=\"font-size: 22px; font-weight: 400; background-color: #f9f9f9; padding: 15px 0px 0px 0px; margin: 25px 0 0px;\">Bitte w\u00e4hlen Sie Ihre Kamerakonfiguration aus:<\/h2>\n","protected":false},"featured_media":170611,"template":"","meta":{"inline_featured_image":false},"product_brand":[],"product_cat":[696],"product_tag":[],"class_list":{"0":"post-182120","1":"product","2":"type-product","3":"status-publish","4":"has-post-thumbnail","6":"product_cat-phoenix-de","8":"first","9":"instock","10":"taxable","11":"shipping-taxable","12":"purchasable","13":"product-type-variable","14":"layout-style-2","15":"col-md-4 col-sm-4 col-xs-6","16":"col-lg-2","17":"product-has-gallery","18":"product-style-addtocart"},"aioseo_notices":[],"_links":{"self":[{"href":"https:\/\/thinklucid.com\/de\/wp-json\/wp\/v2\/product\/182120","targetHints":{"allow":["GET"]}}],"collection":[{"href":"https:\/\/thinklucid.com\/de\/wp-json\/wp\/v2\/product"}],"about":[{"href":"https:\/\/thinklucid.com\/de\/wp-json\/wp\/v2\/types\/product"}],"wp:featuredmedia":[{"embeddable":true,"href":"https:\/\/thinklucid.com\/de\/wp-json\/wp\/v2\/media\/170611"}],"wp:attachment":[{"href":"https:\/\/thinklucid.com\/de\/wp-json\/wp\/v2\/media?parent=182120"}],"wp:term":[{"taxonomy":"product_brand","embeddable":true,"href":"https:\/\/thinklucid.com\/de\/wp-json\/wp\/v2\/product_brand?post=182120"},{"taxonomy":"product_cat","embeddable":true,"href":"https:\/\/thinklucid.com\/de\/wp-json\/wp\/v2\/product_cat?post=182120"},{"taxonomy":"product_tag","embeddable":true,"href":"https:\/\/thinklucid.com\/de\/wp-json\/wp\/v2\/product_tag?post=182120"}],"curies":[{"name":"wp","href":"https:\/\/api.w.org\/{rel}","templated":true}]}}