{"id":181875,"date":"2025-05-26T13:09:33","date_gmt":"2025-05-26T20:09:33","guid":{"rendered":"https:\/\/thinklucid.com\/?post_type=product&#038;p=181875"},"modified":"2026-02-18T16:42:28","modified_gmt":"2026-02-19T00:42:28","slug":"lucid-4-ch-10g-1g-rdma-poe-host-channel-adapter-hca-network-card","status":"publish","type":"product","link":"https:\/\/thinklucid.com\/de\/product\/lucid-4-ch-10g-1g-rdma-poe-host-channel-adapter-hca-network-card\/","title":{"rendered":"LUCID 4-CH 10G\/1G RDMA PoE+ (isolierte) HCA-Netzwerkkarte"},"content":{"rendered":"","protected":false},"excerpt":{"rendered":"<ol class=\"breadcrumb\" style=\"text-align: left;\">\n<li><a href=\"\/\">Home<\/a><\/li>\n<li><a href=\"https:\/\/thinklucid.com\/de\/accessories\/\">Zubeh\u00f6r<\/a><\/li>\n<li><a href=\"https:\/\/thinklucid.com\/de\/category\/interface-cards-poe-injectors-de\/\">PC-Karten, PoE, Kamera Netzteil<\/a><\/li>\n<li>LUCID 4-CH 10G\/1G RDMA PoE+ Host Channel Adapter (HCA) Netzwerkkarte <a href=\"https:\/\/thinklucid.com\/de\/product\/tp-link-poe-injector\/\" rel=\"prev\"><span class=\"screen-reader-text\">Phihong PoE Injector (EU\/UK Versions)<\/span><svg viewbox=\"0 0 20 20\"><use xmlns:xlink=\"http:\/\/www.w3.org\/1999\/xlink\" xlink:href=\"#left-arrow\"><\/use><\/svg><\/a> <a href=\"https:\/\/thinklucid.com\/de\/product\/10g-5g-2-5g-1g-poe-ethernet-card\/\" rel=\"next\"><span class=\"screen-reader-text\">10G\/5G\/2.5G\/1G PoE+ NBASE-T Netzwerkkarte<\/span> <svg viewbox=\"0 0 20 20\"><use xmlns:xlink=\"http:\/\/www.w3.org\/1999\/xlink\" xlink:href=\"#right-arrow\"><\/use><\/svg> <\/a><\/li>\n<\/ol>\n<p style=\"text-align: left; font-size: 1.2rem; padding-top: 15px;\">Die 4-Port-10GigE-RDMA-NIC (P\/N: PCIE-10GPOE4-LUCID2) ist f\u00fcr leistungsstarke Machine-Vision-Systeme ausgelegt und unterst\u00fctzt RDMA-f\u00e4hige Triton10- und Atlas10-Kameras von LUCID. Die Netzwerkkarte ist GigE-Vision-konform und unterst\u00fctzt RDMA (RoCE v2), TCP sowie UDP. Jeder PoE+-Port ist elektrisch isoliert, um angeschlossene Kameras zu sch\u00fctzen. Zudem kann PoE pro Port softwareseitig ein- oder ausgeschaltet werden. Dies gew\u00e4hrleistet eine flexible, zuverl\u00e4ssige und deterministische Hochgeschwindigkeitsanbindung f\u00fcr industrielle Bildverarbeitungssysteme. <strong>Wichtig: Dieser RDMA-HCA ist nicht NBASE-T-kompatibel und unterst\u00fctzt NICHT die Geschwindigkeiten 5GigE oder 2,5GigE. <\/strong><\/p>\n<p style=\"text-align: left; font-size: 1.4rem;\"><strong>Spezifikationen<\/strong><\/p>\n<div style=\"display: flex; justify-content: space-between; margin: 10px 0px 8px 0px;\">\n<table class=\"table table-hover table-striped\" style=\"border: none; float: left; width: 95%; margin-bottom: 0;\">\n<tbody>\n<tr>\n<td>Hersteller:<\/td>\n<td>LUCID Vision Labs<\/td>\n<\/tr>\n<tr>\n<td>Chipsatz<\/td>\n<td>Broadcom BCM57416<\/td>\n<\/tr>\n<tr>\n<td>Anzahl der Ports<\/td>\n<td>4<\/td>\n<\/tr>\n<tr>\n<td>Porttyp<\/td>\n<td>RJ45<\/td>\n<\/tr>\n<tr>\n<td>PCIe-Version und -Lanes<\/td>\n<td>PCIe 3.0 x8 Gr\u00f6\u00dfe mit Bifurcation*<\/td>\n<\/tr>\n<tr>\n<td>Verbindungsgeschwindigkeit<\/td>\n<td>10GigE und 1GigE<\/td>\n<\/tr>\n<tr>\n<td>Jumbo-Frame-Gr\u00f6\u00dfe<\/td>\n<td>9174 bytes<\/td>\n<\/tr>\n<tr>\n<td>PoE-Unterst\u00fctzung<\/td>\n<td>PoE+ (IEEE 802.3at, Portweise isoliert)<\/td>\n<\/tr>\n<tr>\n<td>Strombedarf<\/td>\n<td>120W\u202fMax.<\/td>\n<\/tr>\n<tr>\n<td>Betriebstemperaturbereich<\/td>\n<td>0\u201355\u00b0C ambient<\/td>\n<\/tr>\n<tr>\n<td>Lagertemperaturbereich<\/td>\n<td>-30\u201360\u00b0C<\/td>\n<\/tr>\n<\/tbody>\n<\/table>\n<\/div>\n<p style=\"line-height: 1.5; text-align: left;\">*Bifurcation, auch bekannt als RAID-Modus oder PCIe-Lane-Verteilung (PCIe Lane Distribution), ist eine Funktion des Mainboards, die die Aufteilung von Datenleitungen innerhalb eines PCIe-Slots erm\u00f6glicht. Diese Funktion erlaubt es beispielsweise, einen gro\u00dfen Slot wie PCIe x16 in mehrere kleinere Lanes wie PCIe x8 oder x4 zu unterteilen. Wenn Ihr Mainboard keine Bifurcation unterst\u00fctzt, werden im System m\u00f6glicherweise nur zwei Ports erkannt. Im Folgenden finden Sie einige Beispiele f\u00fcr <a style=\"color: #2271b1;\" href=\"https:\/\/www.asus.com\/support\/faq\/1037507\/\">ASUS-Mainboards mit PCIe-Bifurcation-Unterst\u00fctzung<\/a>.<\/p>\n","protected":false},"featured_media":181879,"template":"","meta":{"inline_featured_image":false},"product_brand":[],"product_cat":[744],"product_tag":[],"class_list":{"0":"post-181875","1":"product","2":"type-product","3":"status-publish","4":"has-post-thumbnail","6":"product_cat-interface-cards-poe-injectors-de","8":"first","9":"instock","10":"taxable","11":"shipping-taxable","12":"purchasable","13":"product-type-simple","14":"layout-style-2","15":"col-md-4 col-sm-4 col-xs-6","16":"col-lg-2","17":"product-has-gallery","18":"product-style-addtocart"},"aioseo_notices":[],"_links":{"self":[{"href":"https:\/\/thinklucid.com\/de\/wp-json\/wp\/v2\/product\/181875","targetHints":{"allow":["GET"]}}],"collection":[{"href":"https:\/\/thinklucid.com\/de\/wp-json\/wp\/v2\/product"}],"about":[{"href":"https:\/\/thinklucid.com\/de\/wp-json\/wp\/v2\/types\/product"}],"wp:featuredmedia":[{"embeddable":true,"href":"https:\/\/thinklucid.com\/de\/wp-json\/wp\/v2\/media\/181879"}],"wp:attachment":[{"href":"https:\/\/thinklucid.com\/de\/wp-json\/wp\/v2\/media?parent=181875"}],"wp:term":[{"taxonomy":"product_brand","embeddable":true,"href":"https:\/\/thinklucid.com\/de\/wp-json\/wp\/v2\/product_brand?post=181875"},{"taxonomy":"product_cat","embeddable":true,"href":"https:\/\/thinklucid.com\/de\/wp-json\/wp\/v2\/product_cat?post=181875"},{"taxonomy":"product_tag","embeddable":true,"href":"https:\/\/thinklucid.com\/de\/wp-json\/wp\/v2\/product_tag?post=181875"}],"curies":[{"name":"wp","href":"https:\/\/api.w.org\/{rel}","templated":true}]}}