{"id":180186,"date":"2025-03-24T13:33:24","date_gmt":"2025-03-24T20:33:24","guid":{"rendered":"https:\/\/thinklucid.com\/?post_type=product&#038;p=180186"},"modified":"2026-03-02T13:22:05","modified_gmt":"2026-03-02T21:22:05","slug":"triton2-4k-gpixel-gl3504","status":"publish","type":"product","link":"https:\/\/thinklucid.com\/de\/product\/triton2-4k-gpixel-gl3504\/","title":{"rendered":"Triton2 Zeilenkamera 4k 65kHz \/ 2k 130kHz Model"},"content":{"rendered":"","protected":false},"excerpt":{"rendered":"<ol class=\"breadcrumb\" style=\"text-align: left;\">\n<li><a href=\"\/de\/\">Home<\/a><\/li>\n<li><a href=\"https:\/\/thinklucid.com\/de\/triton2-gige-machine-vision\/\">Triton2 2.5GigE Kamera<\/a><\/li>\n<li>Triton Zeilenkamera 4k 65kHz \/ 2k 130kHz Model<\/li>\n<\/ol>\n<div style=\"text-align: left; margin: 25px 0 15px 0;\">Die Triton2 4K-Zeilenkamera eignet sich ideal f\u00fcr eine Vielzahl von Hochgeschwindigkeitsanwendungen, darunter die kontinuierliche Inspektion in der Papier-, Kunststoff- und Metallverarbeitung sowie die Bewegungserkennung von Objekten im Bahn- und Stra\u00dfenverkehr. Ausgestattet mit dem GL3504-Sensor bietet sie die Flexibilit\u00e4t, mit 4K- oder 2K-Aufl\u00f6sung zu arbeiten. Aufl\u00f6sung und Zeilenrate lassen sich individuell anpassen, um spezifische Anforderungen zu erf\u00fcllen. Diese Kamera \u00fcberzeugt bei OCR-Anwendungen wie Post- und Barcode-Erkennung und ist ebenfalls ideal f\u00fcr die Lebensmittelsortierung, Leiterplatteninspektion, pharmazeutische Kontrolle und weitere Anwendungen mit F\u00f6rderb\u00e4ndern, bei denen sich Objekte st\u00e4ndig bewegen.<\/div>\n<div style=\"display: flex; justify-content: space-between; margin: 35px 0px 10px 0px;\">\n<table class=\"table table-hover table-striped\" style=\"border: none; float: left; width: 31%;\">\n<thead>\n<tr style=\"background-color: #82c9ed;\">\n<th class=\"quick_spec_title\">Sensor<\/th>\n<\/tr>\n<\/thead>\n<tbody>\n<tr>\n<td class=\"quick_spec\">Gpixel GL3504 CMOS<\/td>\n<\/tr>\n<\/tbody>\n<\/table>\n<table class=\"table table-hover table-striped\" style=\"border: none; float: left; width: 31%;\">\n<thead>\n<tr style=\"background-color: #82c9ed; color: white;\">\n<th class=\"quick_spec_title\">Aufl\u00f6sung<\/th>\n<\/tr>\n<\/thead>\n<tbody>\n<tr>\n<td class=\"quick_spec\">4096 x 2 px (4K)<br \/>\n2048 x 4 px (2K)<\/td>\n<\/tr>\n<\/tbody>\n<\/table>\n<table class=\"table table-hover table-striped\" style=\"border: none; float: left; width: 31%;\">\n<thead>\n<tr style=\"background-color: #82c9ed; color: white;\">\n<th class=\"quick_spec_title\">Zeilenrate<\/th>\n<\/tr>\n<\/thead>\n<tbody>\n<tr>\n<td class=\"quick_spec\">65 kHz (4K Mono)*<br \/>\n130 kHz (2K Mono)*<br \/>\n33 kHz (4K Farbe)<br \/>\n33 kHz (2K Farbe)<br \/>\n<span style=\"font-size: x-small;\">(*F\u00fcr Einzelzeilen-Auslesung)<\/span><\/td>\n<\/tr>\n<\/tbody>\n<\/table>\n<\/div>\n<table id=\"sku-table\" class=\"table table-hover table-striped\" style=\"margin: auto; font-size: 12px; border: 1px dotted #f1f2f4;\" border=\"0\" cellspacing=\"0\" cellpadding=\"0\">\n<tbody>\n<tr style=\"background-color: #82c9ed;\">\n<td style=\"color: black;\">Kameramodell<\/td>\n<td style=\"color: black;\">Mono\/Farbe<\/td>\n<td style=\"color: black;\">Objektivanschluss<\/td>\n<td style=\"color: black;\">GigE Vision Schnittstelle<\/td>\n<td style=\"color: black;\">Enthaltenes Zubeh\u00f6r<\/td>\n<\/tr>\n<tr>\n<td>TRT04KG-MC<\/td>\n<td>Mono<\/td>\n<td>C-mount<\/td>\n<td>M12<\/td>\n<td>M8 GPIO IP67 Cap<\/td>\n<\/tr>\n<tr>\n<td>TRT04KG-CC<\/td>\n<td>Farbe<\/td>\n<td>C-mount<\/td>\n<td>M12<\/td>\n<td>M8 GPIO IP67 Cap<\/td>\n<\/tr>\n<\/tbody>\n<\/table>\n<p>&nbsp;<\/p>\n","protected":false},"featured_media":180192,"template":"","meta":{"inline_featured_image":false},"product_brand":[],"product_cat":[1113],"product_tag":[],"class_list":{"0":"post-180186","1":"product","2":"type-product","3":"status-publish","4":"has-post-thumbnail","6":"product_cat-triton2-de","8":"first","9":"onbackorder","10":"taxable","11":"shipping-taxable","12":"purchasable","13":"product-type-variable","14":"layout-style-2","15":"col-md-4 col-sm-4 col-xs-6","16":"col-lg-2","17":"product-has-gallery","18":"product-style-addtocart"},"aioseo_notices":[],"_links":{"self":[{"href":"https:\/\/thinklucid.com\/de\/wp-json\/wp\/v2\/product\/180186","targetHints":{"allow":["GET"]}}],"collection":[{"href":"https:\/\/thinklucid.com\/de\/wp-json\/wp\/v2\/product"}],"about":[{"href":"https:\/\/thinklucid.com\/de\/wp-json\/wp\/v2\/types\/product"}],"wp:featuredmedia":[{"embeddable":true,"href":"https:\/\/thinklucid.com\/de\/wp-json\/wp\/v2\/media\/180192"}],"wp:attachment":[{"href":"https:\/\/thinklucid.com\/de\/wp-json\/wp\/v2\/media?parent=180186"}],"wp:term":[{"taxonomy":"product_brand","embeddable":true,"href":"https:\/\/thinklucid.com\/de\/wp-json\/wp\/v2\/product_brand?post=180186"},{"taxonomy":"product_cat","embeddable":true,"href":"https:\/\/thinklucid.com\/de\/wp-json\/wp\/v2\/product_cat?post=180186"},{"taxonomy":"product_tag","embeddable":true,"href":"https:\/\/thinklucid.com\/de\/wp-json\/wp\/v2\/product_tag?post=180186"}],"curies":[{"name":"wp","href":"https:\/\/api.w.org\/{rel}","templated":true}]}}