{"id":176921,"date":"2025-01-02T12:23:17","date_gmt":"2025-01-02T20:23:17","guid":{"rendered":"https:\/\/thinklucid.com\/?post_type=product&#038;p=176921"},"modified":"2025-02-06T10:07:09","modified_gmt":"2025-02-06T18:07:09","slug":"myutron-hf10040v-uv-c-mount-1-100mm","status":"publish","type":"product","link":"https:\/\/thinklucid.com\/de\/product\/myutron-hf10040v-uv-c-mount-1-100mm\/","title":{"rendered":"Myutron HF10040V-UV C-Mount 1&#8243; 100mm f\/4,0"},"content":{"rendered":"","protected":false},"excerpt":{"rendered":"<ol class=\"breadcrumb\" style=\"text-align: left;\">\n<li><a href=\"\/\">Home<\/a><\/li>\n<li><a href=\"\/de\/accessories\/\">Zubeh\u00f6r<\/a><\/li>\n<li><a href=\"\/de\/category\/lenses-lens-tubes\/\">Objektive &amp; Linsentuben<\/a><\/li>\n<li>Myutron HF10040V-UV C-Mount 1&#8243; 100mm f\/4,0 <a href=\"\/de\/product\/myutron-hf5035v-uv-c-mount-1-50mm\/\" rel=\"prev\"><span class=\"screen-reader-text\">Myutron HF5035V-UV C-Mount 1\u2033 50mm f\/3,5<\/span><svg><use xlink:href=\"#left-arrow\"><\/use><\/svg><\/a> <a href=\"\/de\/product\/tamron-c-mount-1-12mm-f-1-6-swir\/\" rel=\"next\"><span class=\"screen-reader-text\">Tamron C-Mount 1\u201d 12mm f\/1,6 SWIR (SMA11F Series)<\/span><svg><use xlink:href=\"#right-arrow\"><\/use><\/svg><\/a><\/li>\n<\/ol>\n<p style=\"text-align: left;font-size: 1.3rem; margin-top:15px\">Dieses Objektiv ist geeignet f\u00fcr LUCID&#8217;s <a href=\"\/de\/product\/atlas10-uv-8-1-mp-imx487\/\" style=\"color:#2782ad\">Atlas10 ATX081S-UC<\/a> mit dem 8,1MP IMX487 UV-Sensor von Sony. Das Objektiv hat einen Transmissionsbereich von UV bis sichtbares Licht (190nm ~ 700nm), was es perfekt f\u00fcr die Inspektion von Kratzern und Unregelm\u00e4\u00dfigkeiten auf Siliziumwafern und IC-Chips macht. Diese Objektive sind vielseitig einsetzbar und k\u00f6nnen in verschiedenen Bereichen verwendet werden, einschlie\u00dflich der Halbleiterfertigung, Forschung und Entwicklung, Lebenswissenschaften und Recycling. <em><strong>Bitte beachten Sie, dass die Myutron-UV-Objektivreihe einen einstellbaren Ring f\u00fcr die schmale Fokuswellenl\u00e4nge besitzt. Dieser Ring muss auf die Wellenl\u00e4nge Ihrer Lichtquelle eingestellt werden. Das bedeutet zum Beispiel, dass das Objektiv, wenn es mit 200nm Licht fokussiert wurde, die Fokussierung verliert, wenn die Lichtquelle auf 210nm ge\u00e4ndert wird.<\/strong><\/em><\/p>\n<p style=\"text-align: left;font-size: 1.4rem\"><strong>Spezifikationen<\/strong><\/p>\n<div style=\"display: flex; justify-content: space-between; margin: 10px 0px 20px 0px;\">\n<table class=\"table table-hover table-striped\" style=\"border: none;float: left;width: 49%\">\n<tbody>\n<tr>\n<th>Myutron HerstellerNr.<\/th>\n<td>HF10040V-UV<\/td>\n<\/tr>\n<tr>\n<th>LUCID SKU:<\/th>\n<td>MHFUV1000<\/td>\n<\/tr>\n<tr>\n<th>Brennweite<\/th>\n<td>100 mm, fixed focal length<\/td>\n<\/tr>\n<th>Blendenbereich<\/th>\n<td>f4,0 &#8211; f16<\/td>\n<tr>\n<th>Max Sensor Size<\/th>\n<td>1&#8243;<\/td>\n<\/tr>\n<tr>\n<th>Arbeitsabstand <\/th>\n<td>386,0 mm \u2013 \u221e<\/td>\n<\/tr>\n<tr>\n<th>Spectral Range<\/th>\n<td>190nm bis 700nm<\/td>\n<\/tr>\n<tr>\n<th>Objektivanschluss<\/th>\n<td>C-mount<\/td>\n<\/tr>\n<\/tbody>\n<\/table>\n<table class=\"table table-hover table-striped\" style=\"border: none; float: left; width: 49%;\">\n<tbody>\n<tr>\n<th>Fokussteuerung<\/th>\n<td>Manuell<\/td>\n<\/tr>\n<tr>\n<th>Blendensteuerung<\/th>\n<td>Manuell<\/td>\n<\/tr>\n<tr>\n<th>Filtergewinde<\/th>\n<td>M43 x 0,75<\/td>\n<\/tr>\n<tr>\n<th>Durchmesser und L\u00e4nge<\/th>\n<td>\u03c652,5 x 158,8mm<\/td>\n<\/tr>\n<tr>\n<th>Gewicht<\/th>\n<td>~680g<\/td>\n<\/tr>\n<tr>\n<th>Betriebstemperatur<\/th>\n<td>0\u00b0C &#8211; +40\u00b0C<\/td>\n<\/tr>\n<tr>\n<th>Fixing Knobs Bundled<\/th>\n<td>3 total<\/td>\n<\/tr>\n<\/tbody>\n<\/table>\n<\/div>\n<p><strong>Dieses Objektiv wird auf Bestellung gefertigt. Die Lieferzeit betr\u00e4gt etwa 8 Wochen.<\/strong><\/p>\n","protected":false},"featured_media":176925,"template":"","meta":{"inline_featured_image":false},"product_brand":[],"product_cat":[706],"product_tag":[],"class_list":{"0":"post-176921","1":"product","2":"type-product","3":"status-publish","4":"has-post-thumbnail","6":"product_cat-lenses-lens-tubes-de","8":"first","9":"onbackorder","10":"taxable","11":"shipping-taxable","12":"purchasable","13":"product-type-simple","14":"layout-style-2","15":"col-md-4 col-sm-4 col-xs-6","16":"col-lg-2","17":"product-style-addtocart"},"aioseo_notices":[],"_links":{"self":[{"href":"https:\/\/thinklucid.com\/de\/wp-json\/wp\/v2\/product\/176921","targetHints":{"allow":["GET"]}}],"collection":[{"href":"https:\/\/thinklucid.com\/de\/wp-json\/wp\/v2\/product"}],"about":[{"href":"https:\/\/thinklucid.com\/de\/wp-json\/wp\/v2\/types\/product"}],"wp:featuredmedia":[{"embeddable":true,"href":"https:\/\/thinklucid.com\/de\/wp-json\/wp\/v2\/media\/176925"}],"wp:attachment":[{"href":"https:\/\/thinklucid.com\/de\/wp-json\/wp\/v2\/media?parent=176921"}],"wp:term":[{"taxonomy":"product_brand","embeddable":true,"href":"https:\/\/thinklucid.com\/de\/wp-json\/wp\/v2\/product_brand?post=176921"},{"taxonomy":"product_cat","embeddable":true,"href":"https:\/\/thinklucid.com\/de\/wp-json\/wp\/v2\/product_cat?post=176921"},{"taxonomy":"product_tag","embeddable":true,"href":"https:\/\/thinklucid.com\/de\/wp-json\/wp\/v2\/product_tag?post=176921"}],"curies":[{"name":"wp","href":"https:\/\/api.w.org\/{rel}","templated":true}]}}