{"id":171764,"date":"2024-06-18T11:36:26","date_gmt":"2024-06-18T18:36:26","guid":{"rendered":"https:\/\/ec2-34-221-119-146.us-west-2.compute.amazonaws.com\/?post_type=product&#038;p=171764"},"modified":"2026-02-18T11:06:04","modified_gmt":"2026-02-18T19:06:04","slug":"triton2-evs-0-3mp-imx637","status":"publish","type":"product","link":"https:\/\/thinklucid.com\/de\/product\/triton2-evs-0-3mp-imx637\/","title":{"rendered":"Triton2 EVS 0,3 MP Model (IMX637)"},"content":{"rendered":"","protected":false},"excerpt":{"rendered":"<ol class=\"breadcrumb\" style=\"text-align: left;\">\n<li><a href=\"\/de\/\">Home<\/a><\/li>\n<li><a href=\"https:\/\/thinklucid.com\/de\/triton2-gige-machine-vision\/\">Triton2 2.5GigE kamera<\/a><\/li>\n<li>Triton2 EVS &#8211; 0,3 MP Sony | Prophesee IMX637 CMOS <a href=\"https:\/\/thinklucid.com\/de\/product\/triton2-evs-0-9mp-imx636\/\" rel=\"next\"><svg viewbox=\"0 0 20 20\"><use xmlns:xlink=\"http:\/\/www.w3.org\/1999\/xlink\" xlink:href=\"#right-arrow\"><\/use><\/svg><span class=\"screen-reader-text\">Triton2 EVS 0,9 MP<\/span><\/a><\/li>\n<\/ol>\n<div style=\"margin: 25px 0 0 0; text-align: left;\">Die Triton2 EVS Kamera mit dem ereignisbasierten IMX637 liefert ereignisbasierte Daten mit geringer Latenz. Dieser innovative Ansatz umfasst ereignisbasierte Pixel, die das einfallende Licht st\u00e4ndig abtasten und nur dann Signale erzeugen, wenn sich die Lichtverh\u00e4ltnisse \u00e4ndern, anstatt herk\u00f6mmliche Bilder zu erfassen. Der verschlusslose Sensor verfolgt Beleuchtungs\u00e4nderungen und reagiert mit EIN- oder AUS-Ereignissen auf Intensit\u00e4tsverschiebungen, die die festgelegten Schwellenwerte \u00fcberschreiten. Die Entwicklung der IMX636- und IMX637-Sensoren war das Ergebnis einer erfolgreichen Zusammenarbeit zwischen Sony und Prophesee, bei der das Know-how von Sony in der CMOS-Bildsensortechnologie und die unverwechselbaren ereignisbasierten Metavision\u00ae-Sensortechnologien von Prophesee zusammengef\u00fchrt wurden.<\/div>\n<div style=\"display: flex; justify-content: space-between; margin: 35px 0px 10px 0px;\">\n<table class=\"table table-hover table-striped\" style=\"border: none; float: left; width: 31%;\">\n<thead>\n<tr style=\"background-color: #82c9ed;\">\n<th class=\"quick_spec_title\">Sensor<\/th>\n<\/tr>\n<\/thead>\n<tbody>\n<tr>\n<td class=\"quick_spec\">Prophesee Metavision\u00ae | Sony IMX637 CMOS<\/td>\n<\/tr>\n<\/tbody>\n<\/table>\n<table class=\"table table-hover table-striped\" style=\"border: none; float: left; width: 31%;\">\n<thead>\n<tr style=\"background-color: #82c9ed; color: white;\">\n<th class=\"quick_spec_title\">Aufl\u00f6sung<\/th>\n<\/tr>\n<\/thead>\n<tbody>\n<tr>\n<td class=\"quick_spec\">0,3 MP, 640 x 512 px<\/td>\n<\/tr>\n<\/tbody>\n<\/table>\n<table class=\"table table-hover table-striped\" style=\"border: none; float: left; width: 31%;\">\n<thead>\n<tr style=\"background-color: #82c9ed; color: white;\">\n<th class=\"quick_spec_title\">Bildrate<\/th>\n<\/tr>\n<\/thead>\n<tbody>\n<tr>\n<td class=\"quick_spec\">n. z.<sup>1<\/sup><\/td>\n<\/tr>\n<\/tbody>\n<\/table>\n<\/div>\n<table id=\"sku-table\" class=\"table table-hover table-striped\" style=\"margin: auto; font-size: 11px; border: 1px dotted #f1f2f4;\" border=\"0\" cellspacing=\"0\" cellpadding=\"0\">\n<tbody>\n<tr style=\"background-color: #82c9ed;\">\n<td style=\"color: black;\">Kameramodell<\/td>\n<td style=\"color: black;\">Mono\/Farbe<\/td>\n<td style=\"color: black;\">Objektivanschluss<\/td>\n<td style=\"color: black;\">2.5GBASE-T GigE Vision Schnittstelle<\/td>\n<td style=\"color: black;\">Enthaltenes Zubeh\u00f6r<\/td>\n<\/tr>\n<tr>\n<td>TRT003S-EC<\/td>\n<td>Farbe<\/td>\n<td>C-mount<\/td>\n<td>M12<\/td>\n<td>M8 GPIO IP67 Cap<\/td>\n<\/tr>\n<\/tbody>\n<\/table>\n","protected":false},"featured_media":171747,"template":"","meta":{"inline_featured_image":false},"product_brand":[],"product_cat":[1113],"product_tag":[],"class_list":{"0":"post-171764","1":"product","2":"type-product","3":"status-publish","4":"has-post-thumbnail","6":"product_cat-triton2-de","8":"first","9":"onbackorder","10":"taxable","11":"shipping-taxable","12":"purchasable","13":"product-type-simple","14":"layout-style-2","15":"col-md-4 col-sm-4 col-xs-6","16":"col-lg-2","17":"product-has-gallery","18":"product-style-addtocart"},"aioseo_notices":[],"_links":{"self":[{"href":"https:\/\/thinklucid.com\/de\/wp-json\/wp\/v2\/product\/171764","targetHints":{"allow":["GET"]}}],"collection":[{"href":"https:\/\/thinklucid.com\/de\/wp-json\/wp\/v2\/product"}],"about":[{"href":"https:\/\/thinklucid.com\/de\/wp-json\/wp\/v2\/types\/product"}],"wp:featuredmedia":[{"embeddable":true,"href":"https:\/\/thinklucid.com\/de\/wp-json\/wp\/v2\/media\/171747"}],"wp:attachment":[{"href":"https:\/\/thinklucid.com\/de\/wp-json\/wp\/v2\/media?parent=171764"}],"wp:term":[{"taxonomy":"product_brand","embeddable":true,"href":"https:\/\/thinklucid.com\/de\/wp-json\/wp\/v2\/product_brand?post=171764"},{"taxonomy":"product_cat","embeddable":true,"href":"https:\/\/thinklucid.com\/de\/wp-json\/wp\/v2\/product_cat?post=171764"},{"taxonomy":"product_tag","embeddable":true,"href":"https:\/\/thinklucid.com\/de\/wp-json\/wp\/v2\/product_tag?post=171764"}],"curies":[{"name":"wp","href":"https:\/\/api.w.org\/{rel}","templated":true}]}}