{"id":169952,"date":"2024-02-20T10:10:08","date_gmt":"2024-02-20T18:10:08","guid":{"rendered":"https:\/\/ec2-34-221-119-146.us-west-2.compute.amazonaws.com\/?post_type=product&#038;p=169952"},"modified":"2024-03-28T15:00:15","modified_gmt":"2024-03-28T22:00:15","slug":"2-ch-25g-10g-1g-rdma-sfp28-optical-ethernet-card","status":"publish","type":"product","link":"https:\/\/thinklucid.com\/de\/product\/2-ch-25g-10g-1g-rdma-sfp28-optical-ethernet-card\/","title":{"rendered":"2-CH 25G\/10G\/1G RDMA SFP28 Optische Netzwerkkarte"},"content":{"rendered":"","protected":false},"excerpt":{"rendered":"<ol class=\"breadcrumb\" style=\"text-align: left;\">\n<li><a href=\"\/\">Home<\/a><\/li>\n<li><a href=\"\/de\/accessories\/\">Zubeh\u00f6r<\/a><\/li>\n<li><a href=\"\/de\/category\/interface-cards-poe-injectors-de\/\">PC-Karten, PoE, Kamera Netzteil<\/a><\/li>\n<li>2-CH 25G\/10G\/1G RDMA SFP28 Optische Netzwerkkarte <a href=\"\/de\/product\/tp-link-poe-injector\/\" rel=\"prev\"><span class=\"screen-reader-text\">Phihong PoE Injector (EU\/UK Versions)<\/span><svg viewbox=\"0 0 20 20\"><use xmlns:xlink=\"http:\/\/www.w3.org\/1999\/xlink\" xlink:href=\"#left-arrow\"><\/use><\/svg><\/a> <a href=\"\/de\/product\/10g-5g-2-5g-1g-poe-ethernet-card\/\" rel=\"next\"><span class=\"screen-reader-text\">10G\/5G\/2.5G\/1G PoE+ NBASE-T Netzwerkkarte<\/span> <svg viewbox=\"0 0 20 20\"><use xmlns:xlink=\"http:\/\/www.w3.org\/1999\/xlink\" xlink:href=\"#right-arrow\"><\/use><\/svg> <\/a><\/li>\n<\/ol>\n<p style=\"text-align: left; font-size: 1.2rem; padding-top: 15px;\">LUCIDs PCIE-25GETH2-BC RDMA 25GigE NIC ist eine Dual-Port 25 Gb\/s, PCI-Express Gen3 x8 Network Interface Card, die sowohl optische SFP28\/SFP+ Module als auch direkt angeschlossenes Kupfer unterst\u00fctzt. Die Karte verwendet den Broadcom BCM57414 25GbE MAC-Controller mit dem integrierten Dual-Channel 25GbE SFI-Transceiver. Diese Karte unterst\u00fctzt RDMA (RoCEv2), UDP- und TCP-Daten\u00fcbertragungen. Bitte beachten Sie, dass diese Karte kein PoE unterst\u00fctzt.<\/p>\n<p style=\"text-align: left; font-size: 1.4rem; color: black;\"><strong>Spezifikationen<\/strong><\/p>\n<div style=\"display: flex; justify-content: space-between; margin: 10px 0px 20px 0px;\">\n<table class=\"table table-hover table-striped\" style=\"border: none; float: left; width: 95%;\">\n<tbody>\n<tr>\n<td width=\"15%\">Manufacturer #<\/td>\n<td width=\"85%\">\n<ul style=\"text-align: left;\">\n<li>Broadcom BCM57414<\/li>\n<\/ul>\n<\/td>\n<\/tr>\n<tr>\n<td width=\"15%\">PCI Express<\/td>\n<td width=\"85%\">\n<ul style=\"text-align: left;\">\n<li>PCIe Gen3 x8<\/li>\n<\/ul>\n<\/td>\n<\/tr>\n<tr>\n<td>Features<\/td>\n<td>\n<ul style=\"text-align: left;\">\n<li>Dual-port pluggable media interface, which may be equipped with 25G SFP28 or 10G SFP+ optical transceiver or with copper direct-attach cable.<\/li>\n<li>Fully compliant with the SFF-8402 standard.<\/li>\n<li>TruFlow\u2122 flow processing engine.<\/li>\n<li>DCB support: PFC, ETS, QCN, DCBx.<\/li>\n<li>RDMA over converged Ethernet (RoCE).<\/li>\n<li>PCIe-based UART and KCS.<\/li>\n<li>Jumbo frames up to 9 KB.<\/li>\n<li>Advanced Congestion Avoidance.<\/li>\n<li>IPv4 and IPv6 offloads.<\/li>\n<li>TCP, UDP, and IP checksum offloads.<\/li>\n<li>Large Send Offload (LSO).<\/li>\n<li>Large Receive Offload (LRO).<\/li>\n<li>TCP Segmentation Offload (TSO).<\/li>\n<li>Receive-side Scaling (RSS).<\/li>\n<li>Transmit-side Scaling (TSS).<\/li>\n<li>VLAN insertion\/removal.<\/li>\n<li>Interrupt coalescing.<\/li>\n<\/ul>\n<\/td>\n<\/tr>\n<tr>\n<td>Power Requirements:<\/td>\n<td>\n<ul style=\"text-align: left;\">\n<li>12.9W<\/li>\n<\/ul>\n<\/td>\n<\/tr>\n<tr>\n<td>Number of Port<\/td>\n<td>\n<ul style=\"text-align: left;\">\n<li>Two 25G\/10G\/1G SFP28 ports<\/li>\n<\/ul>\n<\/td>\n<\/tr>\n<tr>\n<td>Package includes:<\/td>\n<td>\n<ul style=\"text-align: left;\">\n<li>2-CH 25G\/10G\/1G RDMA SFP28 Optical Ethernet Card<\/li>\n<li>Low Profile PCI Bracket<\/li>\n<\/ul>\n<\/td>\n<\/tr>\n<\/tbody>\n<\/table>\n<\/div>\n","protected":false},"featured_media":169961,"template":"","meta":{"inline_featured_image":false},"product_brand":[],"product_cat":[744],"product_tag":[],"class_list":{"0":"post-169952","1":"product","2":"type-product","3":"status-publish","4":"has-post-thumbnail","6":"product_cat-interface-cards-poe-injectors-de","8":"first","9":"instock","10":"taxable","11":"shipping-taxable","12":"purchasable","13":"product-type-simple","14":"layout-style-2","15":"col-md-4 col-sm-4 col-xs-6","16":"col-lg-2","17":"product-has-gallery","18":"product-style-addtocart"},"aioseo_notices":[],"_links":{"self":[{"href":"https:\/\/thinklucid.com\/de\/wp-json\/wp\/v2\/product\/169952","targetHints":{"allow":["GET"]}}],"collection":[{"href":"https:\/\/thinklucid.com\/de\/wp-json\/wp\/v2\/product"}],"about":[{"href":"https:\/\/thinklucid.com\/de\/wp-json\/wp\/v2\/types\/product"}],"wp:featuredmedia":[{"embeddable":true,"href":"https:\/\/thinklucid.com\/de\/wp-json\/wp\/v2\/media\/169961"}],"wp:attachment":[{"href":"https:\/\/thinklucid.com\/de\/wp-json\/wp\/v2\/media?parent=169952"}],"wp:term":[{"taxonomy":"product_brand","embeddable":true,"href":"https:\/\/thinklucid.com\/de\/wp-json\/wp\/v2\/product_brand?post=169952"},{"taxonomy":"product_cat","embeddable":true,"href":"https:\/\/thinklucid.com\/de\/wp-json\/wp\/v2\/product_cat?post=169952"},{"taxonomy":"product_tag","embeddable":true,"href":"https:\/\/thinklucid.com\/de\/wp-json\/wp\/v2\/product_tag?post=169952"}],"curies":[{"name":"wp","href":"https:\/\/api.w.org\/{rel}","templated":true}]}}