{"id":169924,"date":"2024-02-18T15:38:12","date_gmt":"2024-02-18T23:38:12","guid":{"rendered":"https:\/\/ec2-34-221-119-146.us-west-2.compute.amazonaws.com\/?post_type=product&#038;p=169924"},"modified":"2024-02-18T19:51:27","modified_gmt":"2024-02-19T03:51:27","slug":"edmund-optics-c-mount-1-1-8-35mm-f-1-85-uc-series","status":"publish","type":"product","link":"https:\/\/thinklucid.com\/de\/product\/edmund-optics-c-mount-1-1-8-35mm-f-1-85-uc-series\/","title":{"rendered":"Edmund Optics C-Mount 1\/1,8&#8243; 35mm f\/1,85 (UC Series)"},"content":{"rendered":"","protected":false},"excerpt":{"rendered":"<ol class=\"breadcrumb\" style=\"text-align: left;\">\n<li><a href=\"\/\">Home<\/a><\/li>\n<li><a href=\"\/de\/accessories\/\">Zubeh\u00f6r<\/a><\/li>\n<li><a href=\"\/de\/category\/lenses-lens-tubes\/\">Objektive &amp; Linsentuben<\/a><\/li>\n<li>Edmund Optics C-Mount 1\/1,8&#8243; 35mm f\/1,85<a href=\"\/de\/product\/edmund-optics-c-mount-1-1-8-16mm-f-1-8\/\" rel=\"prev\"><span class=\"screen-reader-text\">Edmund Optics C-Mount 1\/1.8\u2033 16mm f\/1.8<\/span><svg><use xlink:href=\"#left-arrow\"><\/use><\/svg><\/a> <a href=\"\/de\/product\/edmund-optics-c-mount-1-18-6mm-f-1-4-c-series\/\" rel=\"next\"><span class=\"screen-reader-text\">Edmund Optics C-Mount 1\/1.8\u2033 6mm f\/1.4 (C Series)<\/span><svg><use xlink:href=\"#right-arrow\"><\/use><\/svg><\/a><\/li>\n<\/ol>\n<p style=\"text-align: left; font-size: 1.4rem; padding-top:15px\">Die TECHSPEC\u00ae Objektive mit Festbrennweite der UC-Serie besitzen eine verstellbare Blende und versenkte Feststellschrauben und sind fokussierbar \u00fcber einen weiten Arbeitsabstandsbereich, der auf typische Anwendungen der Maschinenbildverarbeitung ausgelegt ist. Sie sind zwar f\u00fcr Sensoren 1\/2,5&#8243; optimiert, viele Brennweiten eignen sich jedoch auch f\u00fcr Sensoren bis 1\/1,8&#8243;. Die TECHSPEC\u00ae Objektive mit Festbrennweite der UC-Serie sind ideal geeignet f\u00fcr alle kleineren Kamerasensoren und Anwendungen wie Inspektion, Automatisierung, Biomedizin und vieles mehr.<\/p>\n<p style=\"text-align: left; font-size: 1.4rem; color: black;\"><strong>Spezifikationen #33-306<\/strong><\/p>\n<div id=\"tabSpecifications\" class=\"tab-product\" style=\"display:block\">\n<div>\n<div class=\"row specsRow\" style=\"margin-right:0px\">\n<div class=\"col-lg-6 col-xs-12 specs\" style=\"padding:4px\">\n<div class=\"row\">\n<div class=\"col-lg-6 col-xs-6 col-6\">\n<div class=\"\">\nBlende:<br \/>\n<span class=\"spec-tooltiptext-hidden\"><\/span>\n<\/div>\n<\/div>\n<div class=\"col-lg-6 col-xs-6 col-6\">\nVariable <\/div>\n<\/div>\n<\/div>\n<div class=\"col-lg-6 col-xs-12 specs\" style=\"padding:4px\">\n<div class=\"row\">\n<div class=\"col-lg-6 col-xs-6 col-6\">\n<div class=\"\">\nL\u00e4nge (mm):<br \/>\n<span class=\"spec-tooltiptext-hidden\"><\/span>\n<\/div>\n<\/div>\n<div class=\"col-lg-6 col-xs-6 col-6\">\n52.76 <\/div>\n<\/div>\n<\/div>\n<\/div>\n<div class=\"row specsRow\" style=\"margin-right:0px\">\n<div class=\"col-lg-6 col-xs-12 specs\" style=\"padding:4px\">\n<div class=\"row\">\n<div class=\"col-lg-6 col-xs-6 col-6\">\n<div class=\"\">\nHorizontales Bildfeld, 1\/2\u201c Sensor:<br \/>\n<span class=\"spec-tooltiptext-hidden\"><\/span>\n<\/div>\n<\/div>\n<div class=\"col-lg-6 col-xs-6 col-6\">\n40.7mm &#8211; 10.6\u00b0 <\/div>\n<\/div>\n<\/div>\n<div class=\"col-lg-6 col-xs-12 specs\" style=\"padding:4px\">\n<div class=\"row\">\n<div class=\"col-lg-6 col-xs-6 col-6\">\n<div class=\"\">\nFiltergewinde:<br \/>\n<span class=\"spec-tooltiptext-hidden\"><\/span>\n<\/div>\n<\/div>\n<div class=\"col-lg-6 col-xs-6 col-6\">\nM25.5 x 0.50 (Female) <\/div>\n<\/div>\n<\/div>\n<\/div>\n<div class=\"row specsRow\" style=\"margin-right:0px\">\n<div class=\"col-lg-6 col-xs-12 specs\" style=\"padding:4px\">\n<div class=\"row\">\n<div class=\"col-lg-6 col-xs-6 col-6\">\n<div class=\"\">\nMax. Durchmesser (mm):<br \/>\n<span class=\"spec-tooltiptext-hidden\"><\/span>\n<\/div>\n<\/div>\n<div class=\"col-lg-6 col-xs-6 col-6\">\n30 <\/div>\n<\/div>\n<\/div>\n<div class=\"col-lg-6 col-xs-12 specs\" style=\"padding:4px\">\n<div class=\"row\">\n<div class=\"col-lg-6 col-xs-6 col-6\">\n<div class=\"\">\nAu\u00dfendurchmesser (mm):<br \/>\n<span class=\"spec-tooltiptext-hidden\"><\/span>\n<\/div>\n<\/div>\n<div class=\"col-lg-6 col-xs-6 col-6\">\n30 <\/div>\n<\/div>\n<\/div>\n<\/div>\n<div class=\"row specsRow\" style=\"margin-right:0px\">\n<div class=\"col-lg-6 col-xs-12 specs\" style=\"padding:4px\">\n<div class=\"row\">\n<div class=\"col-lg-6 col-xs-6 col-6\">\n<div class=\"\">\nHorizontales Bildfeld, 1\/3\u201c Sensor:<br \/>\n<span class=\"spec-tooltiptext-hidden\"><\/span>\n<\/div>\n<\/div>\n<div class=\"col-lg-6 col-xs-6 col-6\">\n30.5mm &#8211; 7.9\u00b0 <\/div>\n<\/div>\n<\/div>\n<div class=\"col-lg-6 col-xs-12 specs\" style=\"padding:4px\">\n<div class=\"row\">\n<div class=\"col-lg-6 col-xs-6 col-6\">\n<div class=\"\">\nZus\u00e4tzliche Objektivl\u00e4nge in Kamera (mm):<br \/>\n<span class=\"spec-tooltiptext-hidden\"><\/span>\n<\/div>\n<\/div>\n<div class=\"col-lg-6 col-xs-6 col-6\">\n4.58 <\/div>\n<\/div>\n<\/div>\n<\/div>\n<div class=\"row specsRow\" style=\"margin-right:0px\">\n<div class=\"col-lg-6 col-xs-12 specs\" style=\"padding:4px\">\n<div class=\"row\">\n<div class=\"col-lg-6 col-xs-6 col-6\">\n<div class=\"\">\nMax. Bildkreis (mm):<br \/>\n<span class=\"spec-tooltiptext-hidden\"><\/span>\n<\/div>\n<\/div>\n<div class=\"col-lg-6 col-xs-6 col-6\">\n9.00 <\/div>\n<\/div>\n<\/div>\n<div class=\"col-lg-6 col-xs-12 specs\" style=\"padding:4px\">\n<div class=\"row\">\n<div class=\"col-lg-6 col-xs-6 col-6\">\n<div class=\"\">\nNumerische Apertur NA, Objektseite:<br \/>\n<span class=\"spec-tooltiptext-hidden\"><\/span>\n<\/div>\n<\/div>\n<div class=\"col-lg-6 col-xs-6 col-6\">\n0.0392 <\/div>\n<\/div>\n<\/div>\n<\/div>\n<div class=\"row specsRow\" style=\"margin-right:0px\">\n<div class=\"col-lg-6 col-xs-12 specs\" style=\"padding:4px\">\n<div class=\"row\">\n<div class=\"col-lg-6 col-xs-6 col-6\">\n<div class=\"\">\nHorizontales Bildfeld @ max. Sensorformat:<br \/>\n<span class=\"spec-tooltiptext-hidden\"><\/span>\n<\/div>\n<\/div>\n<div class=\"col-lg-6 col-xs-6 col-6\">\n56.0mm &#8211; 11.1\u00b0 <\/div>\n<\/div>\n<\/div>\n<div class=\"col-lg-6 col-xs-12 specs\" style=\"padding:4px\">\n<div class=\"row\">\n<div class=\"col-lg-6 col-xs-6 col-6\">\n<div class=\"\">\nAnzahl Elemente (Gruppen):<br \/>\n<span class=\"spec-tooltiptext-hidden\"><\/span>\n<\/div>\n<\/div>\n<div class=\"col-lg-6 col-xs-6 col-6\">\n7 (5) <\/div>\n<\/div>\n<\/div>\n<\/div>\n<div class=\"row specsRow\" style=\"margin-right:0px\">\n<div class=\"col-lg-6 col-xs-12 specs\" style=\"padding:4px\">\n<div class=\"row\">\n<div class=\"col-lg-6 col-xs-6 col-6\">\n<div class=\"\">\nHorizontales Bildfeld, 1\/1,8\u201c Sensor:<br \/>\n<span class=\"spec-tooltiptext-hidden\"><\/span>\n<\/div>\n<\/div>\n<div class=\"col-lg-6 col-xs-6 col-6\">\n45.9mm &#8211; 11.9\u00b0 <\/div>\n<\/div>\n<\/div>\n<div class=\"col-lg-6 col-xs-12 specs\" style=\"padding:4px\">\n<div class=\"row\">\n<div class=\"col-lg-6 col-xs-6 col-6\">\n<div class=\"\">\nGewindedurchmesser (mm):<br \/>\n<span class=\"spec-tooltiptext-hidden\"><\/span>\n<\/div>\n<\/div>\n<div class=\"col-lg-6 col-xs-6 col-6\">\n30.0 <\/div>\n<\/div>\n<\/div>\n<\/div>\n<div class=\"row specsRow\" style=\"margin-right:0px\">\n<div class=\"col-lg-6 col-xs-12 specs\" style=\"padding:4px\">\n<div class=\"row\">\n<div class=\"col-lg-6 col-xs-6 col-6\">\n<div class=\"\">\nHorizontales Bildfeld, 1\/2,5\u201c Sensor:<br \/>\n<span class=\"spec-tooltiptext-hidden\"><\/span>\n<\/div>\n<\/div>\n<div class=\"col-lg-6 col-xs-6 col-6\">\n36.9mm &#8211; 9.6\u00b0 <\/div>\n<\/div>\n<\/div>\n<div class=\"col-lg-6 col-xs-12 specs\" style=\"padding:4px\">\n<div class=\"row\">\n<div class=\"col-lg-6 col-xs-6 col-6\">\n<div class=\"\">\nOptimiert f\u00fcr Sensorgr\u00f6\u00dfe:<br \/>\n<span class=\"spec-tooltiptext-hidden\"><\/span>\n<\/div>\n<\/div>\n<div class=\"col-lg-6 col-xs-6 col-6\">\n1\/2.5&#8243; <\/div>\n<\/div>\n<\/div>\n<\/div>\n<div class=\"row specsRow\" style=\"margin-right:0px\">\n<div class=\"col-lg-6 col-xs-12 specs\" style=\"padding:4px\">\n<div class=\"row\">\n<div class=\"col-lg-6 col-xs-6 col-6\">\n<div class=\"\">\nTyp:<br \/>\n<span class=\"spec-tooltiptext-hidden\"><\/span>\n<\/div>\n<\/div>\n<div class=\"col-lg-6 col-xs-6 col-6\">\nFixed Focal Length Lens <\/div>\n<\/div>\n<\/div>\n<div class=\"col-lg-6 col-xs-12 specs\" style=\"padding:4px\">\n<div class=\"row\">\n<div class=\"col-lg-6 col-xs-6 col-6\">\n<div class=\"\">\nBrennweite BW (mm):<br \/>\n<span class=\"spec-tooltiptext-hidden\"><\/span>\n<\/div>\n<\/div>\n<div class=\"col-lg-6 col-xs-6 col-6\">\n35.00 <\/div>\n<\/div>\n<\/div>\n<\/div>\n<div class=\"row specsRow\" style=\"margin-right:0px\">\n<div class=\"col-lg-6 col-xs-12 specs\" style=\"padding:4px\">\n<div class=\"row\">\n<div class=\"col-lg-6 col-xs-6 col-6\">\n<div class=\"\">\nVergr\u00f6\u00dferung PMAG:<br \/>\n<span class=\"spec-tooltiptext-hidden\"><\/span>\n<\/div>\n<\/div>\n<div class=\"col-lg-6 col-xs-6 col-6\">\n0.158 <\/div>\n<\/div>\n<\/div>\n<div class=\"col-lg-6 col-xs-12 specs\" style=\"padding:4px\">\n<div class=\"row\">\n<div class=\"col-lg-6 col-xs-6 col-6\">\n<div class=\"\">\nMax. Sensorgr\u00f6\u00dfe:<br \/>\n<span class=\"spec-tooltiptext-hidden\"><\/span>\n<\/div>\n<\/div>\n<div class=\"col-lg-6 col-xs-6 col-6\">\n1\/1.8&#8243; <\/div>\n<\/div>\n<\/div>\n<\/div>\n<div class=\"row specsRow\" style=\"margin-right:0px\">\n<div class=\"col-lg-6 col-xs-12 specs\" style=\"padding:4px\">\n<div class=\"row\">\n<div class=\"col-lg-6 col-xs-6 col-6\">\n<div class=\"\">\nArbeitsabstand (mm):<br \/>\n<span class=\"spec-tooltiptext-hidden\"><\/span>\n<\/div>\n<\/div>\n<div class=\"col-lg-6 col-xs-6 col-6\">\n200 &#8211; \u221e <\/div>\n<\/div>\n<\/div>\n<div class=\"col-lg-6 col-xs-12 specs\" style=\"padding:4px\">\n<div class=\"row\">\n<div class=\"col-lg-6 col-xs-6 col-6\">\n<div class=\"\">\nMount:<br \/>\n<span class=\"spec-tooltiptext-hidden\"><\/span>\n<\/div>\n<\/div>\n<div class=\"col-lg-6 col-xs-6 col-6\">\nC-Mount <\/div>\n<\/div>\n<\/div>\n<\/div>\n<div class=\"row specsRow\" style=\"margin-right:0px\">\n<div class=\"col-lg-6 col-xs-12 specs\" style=\"padding:4px\">\n<div class=\"row\">\n<div class=\"col-lg-6 col-xs-6 col-6\">\n<div class=\"\">\nBlende (f\/#):<br \/>\n<span class=\"spec-tooltiptext-hidden\"><\/span>\n<\/div>\n<\/div>\n<div class=\"col-lg-6 col-xs-6 col-6\">\nf\/1.85 &#8211; f\/16 <\/div>\n<\/div>\n<\/div>\n<div class=\"col-lg-6 col-xs-12 specs\" style=\"padding:4px\">\n<div class=\"row\">\n<div class=\"col-lg-6 col-xs-6 col-6\">\n<div class=\"\">\nBeschichtung:<br \/>\n<span class=\"spec-tooltiptext-hidden\"><\/span>\n<\/div>\n<\/div>\n<div class=\"col-lg-6 col-xs-6 col-6\">\n\u03bb\/4 MgF<sub>2<\/sub> <\/div>\n<\/div>\n<\/div>\n<\/div>\n<div class=\"row specsRow\" style=\"margin-right:0px\">\n<div class=\"col-lg-6 col-xs-12 specs\" style=\"padding:4px\">\n<div class=\"row\">\n<div class=\"col-lg-6 col-xs-6 col-6\">\n<div class=\"\">\nBeschichtungsspezifikation:<br \/>\n<span class=\"spec-tooltiptext-hidden\"><\/span>\n<\/div>\n<\/div>\n<div class=\"col-lg-6 col-xs-6 col-6\">\n\u03bb\/4 MgF<sub>2<\/sub> <\/div>\n<\/div>\n<\/div>\n<div class=\"col-lg-6 col-xs-12 specs\" style=\"padding:4px\">\n<div class=\"row\">\n<div class=\"col-lg-6 col-xs-6 col-6\">\n<div class=\"\">\nPosition Eintrittspupille (mm):<br \/>\n<span class=\"spec-tooltiptext-hidden\"><\/span>\n<\/div>\n<\/div>\n<div class=\"col-lg-6 col-xs-6 col-6\">\n34 <\/div>\n<\/div>\n<\/div>\n<\/div>\n<div class=\"row specsRow\" style=\"margin-right:0px\">\n<div class=\"col-lg-6 col-xs-12 specs\" style=\"padding:4px\">\n<div class=\"row\">\n<div class=\"col-lg-6 col-xs-6 col-6\">\n<div class=\"\">\nHorizontales Bildfeld, 1\/4\u201c Sensor:<br \/>\n<span class=\"spec-tooltiptext-hidden\"><\/span>\n<\/div>\n<\/div>\n<div class=\"col-lg-6 col-xs-6 col-6\">\n22.8mm &#8211; 6.0\u00b0 <\/div>\n<\/div>\n<\/div>\n<div class=\"col-lg-6 col-xs-12 specs\" style=\"padding:4px\">\n<div class=\"row\">\n<div class=\"col-lg-6 col-xs-6 col-6\">\n<div class=\"\">\nHauptebene Objektseite (mm):<br \/>\n<span class=\"spec-tooltiptext-hidden\"><\/span>\n<\/div>\n<\/div>\n<div class=\"col-lg-6 col-xs-6 col-6\">\n49.24 <\/div>\n<\/div>\n<\/div>\n<\/div>\n<div class=\"row specsRow\" style=\"margin-right:0px\">\n<div class=\"col-lg-6 col-xs-12 specs\" style=\"padding:4px\">\n<div class=\"row\">\n<div class=\"col-lg-6 col-xs-6 col-6\">\n<div class=\"\">\nHauptebene Bildseite (mm):<br \/>\n<span class=\"spec-tooltiptext-hidden\"><\/span>\n<\/div>\n<\/div>\n<div class=\"col-lg-6 col-xs-6 col-6\">\n-19.45 <\/div>\n<\/div>\n<\/div>\n<div class=\"col-lg-6 col-xs-12 specs\" style=\"padding:4px\">\n<div class=\"row\">\n<div class=\"col-lg-6 col-xs-6 col-6\">\n<div class=\"\">\nBildfeld bei max. Sensorformat:<br \/>\n<span class=\"spec-tooltiptext-hidden\"><\/span>\n<\/div>\n<\/div>\n<div class=\"col-lg-6 col-xs-6 col-6\">\nHorizontal: 45.9mm &#8211; 11.9\u00b0<br \/>Vertical: 34.3mm &#8211; 8.9\u00b0<br \/>Diagonal: 57.5mm &#8211; 14.9\u00b0 <\/div>\n<\/div>\n<\/div>\n<\/div>\n<div class=\"row specsRow\" style=\"margin-right:0px\">\n<div class=\"col-lg-6 col-xs-12 specs\" style=\"padding:4px\">\n<div class=\"row\">\n<div class=\"col-lg-6 col-xs-6 col-6\">\n<div class=\"\">\nMaximale Verzeichnung (%):<br \/>\n<span class=\"spec-tooltiptext-hidden\"><\/span>\n<\/div>\n<\/div>\n<div class=\"col-lg-6 col-xs-6 col-6\">\n-0.22 <\/div>\n<\/div>\n<\/div>\n<div class=\"col-lg-6 col-xs-12 specs\" style=\"padding:4px\">\n<div class=\"row\">\n<div class=\"col-lg-6 col-xs-6 col-6\">\n<div class=\"\">\nMaximale L\u00e4nge (mm):<br \/>\n<span class=\"spec-tooltiptext-hidden\"><\/span>\n<\/div>\n<\/div>\n<div class=\"col-lg-6 col-xs-6 col-6\">\n52.76 <\/div>\n<\/div>\n<\/div>\n<\/div>\n<div class=\"row specsRow\" style=\"margin-right:0px\">\n<div class=\"col-lg-6 col-xs-12 specs\" style=\"padding:4px\">\n<div class=\"row\">\n<div class=\"col-lg-6 col-xs-6 col-6\">\n<div class=\"\">\nPosition Austrittspupille (mm):<br \/>\n<span class=\"spec-tooltiptext-hidden\"><\/span>\n<\/div>\n<\/div>\n<div class=\"col-lg-6 col-xs-6 col-6\">\n-46.7 <\/div>\n<\/div>\n<\/div>\n<div class=\"col-lg-6 col-xs-12 specs\" style=\"padding:4px\">\n<div class=\"row\">\n<div class=\"col-lg-6 col-xs-6 col-6\">\n<div class=\"\">\nWellenl\u00e4ngenbereich:<br \/>\n<span class=\"spec-tooltiptext-hidden\"><\/span>\n<\/div>\n<\/div>\n<div class=\"col-lg-6 col-xs-6 col-6\">\nVIS <\/div>\n<\/div>\n<\/div>\n<\/div>\n<div class=\"row specsRow\" style=\"margin-right:0px\">\n<div class=\"col-lg-6 col-xs-12 specs\" style=\"padding:4px\">\n<div class=\"row\">\n<div class=\"col-lg-6 col-xs-6 col-6\">\n<div class=\"\">\nObjektivtyp:<br \/>\n<span class=\"spec-tooltiptext-hidden\"><\/span>\n<\/div>\n<\/div>\n<div class=\"col-lg-6 col-xs-6 col-6\">\nHigh Performance Lens with Compact Form Factor <\/div>\n<\/div>\n<\/div>\n<div class=\"col-lg-6 col-xs-12 specs\" style=\"padding:4px\">\n<div class=\"row\">\n<div class=\"col-lg-6 col-xs-6 col-6\">\n<div class=\"\">\nLagerungstemperatur (\u00b0C):<br \/>\n<span class=\"spec-tooltiptext-hidden\"><\/span>\n<\/div>\n<\/div>\n<div class=\"col-lg-6 col-xs-6 col-6\">\n-20 to +60 For questions regarding operating temperature please contact our support team <\/div>\n<\/div>\n<\/div>\n<\/div>\n<\/div>\n<\/div>\n","protected":false},"featured_media":169932,"template":"","meta":{"inline_featured_image":false},"product_brand":[],"product_cat":[706],"product_tag":[],"class_list":{"0":"post-169924","1":"product","2":"type-product","3":"status-publish","4":"has-post-thumbnail","6":"product_cat-lenses-lens-tubes-de","8":"first","9":"onbackorder","10":"taxable","11":"shipping-taxable","12":"purchasable","13":"product-type-simple","14":"layout-style-2","15":"col-md-4 col-sm-4 col-xs-6","16":"col-lg-2","17":"product-has-gallery","18":"product-style-addtocart"},"aioseo_notices":[],"_links":{"self":[{"href":"https:\/\/thinklucid.com\/de\/wp-json\/wp\/v2\/product\/169924","targetHints":{"allow":["GET"]}}],"collection":[{"href":"https:\/\/thinklucid.com\/de\/wp-json\/wp\/v2\/product"}],"about":[{"href":"https:\/\/thinklucid.com\/de\/wp-json\/wp\/v2\/types\/product"}],"wp:featuredmedia":[{"embeddable":true,"href":"https:\/\/thinklucid.com\/de\/wp-json\/wp\/v2\/media\/169932"}],"wp:attachment":[{"href":"https:\/\/thinklucid.com\/de\/wp-json\/wp\/v2\/media?parent=169924"}],"wp:term":[{"taxonomy":"product_brand","embeddable":true,"href":"https:\/\/thinklucid.com\/de\/wp-json\/wp\/v2\/product_brand?post=169924"},{"taxonomy":"product_cat","embeddable":true,"href":"https:\/\/thinklucid.com\/de\/wp-json\/wp\/v2\/product_cat?post=169924"},{"taxonomy":"product_tag","embeddable":true,"href":"https:\/\/thinklucid.com\/de\/wp-json\/wp\/v2\/product_tag?post=169924"}],"curies":[{"name":"wp","href":"https:\/\/api.w.org\/{rel}","templated":true}]}}