{"id":169891,"date":"2024-02-18T12:51:57","date_gmt":"2024-02-18T20:51:57","guid":{"rendered":"https:\/\/ec2-34-221-119-146.us-west-2.compute.amazonaws.com\/?post_type=product&#038;p=169891"},"modified":"2024-02-18T13:41:14","modified_gmt":"2024-02-18T21:41:14","slug":"edmund-optics-c-mount-1-1-8-4-5mm-f-2-c-series","status":"publish","type":"product","link":"https:\/\/thinklucid.com\/de\/product\/edmund-optics-c-mount-1-1-8-4-5mm-f-2-c-series\/","title":{"rendered":"Edmund Optics C-Mount 1\/1.8\u2033 4.5mm f\/2 (C Series)"},"content":{"rendered":"","protected":false},"excerpt":{"rendered":"<ol class=\"breadcrumb\" style=\"text-align: left;\">\n<li><a href=\"\/\">Home<\/a><\/li>\n<li><a href=\"\/de\/accessories\/\">Zubeh\u00f6r<\/a><\/li>\n<li><a href=\"\/de\/category\/lenses-lens-tubes\/\">Objektive &amp; Linsentuben<\/a><\/li>\n<li>Edmund Optics C-Mount 1\/1,8&#8243; 4,5mm f\/2 (C Series) <a href=\"\/de\/product\/edmund-optics-c-mount-1-1-8-25mm-f-1-85\/\" rel=\"prev\"><span class=\"screen-reader-text\">Edmund Optics C-Mount 1\/1.8\u2033 25mm f\/1.85 (UC Series)<\/span><svg viewbox=\"0 0 20 20\"><use xmlns:xlink=\"http:\/\/www.w3.org\/1999\/xlink\" xlink:href=\"#left-arrow\"><\/use><\/svg><\/a> <a href=\"\/de\/product\/edmund-optics-c-mount-2-3-8mm-f-1-3-c-series\/\" rel=\"next\"><span class=\"screen-reader-text\">Edmund Optics C-Mount 2\/3\u2033 8.5mm f\/1.3 (C Series)<\/span><svg viewbox=\"0 0 20 20\"><use xmlns:xlink=\"http:\/\/www.w3.org\/1999\/xlink\" xlink:href=\"#right-arrow\"><\/use><\/svg><\/a><\/li>\n<\/ol>\n<p style=\"text-align: left; font-size: 1.4rem;padding-top:15px;\">Die TECHSPEC\u00ae Objektive mit Festbrennweite der C-Serie sind f\u00fcr Bildverarbeitungsanwendungen in der Industrie mit Arbeitsabst\u00e4nden und Aufl\u00f6sungen vorgesehen, wie sie bei der Produktionsautomatisierung und Pr\u00fcfung ben\u00f6tigt werden. TECHSPEC\u00ae Objektive mit Festbrennweite der C-Serie besitzen eine gro\u00dfe Offenblende, sodass diese Hochleistungsobjektive selbst unter ung\u00fcnstigen Beleuchtungsbedingungen eingesetzt werden k\u00f6nnen. Jedes Objektiv besitzt eine Antireflexionsbeschichtung, eine fixierbare Blende, eine Fokuseinstellung mit versenkten Fixierschrauben sowie ein robustes, stabiles Geh\u00e4use f\u00fcr Anwendungen mit geringem Platzangebot.<\/p>\n<p style=\"text-align: left; font-size: 1.4rem; color: black;\"><strong>Spezifikationen #86-900<\/strong><\/p>\n<div id=\"tabSpecifications\" class=\"tab-product\" style=\"display:block\">\n<div>\n<div class=\"row specsRow\" style=\"margin-right:0px\">\n<div class=\"col-lg-6 col-xs-12 specs\" style=\"padding:4px\">\n<div class=\"row\">\n<div class=\"col-lg-6 col-xs-6 col-6\">\n<div class=\"\">\nBlende:<br \/>\n<span class=\"spec-tooltiptext-hidden\"><\/span>\n<\/div>\n<\/div>\n<div class=\"col-lg-6 col-xs-6 col-6\">\nVariable <\/div>\n<\/div>\n<\/div>\n<div class=\"col-lg-6 col-xs-12 specs\" style=\"padding:4px\">\n<div class=\"row\">\n<div class=\"col-lg-6 col-xs-6 col-6\">\n<div class=\"\">\nL\u00e4nge (mm):<br \/>\n<span class=\"spec-tooltiptext-hidden\"><\/span>\n<\/div>\n<\/div>\n<div class=\"col-lg-6 col-xs-6 col-6\">\n37.50 <\/div>\n<\/div>\n<\/div>\n<\/div>\n<div class=\"row specsRow\" style=\"margin-right:0px\">\n<div class=\"col-lg-6 col-xs-12 specs\" style=\"padding:4px\">\n<div class=\"row\">\n<div class=\"col-lg-6 col-xs-6 col-6\">\n<div class=\"\">\nHorizontales Bildfeld, 1\/2\u201c Sensor:<br \/>\n<span class=\"spec-tooltiptext-hidden\"><\/span>\n<\/div>\n<\/div>\n<div class=\"col-lg-6 col-xs-6 col-6\">\n76.7\u00b0 <\/div>\n<\/div>\n<\/div>\n<div class=\"col-lg-6 col-xs-12 specs\" style=\"padding:4px\">\n<div class=\"row\">\n<div class=\"col-lg-6 col-xs-6 col-6\">\n<div class=\"\">\nFiltergewinde:<br \/>\n<span class=\"spec-tooltiptext-hidden\"><\/span>\n<\/div>\n<\/div>\n<div class=\"col-lg-6 col-xs-6 col-6\">\nM58 x 0.75 with required adapter <a href=\"\/search\/?criteria=87-425\" rel=\"nofollow\">#87-425<\/a> <\/div>\n<\/div>\n<\/div>\n<\/div>\n<div class=\"row specsRow\" style=\"margin-right:0px\">\n<div class=\"col-lg-6 col-xs-12 specs\" style=\"padding:4px\">\n<div class=\"row\">\n<div class=\"col-lg-6 col-xs-6 col-6\">\n<div class=\"\">\nMax. Durchmesser (mm):<br \/>\n<span class=\"spec-tooltiptext-hidden\"><\/span>\n<\/div>\n<\/div>\n<div class=\"col-lg-6 col-xs-6 col-6\">\n40 <\/div>\n<\/div>\n<\/div>\n<div class=\"col-lg-6 col-xs-12 specs\" style=\"padding:4px\">\n<div class=\"row\">\n<div class=\"col-lg-6 col-xs-6 col-6\">\n<div class=\"\">\nAu\u00dfendurchmesser (mm):<br \/>\n<span class=\"spec-tooltiptext-hidden\"><\/span>\n<\/div>\n<\/div>\n<div class=\"col-lg-6 col-xs-6 col-6\">\n40.00 <\/div>\n<\/div>\n<\/div>\n<\/div>\n<div class=\"row specsRow\" style=\"margin-right:0px\">\n<div class=\"col-lg-6 col-xs-12 specs\" style=\"padding:4px\">\n<div class=\"row\">\n<div class=\"col-lg-6 col-xs-6 col-6\">\n<div class=\"\">\nGewicht (g):<br \/>\n<span class=\"spec-tooltiptext-hidden\"><\/span>\n<\/div>\n<\/div>\n<div class=\"col-lg-6 col-xs-6 col-6\">\n69 <\/div>\n<\/div>\n<\/div>\n<div class=\"col-lg-6 col-xs-12 specs\" style=\"padding:4px\">\n<div class=\"row\">\n<div class=\"col-lg-6 col-xs-6 col-6\">\n<div class=\"\">\nHorizontales Bildfeld, 1\/3\u201c Sensor:<br \/>\n<span class=\"spec-tooltiptext-hidden\"><\/span>\n<\/div>\n<\/div>\n<div class=\"col-lg-6 col-xs-6 col-6\">\n59.2\u00b0 <\/div>\n<\/div>\n<\/div>\n<\/div>\n<div class=\"row specsRow\" style=\"margin-right:0px\">\n<div class=\"col-lg-6 col-xs-12 specs\" style=\"padding:4px\">\n<div class=\"row\">\n<div class=\"col-lg-6 col-xs-6 col-6\">\n<div class=\"\">\nZus\u00e4tzliche Objektivl\u00e4nge in Kamera (mm):<br \/>\n<span class=\"spec-tooltiptext-hidden\"><\/span>\n<\/div>\n<\/div>\n<div class=\"col-lg-6 col-xs-6 col-6\">\n2.78 <\/div>\n<\/div>\n<\/div>\n<div class=\"col-lg-6 col-xs-12 specs\" style=\"padding:4px\">\n<div class=\"row\">\n<div class=\"col-lg-6 col-xs-6 col-6\">\n<div class=\"\">\nMax. Bildkreis (mm):<br \/>\n<span class=\"spec-tooltiptext-hidden\"><\/span>\n<\/div>\n<\/div>\n<div class=\"col-lg-6 col-xs-6 col-6\">\n9.00 <\/div>\n<\/div>\n<\/div>\n<\/div>\n<div class=\"row specsRow\" style=\"margin-right:0px\">\n<div class=\"col-lg-6 col-xs-12 specs\" style=\"padding:4px\">\n<div class=\"row\">\n<div class=\"col-lg-6 col-xs-6 col-6\">\n<div class=\"\">\nNumerische Apertur NA, Objektseite:<br \/>\n<span class=\"spec-tooltiptext-hidden\"><\/span>\n<\/div>\n<\/div>\n<div class=\"col-lg-6 col-xs-6 col-6\">\n0.0285 <\/div>\n<\/div>\n<\/div>\n<div class=\"col-lg-6 col-xs-12 specs\" style=\"padding:4px\">\n<div class=\"row\">\n<div class=\"col-lg-6 col-xs-6 col-6\">\n<div class=\"\">\nHorizontales Bildfeld @ max. Sensorformat:<br \/>\n<span class=\"spec-tooltiptext-hidden\"><\/span>\n<\/div>\n<\/div>\n<div class=\"col-lg-6 col-xs-6 col-6\">\n84.7\u00b0 <\/div>\n<\/div>\n<\/div>\n<\/div>\n<div class=\"row specsRow\" style=\"margin-right:0px\">\n<div class=\"col-lg-6 col-xs-12 specs\" style=\"padding:4px\">\n<div class=\"row\">\n<div class=\"col-lg-6 col-xs-6 col-6\">\n<div class=\"\">\nAnzahl Elemente (Gruppen):<br \/>\n<span class=\"spec-tooltiptext-hidden\"><\/span>\n<\/div>\n<\/div>\n<div class=\"col-lg-6 col-xs-6 col-6\">\n7 (6) <\/div>\n<\/div>\n<\/div>\n<div class=\"col-lg-6 col-xs-12 specs\" style=\"padding:4px\">\n<div class=\"row\">\n<div class=\"col-lg-6 col-xs-6 col-6\">\n<div class=\"\">\nHinweis:<br \/>\n<span class=\"spec-tooltiptext-hidden\"><\/span>\n<\/div>\n<\/div>\n<div class=\"col-lg-6 col-xs-6 col-6\">\nLength includes protruding front element <\/div>\n<\/div>\n<\/div>\n<\/div>\n<div class=\"row specsRow\" style=\"margin-right:0px\">\n<div class=\"col-lg-6 col-xs-12 specs\" style=\"padding:4px\">\n<div class=\"row\">\n<div class=\"col-lg-6 col-xs-6 col-6\">\n<div class=\"\">\nHorizontales Bildfeld, 1\/1,8\u201c Sensor:<br \/>\n<span class=\"spec-tooltiptext-hidden\"><\/span>\n<\/div>\n<\/div>\n<div class=\"col-lg-6 col-xs-6 col-6\">\n84.7\u00b0 <\/div>\n<\/div>\n<\/div>\n<div class=\"col-lg-6 col-xs-12 specs\" style=\"padding:4px\">\n<div class=\"row\">\n<div class=\"col-lg-6 col-xs-6 col-6\">\n<div class=\"\">\nFrontgewinde:<br \/>\n<span class=\"spec-tooltiptext-hidden\"><\/span>\n<\/div>\n<\/div>\n<div class=\"col-lg-6 col-xs-6 col-6\">\nM40 x 0.5 (Male) <\/div>\n<\/div>\n<\/div>\n<\/div>\n<div class=\"row specsRow\" style=\"margin-right:0px\">\n<div class=\"col-lg-6 col-xs-12 specs\" style=\"padding:4px\">\n<div class=\"row\">\n<div class=\"col-lg-6 col-xs-6 col-6\">\n<div class=\"\">\nHorizontales Bildfeld, 1\/2,5\u201c Sensor:<br \/>\n<span class=\"spec-tooltiptext-hidden\"><\/span>\n<\/div>\n<\/div>\n<div class=\"col-lg-6 col-xs-6 col-6\">\n69.4\u00b0 <\/div>\n<\/div>\n<\/div>\n<div class=\"col-lg-6 col-xs-12 specs\" style=\"padding:4px\">\n<div class=\"row\">\n<div class=\"col-lg-6 col-xs-6 col-6\">\n<div class=\"\">\nTyp:<br \/>\n<span class=\"spec-tooltiptext-hidden\"><\/span>\n<\/div>\n<\/div>\n<div class=\"col-lg-6 col-xs-6 col-6\">\nFixed Focal Length Lens <\/div>\n<\/div>\n<\/div>\n<\/div>\n<div class=\"row specsRow\" style=\"margin-right:0px\">\n<div class=\"col-lg-6 col-xs-12 specs\" style=\"padding:4px\">\n<div class=\"row\">\n<div class=\"col-lg-6 col-xs-6 col-6\">\n<div class=\"\">\nBrennweite BW (mm):<br \/>\n<span class=\"spec-tooltiptext-hidden\"><\/span>\n<\/div>\n<\/div>\n<div class=\"col-lg-6 col-xs-6 col-6\">\n4.50 <\/div>\n<\/div>\n<\/div>\n<div class=\"col-lg-6 col-xs-12 specs\" style=\"padding:4px\">\n<div class=\"row\">\n<div class=\"col-lg-6 col-xs-6 col-6\">\n<div class=\"\">\nVergr\u00f6\u00dferung PMAG:<br \/>\n<span class=\"spec-tooltiptext-hidden\"><\/span>\n<\/div>\n<\/div>\n<div class=\"col-lg-6 col-xs-6 col-6\">\n0.117 <\/div>\n<\/div>\n<\/div>\n<\/div>\n<div class=\"row specsRow\" style=\"margin-right:0px\">\n<div class=\"col-lg-6 col-xs-12 specs\" style=\"padding:4px\">\n<div class=\"row\">\n<div class=\"col-lg-6 col-xs-6 col-6\">\n<div class=\"\">\nMax. Sensorgr\u00f6\u00dfe:<br \/>\n<span class=\"spec-tooltiptext-hidden\"><\/span>\n<\/div>\n<\/div>\n<div class=\"col-lg-6 col-xs-6 col-6\">\n1\/1.8&#8243; <\/div>\n<\/div>\n<\/div>\n<div class=\"col-lg-6 col-xs-12 specs\" style=\"padding:4px\">\n<div class=\"row\">\n<div class=\"col-lg-6 col-xs-6 col-6\">\n<div class=\"\">\nArbeitsabstand (mm):<br \/>\n<span class=\"spec-tooltiptext-hidden\"><\/span>\n<\/div>\n<\/div>\n<div class=\"col-lg-6 col-xs-6 col-6\">\n25 &#8211; \u221e <\/div>\n<\/div>\n<\/div>\n<\/div>\n<div class=\"row specsRow\" style=\"margin-right:0px\">\n<div class=\"col-lg-6 col-xs-12 specs\" style=\"padding:4px\">\n<div class=\"row\">\n<div class=\"col-lg-6 col-xs-6 col-6\">\n<div class=\"\">\nMount:<br \/>\n<span class=\"spec-tooltiptext-hidden\"><\/span>\n<\/div>\n<\/div>\n<div class=\"col-lg-6 col-xs-6 col-6\">\nC-Mount <\/div>\n<\/div>\n<\/div>\n<div class=\"col-lg-6 col-xs-12 specs\" style=\"padding:4px\">\n<div class=\"row\">\n<div class=\"col-lg-6 col-xs-6 col-6\">\n<div class=\"\">\nBlende (f\/#):<br \/>\n<span class=\"spec-tooltiptext-hidden\"><\/span>\n<\/div>\n<\/div>\n<div class=\"col-lg-6 col-xs-6 col-6\">\nf\/2 &#8211; f\/11 <\/div>\n<\/div>\n<\/div>\n<\/div>\n<div class=\"row specsRow\" style=\"margin-right:0px\">\n<div class=\"col-lg-6 col-xs-12 specs\" style=\"padding:4px\">\n<div class=\"row\">\n<div class=\"col-lg-6 col-xs-6 col-6\">\n<div class=\"\">\nBeschichtung:<br \/>\n<span class=\"spec-tooltiptext-hidden\"><\/span>\n<\/div>\n<\/div>\n<div class=\"col-lg-6 col-xs-6 col-6\">\n425 &#8211; 675nm BBAR <\/div>\n<\/div>\n<\/div>\n<div class=\"col-lg-6 col-xs-12 specs\" style=\"padding:4px\">\n<div class=\"row\">\n<div class=\"col-lg-6 col-xs-6 col-6\">\n<div class=\"\">\nBeschichtungsspezifikation:<br \/>\n<span class=\"spec-tooltiptext-hidden\"><\/span>\n<\/div>\n<\/div>\n<div class=\"col-lg-6 col-xs-6 col-6\">\n425 &#8211; 675nm BBAR <\/div>\n<\/div>\n<\/div>\n<\/div>\n<div class=\"row specsRow\" style=\"margin-right:0px\">\n<div class=\"col-lg-6 col-xs-12 specs\" style=\"padding:4px\">\n<div class=\"row\">\n<div class=\"col-lg-6 col-xs-6 col-6\">\n<div class=\"\">\nPosition Eintrittspupille (mm):<br \/>\n<span class=\"spec-tooltiptext-hidden\"><\/span>\n<\/div>\n<\/div>\n<div class=\"col-lg-6 col-xs-6 col-6\">\n14.40 <\/div>\n<\/div>\n<\/div>\n<div class=\"col-lg-6 col-xs-12 specs\" style=\"padding:4px\">\n<div class=\"row\">\n<div class=\"col-lg-6 col-xs-6 col-6\">\n<div class=\"\">\nHorizontales Bildfeld, 1\/4\u201c Sensor:<br \/>\n<span class=\"spec-tooltiptext-hidden\"><\/span>\n<\/div>\n<\/div>\n<div class=\"col-lg-6 col-xs-6 col-6\">\n45.2\u00b0 <\/div>\n<\/div>\n<\/div>\n<\/div>\n<div class=\"row specsRow\" style=\"margin-right:0px\">\n<div class=\"col-lg-6 col-xs-12 specs\" style=\"padding:4px\">\n<div class=\"row\">\n<div class=\"col-lg-6 col-xs-6 col-6\">\n<div class=\"\">\nHauptebene Objektseite (mm):<br \/>\n<span class=\"spec-tooltiptext-hidden\"><\/span>\n<\/div>\n<\/div>\n<div class=\"col-lg-6 col-xs-6 col-6\">\n17.89 <\/div>\n<\/div>\n<\/div>\n<div class=\"col-lg-6 col-xs-12 specs\" style=\"padding:4px\">\n<div class=\"row\">\n<div class=\"col-lg-6 col-xs-6 col-6\">\n<div class=\"\">\nHauptebene Bildseite (mm):<br \/>\n<span class=\"spec-tooltiptext-hidden\"><\/span>\n<\/div>\n<\/div>\n<div class=\"col-lg-6 col-xs-6 col-6\">\n6.51 <\/div>\n<\/div>\n<\/div>\n<\/div>\n<div class=\"row specsRow\" style=\"margin-right:0px\">\n<div class=\"col-lg-6 col-xs-12 specs\" style=\"padding:4px\">\n<div class=\"row\">\n<div class=\"col-lg-6 col-xs-6 col-6\">\n<div class=\"\">\nBildfeld bei max. Sensorformat:<br \/>\n<span class=\"spec-tooltiptext-hidden\"><\/span>\n<\/div>\n<\/div>\n<div class=\"col-lg-6 col-xs-6 col-6\">\nHorizontal: 84.7\u00b0<br \/>Vertical: 66.1\u00b0<br \/>Diagonal: 100.1\u00b0 <\/div>\n<\/div>\n<\/div>\n<div class=\"col-lg-6 col-xs-12 specs\" style=\"padding:4px\">\n<div class=\"row\">\n<div class=\"col-lg-6 col-xs-6 col-6\">\n<div class=\"\">\nMaximale Verzeichnung (%):<br \/>\n<span class=\"spec-tooltiptext-hidden\"><\/span>\n<\/div>\n<\/div>\n<div class=\"col-lg-6 col-xs-6 col-6\">\n-15.8 <\/div>\n<\/div>\n<\/div>\n<\/div>\n<div class=\"row specsRow\" style=\"margin-right:0px\">\n<div class=\"col-lg-6 col-xs-12 specs\" style=\"padding:4px\">\n<div class=\"row\">\n<div class=\"col-lg-6 col-xs-6 col-6\">\n<div class=\"\">\nPosition Austrittspupille (mm):<br \/>\n<span class=\"spec-tooltiptext-hidden\"><\/span>\n<\/div>\n<\/div>\n<div class=\"col-lg-6 col-xs-6 col-6\">\n-9 <\/div>\n<\/div>\n<\/div>\n<div class=\"col-lg-6 col-xs-12 specs\" style=\"padding:4px\">\n<div class=\"row\">\n<div class=\"col-lg-6 col-xs-6 col-6\">\n<div class=\"\">\nWellenl\u00e4ngenbereich:<br \/>\n<span class=\"spec-tooltiptext-hidden\"><\/span>\n<\/div>\n<\/div>\n<div class=\"col-lg-6 col-xs-6 col-6\">\nVIS <\/div>\n<\/div>\n<\/div>\n<\/div>\n<div class=\"row specsRow\" style=\"margin-right:0px\">\n<div class=\"col-lg-6 col-xs-12 specs\" style=\"padding:4px\">\n<div class=\"row\">\n<div class=\"col-lg-6 col-xs-6 col-6\">\n<div class=\"\">\nObjektivtyp:<br \/>\n<span class=\"spec-tooltiptext-hidden\"><\/span>\n<\/div>\n<\/div>\n<div class=\"col-lg-6 col-xs-6 col-6\">\nCompact Lens <\/div>\n<\/div>\n<\/div>\n<div class=\"col-lg-6 col-xs-12 specs\" style=\"padding:4px\">\n<div class=\"row\">\n<div class=\"col-lg-6 col-xs-6 col-6\">\n<div class=\"\">\nLagerungstemperatur (\u00b0C):<br \/>\n<span class=\"spec-tooltiptext-hidden\"><\/span>\n<\/div>\n<\/div>\n<div class=\"col-lg-6 col-xs-6 col-6\">\n-20 to +60 For questions regarding operating temperature please contact our support team <\/div>\n<\/div>\n<\/div>\n<\/div>\n<\/div>\n<\/div>\n","protected":false},"featured_media":169899,"template":"","meta":{"inline_featured_image":false},"product_brand":[],"product_cat":[706],"product_tag":[],"class_list":{"0":"post-169891","1":"product","2":"type-product","3":"status-publish","4":"has-post-thumbnail","6":"product_cat-lenses-lens-tubes-de","8":"first","9":"onbackorder","10":"taxable","11":"shipping-taxable","12":"purchasable","13":"product-type-simple","14":"layout-style-2","15":"col-md-4 col-sm-4 col-xs-6","16":"col-lg-2","17":"product-has-gallery","18":"product-style-addtocart"},"aioseo_notices":[],"_links":{"self":[{"href":"https:\/\/thinklucid.com\/de\/wp-json\/wp\/v2\/product\/169891","targetHints":{"allow":["GET"]}}],"collection":[{"href":"https:\/\/thinklucid.com\/de\/wp-json\/wp\/v2\/product"}],"about":[{"href":"https:\/\/thinklucid.com\/de\/wp-json\/wp\/v2\/types\/product"}],"wp:featuredmedia":[{"embeddable":true,"href":"https:\/\/thinklucid.com\/de\/wp-json\/wp\/v2\/media\/169899"}],"wp:attachment":[{"href":"https:\/\/thinklucid.com\/de\/wp-json\/wp\/v2\/media?parent=169891"}],"wp:term":[{"taxonomy":"product_brand","embeddable":true,"href":"https:\/\/thinklucid.com\/de\/wp-json\/wp\/v2\/product_brand?post=169891"},{"taxonomy":"product_cat","embeddable":true,"href":"https:\/\/thinklucid.com\/de\/wp-json\/wp\/v2\/product_cat?post=169891"},{"taxonomy":"product_tag","embeddable":true,"href":"https:\/\/thinklucid.com\/de\/wp-json\/wp\/v2\/product_tag?post=169891"}],"curies":[{"name":"wp","href":"https:\/\/api.w.org\/{rel}","templated":true}]}}