{"id":169436,"date":"2024-01-29T10:43:07","date_gmt":"2024-01-29T18:43:07","guid":{"rendered":"https:\/\/ec2-34-221-119-146.us-west-2.compute.amazonaws.com\/?post_type=product&#038;p=169436"},"modified":"2024-01-29T13:32:10","modified_gmt":"2024-01-29T21:32:10","slug":"ioi-4-ch-5g-2-5g-1g-poe-ethernet-card","status":"publish","type":"product","link":"https:\/\/thinklucid.com\/de\/product\/ioi-4-ch-5g-2-5g-1g-poe-ethernet-card\/","title":{"rendered":"ioi 4-CH 5G\/2.5G\/1G PoE+ Netzwerkkarte"},"content":{"rendered":"","protected":false},"excerpt":{"rendered":"<ol class=\"breadcrumb\" style=\"text-align: left;\">\n<li><a href=\"\/\">Home<\/a><\/li>\n<li><a href=\"\/de\/accessories\/\">Zubeh\u00f6r<\/a><\/li>\n<li><a href=\"\/de\/category\/interface-cards-poe-injectors-de\/\">PC-Karten, PoE, Kamera Netzteil<\/a><\/li>\n<li>ioi 4-CH 5G\/2.5G\/1G PoE+ Netzwerkkarte<a href=\"\/de\/product\/10g-5g-2-5g-1g-poe-ethernet-card\/\" rel=\"prev\"><span class=\"screen-reader-text\">10G\/5G\/2.5G\/1G PoE+ NBASE-T Netzwerkkarte<\/span><svg viewbox=\"0 0 20 20\"><use xmlns:xlink=\"http:\/\/www.w3.org\/1999\/xlink\" xlink:href=\"#left-arrow\"><\/use><\/svg><\/a> <a href=\"\/de\/product\/4-ch-2-5g-1g-poe-ethernet-card\/\" rel=\"next\"><span class=\"screen-reader-text\">4-CH 2.5G\/1G PoE+ Netzwerkkarte<\/span> <svg viewbox=\"0 0 20 20\"><use xmlns:xlink=\"http:\/\/www.w3.org\/1999\/xlink\" xlink:href=\"#right-arrow\"><\/use><\/svg> <\/a><\/li>\n<\/ol>\n<p style=\"text-align: left; font-size: 1.2rem; margin-top:20px\">ioi GE5PX4-PCIE4XG301 (P\/N: PCIE-POE4-5G) bietet die effizienteste l\u00fcfterlose L\u00f6sung f\u00fcr die Integration von vier 5.0GBASE-T\/ 2.5GBASE-T\/ 1000BASE-T\/ 100BASE-TX\/ 10BASE-Te Ethernet to PCI Express Single Chip Host Controllern in ein kleines Board Design. Jeder Ethernet Port zu PCI Express Single Chip Host Controller nutzt die Vorteile des 4-Lane PCI Express Busses in beide Richtungen. Funktionen wie Crossover Detection und Auto-Correction, Polarit\u00e4tskorrektur, adaptive Entzerrung, Nebensprechunterdr\u00fcckung, Echokompensation, Timing Recovery und Fehlerkorrektur sind implementiert, um eine robuste Sende- und Empfangsf\u00e4higkeit bei hohen Geschwindigkeiten zu gew\u00e4hrleisten.<\/p>\n<p style=\"text-align: left; font-size: 1.4rem; color: black;\"><strong>Spezifikationen<\/strong><\/p>\n<div style=\"display: flex; justify-content: space-between; margin: 10px 0px 20px 0px;\">\n<table class=\"table table-hover table-striped\" style=\"border: none; float: left; width: 95%;\">\n<tbody>\n<tr>\n<td width=\"15%\">HerstellerNr.<\/td>\n<td width=\"85%\">\n<ul style=\"text-align:left\">\n<li>ioi GE5PX4-PCIE4XG301<\/li>\n<\/ul>\n<\/td>\n<\/tr>\n<tr>\n<td width=\"15%\">Chipset<\/td>\n<td width=\"85%\">\n<ul style=\"text-align:left\">\n<li>Realtek RTL8126<\/li>\n<\/ul>\n<\/td>\n<\/tr>\n<tr>\n<td width=\"15%\">PCI Express<\/td>\n<td width=\"85%\">\n<ul style=\"text-align:left\">\n<li>4 Lanes, Gen3 PCI Express Schnittstelle, konform mit PCI Express Base Specification Revision 3.0<\/li>\n<\/ul>\n<\/td>\n<\/tr>\n<tr>\n<td>POE + Eigenschaften<\/td>\n<td>\n<ul style=\"text-align:left\">\n<li>100 meters over Cat 5e and Cat 6a at 5Gbps \/ 2.5Gbps\/ 1Gbps\/ 100Mbps<\/li>\n<li>In compliance with IEEE 802.3at-2009 (PoE+), each port delivers up to 25.5 W of power.<\/li>\n<li>IEEE 802.1q, VLAN support.<\/li>\n<li>16 kB jumbo frame support.<\/li>\n<li>PCIe Slot: 25W Slot (Max 25W), 75W slot (Max 30W). <br \/> IDE Power (Max. 60W), SATA Power (Max. 48 W)\t<\/li>\n<\/ul>\n<\/td>\n<\/tr>\n<tr>\n<td>Operating Temperature<\/td>\n<td>\n<ul style=\"text-align:left\">\n<li>0\u00b0C ~ 55\u00b0C <\/li>\n<\/ul>\n<\/td>\n<\/tr>\n<tr>\n<td>Number of Port<\/td>\n<td>\n<ul style=\"text-align:left\">\n<li>Four (4) 5\/2.5\/1GBASE-T RJ45 Ethernet ports with PoE+<\/li>\n<\/ul>\n<\/td>\n<\/tr>\n<\/tbody>\n<\/table>\n<\/div>\n","protected":false},"featured_media":169444,"template":"","meta":{"inline_featured_image":false},"product_brand":[],"product_cat":[744],"product_tag":[],"class_list":{"0":"post-169436","1":"product","2":"type-product","3":"status-publish","4":"has-post-thumbnail","6":"product_cat-interface-cards-poe-injectors-de","8":"first","9":"instock","10":"taxable","11":"shipping-taxable","12":"purchasable","13":"product-type-simple","14":"layout-style-2","15":"col-md-4 col-sm-4 col-xs-6","16":"col-lg-2","17":"product-has-gallery","18":"product-style-addtocart"},"aioseo_notices":[],"_links":{"self":[{"href":"https:\/\/thinklucid.com\/de\/wp-json\/wp\/v2\/product\/169436","targetHints":{"allow":["GET"]}}],"collection":[{"href":"https:\/\/thinklucid.com\/de\/wp-json\/wp\/v2\/product"}],"about":[{"href":"https:\/\/thinklucid.com\/de\/wp-json\/wp\/v2\/types\/product"}],"wp:featuredmedia":[{"embeddable":true,"href":"https:\/\/thinklucid.com\/de\/wp-json\/wp\/v2\/media\/169444"}],"wp:attachment":[{"href":"https:\/\/thinklucid.com\/de\/wp-json\/wp\/v2\/media?parent=169436"}],"wp:term":[{"taxonomy":"product_brand","embeddable":true,"href":"https:\/\/thinklucid.com\/de\/wp-json\/wp\/v2\/product_brand?post=169436"},{"taxonomy":"product_cat","embeddable":true,"href":"https:\/\/thinklucid.com\/de\/wp-json\/wp\/v2\/product_cat?post=169436"},{"taxonomy":"product_tag","embeddable":true,"href":"https:\/\/thinklucid.com\/de\/wp-json\/wp\/v2\/product_tag?post=169436"}],"curies":[{"name":"wp","href":"https:\/\/api.w.org\/{rel}","templated":true}]}}