{"id":168845,"date":"2024-01-09T11:59:04","date_gmt":"2024-01-09T19:59:04","guid":{"rendered":"https:\/\/ec2-34-221-119-146.us-west-2.compute.amazonaws.com\/?post_type=product&#038;p=168845"},"modified":"2024-07-16T10:13:07","modified_gmt":"2024-07-16T17:13:07","slug":"2-ch-10g-5g-2-5g-1g-poe-nbase-t-ethernet-card-ioi","status":"publish","type":"product","link":"https:\/\/thinklucid.com\/de\/product\/2-ch-10g-5g-2-5g-1g-poe-nbase-t-ethernet-card-ioi\/","title":{"rendered":"2-CH 10G\/5G\/2.5G\/1G PoE+ NBASE-T Netzwerkkarte"},"content":{"rendered":"","protected":false},"excerpt":{"rendered":"<ol class=\"breadcrumb\" style=\"text-align: left;\">\n<li><a href=\"\/\">Home<\/a><\/li>\n<li><a href=\"\/de\/accessories\/\">Zubeh\u00f6r<\/a><\/li>\n<li><a href=\"\/de\/category\/interface-cards-poe-injectors-de\/\">PC-Karten, PoE, Kamera Netzteil<\/a><\/li>\n<li>2-CH 10G\/5G\/2.5G\/1G PoE+ NBASE-T Netzwerkkarte (PCIE-POE2-10G-IOI)<a href=\"\/de\/product\/tp-link-poe-injector\/\" rel=\"prev\"><span class=\"screen-reader-text\">Phihong PoE Injector (EU\/UK Versions)<\/span><svg viewbox=\"0 0 20 20\"><use xmlns:xlink=\"http:\/\/www.w3.org\/1999\/xlink\" xlink:href=\"#left-arrow\"><\/use><\/svg><\/a> <a href=\"\/de\/product\/10g-5g-2-5g-1g-poe-ethernet-card\/\" rel=\"next\"><span class=\"screen-reader-text\">10G\/5G\/2.5G\/1G PoE+ NBASE-T Netzwerkkarte<\/span> <svg viewbox=\"0 0 20 20\"><use xmlns:xlink=\"http:\/\/www.w3.org\/1999\/xlink\" xlink:href=\"#right-arrow\"><\/use><\/svg> <\/a><\/li>\n<\/ol>\n<p style=\"text-align: left; font-size: 1.2rem; padding-top:15px\">Die  PCIE-POE2-10G-IOI Ethernet Interface Card verf\u00fcgt \u00fcber 2 unabh\u00e4ngige 10 Gigabit Ethernet Ports zur Daten\u00fcbertragung. Die Karte erm\u00f6glicht Daten\u00fcbertragungsraten von bis zu 10 Gbit pro Sekunde (10GBASE-T). Auch kompatibel mit 5GBASE-T\/ 2,5GBASE-T\/ 1000BASE-T\/ 100BASE-TX. Diese Netzwerkschnittstellenkarte bietet eine flache Halterung f\u00fcr eine kompakte Installation. Bitte beachten Sie, dass diese Netzwerkschnittstellenkarte kein RDMA unterst\u00fctzt.<\/p>\n<p style=\"color:red\">Dieses Produkt ist nicht mehr lieferbar<\/p>\n<p style=\"text-align: left; font-size: 1.4rem; color: black;\"><strong>Spezifikationen<\/strong><\/p>\n<div style=\"display: flex; justify-content: space-between; margin: 10px 0px 20px 0px;\">\n<table class=\"table table-hover table-striped\" style=\"border: none; float: left; width: 95%;\">\n<tbody>\n<tr>\n<td width=\"15%\">HerstellerNr.<\/td>\n<td width=\"85%\">\n<ul style=\"text-align: left;\">\n<li>ioi DGEAP-PCIE4XG302<\/li>\n<\/ul>\n<\/td>\n<\/tr>\n<tr>\n<td width=\"15%\">PCI Express<\/td>\n<td width=\"85%\">\n<ul style=\"text-align: left;\">\n<li>PCI Express Base Specification, r3.0 (compatible w\/ PCIe r1.0a\/1.1 &amp; 2.0), PCI Power Management Spec r1.2, Microsoft Windows Logo Compliant, Supports Access Control Services, Dynamic link-width control, Dynamic SerDes Speed Control<\/li>\n<\/ul>\n<\/td>\n<\/tr>\n<tr>\n<td>MAC<\/td>\n<td>\n<ul style=\"text-align: left;\">\n<li>Large Send Offload (LSO), Receive-Side Scaling (RSS), Direct Cache Access (DCA) header checksum<\/li>\n<li>WoL power management, On-chip CPU DASH, MACsec, Quality of Service (QOS) support, Jumbo frames (up to 16Kbytes), IPv4, IPv6\/TCP and IPv6\/UDP checksum offload<\/li>\n<\/ul>\n<\/td>\n<\/tr>\n<tr>\n<td>PHY<\/td>\n<td>\n<ul style=\"text-align: left;\">\n<li>Integrated Aquantia AQrate PHY featuring NBASE-T technology\n<ul style=\"text-align: left;\">\n<li>100 meters over Cat 6a at 10Gbps<\/li>\n<li>100 meters over Cat 5e and Cat 6a at 5Gbps\/ 2.5Gbps\/ 1Gbps\/ 100Mbps<\/li>\n<\/ul>\n<\/li>\n<li>Advanced cable diagnostics with On-chip high resolution cable analyzer<\/li>\n<li>Audio Video Bridging (AVB) and 1588v2<\/li>\n<li>EEE support<\/li>\n<li>Supported Data Rates: 10G\/ 5G\/ 2.5G\/ 1G\/ 100 Mbps<\/li>\n<li>Standard compliance: IEEE 802.3bz \u2013 NBASE-T, IEEE 802.3x \u2013 flow control, IEEE 802.1P \u2013 quality of service, IEEE 802.1QAV \u2013 AVB<\/li>\n<\/ul>\n<\/td>\n<\/tr>\n<tr>\n<td>POE+ Feature<\/td>\n<td>\n<ul style=\"text-align: left;\">\n<li>Supports IEEE 802.3at Power Sourcing Equipment (PSE), Operates from a 54 V supply, Provides PD real-time protection through the following mechanisms: overload, under-load, over-voltage, over-temperature, and short-circuit, Auto mode \u2013 allows turning PDs on and off automatically.<\/li>\n<\/ul>\n<\/td>\n<\/tr>\n<tr>\n<td>Power Input for POE+<\/td>\n<td>\n<ul style=\"text-align: left;\">\n<li>Step-Up 12V from the following source (A, B): A. From PCIe Slot (25 W or 75 W depends on mainboard design), B. From ATA 4 pin Power Connector or\/and SATA 15pin Power Connector<\/li>\n<\/ul>\n<\/td>\n<\/tr>\n<tr>\n<td>Number of Ports<\/td>\n<td>\n<ul style=\"text-align: left;\">\n<li>Two 10GBASE-T RJ45 Ethernet (POE+) ports with Screw Holes for thumbscrew locking Type Ethernet Cable<\/li>\n<\/ul>\n<\/td>\n<\/tr>\n<tr>\n<td>Package includes:<\/td>\n<td>\n<ul style=\"text-align:left\">\n<li>2-CH 10G\/5G\/2.5G\/1G PoE+ NBASE-T Ethernet Card<\/li>\n<li>Low Profile PCI Bracket<\/li>\n<\/ul>\n<\/td>\n<\/tr>\n<\/tbody>\n<\/table>\n<\/div>\n","protected":false},"featured_media":168849,"template":"","meta":{"inline_featured_image":false},"product_brand":[],"product_cat":[744],"product_tag":[],"class_list":{"0":"post-168845","1":"product","2":"type-product","3":"status-publish","4":"has-post-thumbnail","6":"product_cat-interface-cards-poe-injectors-de","8":"first","9":"onbackorder","10":"taxable","11":"shipping-taxable","12":"purchasable","13":"product-type-simple","14":"layout-style-2","15":"col-md-4 col-sm-4 col-xs-6","16":"col-lg-2","17":"product-has-gallery","18":"product-style-addtocart"},"aioseo_notices":[],"_links":{"self":[{"href":"https:\/\/thinklucid.com\/de\/wp-json\/wp\/v2\/product\/168845","targetHints":{"allow":["GET"]}}],"collection":[{"href":"https:\/\/thinklucid.com\/de\/wp-json\/wp\/v2\/product"}],"about":[{"href":"https:\/\/thinklucid.com\/de\/wp-json\/wp\/v2\/types\/product"}],"wp:featuredmedia":[{"embeddable":true,"href":"https:\/\/thinklucid.com\/de\/wp-json\/wp\/v2\/media\/168849"}],"wp:attachment":[{"href":"https:\/\/thinklucid.com\/de\/wp-json\/wp\/v2\/media?parent=168845"}],"wp:term":[{"taxonomy":"product_brand","embeddable":true,"href":"https:\/\/thinklucid.com\/de\/wp-json\/wp\/v2\/product_brand?post=168845"},{"taxonomy":"product_cat","embeddable":true,"href":"https:\/\/thinklucid.com\/de\/wp-json\/wp\/v2\/product_cat?post=168845"},{"taxonomy":"product_tag","embeddable":true,"href":"https:\/\/thinklucid.com\/de\/wp-json\/wp\/v2\/product_tag?post=168845"}],"curies":[{"name":"wp","href":"https:\/\/api.w.org\/{rel}","templated":true}]}}