{"id":166768,"date":"2023-11-22T14:45:26","date_gmt":"2023-11-22T22:45:27","guid":{"rendered":"https:\/\/ec2-34-221-119-146.us-west-2.compute.amazonaws.com\/?post_type=product&#038;p=166768"},"modified":"2023-11-22T16:57:39","modified_gmt":"2023-11-23T00:57:39","slug":"atlas10-20-4-mp-imx531-right-angle","status":"publish","type":"product","link":"https:\/\/thinklucid.com\/de\/product\/atlas10-20-4-mp-imx531-right-angle\/","title":{"rendered":"Atlas10 20,4 MP Rechtwinkliges Model"},"content":{"rendered":"","protected":false},"excerpt":{"rendered":"<ol class=\"breadcrumb\" style=\"text-align: left;\">\n<li><a href=\"\/de\/\">Home<\/a><\/li>\n<li><a href=\"\/de\/atlas10-10gige-poe-pregius-s\/\">Atlas 10GBASE-T Kamera<\/a><\/li>\n<li>Atlas10 &#8211; 20,4 MP Sony IMX531 CMOS Rechtwinkliges <a href=\"\/de\/product\/atlas10-16-2-mp-imx532\/\" rel=\"prev\"><svg><use xlink:href=\"#left-arrow\"><\/use><\/svg><span class=\"screen-reader-text\">Atlas10 16.2 MP<\/span><\/a> <a href=\"\/de\/product\/atlas10-24-5-mp-imx530\/\" rel=\"next\"><svg><use xlink:href=\"#right-arrow\"><\/use><\/svg><span class=\"screen-reader-text\">Atlas10 24.5 MP<\/span><\/a><\/li>\n<\/ol>\n<div style=\"text-align:left; margin-top:15px\">Das rechtwinklige Modell Atlas10 ist k\u00fcrzer als das Standardmodell und misst nur 70,5 mm in der L\u00e4nge im Vergleich zu 95,5 mm. Diese kompakte Gr\u00f6\u00dfe bietet auch eine industrielle rechtwinklige L\u00f6sung f\u00fcr Anwendungen, bei denen der Platz begrenzt ist.<\/div>\n<div style=\"display: flex; justify-content: space-between; margin: 35px 0px 10px 0px;\">\n<table class=\"table table-hover table-striped\" style=\"border: none; float: left; width: 31%;\">\n<thead>\n<tr style=\"background-color: #82c9ed;\">\n<th class=\"quick_spec_title\">Sensor<\/th>\n<\/tr>\n<\/thead>\n<tbody>\n<tr>\n<td class=\"quick_spec\">Sony IMX531 CMOS<\/td>\n<\/tr>\n<\/tbody>\n<\/table>\n<table class=\"table table-hover table-striped\" style=\"border: none; float: left; width: 31%;\">\n<thead>\n<tr style=\"background-color: #82c9ed; color: white;\">\n<th class=\"quick_spec_title\">Aufl\u00f6sung<\/th>\n<\/tr>\n<\/thead>\n<tbody>\n<tr>\n<td class=\"quick_spec\">20,4 MP 4504 x 4504 px<\/td>\n<\/tr>\n<\/tbody>\n<\/table>\n<table class=\"table table-hover table-striped\" style=\"border: none; float: left; width: 31%;\">\n<thead>\n<tr style=\"background-color: #82c9ed; color: white;\">\n<th class=\"quick_spec_title\">Bildrate<\/th>\n<\/tr>\n<\/thead>\n<tbody>\n<tr>\n<td class=\"quick_spec\">54,1 FPS<\/td>\n<\/tr>\n<\/tbody>\n<\/table>\n<\/div>\n<table id=\"sku-table\" class=\"table table-hover table-striped\" style=\"margin: auto; font-size: 12px; border: 1px dotted #f1f2f4;\" border=\"0\" cellspacing=\"0\" cellpadding=\"0\">\n<tbody>\n<tr style=\"background-color: #82c9ed;\">\n<td style=\"color: black;\">Kameramodell<\/td>\n<td style=\"color: black;\">Mono\/Farbe<\/td>\n<td style=\"color: black;\">Objektivanschluss<\/td>\n<td style=\"color: black;\">10GBASE-T GigE Vision Schnittstelle<\/td>\n<\/tr>\n<tr>\n<td>ATX204S-CCR<\/td>\n<td>Farbe<\/td>\n<td>C-mount<\/td>\n<td>M12<\/td>\n<\/tr>\n<tr>\n<td>ATX204S-MCR<\/td>\n<td>Mono<\/td>\n<td>C-mount<\/td>\n<td>M12<\/td>\n<\/tr>\n<\/tbody>\n<\/table>\n<h2 style=\"font-size: 22px; font-weight: 400; background-color: #f9f9f9; padding: 15px 0px 0px 0px; margin: 20px 0 0px;\">Bitte w\u00e4hlen Sie Ihre Kamerakonfiguration aus:<\/h2>\n","protected":false},"featured_media":166778,"template":"","meta":{"inline_featured_image":false},"product_brand":[],"product_cat":[698],"product_tag":[],"class_list":{"0":"post-166768","1":"product","2":"type-product","3":"status-publish","4":"has-post-thumbnail","6":"product_cat-atlas-10gbase-t-cameras-de","8":"first","9":"onbackorder","10":"taxable","11":"shipping-taxable","12":"purchasable","13":"product-type-variable","14":"layout-style-2","15":"col-md-4 col-sm-4 col-xs-6","16":"col-lg-2","17":"product-has-gallery","18":"product-style-addtocart"},"aioseo_notices":[],"_links":{"self":[{"href":"https:\/\/thinklucid.com\/de\/wp-json\/wp\/v2\/product\/166768","targetHints":{"allow":["GET"]}}],"collection":[{"href":"https:\/\/thinklucid.com\/de\/wp-json\/wp\/v2\/product"}],"about":[{"href":"https:\/\/thinklucid.com\/de\/wp-json\/wp\/v2\/types\/product"}],"wp:featuredmedia":[{"embeddable":true,"href":"https:\/\/thinklucid.com\/de\/wp-json\/wp\/v2\/media\/166778"}],"wp:attachment":[{"href":"https:\/\/thinklucid.com\/de\/wp-json\/wp\/v2\/media?parent=166768"}],"wp:term":[{"taxonomy":"product_brand","embeddable":true,"href":"https:\/\/thinklucid.com\/de\/wp-json\/wp\/v2\/product_brand?post=166768"},{"taxonomy":"product_cat","embeddable":true,"href":"https:\/\/thinklucid.com\/de\/wp-json\/wp\/v2\/product_cat?post=166768"},{"taxonomy":"product_tag","embeddable":true,"href":"https:\/\/thinklucid.com\/de\/wp-json\/wp\/v2\/product_tag?post=166768"}],"curies":[{"name":"wp","href":"https:\/\/api.w.org\/{rel}","templated":true}]}}