{"id":165991,"date":"2023-11-14T14:55:44","date_gmt":"2023-11-14T22:55:44","guid":{"rendered":"https:\/\/ec2-34-221-119-146.us-west-2.compute.amazonaws.com\/?post_type=product&#038;p=165991"},"modified":"2026-02-12T10:18:20","modified_gmt":"2026-02-12T18:18:20","slug":"helios2-ray-outdoor-tof-ip67-3d-camera","status":"publish","type":"product","link":"https:\/\/thinklucid.com\/de\/product\/helios2-ray-outdoor-tof-ip67-3d-camera\/","title":{"rendered":"Helios2 Ray Time of Flight (ToF) IP67 3D Au\u00dfenkamera"},"content":{"rendered":"<div class=\"wpb-content-wrapper\"><p>[vc_row][vc_column][vc_custom_heading text=&#8220;Interaktive Helios2 Ray Beispieldateien&#8220; font_container=&#8220;tag:h2|text_align:center&#8220; use_theme_fonts=&#8220;yes&#8220; css=&#8220;.vc_custom_1762812907430{margin-top: 50px !important;margin-bottom: 20px !important;}&#8220;][vc_column_text css=&#8220;.vc_custom_1701134965402{margin-bottom: 25px !important;}&#8220;]<\/p>\n<p style=\"text-align: left\">Die 3D-Punktwolken unten zeigen die \u00fcberragende Leistung des Helios2 Ray in Umgebungen mit Au\u00dfenbeleuchtung. Im Unterschied zu den Helios2\/2+ und Helios2 Wide 850nm VCSEL-Modellen verwendet der Helios2 Ray 940nm VCSELs, die in der Lage sind, 3D-Punktwolken in Echtzeit zu erzeugen, die vom Sonnenlicht unbeeinflusst bleiben. Diese Eigenschaft macht den Helios2 Ray zu einer idealen Wahl f\u00fcr Anwendungen im Au\u00dfenbereich und in Innenr\u00e4umen mit Au\u00dfenbeleuchtung.<\/p>\n<p>[\/vc_column_text][\/vc_column][\/vc_row][vc_row gap=&#8220;30&#8243; equal_height=&#8220;yes&#8220; css=&#8220;.vc_custom_1633545732790{margin-top: 10px !important;}&#8220; el_id=&#8220;3dpointclouds&#8220;][vc_column width=&#8220;1\/3&#8243; offset=&#8220;vc_col-lg-offset-0 vc_col-lg-4 vc_col-md-offset-0 vc_col-md-4 vc_col-sm-offset-1 vc_col-xs-12&#8243;][vc_row_inner][vc_column_inner width=&#8220;1\/2&#8243; offset=&#8220;vc_col-lg-4 vc_col-sm-offset-0 vc_col-xs-offset-1 vc_col-xs-10&#8243;][vc_single_image image=&#8220;166237&#8243; img_size=&#8220;full&#8220; alignment=&#8220;center&#8220;][\/vc_column_inner][vc_column_inner width=&#8220;1\/2&#8243; offset=&#8220;vc_col-lg-8 vc_col-md-6 vc_col-sm-offset-0 vc_col-xs-offset-1 vc_col-xs-10&#8243;][vc_column_text]<\/p>\n<p style=\"font-size: small;line-height: 1.8\"><strong>Car (Outdoor Sunlight\/Shadows)<\/strong><br \/>\nDistance from Car:\u00a0 1500 mm<br \/>\nUsing &#8222;5m&#8220; Mode, 350\u03bcs<br \/>\n<a style=\"color: #0073aa\" href=\"https:\/\/arenasdk.s3.us-west-2.amazonaws.com\/Car-Outdoors_HTR_350us_5m-LUCID.ply\">Download PLY file (PLY, 4.4 MB)\u00a0<\/a><br \/>\n<a style=\"color: #0073aa\" href=\"https:\/\/arenasdk.s3.us-west-2.amazonaws.com\/Outdoor-Car-Front-Helios2Ray.jpg\">Download Full Image (JPEG, 1.1 MB)<\/a><\/p>\n<p>[\/vc_column_text][\/vc_column_inner][\/vc_row_inner][vc_raw_html css=&#8220;.vc_custom_1700183843229{margin-top: 10px !important;}&#8220;]JTNDZGl2JTIwY2xhc3MlM0QlMjJza2V0Y2hmYWItZW1iZWQtd3JhcHBlciUyMiUzRSUyMCUzQ2lmcmFtZSUyMHRpdGxlJTNEJTIySGVsaW9zMiUyMFJheSUyMC0lMjBDYXIlMjBGcm9udCUyQyUyMEZ1bGwlMjBTdW5saWdodCUyMiUyMGZyYW1lYm9yZGVyJTNEJTIyMCUyMiUyMGFsbG93ZnVsbHNjcmVlbiUyMG1vemFsbG93ZnVsbHNjcmVlbiUzRCUyMnRydWUlMjIlMjB3ZWJraXRhbGxvd2Z1bGxzY3JlZW4lM0QlMjJ0cnVlJTIyJTIwYWxsb3clM0QlMjJhdXRvcGxheSUzQiUyMGZ1bGxzY3JlZW4lM0IlMjB4ci1zcGF0aWFsLXRyYWNraW5nJTIyJTIweHItc3BhdGlhbC10cmFja2luZyUyMGV4ZWN1dGlvbi13aGlsZS1vdXQtb2Ytdmlld3BvcnQlMjBleGVjdXRpb24td2hpbGUtbm90LXJlbmRlcmVkJTIwd2ViLXNoYXJlJTIwd2lkdGglM0QlMjI2NDAlMjIlMjBoZWlnaHQlM0QlMjI0ODAlMjIlMjBzcmMlM0QlMjJodHRwcyUzQSUyRiUyRnNrZXRjaGZhYi5jb20lMkZtb2RlbHMlMkY5NjdhZDZjODZlNDU0OTYzYjM1MzhkYWYxZDIxNmQ4MiUyRmVtYmVkJTIyJTNFJTIwJTNDJTJGaWZyYW1lJTNFJTIwJTNDJTJGZGl2JTNF[\/vc_raw_html][\/vc_column][vc_column width=&#8220;1\/3&#8243; offset=&#8220;vc_col-lg-4 vc_col-md-offset-0 vc_col-md-4 vc_col-sm-offset-1 vc_col-xs-12&#8243;][vc_row_inner][vc_column_inner width=&#8220;1\/2&#8243; offset=&#8220;vc_col-lg-4 vc_col-sm-offset-0 vc_col-xs-offset-1 vc_col-xs-10&#8243;][vc_single_image image=&#8220;166246&#8243; img_size=&#8220;full&#8220; alignment=&#8220;center&#8220;][\/vc_column_inner][vc_column_inner width=&#8220;1\/2&#8243; offset=&#8220;vc_col-lg-8 vc_col-md-6 vc_col-sm-offset-0 vc_col-xs-offset-1 vc_col-xs-10&#8243;][vc_column_text]<\/p>\n<p style=\"font-size: small;line-height: 1.8\"><strong>Plants (Outdoor Sunlight\/Shadows)<\/strong><br \/>\nDistance from Plants: 1000 mm<br \/>\nUsing &#8222;5m&#8220; Mode, 350\u03bcs<br \/>\n<a style=\"color: #0073aa\" href=\"https:\/\/arenasdk.s3.us-west-2.amazonaws.com\/Plants-Outdoors-HTR_350us_5m-LUCID.ply\">Download PLY file (PLY, 8.0 MB)<\/a><br \/>\n<a style=\"color: #0073aa\" href=\"https:\/\/arenasdk.s3.us-west-2.amazonaws.com\/Outdoor-Plants-Helios2Ray.jpg\">Download Full Image (JPEG, 2.4 MB)<\/a><\/p>\n<p>[\/vc_column_text][\/vc_column_inner][\/vc_row_inner][vc_raw_html css=&#8220;.vc_custom_1700184437284{margin-top: 10px !important;}&#8220;]JTNDZGl2JTIwY2xhc3MlM0QlMjJza2V0Y2hmYWItZW1iZWQtd3JhcHBlciUyMiUzRSUyMCUzQ2lmcmFtZSUyMHRpdGxlJTNEJTIySGVsaW9zMiUyMFJheSUyMC0lMjBPdXRkb29yJTIwUGxhbnRzJTJDJTIwRnVsbCUyMFN1bmxpZ2h0JTIyJTIwZnJhbWVib3JkZXIlM0QlMjIwJTIyJTIwYWxsb3dmdWxsc2NyZWVuJTIwbW96YWxsb3dmdWxsc2NyZWVuJTNEJTIydHJ1ZSUyMiUyMHdlYmtpdGFsbG93ZnVsbHNjcmVlbiUzRCUyMnRydWUlMjIlMjBhbGxvdyUzRCUyMmF1dG9wbGF5JTNCJTIwZnVsbHNjcmVlbiUzQiUyMHhyLXNwYXRpYWwtdHJhY2tpbmclMjIlMjB4ci1zcGF0aWFsLXRyYWNraW5nJTIwZXhlY3V0aW9uLXdoaWxlLW91dC1vZi12aWV3cG9ydCUyMGV4ZWN1dGlvbi13aGlsZS1ub3QtcmVuZGVyZWQlMjB3ZWItc2hhcmUlMjB3aWR0aCUzRCUyMjY0MCUyMiUyMGhlaWdodCUzRCUyMjQ4MCUyMiUyMHNyYyUzRCUyMmh0dHBzJTNBJTJGJTJGc2tldGNoZmFiLmNvbSUyRm1vZGVscyUyRjc0YTIyOTYwMTVlZDQ2OTdhNTZmNDBkNTY3NDZhNTA3JTJGZW1iZWQlMjIlM0UlMjAlM0MlMkZpZnJhbWUlM0UlMjAlM0MlMkZkaXYlM0U=[\/vc_raw_html][\/vc_column][vc_column width=&#8220;1\/3&#8243;][vc_row_inner][vc_column_inner width=&#8220;1\/2&#8243; offset=&#8220;vc_col-lg-4 vc_col-sm-offset-0 vc_col-xs-offset-1 vc_col-xs-10&#8243;][vc_single_image image=&#8220;166250&#8243; img_size=&#8220;full&#8220; alignment=&#8220;center&#8220;][\/vc_column_inner][vc_column_inner width=&#8220;1\/2&#8243; offset=&#8220;vc_col-lg-8 vc_col-md-6 vc_col-sm-offset-0 vc_col-xs-offset-1 vc_col-xs-10&#8243;][vc_column_text]<\/p>\n<p style=\"font-size: small;line-height: 1.8\"><strong>Cardboard Boxes (Sunlight\/Shadow)<\/strong><br \/>\nDistance from boxes: 1500 mm<br \/>\nUsing &#8222;5m&#8220; Mode, 350\u03bcs<br \/>\n<a style=\"color: #0073aa\" href=\"https:\/\/arenasdk.s3.us-west-2.amazonaws.com\/Boxes-Outdoors-HTR_350us_5m-LUCID.ply\">Download PLY file (PLY, 7.9 MB)<\/a><br \/>\n<a style=\"color: #0073aa\" href=\"https:\/\/arenasdk.s3.us-west-2.amazonaws.com\/Outdoor-boxes-Helios2Ray.jpg\">Download Full Image (JPEG, 1.7 MB)<\/a><\/p>\n<p>[\/vc_column_text][\/vc_column_inner][\/vc_row_inner][vc_raw_html css=&#8220;.vc_custom_1700186428243{margin-top: 10px !important;}&#8220;]JTNDZGl2JTIwY2xhc3MlM0QlMjJza2V0Y2hmYWItZW1iZWQtd3JhcHBlciUyMiUzRSUyMCUzQ2lmcmFtZSUyMHRpdGxlJTNEJTIySGVsaW9zMiUyMFJheSUyME91dGRvb3IlMjBCb3hlcyUyQyUyMEZ1bGwlMjBTdW5saWdodCUyMiUyMGZyYW1lYm9yZGVyJTNEJTIyMCUyMiUyMGFsbG93ZnVsbHNjcmVlbiUyMG1vemFsbG93ZnVsbHNjcmVlbiUzRCUyMnRydWUlMjIlMjB3ZWJraXRhbGxvd2Z1bGxzY3JlZW4lM0QlMjJ0cnVlJTIyJTIwYWxsb3clM0QlMjJhdXRvcGxheSUzQiUyMGZ1bGxzY3JlZW4lM0IlMjB4ci1zcGF0aWFsLXRyYWNraW5nJTIyJTIweHItc3BhdGlhbC10cmFja2luZyUyMGV4ZWN1dGlvbi13aGlsZS1vdXQtb2Ytdmlld3BvcnQlMjBleGVjdXRpb24td2hpbGUtbm90LXJlbmRlcmVkJTIwd2ViLXNoYXJlJTIwd2lkdGglM0QlMjI2NDAlMjIlMjBoZWlnaHQlM0QlMjI0ODAlMjIlMjBzcmMlM0QlMjJodHRwcyUzQSUyRiUyRnNrZXRjaGZhYi5jb20lMkZtb2RlbHMlMkY1Yjk3ZmM0ZjE2MTU0NGMyODA4ZmYwOGEzZDg3NTIzMiUyRmVtYmVkJTIyJTNFJTIwJTNDJTJGaWZyYW1lJTNFJTIwJTNDJTJGZGl2JTNF[\/vc_raw_html][\/vc_column][\/vc_row]<\/p>\n<\/div>","protected":false},"excerpt":{"rendered":"<ol class=\"breadcrumb\" style=\"text-align: left\">\n<li><a href=\"\/de\/\">Home<\/a><\/li>\n<li><a href=\"\/de\/helios-time-of-flight-tof-kamera\/\">Helios 0.3 MP Time of Flight (ToF) Kamera<\/a><\/li>\n<li>Helios2 0,3 MP IP67 3D ToF-Kamera <a href=\"\/de\/product\/helios2-time-of-flight-imx556\/\" rel=\"prev\"><svg><use xlink:href=\"#left-arrow\"><\/use><\/svg><span class=\"screen-reader-text\">Helios2 3D Kamera<\/span><\/a> <a href=\"\/de\/product\/helios2-wide-time-of-flight-tof-ip67-3d-camera\/\" rel=\"next\"><svg><use xlink:href=\"#right-arrow\"><\/use><\/svg><span class=\"screen-reader-text\">Helios2 Wide 3D Kamera<\/span><\/a><\/li>\n<\/ol>\n<p style=\"text-align: left;margin-top: 15px;line-height: 1.8\">Die Helios2 Ray Time-of-Flight (ToF)-Kamera mit dem DepthSense-Sensor von Sony ist eine IP67-zertifizierte Factory Tough<sup>TM<\/sup> 3D-Kamera, die speziell f\u00fcr den Hochleistungsbetrieb unter Au\u00dfenlichtbedingungen entwickelt wurde. Ihre 940nm VCSEL-Laserdioden erm\u00f6glichen es der Kamera, selbst bei voller Sonneneinstrahlung 3D-Punktwolken in Echtzeit zu erzeugen. Dank dieser Eigenschaft eignet sich die Helios2 Ray f\u00fcr die 3D-Darstellung von Au\u00dfenszenen, z. B. in der Landwirtschaft und im Smart Farming, bei der Entladung und Depalettierung von Containern im Freien, bei der Umwelt\u00fcberwachung und bei der Inspektion von Infrastrukturen.<\/p>\n<div style=\"display:flex; justify-content: space-between;margin: 35px 0px 10px 0px\">\n<table class=\"table table-hover table-striped\" style=\"border: none;float: left;width: 31%\">\n<thead>\n<tr style=\"background-color: #82c9ed\">\n<th class=\"quick_spec_title\">Sensor<\/th>\n<\/tr>\n<\/thead>\n<tbody>\n<tr>\n<td class=\"quick_spec\">Sony DepthSense IMX556 CMOS<\/td>\n<\/tr>\n<\/tbody>\n<\/table>\n<table class=\"table table-hover table-striped\" style=\"border: none;float: left;width: 31%\">\n<thead>\n<tr style=\"background-color: #82c9ed;color: white\">\n<th class=\"quick_spec_title\">Aufl\u00f6sung<\/th>\n<\/tr>\n<\/thead>\n<tbody>\n<tr>\n<td class=\"quick_spec\">0,3 MP 640 x 480 px<\/td>\n<\/tr>\n<\/tbody>\n<\/table>\n<table class=\"table table-hover table-striped\" style=\"border: none;float: left;width: 31%\">\n<thead>\n<tr style=\"background-color: #82c9ed;color: white\">\n<th class=\"quick_spec_title\">Bildrate<\/th>\n<\/tr>\n<\/thead>\n<tbody>\n<tr>\n<td class=\"quick_spec\">30 FPS<\/td>\n<\/tr>\n<\/tbody>\n<\/table>\n<\/div>\n<table id=\"sku-table\" class=\"table table-hover table-striped\" style=\"width: 100%;margin-bottom: 25px;font-size: 12px;border: 1px dotted #f1f2f4\" border=\"0\" cellspacing=\"0\" cellpadding=\"0\">\n<tbody>\n<tr style=\"background-color: #82c9ed\">\n<td style=\"color: black\">Kameramodell<\/td>\n<td style=\"color: black\">Mono\/Farbe<\/td>\n<td style=\"color: black\">Arbeitsabstand<\/td>\n<td style=\"color: black\">Schutzart<\/td>\n<td style=\"color: black\">GigE Vision Schnittstelle<\/td>\n<td style=\"color: black\">Enthaltenes Zubeh\u00f6r<\/td>\n<\/tr>\n<tr>\n<td>HTR003S-001<\/td>\n<td>Mono<\/td>\n<td>0,3 m to 8,3 m<\/td>\n<td>IP67<\/td>\n<td>M12<\/td>\n<td>M8 GPIO IP67 Cap<\/td>\n<\/tr>\n<\/tbody>\n<\/table>\n","protected":false},"featured_media":166254,"template":"","meta":{"inline_featured_image":false},"product_brand":[],"product_cat":[695],"product_tag":[],"class_list":{"0":"post-165991","1":"product","2":"type-product","3":"status-publish","4":"has-post-thumbnail","6":"product_cat-helios-tof-de","8":"first","9":"instock","10":"taxable","11":"shipping-taxable","12":"purchasable","13":"product-type-simple","14":"layout-style-2","15":"col-md-4 col-sm-4 col-xs-6","16":"col-lg-2","17":"product-has-gallery","18":"product-style-addtocart"},"aioseo_notices":[],"_links":{"self":[{"href":"https:\/\/thinklucid.com\/de\/wp-json\/wp\/v2\/product\/165991","targetHints":{"allow":["GET"]}}],"collection":[{"href":"https:\/\/thinklucid.com\/de\/wp-json\/wp\/v2\/product"}],"about":[{"href":"https:\/\/thinklucid.com\/de\/wp-json\/wp\/v2\/types\/product"}],"wp:featuredmedia":[{"embeddable":true,"href":"https:\/\/thinklucid.com\/de\/wp-json\/wp\/v2\/media\/166254"}],"wp:attachment":[{"href":"https:\/\/thinklucid.com\/de\/wp-json\/wp\/v2\/media?parent=165991"}],"wp:term":[{"taxonomy":"product_brand","embeddable":true,"href":"https:\/\/thinklucid.com\/de\/wp-json\/wp\/v2\/product_brand?post=165991"},{"taxonomy":"product_cat","embeddable":true,"href":"https:\/\/thinklucid.com\/de\/wp-json\/wp\/v2\/product_cat?post=165991"},{"taxonomy":"product_tag","embeddable":true,"href":"https:\/\/thinklucid.com\/de\/wp-json\/wp\/v2\/product_tag?post=165991"}],"curies":[{"name":"wp","href":"https:\/\/api.w.org\/{rel}","templated":true}]}}