{"id":158461,"date":"2023-08-31T14:11:26","date_gmt":"2023-08-31T21:11:26","guid":{"rendered":"https:\/\/ec2-34-221-119-146.us-west-2.compute.amazonaws.com\/?post_type=product&#038;p=158461"},"modified":"2023-08-31T18:32:10","modified_gmt":"2023-09-01T01:32:10","slug":"ip67-c-mount-lens-tube-inner-27mm-inner-length-18-1mm","status":"publish","type":"product","link":"https:\/\/thinklucid.com\/de\/product\/ip67-c-mount-lens-tube-inner-27mm-inner-length-18-1mm\/","title":{"rendered":"IP67 C-Mount Linsentube, Innere \u2300: 27mm, Innere L\u00e4nge: 18,1mm"},"content":{"rendered":"","protected":false},"excerpt":{"rendered":"<ol class=\"breadcrumb\" style=\"text-align: left;\">\n<li><a href=\"\/\">Home<\/a><\/li>\n<li><a href=\"\/de\/accessories\/\">Zubeh\u00f6r<\/a><\/li>\n<li><a href=\"\/de\/accessories\/#ip67lenstubes\">IP67 Linsentuben<\/a><\/li>\n<li>IP67 C-Mount Linsentube, Innere \u2300: 27mm, Innere L\u00e4nge: 18,1mm <a href=\"\/de\/product\/ip67-c-mount-lens-tube-inner-27mm-inner-length-7-1mm\/\" rel=\"prev\"><span class=\"screen-reader-text\">IP67 C-Mount Linsentube, Innere \u2300: 27mm, Innere L\u00e4nge: 7,1mm<\/span><svg viewbox=\"0 0 20 20\"><use xmlns:xlink=\"http:\/\/www.w3.org\/1999\/xlink\" xlink:href=\"#left-arrow\"><\/use><\/svg><\/a> <a href=\"\/de\/product\/ip67-c-mount-46mm-lens-tube\/\" rel=\"next\"><span class=\"screen-reader-text\">IP67 C-Mount Linsentube, Innere \u2300: 27mm, Innere L\u00e4nge: 34,6mm<\/span><svg viewbox=\"0 0 20 20\"><use xmlns:xlink=\"http:\/\/www.w3.org\/1999\/xlink\" xlink:href=\"#right-arrow\"><\/use><\/svg><\/a><\/li>\n<\/ol>\n<p style=\"text-align: left; font-size: 1.4rem; padding-top: 15px;\">Die LUCID Compact 33mm IP67 Objektivtuben sind mit allen Triton und Atlas IP67 Kameramodellen kompatibel. Durch den Anschluss dieses IP67-Objektivtubus und der IP67-Kabel an die Triton- oder Atlas-IP67-Kamera k\u00f6nnen Benutzer die Kamera in Umgebungen betreiben, in denen Staub, Schmutz und Wasser bis zu den IP67-Grenzwerten vorhanden sind. Die IPTC-D270L181 wurde speziell f\u00fcr M12-Objektive (S-Mount) entwickelt. LUCID vertreibt jedoch keine M12-Objektive. F\u00fcr detaillierte Spezifikationen und Kompatibilit\u00e4tsanfragen wenden Sie sich bitte an Ihren bevorzugten Objektivhersteller.<\/p>\n<p style=\"text-align: left; font-size: 1.4rem; color: black;\"><strong>Spezifikationen<\/strong><\/p>\n<div style=\"display: flex; justify-content: space-between; margin: 10px 0px 20px 0px;\">\n<table class=\"table table-hover table-striped\" style=\"border: none; float: left; width: 49%;\">\n<tbody>\n<tr>\n<th>Model #<\/th>\n<td>IPTC-D270L181<\/td>\n<\/tr>\n<tr>\n<th>Tubusl\u00e4nge<\/th>\n<td>30mm<\/td>\n<\/tr>\n<tr>\n<th>Abstand vom Kameraflansch zum Rohrglas<\/th>\n<td>18,1mm, (16,9mm mit Line Scan TRI02KA)<\/td>\n<\/tr>\n<tr>\n<th>Aussendurchmesser<\/th>\n<td>\u00d8 33,0mm<\/td>\n<\/tr>\n<tr>\n<th>Innendurchmesser<\/th>\n<td>\u00d8 27,0mm<\/td>\n<\/tr>\n<tr>\n<th>Glass Material<\/th>\n<td>B270, 3 mm dick, einfache AR-Beschichtung auf beiden Seiten<\/td>\n<\/tr>\n<tr>\n<th>Kompatibel mit:<\/th>\n<td>Triton, Atlas IP67<\/td>\n<\/tr>\n<tr>\n<th>Produkt umfasst:<\/th>\n<td>1 x Linsentube<\/td>\n<\/tr>\n<\/tbody>\n<\/table>\n<\/div>\n","protected":false},"featured_media":158465,"template":"","meta":{"inline_featured_image":false},"product_brand":[],"product_cat":[1174],"product_tag":[],"class_list":{"0":"post-158461","1":"product","2":"type-product","3":"status-publish","4":"has-post-thumbnail","6":"product_cat-ip67-lens-tube-de","8":"first","9":"instock","10":"taxable","11":"shipping-taxable","12":"purchasable","13":"product-type-simple","14":"layout-style-2","15":"col-md-4 col-sm-4 col-xs-6","16":"col-lg-2","17":"product-has-gallery","18":"product-style-addtocart"},"aioseo_notices":[],"_links":{"self":[{"href":"https:\/\/thinklucid.com\/de\/wp-json\/wp\/v2\/product\/158461","targetHints":{"allow":["GET"]}}],"collection":[{"href":"https:\/\/thinklucid.com\/de\/wp-json\/wp\/v2\/product"}],"about":[{"href":"https:\/\/thinklucid.com\/de\/wp-json\/wp\/v2\/types\/product"}],"wp:featuredmedia":[{"embeddable":true,"href":"https:\/\/thinklucid.com\/de\/wp-json\/wp\/v2\/media\/158465"}],"wp:attachment":[{"href":"https:\/\/thinklucid.com\/de\/wp-json\/wp\/v2\/media?parent=158461"}],"wp:term":[{"taxonomy":"product_brand","embeddable":true,"href":"https:\/\/thinklucid.com\/de\/wp-json\/wp\/v2\/product_brand?post=158461"},{"taxonomy":"product_cat","embeddable":true,"href":"https:\/\/thinklucid.com\/de\/wp-json\/wp\/v2\/product_cat?post=158461"},{"taxonomy":"product_tag","embeddable":true,"href":"https:\/\/thinklucid.com\/de\/wp-json\/wp\/v2\/product_tag?post=158461"}],"curies":[{"name":"wp","href":"https:\/\/api.w.org\/{rel}","templated":true}]}}