{"id":156911,"date":"2023-08-16T11:22:29","date_gmt":"2023-08-16T18:22:29","guid":{"rendered":"https:\/\/ec2-34-221-119-146.us-west-2.compute.amazonaws.com\/?post_type=product&#038;p=156911"},"modified":"2023-08-16T12:57:50","modified_gmt":"2023-08-16T19:57:50","slug":"lr-link-pcie-gige-vision-poe-card","status":"publish","type":"product","link":"https:\/\/thinklucid.com\/de\/product\/lr-link-pcie-gige-vision-poe-card\/","title":{"rendered":"LR-LINK PCIe GigE Vision PoE+ Netzwerkkarte"},"content":{"rendered":"","protected":false},"excerpt":{"rendered":"<ol class=\"breadcrumb\" style=\"text-align: left;\">\n<li><a href=\"\/\">Home<\/a><\/li>\n<li><a href=\"\/de\/accessories\/\">Zubeh\u00f6r<\/a><\/li>\n<li><a href=\"\/de\/category\/interface-cards-poe-injectors-de\/\">PC-Karten, PoE, Kamera Netzteil<\/a><\/li>\n<li>LR-LINK PCIe GigE Vision PoE+ Netzwerkkarte\u00a0<a href=\"\/de\/product\/lr-link-2-ch-pcie-gige-vision-poe-card\/\" rel=\"prev\"><span class=\"screen-reader-text\">4-CH PCIe GigE Vision PoE+ Card<\/span><svg viewbox=\"0 0 20 20\"><use xmlns:xlink=\"http:\/\/www.w3.org\/1999\/xlink\" xlink:href=\"#left-arrow\"><\/use><\/svg><\/a> <a href=\"\/de\/product\/m8-gpio-power-supply-na-eu\/\" rel=\"next\"><span class=\"screen-reader-text\">M8 GPIO AC Adapter Power Supply (NA\/EU)<\/span> <svg viewbox=\"0 0 20 20\"><use xmlns:xlink=\"http:\/\/www.w3.org\/1999\/xlink\" xlink:href=\"#right-arrow\"><\/use><\/svg> <\/a><\/li>\n<\/ol>\n<p style=\"text-align: left; font-size: 1.4rem; padding-top:15px\">LRES2001PT-POE ist ein Single-Port Kupfer Gigabit Ethernet PCI Express x1 PoE Industrieadapter basierend auf Intel I210 Chip, kompatibel mit PCIe x4, x8 und x16 Kan\u00e4len. Dieser Server-Adapter ist haupts\u00e4chlich f\u00fcr Server und Ger\u00e4te f\u00fcr die Sichtpr\u00fcfung im industriellen Bereich, Clients f\u00fcr den visuellen Bereich, schnelle Ethernet-Daten\u00fcbertragungsger\u00e4te usw. sowie f\u00fcr allgemeine Server konzipiert. Inklusive Low-Profile-Halterung.<\/em><\/p>\n<p style=\"text-align: left; font-size: 1.4rem; color: black;\"><strong>Spezifikationen<\/strong><\/p>\n<div style=\"display: flex; justify-content: space-between; margin: 10px 0px 20px 0px;\">\n<table class=\"table table-hover table-striped\" style=\"border: none; float: left; width: 95%;\">\n<tbody>\n<tr>\n<th>Modell #<\/th>\n<td style=\"text-align: left;\">PCIE-POE1-LR<\/td>\n<\/tr>\n<tr>\n<th>HerstellerNr.<\/th>\n<td style=\"text-align: left;\">LR-Link LRES2001PT-POE<\/td>\n<\/tr>\n<tr>\n<th>PCI-Spezifikationsrevision<\/th>\n<td style=\"text-align: left;\">PCI Express\u00ae x1<\/td>\n<\/tr>\n<tr>\n<th>Chipsatz<\/th>\n<td style=\"text-align: left;\">Intel I210<\/td>\n<\/tr>\n<tr>\n<th>Ethernet Port<\/th>\n<td style=\"text-align: left;\">1 voll integrierter Gigabit Ethernet Media Access Control (MAC) und Physical Layer (PHY) Port.<br \/>\n9 kB jumbo frame support.<\/td>\n<\/tr>\n<tr>\n<th>Eigenschaften<\/th>\n<td style=\"text-align: left;\">\u2022 10 \/ 100 \/ 1000 Mbps auto-negotiation, full-duplex<br \/>\n\u2022 Single-port PoE+ output power consumption up to 30W.<br \/>\n\u2022 Support 802.3at and IEEE 802.3af<br \/>\n\u2022 Powered Device (PD) auto detection and classification per PoE+ port.<br \/>\n\u2022 9.5 kB jumbo frame support<br \/>\n\u2022 IEEE 1588 PTP<\/td>\n<\/tr>\n<tr>\n<th>Umgebungsbedingungen<\/th>\n<td style=\"text-align: left;\">\u00a00\u02daC bis +55\u02daC (32\u02daF bis 131\u02daF)<\/td>\n<\/tr>\n<tr>\n<th>PoE-Ausgang<\/th>\n<td style=\"text-align: left;\">30 W (MAX)<\/td>\n<\/tr>\n<tr>\n<th>Leistungsaufnahme<\/th>\n<td style=\"text-align: left;\">TDP 1W (Max)<\/td>\n<\/tr>\n<tr>\n<th>Abmessungen<\/th>\n<td style=\"text-align: left;\">114 x 68,8 x 1,6mm<\/td>\n<\/tr>\n<tr>\n<th>Paket enth\u00e4lt:<\/th>\n<td style=\"text-align: left;\">1 x LR-LINK PCIe GigE Vision PoE+ NIC ,<br \/>\n1 x Niedrigprofil-Halterung<\/td>\n<\/tr>\n<\/tbody>\n<\/table>\n<\/div>\n","protected":false},"featured_media":156928,"template":"","meta":{"inline_featured_image":false},"product_brand":[],"product_cat":[744],"product_tag":[],"class_list":{"0":"post-156911","1":"product","2":"type-product","3":"status-publish","4":"has-post-thumbnail","6":"product_cat-interface-cards-poe-injectors-de","8":"first","9":"instock","10":"taxable","11":"shipping-taxable","12":"purchasable","13":"product-type-simple","14":"layout-style-2","15":"col-md-4 col-sm-4 col-xs-6","16":"col-lg-2","17":"product-has-gallery","18":"product-style-addtocart"},"aioseo_notices":[],"_links":{"self":[{"href":"https:\/\/thinklucid.com\/de\/wp-json\/wp\/v2\/product\/156911","targetHints":{"allow":["GET"]}}],"collection":[{"href":"https:\/\/thinklucid.com\/de\/wp-json\/wp\/v2\/product"}],"about":[{"href":"https:\/\/thinklucid.com\/de\/wp-json\/wp\/v2\/types\/product"}],"wp:featuredmedia":[{"embeddable":true,"href":"https:\/\/thinklucid.com\/de\/wp-json\/wp\/v2\/media\/156928"}],"wp:attachment":[{"href":"https:\/\/thinklucid.com\/de\/wp-json\/wp\/v2\/media?parent=156911"}],"wp:term":[{"taxonomy":"product_brand","embeddable":true,"href":"https:\/\/thinklucid.com\/de\/wp-json\/wp\/v2\/product_brand?post=156911"},{"taxonomy":"product_cat","embeddable":true,"href":"https:\/\/thinklucid.com\/de\/wp-json\/wp\/v2\/product_cat?post=156911"},{"taxonomy":"product_tag","embeddable":true,"href":"https:\/\/thinklucid.com\/de\/wp-json\/wp\/v2\/product_tag?post=156911"}],"curies":[{"name":"wp","href":"https:\/\/api.w.org\/{rel}","templated":true}]}}