{"id":155808,"date":"2023-08-08T15:55:50","date_gmt":"2023-08-08T22:55:50","guid":{"rendered":"https:\/\/ec2-34-221-119-146.us-west-2.compute.amazonaws.com\/?post_type=product&#038;p=155808"},"modified":"2025-08-18T13:35:15","modified_gmt":"2025-08-18T20:35:15","slug":"lucid-2-ch-10g-1g-rdma-poe-host-channel-adapter-hca-network-card","status":"publish","type":"product","link":"https:\/\/thinklucid.com\/de\/product\/lucid-2-ch-10g-1g-rdma-poe-host-channel-adapter-hca-network-card\/","title":{"rendered":"LUCID 2-CH 10G\/1G RDMA PoE+ Host Channel Adapter (HCA) Netzwerkkarte"},"content":{"rendered":"","protected":false},"excerpt":{"rendered":"<ol class=\"breadcrumb\" style=\"text-align: left;\">\n<li><a href=\"\/\">Home<\/a><\/li>\n<li><a href=\"\/de\/accessories\/\">Zubeh\u00f6r<\/a><\/li>\n<li><a href=\"\/de\/category\/interface-cards-poe-injectors-de\/\">PC-Karten, PoE, Kamera Netzteil<\/a><\/li>\n<li>LUCID 2-CH 10G\/1G RDMA PoE+ Host Channel Adapter (HCA) Netzwerkkarte <a href=\"\/de\/product\/tp-link-poe-injector\/\" rel=\"prev\"><span class=\"screen-reader-text\">Phihong PoE Injector (EU\/UK Versions)<\/span><svg viewbox=\"0 0 20 20\"><use xmlns:xlink=\"http:\/\/www.w3.org\/1999\/xlink\" xlink:href=\"#left-arrow\"><\/use><\/svg><\/a> <a href=\"\/de\/product\/10g-5g-2-5g-1g-poe-ethernet-card\/\" rel=\"next\"><span class=\"screen-reader-text\">10G\/5G\/2.5G\/1G PoE+ NBASE-T Netzwerkkarte<\/span> <svg viewbox=\"0 0 20 20\"><use xmlns:xlink=\"http:\/\/www.w3.org\/1999\/xlink\" xlink:href=\"#right-arrow\"><\/use><\/svg> <\/a><\/li>\n<\/ol>\n<p style=\"text-align: left; font-size: 1.2rem; padding-top:15px\">Die PCIE-10GPOE2-LUCID HCA Netzwerkkarte von LUCID ist ein Dual-Port 10GBASE-T, PoE+, PCIe 3.0 x8 Host Channel Adapter (HCA), der RDMA (RoCEv2) 10GigE Daten\u00fcbertragungen mit der Atlas10 und Triton10 &#8211; 10GigE Kamera unterst\u00fctzt. Diese Netzwerkkarte ist vollst\u00e4ndig konform mit dem IEEE 802.3an Standard und verwendet den Broadcom BCM57416 Ethernet Controller mit integriertem Dual-Channel 10GBASE-T Transceiver. Diese Karte unterst\u00fctzt PoE+ (IEEE 802.3at) mit Molex 4-Pin \/ SATA 15-Pin Anschl\u00fcssen. <strong>Wichtig: Dieser RDMA-HCA ist nicht NBASE-T-kompatibel und unterst\u00fctzt NICHT die Geschwindigkeiten 5GigE oder 2,5GigE. <\/strong> <\/p>\n<p style=\"text-align: left; font-size: 1.4rem;\"><strong>Spezifikationen<\/strong><\/p>\n<div style=\"display: flex; justify-content: space-between; margin: 10px 0px 20px 0px;\">\n<table class=\"table table-hover table-striped\" style=\"border: none; float: left; width: 95%;\">\n<tbody>\n<tr>\n<td width=\"50%\" style=\"border-right: 1px solid #ddd;\"><strong>HerstellerNr.<\/strong><\/td>\n<td width=\"50%\"><strong>Anzahl Ports<\/strong><\/td>\n<\/tr>\n<tr>\n<td width=\"50%\" style=\"border-right: 1px solid #ddd;\">LUCID PCIE-10GPOE2-LUCID<\/td>\n<td width=\"50%\">2 x PoE+ 10GBASE-T IEEE 802.3an \/ 1000BASE-T IEEE 802.3ab<\/td>\n<\/tr>\n<tr>\n<td colspan=2 ><strong>Weitere Spezifikationen und Merkmale:<\/strong><\/td>\n<\/tr>\n<tr>\n<td style=\"text-align:left\">\n&bull; x8 PCI Express v3.0 compliant <br \/>\n&bull; RDMA over Converged Ethernet (RoCEv2) <br \/>\n&bull; SR-IOV with up to 128 VFs <br \/>\n&bull; Function Level Reset (FLR) support<br \/>\n&bull; TruFlow\u2122 flow processing engine<br \/>\n&bull; Virtual Network Termination\u2013VXLAN, NVGRE, Geneve, GRE encap\/decap<br \/>\n&bull; vSwitch acceleration <br \/>\n&bull; Tunnel-aware stateless offloads <br \/>\n&bull; DCB support: PFC, ETS, QCN, DCBx <br \/>\n&bull; SMBus 2.0<br \/>\n&bull; MCTP over SMBus <br \/>\n&bull; PCIe-based UART and KCS <br \/>\n&bull; Jumbo frames up to 9 KB<br \/>\n&bull; Advanced Congestion Avoidance \n<\/td>\n<td style=\"text-align:left\">&bull;Multiqueue, NetQueue, and VMQ <br \/>\n&bull; IPv4 and IPv6 offloads <br \/>\n&bull; TCP, UDP, and IP checksum offloads <br \/>\n&bull; Large Send Offload (LSO)<br \/>\n&bull; Large Receive Offload (LRO) <br \/>\n&bull; TCP Segmentation Offload (TSO) <br \/>\n&bull; Receive-side Scaling (RSS) <br \/>\n&bull; Transmit-side Scaling (TSS) <br \/>\n&bull; VLAN insertion\/removal <br \/>\n&bull; Interrupt coalescing <br \/>\n&bull; Network boot-PXE, UEFI <br \/>\n&bull; iSCSI boot<br \/>\n&bull; MSI and MSI-X <br \/>\n&bull; Conforms to the PCI Express Card Electromechanical Specification Rev. 3.0\n<\/td>\n<\/tr>\n<tr>\n<td colspan=2 ><strong>Stromeingang f\u00fcr POE+ (IEEE 802.3at)<\/strong><\/td>\n<\/tr>\n<tr>\n<td colspan=2 >Step-Up 12V from the following source (A or B): A. From PCIe Slot (25 W or 75 W depends on mainboard design), B. From IDE Big 4 pin Power Connector or\/and SATA 15pin Power Connector.<\/td>\n<\/tr>\n<tr>\n<td colspan=2 ><strong>Das Paket enth\u00e4lt:<\/strong><\/td>\n<\/tr>\n<tr>\n<td colspan=2 >1 x 2 Port LUCID 10GigE RDMA PoE+ HCA Netzwerkkarte, 1 x Flachprofil-Halterung<\/td>\n<\/tr>\n<\/tbody>\n<\/table>\n<\/div>\n","protected":false},"featured_media":155812,"template":"","meta":{"inline_featured_image":false},"product_brand":[],"product_cat":[744],"product_tag":[],"class_list":{"0":"post-155808","1":"product","2":"type-product","3":"status-publish","4":"has-post-thumbnail","6":"product_cat-interface-cards-poe-injectors-de","8":"first","9":"onbackorder","10":"taxable","11":"shipping-taxable","12":"purchasable","13":"product-type-simple","14":"layout-style-2","15":"col-md-4 col-sm-4 col-xs-6","16":"col-lg-2","17":"product-has-gallery","18":"product-style-addtocart"},"aioseo_notices":[],"_links":{"self":[{"href":"https:\/\/thinklucid.com\/de\/wp-json\/wp\/v2\/product\/155808","targetHints":{"allow":["GET"]}}],"collection":[{"href":"https:\/\/thinklucid.com\/de\/wp-json\/wp\/v2\/product"}],"about":[{"href":"https:\/\/thinklucid.com\/de\/wp-json\/wp\/v2\/types\/product"}],"wp:featuredmedia":[{"embeddable":true,"href":"https:\/\/thinklucid.com\/de\/wp-json\/wp\/v2\/media\/155812"}],"wp:attachment":[{"href":"https:\/\/thinklucid.com\/de\/wp-json\/wp\/v2\/media?parent=155808"}],"wp:term":[{"taxonomy":"product_brand","embeddable":true,"href":"https:\/\/thinklucid.com\/de\/wp-json\/wp\/v2\/product_brand?post=155808"},{"taxonomy":"product_cat","embeddable":true,"href":"https:\/\/thinklucid.com\/de\/wp-json\/wp\/v2\/product_cat?post=155808"},{"taxonomy":"product_tag","embeddable":true,"href":"https:\/\/thinklucid.com\/de\/wp-json\/wp\/v2\/product_tag?post=155808"}],"curies":[{"name":"wp","href":"https:\/\/api.w.org\/{rel}","templated":true}]}}