{"id":152203,"date":"2023-07-04T17:26:14","date_gmt":"2023-07-05T00:26:14","guid":{"rendered":"https:\/\/ec2-34-221-119-146.us-west-2.compute.amazonaws.com\/?post_type=product&#038;p=152203"},"modified":"2025-12-04T16:06:15","modified_gmt":"2025-12-05T00:06:15","slug":"ip67-c-mount-lens-tube-extension","status":"publish","type":"product","link":"https:\/\/thinklucid.com\/de\/product\/ip67-c-mount-lens-tube-extension\/","title":{"rendered":"IP67 C-Mount Linsentube-Verl\u00e4ngerung, (+43,5mm)"},"content":{"rendered":"","protected":false},"excerpt":{"rendered":"<ol class=\"breadcrumb\" style=\"text-align: left;\">\n<li><a href=\"\/\">Home<\/a><\/li>\n<li><a href=\"https:\/\/thinklucid.com\/de\/accessories\/\">Zubeh\u00f6r<\/a><\/li>\n<li><a href=\"https:\/\/thinklucid.com\/de\/accessories\/#ip67lenstubes\">IP67 Linsentuben<\/a><\/li>\n<li>IP67 C-Mount Linsentube-Verl\u00e4ngerung, Innere \u2300: 59mm, Innere L\u00e4nge: 43,5mm <a href=\"https:\/\/thinklucid.com\/de\/product\/ip67-c-mount-lens-tube-inner-59mm-inner-length-81-5mm\/\" rel=\"prev\"><span class=\"screen-reader-text\">IP67 C-Mount Linsentube, Innere \u2300: 59mm, Innere L\u00e4nge: 81,5mm<\/span><svg viewbox=\"0 0 20 20\"><use xmlns:xlink=\"http:\/\/www.w3.org\/1999\/xlink\" xlink:href=\"#left-arrow\"><\/use><\/svg><\/a> <a href=\"https:\/\/thinklucid.com\/de\/product\/ip67-c-mount-lens-tube-inner-27mm-inner-length-7-1mm\/\" rel=\"next\"><span class=\"screen-reader-text\">IP67 C-Mount Linsentube, Innere \u2300: 27mm, Innere L\u00e4nge: 7,1mm<\/span><svg viewbox=\"0 0 20 20\"><use xmlns:xlink=\"http:\/\/www.w3.org\/1999\/xlink\" xlink:href=\"#right-arrow\"><\/use><\/svg><\/a><\/li>\n<\/ol>\n<p style=\"text-align: left; font-size: 1.4rem; padding-top: 15px;\">Die Linsentube-Verl\u00e4ngerung IPTC-EXT-D590L435 von LUCID ist mit allen IPTC-D590L### Objektivtuben kompatibel. Dieser Verl\u00e4ngerungstubus erweitert die Gesamtl\u00e4nge um 43,5 mm.<\/p>\n<p style=\"font-size: 1.4rem;\"><strong>Informationen zur L\u00e4nge der Verl\u00e4ngerung:<\/strong><\/p>\n<p>&bull; Bei Anschluss an IPTC-D590L555: Erh\u00f6ht die innere Gesamtl\u00e4nge auf 99 mm.<br \/>\n&bull; Bei Anschluss an IPTC-D590L715: Erh\u00f6ht die innere Gesamtl\u00e4nge auf 115 mm.<br \/>\n&bull; Bei Anschluss an IPTC-D590L815: Erh\u00f6ht die innere Gesamtl\u00e4nge auf 125 mm.<\/p>\n","protected":false},"featured_media":152211,"template":"","meta":{"inline_featured_image":false},"product_brand":[],"product_cat":[1174],"product_tag":[],"class_list":{"0":"post-152203","1":"product","2":"type-product","3":"status-publish","4":"has-post-thumbnail","6":"product_cat-ip67-lens-tube-de","8":"first","9":"instock","10":"taxable","11":"shipping-taxable","12":"purchasable","13":"product-type-simple","14":"layout-style-2","15":"col-md-4 col-sm-4 col-xs-6","16":"col-lg-2","17":"product-has-gallery","18":"product-style-addtocart"},"aioseo_notices":[],"_links":{"self":[{"href":"https:\/\/thinklucid.com\/de\/wp-json\/wp\/v2\/product\/152203","targetHints":{"allow":["GET"]}}],"collection":[{"href":"https:\/\/thinklucid.com\/de\/wp-json\/wp\/v2\/product"}],"about":[{"href":"https:\/\/thinklucid.com\/de\/wp-json\/wp\/v2\/types\/product"}],"wp:featuredmedia":[{"embeddable":true,"href":"https:\/\/thinklucid.com\/de\/wp-json\/wp\/v2\/media\/152211"}],"wp:attachment":[{"href":"https:\/\/thinklucid.com\/de\/wp-json\/wp\/v2\/media?parent=152203"}],"wp:term":[{"taxonomy":"product_brand","embeddable":true,"href":"https:\/\/thinklucid.com\/de\/wp-json\/wp\/v2\/product_brand?post=152203"},{"taxonomy":"product_cat","embeddable":true,"href":"https:\/\/thinklucid.com\/de\/wp-json\/wp\/v2\/product_cat?post=152203"},{"taxonomy":"product_tag","embeddable":true,"href":"https:\/\/thinklucid.com\/de\/wp-json\/wp\/v2\/product_tag?post=152203"}],"curies":[{"name":"wp","href":"https:\/\/api.w.org\/{rel}","templated":true}]}}