{"id":147687,"date":"2023-05-19T14:51:22","date_gmt":"2023-05-19T21:51:22","guid":{"rendered":"https:\/\/ec2-34-221-119-146.us-west-2.compute.amazonaws.com\/?post_type=product&#038;p=147687"},"modified":"2024-01-29T14:53:39","modified_gmt":"2024-01-29T22:53:39","slug":"4-ch-5g-2-5g-1g-poe-ethernet-card","status":"publish","type":"product","link":"https:\/\/thinklucid.com\/de\/product\/4-ch-5g-2-5g-1g-poe-ethernet-card\/","title":{"rendered":"Neousys 4-CH 5G\/2.5G\/1G PoE+ Netzwerkkarte"},"content":{"rendered":"","protected":false},"excerpt":{"rendered":"<ol class=\"breadcrumb\" style=\"text-align: left;\">\n<li><a href=\"\/\">Home<\/a><\/li>\n<li><a href=\"\/de\/accessories\/\">Zubeh\u00f6r<\/a><\/li>\n<li><a href=\"\/de\/category\/interface-cards-poe-injectors-de\/\">PC-Karten, PoE, Kamera Netzteil<\/a><\/li>\n<li>4-CH 5G\/2.5G\/1G PoE+ Netzwerkkarte<a href=\"\/de\/product\/10g-5g-2-5g-1g-poe-ethernet-card\/\" rel=\"prev\"><span class=\"screen-reader-text\">10G\/5G\/2.5G\/1G PoE+ NBASE-T Netzwerkkarte<\/span><svg viewbox=\"0 0 20 20\"><use xmlns:xlink=\"http:\/\/www.w3.org\/1999\/xlink\" xlink:href=\"#left-arrow\"><\/use><\/svg><\/a> <a href=\"\/de\/product\/4-ch-2-5g-1g-poe-ethernet-card\/\" rel=\"next\"><span class=\"screen-reader-text\">4-CH 2.5G\/1G PoE+ Netzwerkkarte<\/span> <svg viewbox=\"0 0 20 20\"><use xmlns:xlink=\"http:\/\/www.w3.org\/1999\/xlink\" xlink:href=\"#right-arrow\"><\/use><\/svg> <\/a><\/li>\n<\/ol>\n<p style=\"text-align: left; font-size: 1.2rem; margin-top:20px\">Die PCIE-POE4-5G ist eine industrietaugliche 4-Port 5GBASE-T Framegrabberkarte mit 802.3at PoE+ F\u00e4higkeit f\u00fcr fortschrittliche Machine Vision Anwendungen von Neousys. Sie nutzt den Marvell AQC111C 5GBASE-T Ethernet-Controller, um eine dedizierte 5 Gb\/s Ethernet-Bandbreite f\u00fcr jeden Port zu bieten. Dar\u00fcber hinaus ist er abw\u00e4rtskompatibel mit 2,5G, 1G und 100M Link-Geschwindigkeiten, um \u00e4ltere Ethernet-Ger\u00e4te zu unterst\u00fctzen, und kann Daten mit kosteng\u00fcnstigen Cat 5e-Ethernet-Kabeln bis zu 100 Meter ohne Bandbreitenverringerung \u00fcbertragen.<\/p>\n<p style=\"text-align: left; font-size: 1.4rem; color: black;\"><strong>Spezifikationen<\/strong><\/p>\n<div style=\"display: flex; justify-content: space-between; margin: 10px 0px 20px 0px;\">\n<table class=\"table table-hover table-striped\" style=\"border: none; float: left; width: 95%;\">\n<tbody>\n<tr>\n<td width=\"15%\">HerstellerNr.<\/td>\n<td width=\"85%\">\n<ul style=\"text-align:left\">\n<li>Neousys PCIe-PoE454at<\/li>\n<\/ul>\n<\/td>\n<\/tr>\n<tr>\n<tr>\n<td width=\"15%\">Chipset<\/td>\n<td width=\"85%\">\n<ul style=\"text-align:left\">\n<li>Marvel AQC111C<\/li>\n<\/ul>\n<\/td>\n<\/tr>\n<tr>\n<td width=\"15%\">PCI Express<\/td>\n<td width=\"85%\">\n<ul style=\"text-align:left\">\n<li>4 Lanes, Gen3 PCI Express Schnittstelle, konform mit PCI Express Base Specification Revision 3.0<\/li>\n<\/ul>\n<\/td>\n<\/tr>\n<tr>\n<td>POE + Funktion<\/td>\n<td>\n<ul style=\"text-align:left\">\n<li>100 meters over Cat 5e and Cat 6a at 5Gbps \/ 2.5Gbps\/ 1Gbps\/ 100Mbps<\/li>\n<li>In compliance with IEEE 802.3at-2009 (PoE+), each port delivers up to 25.5 W of power.<\/li>\n<li>IEEE 802.1q, VLAN support.<\/li>\n<li>9 kB jumbo frame support.<\/li>\n<li>Maximum 5.5 A@12V (66W) from PCIe gold finger connector. <br \/> Maximum 8.5 A@12V (102W) with onboard 6-pin PCIe power connector connected.\t<\/li>\n<li>CE Class A, according to EN 55032\/55035, FCC Class A, according to FCC Part 15, Subpart B<\/li>\n<\/ul>\n<\/td>\n<\/tr>\n<tr>\n<td>Betriebstemperatur<\/td>\n<td>\n<ul style=\"text-align:left\">\n<li>0\u00b0C ~ 55\u00b0C mit Luftstrom<\/li>\n<\/ul>\n<\/td>\n<\/tr>\n<tr>\n<td>Anzahl der Ports<\/td>\n<td>\n<ul style=\"text-align:left\">\n<li>Four (4) 5\/2.5\/1GBASE-T RJ45 Ethernet ports with PoE+<\/li>\n<\/ul>\n<\/td>\n<\/tr>\n<\/tbody>\n<\/table>\n<\/div>\n","protected":false},"featured_media":147691,"template":"","meta":{"inline_featured_image":false},"product_brand":[],"product_cat":[744],"product_tag":[],"class_list":{"0":"post-147687","1":"product","2":"type-product","3":"status-publish","4":"has-post-thumbnail","6":"product_cat-interface-cards-poe-injectors-de","8":"first","9":"instock","10":"taxable","11":"shipping-taxable","12":"purchasable","13":"product-type-simple","14":"layout-style-2","15":"col-md-4 col-sm-4 col-xs-6","16":"col-lg-2","17":"product-has-gallery","18":"product-style-addtocart"},"aioseo_notices":[],"_links":{"self":[{"href":"https:\/\/thinklucid.com\/de\/wp-json\/wp\/v2\/product\/147687","targetHints":{"allow":["GET"]}}],"collection":[{"href":"https:\/\/thinklucid.com\/de\/wp-json\/wp\/v2\/product"}],"about":[{"href":"https:\/\/thinklucid.com\/de\/wp-json\/wp\/v2\/types\/product"}],"wp:featuredmedia":[{"embeddable":true,"href":"https:\/\/thinklucid.com\/de\/wp-json\/wp\/v2\/media\/147691"}],"wp:attachment":[{"href":"https:\/\/thinklucid.com\/de\/wp-json\/wp\/v2\/media?parent=147687"}],"wp:term":[{"taxonomy":"product_brand","embeddable":true,"href":"https:\/\/thinklucid.com\/de\/wp-json\/wp\/v2\/product_brand?post=147687"},{"taxonomy":"product_cat","embeddable":true,"href":"https:\/\/thinklucid.com\/de\/wp-json\/wp\/v2\/product_cat?post=147687"},{"taxonomy":"product_tag","embeddable":true,"href":"https:\/\/thinklucid.com\/de\/wp-json\/wp\/v2\/product_tag?post=147687"}],"curies":[{"name":"wp","href":"https:\/\/api.w.org\/{rel}","templated":true}]}}