{"id":134290,"date":"2023-01-10T12:32:02","date_gmt":"2023-01-10T20:32:02","guid":{"rendered":"https:\/\/ec2-34-221-119-146.us-west-2.compute.amazonaws.com\/?post_type=product&#038;p=134290"},"modified":"2026-02-12T10:16:23","modified_gmt":"2026-02-12T18:16:23","slug":"helios2-wide-time-of-flight-tof-ip67-3d-camera","status":"publish","type":"product","link":"https:\/\/thinklucid.com\/de\/product\/helios2-wide-time-of-flight-tof-ip67-3d-camera\/","title":{"rendered":"Helios2 Wide Time of Flight (ToF) IP67 3D Kamera"},"content":{"rendered":"<div class=\"wpb-content-wrapper\"><p>[vc_row css=&#8220;.vc_custom_1762813229160{margin-top: 50px !important;}&#8220;][vc_column width=&#8220;1\/2&#8243;][vc_single_image image=&#8220;134435&#8243; img_size=&#8220;full&#8220;][\/vc_column][vc_column width=&#8220;1\/2&#8243;][vc_custom_heading text=&#8220;Helios2 Wide gegen Helios2&#8243; font_container=&#8220;tag:h2|text_align:center&#8220; use_theme_fonts=&#8220;yes&#8220;][vc_column_text css=&#8220;.vc_custom_1673636359536{margin-bottom: 15px !important;}&#8220;]<\/p>\n<p style=\"text-align: center\">Die Helios2 Wide bietet dasselbe IP67- und Factory Tough-Design wie die regul\u00e4re Helios2, vervierfacht aber den sichtbaren Bereich dank ihres gr\u00f6\u00dferen Sichtfelds von <strong>108\u00b0 x 78\u00b0<\/strong> (im Vergleich zum 69\u2070 x 51\u2070 FoV der Helios2). Dadurch kann die Helios2 Wide einen viel gr\u00f6\u00dferen Bereich aus der gleichen Entfernung wie die Helios2 oder den gleichen Bereich aus einer geringeren Entfernung zum Ziel abbilden, was mehr Flexibilit\u00e4t bei der Installation der Kamera erm\u00f6glicht.<\/p>\n<p>[\/vc_column_text][vc_single_image image=&#8220;124184&#8243; img_size=&#8220;full&#8220; alignment=&#8220;center&#8220; css=&#8220;.vc_custom_1673636378964{margin-bottom: 15px !important;}&#8220;][vc_row_inner][vc_column_inner width=&#8220;1\/2&#8243;][vc_single_image image=&#8220;124188&#8243; img_size=&#8220;full&#8220; alignment=&#8220;center&#8220; css=&#8220;.vc_custom_1673636392769{margin-bottom: 15px !important;}&#8220;][\/vc_column_inner][vc_column_inner width=&#8220;1\/2&#8243;][vc_single_image image=&#8220;121952&#8243; img_size=&#8220;full&#8220;][\/vc_column_inner][\/vc_row_inner][\/vc_column][\/vc_row]<\/p>\n<\/div>","protected":false},"excerpt":{"rendered":"<ol class=\"breadcrumb\" style=\"text-align: left\">\n<li><a href=\"\/de\/\">Home<\/a><\/li>\n<li><a href=\"\/de\/helios-time-of-flight-tof-kamera\/\">Helios 0.3 MP Time of Flight (ToF) Kamera<\/a><\/li>\n<li>Helios2 Wide 0,3 MP IP67 3D ToF-Kamera <a href=\"\/de\/product\/helios2-ray-outdoor-tof-ip67-3d-camera\/\" rel=\"prev\"><svg><use xlink:href=\"#left-arrow\"><\/use><\/svg><span class=\"screen-reader-text\">Helios2 Ray 3D Kamera<\/span><\/a> <a href=\"\/de\/product\/helios2-narrow-ip67-time-of-flight-tof-3d-camera\/\" rel=\"next\"><svg><use xlink:href=\"#right-arrow\"><\/use><\/svg><span class=\"screen-reader-text\">Helios2 Narrow 3D<\/span><\/a><\/li>\n<\/ol>\n<p style=\"text-align: left;margin-top: 15px;line-height: 1.8\">Die Helios2 Wide verf\u00fcgt \u00fcber den DepthSense\u2122 IMX556PLR r\u00fcckw\u00e4rtig beleuchteten ToF-Bildsensor von Sony in Kombination mit einem Weitwinkelobjektiv, das einen Blickwinkel von 108\u00ba bietet und sich f\u00fcr Anwendungen mit geringem Arbeitsabstand und gro\u00dfem Aktionsradius eignet, wie z. B. Palettieranwendungen in voller Gr\u00f6\u00dfe. Diese IP67 Factory Tough\u2122 3D-Kamera liefert eine Tiefenaufl\u00f6sung von 640 x 480 bei einem Arbeitsabstand von bis zu 8,3 Metern und einer Bildrate von 30 fps.<\/p>\n<div style=\"display:flex; justify-content: space-between;margin: 35px 0px 10px 0px\">\n<table class=\"table table-hover table-striped\" style=\"border: none;float: left;width: 31%\">\n<thead>\n<tr style=\"background-color: #82c9ed\">\n<th class=\"quick_spec_title\">Sensor<\/th>\n<\/tr>\n<\/thead>\n<tbody>\n<tr>\n<td class=\"quick_spec\">Sony DepthSense IMX556 CMOS<\/td>\n<\/tr>\n<\/tbody>\n<\/table>\n<table class=\"table table-hover table-striped\" style=\"border: none;float: left;width: 31%\">\n<thead>\n<tr style=\"background-color: #82c9ed;color: white\">\n<th class=\"quick_spec_title\">Aufl\u00f6sung<\/th>\n<\/tr>\n<\/thead>\n<tbody>\n<tr>\n<td class=\"quick_spec\">0,3 MP 640 x 480 px<\/td>\n<\/tr>\n<\/tbody>\n<\/table>\n<table class=\"table table-hover table-striped\" style=\"border: none;float: left;width: 31%\">\n<thead>\n<tr style=\"background-color: #82c9ed;color: white\">\n<th class=\"quick_spec_title\">Bildrate<\/th>\n<\/tr>\n<\/thead>\n<tbody>\n<tr>\n<td class=\"quick_spec\">30 FPS<\/td>\n<\/tr>\n<\/tbody>\n<\/table>\n<\/div>\n<table id=\"sku-table\" class=\"table table-hover table-striped\" style=\"width: 100%;margin-bottom: 25px;font-size: 12px;border: 1px dotted #f1f2f4\" border=\"0\" cellspacing=\"0\" cellpadding=\"0\">\n<tbody>\n<tr style=\"background-color: #82c9ed\">\n<td style=\"color: black\">Kameramodell<\/td>\n<td style=\"color: black\">Mono\/Farbe<\/td>\n<td style=\"color: black\">Arbeitsabstand<\/td>\n<td style=\"color: black\">Schutzart<\/td>\n<td style=\"color: black\">GigE Vision Schnittstelle<\/td>\n<td style=\"color: black\">Enthaltenes Zubeh\u00f6r<\/td>\n<\/tr>\n<tr>\n<td>HTW003S-001<\/td>\n<td>Mono<\/td>\n<td>0,3 m to 8,3 m<\/td>\n<td>IP67<\/td>\n<td>M12<\/td>\n<td>M8 GPIO IP67 Cap<\/td>\n<\/tr>\n<\/tbody>\n<\/table>\n","protected":false},"featured_media":134345,"template":"","meta":{"inline_featured_image":false},"product_brand":[],"product_cat":[695],"product_tag":[],"class_list":{"0":"post-134290","1":"product","2":"type-product","3":"status-publish","4":"has-post-thumbnail","6":"product_cat-helios-tof-de","8":"first","9":"instock","10":"taxable","11":"shipping-taxable","12":"purchasable","13":"product-type-simple","14":"layout-style-2","15":"col-md-4 col-sm-4 col-xs-6","16":"col-lg-2","17":"product-has-gallery","18":"product-style-addtocart"},"aioseo_notices":[],"_links":{"self":[{"href":"https:\/\/thinklucid.com\/de\/wp-json\/wp\/v2\/product\/134290","targetHints":{"allow":["GET"]}}],"collection":[{"href":"https:\/\/thinklucid.com\/de\/wp-json\/wp\/v2\/product"}],"about":[{"href":"https:\/\/thinklucid.com\/de\/wp-json\/wp\/v2\/types\/product"}],"wp:featuredmedia":[{"embeddable":true,"href":"https:\/\/thinklucid.com\/de\/wp-json\/wp\/v2\/media\/134345"}],"wp:attachment":[{"href":"https:\/\/thinklucid.com\/de\/wp-json\/wp\/v2\/media?parent=134290"}],"wp:term":[{"taxonomy":"product_brand","embeddable":true,"href":"https:\/\/thinklucid.com\/de\/wp-json\/wp\/v2\/product_brand?post=134290"},{"taxonomy":"product_cat","embeddable":true,"href":"https:\/\/thinklucid.com\/de\/wp-json\/wp\/v2\/product_cat?post=134290"},{"taxonomy":"product_tag","embeddable":true,"href":"https:\/\/thinklucid.com\/de\/wp-json\/wp\/v2\/product_tag?post=134290"}],"curies":[{"name":"wp","href":"https:\/\/api.w.org\/{rel}","templated":true}]}}