{"id":127737,"date":"2022-11-02T17:18:54","date_gmt":"2022-11-03T00:18:54","guid":{"rendered":"https:\/\/ec2-34-221-119-146.us-west-2.compute.amazonaws.com\/?post_type=product&#038;p=127737"},"modified":"2026-02-26T21:45:39","modified_gmt":"2026-02-27T05:45:39","slug":"triton-swir-0-3mp-model-imx991","status":"publish","type":"product","link":"https:\/\/thinklucid.com\/de\/product\/triton-swir-0-3mp-model-imx991\/","title":{"rendered":"Triton SWIR 0,3MP IP67 Model"},"content":{"rendered":"","protected":false},"excerpt":{"rendered":"<ol class=\"breadcrumb\" style=\"text-align: left;\">\n<li><a href=\"\/de\/\">Home<\/a><\/li>\n<li><a href=\"https:\/\/thinklucid.com\/de\/swir-ip67-cameras\/\">Atlas &amp; Triton SWIR Kamera<\/a><\/li>\n<li>Triton SWIR IP67 Model \u2013 0,3MP Sony IMX991 CMOS <a href=\"https:\/\/thinklucid.com\/de\/product\/atlas-swir-1-3mp-model-imx990\/\" rel=\"prev\"><svg viewbox=\"0 0 20 20\"><use xmlns:xlink=\"http:\/\/www.w3.org\/1999\/xlink\" xlink:href=\"#left-arrow\"><\/use><\/svg><span class=\"screen-reader-text\">Atlas SWIR 1,3 MP<\/span><\/a> <a href=\"https:\/\/thinklucid.com\/de\/product\/triton-swir-1-3mp-model-imx990\/\" rel=\"next\"><svg viewbox=\"0 0 20 20\"><use xmlns:xlink=\"http:\/\/www.w3.org\/1999\/xlink\" xlink:href=\"#right-arrow\"><\/use><\/svg><span class=\"screen-reader-text\">Triton SWIR 1,3 MP<\/span><\/a><\/li>\n<\/ol>\n<p style=\"text-align: left; margin-top: 15px; line-height: 1.7;\">Die Triton SWIR-Kamera ist mit einem hochempfindlichen Sony\u00ae SenSWIR\u2122 0,3 MP IMX991 InGaAs-Sensor ausgestattet, der Bilder sowohl im sichtbaren als auch im unsichtbaren Lichtspektrum aufnehmen kann und eine miniaturisierte Pixelgr\u00f6\u00dfe von 5\u03bcm aufweist. Die Triton SWIR ist eine kompakte Factory Tough\u2122-Kamera mit Schutzart IP67, Aktive Sensorausrichtung, und Power over Ethernet (PoE).<\/p>\n<p style=\"text-align: left;\">Die F\u00e4higkeit der Kamera, den kurzwelligen Infrarotbereich des unsichtbaren Lichts zu erfassen, er\u00f6ffnet eine Welt industrieller Anwendungen mit h\u00f6herer Pr\u00e4zision bei der Obstinspektion und -sortierung, IR-Mikroskopie, Halbleiterinspektion, Materialsortierung und mehr.<\/p>\n<div style=\"display: flex; justify-content: space-between; margin: 35px 0px 10px 0px;\">\n<table class=\"table table-hover table-striped\" style=\"border: none; float: left; width: 31%;\">\n<thead>\n<tr style=\"background-color: #82c9ed;\">\n<th class=\"quick_spec_title\">Sensor<\/th>\n<\/tr>\n<\/thead>\n<tbody>\n<tr>\n<td class=\"quick_spec\">Sony IMX990 InGaAs<\/td>\n<\/tr>\n<\/tbody>\n<\/table>\n<table class=\"table table-hover table-striped\" style=\"border: none; float: left; width: 31%;\">\n<thead>\n<tr style=\"background-color: #82c9ed; color: white;\">\n<th class=\"quick_spec_title\">Aufl\u00f6sung<\/th>\n<\/tr>\n<\/thead>\n<tbody>\n<tr>\n<td class=\"quick_spec\">0,3 MP, 656 x 520 px<\/td>\n<\/tr>\n<\/tbody>\n<\/table>\n<table class=\"table table-hover table-striped\" style=\"border: none; float: left; width: 31%;\">\n<thead>\n<tr style=\"background-color: #82c9ed; color: white;\">\n<th class=\"quick_spec_title\">Bildrate<\/th>\n<\/tr>\n<\/thead>\n<tbody>\n<tr>\n<td class=\"quick_spec\">257 FPS<\/td>\n<\/tr>\n<\/tbody>\n<\/table>\n<\/div>\n<table id=\"sku-table\" class=\"table table-hover table-striped\" style=\"margin: auto; font-size: 12px; border: 1px dotted #f1f2f4; width: 90%;\" border=\"0\" cellspacing=\"0\" cellpadding=\"0\">\n<tbody>\n<tr style=\"background-color: #82c9ed;\">\n<td style=\"color: black;\">Kameramodell<\/td>\n<td style=\"color: black;\">Mono\/Farbe<\/td>\n<td style=\"color: black;\">Empfindlichkeitsbereich<\/td>\n<td style=\"color: black;\">K\u00fchlung<\/td>\n<td style=\"color: black;\">Objektivanschluss<\/td>\n<td style=\"color: black;\">5GBASE-T GigE Vision Schnittstelle<\/td>\n<\/tr>\n<tr>\n<td>TRI003S-WC<\/td>\n<td>Mono<\/td>\n<td>400 nm bis 1700 nm<\/td>\n<td>Keine<\/td>\n<td>C-mount<\/td>\n<td>M12<\/td>\n<\/tr>\n<\/tbody>\n<\/table>\n","protected":false},"featured_media":127726,"template":"","meta":{"inline_featured_image":false},"product_brand":[],"product_cat":[258],"product_tag":[],"class_list":{"0":"post-127737","1":"product","2":"type-product","3":"status-publish","4":"has-post-thumbnail","6":"product_cat-triton-de","8":"first","9":"onbackorder","10":"taxable","11":"shipping-taxable","12":"purchasable","13":"product-type-simple","14":"layout-style-2","15":"col-md-4 col-sm-4 col-xs-6","16":"col-lg-2","17":"product-has-gallery","18":"product-style-addtocart"},"aioseo_notices":[],"_links":{"self":[{"href":"https:\/\/thinklucid.com\/de\/wp-json\/wp\/v2\/product\/127737","targetHints":{"allow":["GET"]}}],"collection":[{"href":"https:\/\/thinklucid.com\/de\/wp-json\/wp\/v2\/product"}],"about":[{"href":"https:\/\/thinklucid.com\/de\/wp-json\/wp\/v2\/types\/product"}],"wp:featuredmedia":[{"embeddable":true,"href":"https:\/\/thinklucid.com\/de\/wp-json\/wp\/v2\/media\/127726"}],"wp:attachment":[{"href":"https:\/\/thinklucid.com\/de\/wp-json\/wp\/v2\/media?parent=127737"}],"wp:term":[{"taxonomy":"product_brand","embeddable":true,"href":"https:\/\/thinklucid.com\/de\/wp-json\/wp\/v2\/product_brand?post=127737"},{"taxonomy":"product_cat","embeddable":true,"href":"https:\/\/thinklucid.com\/de\/wp-json\/wp\/v2\/product_cat?post=127737"},{"taxonomy":"product_tag","embeddable":true,"href":"https:\/\/thinklucid.com\/de\/wp-json\/wp\/v2\/product_tag?post=127737"}],"curies":[{"name":"wp","href":"https:\/\/api.w.org\/{rel}","templated":true}]}}