{"id":118582,"date":"2022-08-10T15:17:10","date_gmt":"2022-08-10T22:17:10","guid":{"rendered":"https:\/\/ec2-34-221-119-146.us-west-2.compute.amazonaws.com\/?post_type=product&#038;p=118582"},"modified":"2025-11-12T13:35:58","modified_gmt":"2025-11-12T21:35:58","slug":"procet-30w-poe-injector","status":"publish","type":"product","link":"https:\/\/thinklucid.com\/de\/product\/procet-30w-poe-injector\/","title":{"rendered":"Procet 1\/2.5\/5.0GbE 30W PoE+ Injector (802.3af\/at, NA\/EU)"},"content":{"rendered":"","protected":false},"excerpt":{"rendered":"<ol class=\"breadcrumb\" style=\"text-align: left;\">\n<li><a href=\"\/\">Home<\/a><\/li>\n<li><a href=\"\/de\/accessories\/\">Zubeh\u00f6r<\/a><\/li>\n<li><a href=\"\/de\/category\/interface-cards-poe-injectors-de\/\">PC-Karten, PoE, Kamera Netzteil<\/a><\/li>\n<li>Procet 1\/2.5\/5GbE 30W PoE+ Injektor (802.3af\/at, NA\/EU) <a href=\"\/de\/product\/m8-gpio-power-supply-na-eu\/\" rel=\"prev\"><span class=\"screen-reader-text\">M8 GPIO AC Adapter Power Supply (NA\/EU)<\/span><svg viewbox=\"0 0 20 20\"><use xmlns:xlink=\"http:\/\/www.w3.org\/1999\/xlink\" xlink:href=\"#left-arrow\"><\/use><\/svg><\/a> <a href=\"\/de\/product\/tp-link-poe-injector\/\" rel=\"next\"><span class=\"screen-reader-text\">TP-Link 1GbE 15.4W PoE Injector<\/span> <svg viewbox=\"0 0 20 20\"><use xmlns:xlink=\"http:\/\/www.w3.org\/1999\/xlink\" xlink:href=\"#right-arrow\"><\/use><\/svg> <\/a><\/li>\n<\/ol>\n<p style=\"text-align: left; font-size: 1.2rem; padding-top: 15px;\">PT-PSE104G-30-5 ist ein PoE-Injektor mit einem Port. Er liefert 55Vdc, 0.55A Strom f\u00fcr Remote-PDs \u00fcber volle 2 Paar Ausgang. Er unterst\u00fctzt nicht nur 10\/100\/1000Mbps Datengeschwindigkeit, sondern auch 2,5GbE\/5GbE NBase-T. Es funktioniert f\u00fcr 30W PoE PDs, wie z.B. drahtlose APs, Netzwerkkameras, IP-Telefone und andere High-Power-Ethernet-Endger\u00e4te. Er ist konform mit dem IEEE802.3 PoE+-Standard und kann mit allen IEEE802.3af\/at-Standard-Terminals verwendet werden.<\/p>\n<p style=\"text-align: left; font-size: 1.2rem;\">Der PT-PSE104G-30-5 ist f\u00fcr den Einsatz in Innenr\u00e4umen vorgesehen. Er arbeitet mit einer Eingangsspannung von 100-240Vac. Er verf\u00fcgt \u00fcber einen Erkennungschip im Inneren, der den PD erkennt und klassifiziert, bevor er ihn mit Strom versorgt. Er schaltet erst dann Strom ein, wenn ein standardkonformer PD erkannt wird. Die effektive Entfernung betr\u00e4gt 100 Meter \u00fcber Cat5e\/Cat6-Kabel.<\/p>\n<p style=\"text-align: left; font-size: 1.4rem; color: black;\"><strong>Spezifikationen<\/strong><\/p>\n<div style=\"display: flex; justify-content: space-between; margin: 10px 0px 20px 0px;\">\n<table class=\"table table-hover table-striped\" style=\"border: none; float: left; width: 95%;\">\n<tbody>\n<tr>\n<th>HerstellerNr.<\/th>\n<td style=\"text-align: left;\">Procet PT-PSE104G-30-5<\/td>\n<\/tr>\n<tr>\n<th>LUCID SKU<\/th>\n<td style=\"text-align: left;\">POEP-PT-5G \/ POEP-PTEU-5G<\/td>\n<\/tr>\n<tr>\n<th>Formfaktor<\/th>\n<td style=\"text-align: left;\">Extern<\/td>\n<\/tr>\n<tr>\n<th>Anschluss<\/th>\n<td style=\"text-align: left;\">1 10\/100\/1000Mbps\/2.5GbE\/5GbE NBASE-T RJ45 PoE port<br \/>\nAUTO negotiation\/AUTO MDI\/MDIX<br \/>\nInput :100-240Vac 1.5A 50\/60Hz<\/td>\n<\/tr>\n<tr>\n<th>Standard<\/th>\n<td style=\"text-align: left;\">IEEE 802.3, 802.3u, 802.3ab, 802.3af\/at, 802.3bz, CSMA\/CD, TCP\/IP<\/td>\n<\/tr>\n<tr>\n<th>Umgebungsbedingungen<\/th>\n<td style=\"text-align: left;\">\u00a00\u02daC to +40\u02daC (32\u02daF bis 104\u02daF)<br \/>\n20% ~ 80%RH, nicht kondensierend<\/td>\n<\/tr>\n<tr>\n<th>Leistungsausgang<\/th>\n<td style=\"text-align: left;\">55Vdc 550mA (Up to 30W)<\/td>\n<\/tr>\n<tr>\n<th>Abmessungen und Gewicht<\/th>\n<td style=\"text-align: left;\">145,51mm X 65,8mm X 33,5mm | 255g<\/td>\n<\/tr>\n<tr>\n<th>Konformit\u00e4t<\/th>\n<td style=\"text-align: left;\">cUL\/UL, FCC, CE, RoHS, WEEE<\/td>\n<\/tr>\n<tr>\n<th>Das Paket enth\u00e4lt<\/th>\n<td style=\"text-align: left;\">PoE Injektor<br \/>\nStromkabel<br \/>\nUser guide<\/td>\n<\/tr>\n<\/tbody>\n<\/table>\n<\/div>\n","protected":false},"featured_media":57808,"template":"","meta":{"inline_featured_image":false},"product_brand":[],"product_cat":[744],"product_tag":[],"class_list":{"0":"post-118582","1":"product","2":"type-product","3":"status-publish","4":"has-post-thumbnail","6":"product_cat-interface-cards-poe-injectors-de","8":"first","9":"instock","10":"taxable","11":"shipping-taxable","12":"purchasable","13":"product-type-variable","14":"layout-style-2","15":"col-md-4 col-sm-4 col-xs-6","16":"col-lg-2","17":"product-has-gallery","18":"product-style-addtocart"},"aioseo_notices":[],"_links":{"self":[{"href":"https:\/\/thinklucid.com\/de\/wp-json\/wp\/v2\/product\/118582","targetHints":{"allow":["GET"]}}],"collection":[{"href":"https:\/\/thinklucid.com\/de\/wp-json\/wp\/v2\/product"}],"about":[{"href":"https:\/\/thinklucid.com\/de\/wp-json\/wp\/v2\/types\/product"}],"wp:featuredmedia":[{"embeddable":true,"href":"https:\/\/thinklucid.com\/de\/wp-json\/wp\/v2\/media\/57808"}],"wp:attachment":[{"href":"https:\/\/thinklucid.com\/de\/wp-json\/wp\/v2\/media?parent=118582"}],"wp:term":[{"taxonomy":"product_brand","embeddable":true,"href":"https:\/\/thinklucid.com\/de\/wp-json\/wp\/v2\/product_brand?post=118582"},{"taxonomy":"product_cat","embeddable":true,"href":"https:\/\/thinklucid.com\/de\/wp-json\/wp\/v2\/product_cat?post=118582"},{"taxonomy":"product_tag","embeddable":true,"href":"https:\/\/thinklucid.com\/de\/wp-json\/wp\/v2\/product_tag?post=118582"}],"curies":[{"name":"wp","href":"https:\/\/api.w.org\/{rel}","templated":true}]}}