{"id":106053,"date":"2022-03-24T15:55:35","date_gmt":"2022-03-24T22:55:35","guid":{"rendered":"https:\/\/ec2-34-221-119-146.us-west-2.compute.amazonaws.com\/?post_type=product&#038;p=106053"},"modified":"2023-05-23T18:10:20","modified_gmt":"2023-05-24T01:10:20","slug":"lr-link-2-ch-pcie-gige-vision-poe-card","status":"publish","type":"product","link":"https:\/\/thinklucid.com\/de\/product\/lr-link-2-ch-pcie-gige-vision-poe-card\/","title":{"rendered":"LR-LINK 2-CH PCIe GigE Vision PoE+ Netzwerkkarte"},"content":{"rendered":"","protected":false},"excerpt":{"rendered":"<ol class=\"breadcrumb\" style=\"text-align: left;\">\n<li><a href=\"\/\">Home<\/a><\/li>\n<li><a href=\"\/de\/accessories\/\">Zubeh\u00f6r<\/a><\/li>\n<li><a href=\"\/de\/category\/interface-cards-poe-injectors-de\/\">PC-Karten, PoE, Kamera Netzteil<\/a><\/li>\n<li>LR-LINK 2-CH PCIe GigE Vision PoE+ Netzwerkkarte <a href=\"\/de\/product\/4-ch-2-5g-1g-poe-ethernet-card\/\" rel=\"prev\"><span class=\"screen-reader-text\">4-CH 2.5G\/1G PoE+ Netzwerkkarte<\/span><svg viewbox=\"0 0 20 20\"><use xmlns:xlink=\"http:\/\/www.w3.org\/1999\/xlink\" xlink:href=\"#left-arrow\"><\/use><\/svg><\/a> <a href=\"\/de\/product\/m8-gpio-power-supply-na-eu\/\" rel=\"next\"><span class=\"screen-reader-text\">M8 GPIO AC Netzteil (NA\/EU\/AU)<\/span> <svg viewbox=\"0 0 20 20\"><use xmlns:xlink=\"http:\/\/www.w3.org\/1999\/xlink\" xlink:href=\"#right-arrow\"><\/use><\/svg> <\/a><\/li>\n<\/ol>\n<p style=\"text-align: left; font-size: 1.4rem; padding-top:15px\">Die LR-Link PCI-Express Karte verf\u00fcgt \u00fcber 2 unabh\u00e4ngige Gigabit Ethernet Ports zur Daten\u00fcbertragung und unterst\u00fctzt bis zu 2 GigE-Kameras mit Power over Ethernet (PoE). Die Karte erm\u00f6glicht Daten\u00fcbertragungsraten von bis zu 1 Gbit pro Sekunde bei Kabell\u00e4ngen von bis zu 100 Meter. Diese Karte kann 2 Helios2+-Kameras mit einer Spitzenleistung von jeweils <30 W versorgen.\n<\/p>\n<p style=\"text-align: left; font-size: 1.4rem; color: black;\"><strong>Spezifikationen<\/strong><\/p>\n<div style=\"display: flex; justify-content: space-between; margin: 10px 0px 20px 0px;\">\n<table class=\"table table-hover table-striped\" style=\"border: none; float: left; width: 95%;\">\n<tbody>\n<tr>\n<th>Modell #<\/th>\n<td style=\"text-align: left;\">PCIE-POE2-LR<\/td>\n<\/tr>\n<tr>\n<th>HerstellerNr.<\/th>\n<td style=\"text-align: left;\">LR-LINK LRES2002PT<\/td>\n<\/tr>\n<tr>\n<th>PCI-Spezifikationsrevision<\/th>\n<td style=\"text-align: left;\">PCI Express\u00ae x4<\/td>\n<\/tr>\n<tr>\n<th>Chipset<\/th>\n<td style=\"text-align: left;\">Intel I350<\/td>\n<\/tr>\n<tr>\n<th>Anzahl Ports<\/th>\n<td style=\"text-align: left;\">2 voll integrierte Gigabit Ethernet Media Access Control (MAC) und Physical Layer (PHY) Ports.<br \/>\nPoE+ (Power over Ethernet Plus), konform mit IEEE 802.3at, unterst\u00fctzt 0, 1, 2, 3 und 4 und liefert bis zu 30 W pro Anschluss.<br \/>\nUnterst\u00fctzung von 9 kB Jumbo Frames.<\/td>\n<\/tr>\n<tr>\n<th>Standards<\/th>\n<td style=\"text-align: left;\">\u2022 IEEE802.3af -2003 PoE standard<br \/>\n\u2022 IEEE802.3at -2009 PoE standard<br \/>\n\u2022 IEEE 802.3ab 1000BASE-T Gigabit Ethernet<br \/>\n\u2022 IEEE 802.3u 100BASE-TX Fast Ethernet<br \/>\n\u2022 IEEE 802.3z<br \/>\n\u2022 IEEE 802.1Q VLANs<br \/>\n\u2022 IEEE 802.3x<br \/>\n\u2022 IEEE 1588<br \/>\n\u2022 IEEE 802.3az &#8211; Energy Efficient Ethernet (EEE)<br \/>\n<\/tr>\n<tr>\n<th>Umgebungsbedingungen<\/th>\n<td style=\"text-align: left;\">0\u02daC bis +55\u02daC (32\u02daF bis 131\u02daF)<br \/>\nLuftfeuchtigkeit: Max 90% RHNC bis 35\u02daC<\/td>\n<\/tr>\n<tr>\n<th>Leistungsaufnahme<\/th>\n<td style=\"text-align: left;\">3,0W<br \/>\n\u2022 Power from PCIe up to 75W\n<\/td>\n<\/tr>\n<tr>\n<th>Abmessungen<\/th>\n<td style=\"text-align: left;\">159.5 x 68.8 x 1.6mm<\/td>\n<\/tr>\n<\/tbody>\n<\/table>\n<\/div>\n","protected":false},"featured_media":106058,"template":"","meta":{"inline_featured_image":false},"product_brand":[],"product_cat":[744],"product_tag":[],"class_list":{"0":"post-106053","1":"product","2":"type-product","3":"status-publish","4":"has-post-thumbnail","6":"product_cat-interface-cards-poe-injectors-de","8":"first","9":"instock","10":"taxable","11":"shipping-taxable","12":"purchasable","13":"product-type-simple","14":"layout-style-2","15":"col-md-4 col-sm-4 col-xs-6","16":"col-lg-2","17":"product-has-gallery","18":"product-style-addtocart"},"aioseo_notices":[],"_links":{"self":[{"href":"https:\/\/thinklucid.com\/de\/wp-json\/wp\/v2\/product\/106053","targetHints":{"allow":["GET"]}}],"collection":[{"href":"https:\/\/thinklucid.com\/de\/wp-json\/wp\/v2\/product"}],"about":[{"href":"https:\/\/thinklucid.com\/de\/wp-json\/wp\/v2\/types\/product"}],"wp:featuredmedia":[{"embeddable":true,"href":"https:\/\/thinklucid.com\/de\/wp-json\/wp\/v2\/media\/106058"}],"wp:attachment":[{"href":"https:\/\/thinklucid.com\/de\/wp-json\/wp\/v2\/media?parent=106053"}],"wp:term":[{"taxonomy":"product_brand","embeddable":true,"href":"https:\/\/thinklucid.com\/de\/wp-json\/wp\/v2\/product_brand?post=106053"},{"taxonomy":"product_cat","embeddable":true,"href":"https:\/\/thinklucid.com\/de\/wp-json\/wp\/v2\/product_cat?post=106053"},{"taxonomy":"product_tag","embeddable":true,"href":"https:\/\/thinklucid.com\/de\/wp-json\/wp\/v2\/product_tag?post=106053"}],"curies":[{"name":"wp","href":"https:\/\/api.w.org\/{rel}","templated":true}]}}