{"id":63440,"date":"2020-07-12T18:09:59","date_gmt":"2020-07-13T01:09:59","guid":{"rendered":"https:\/\/ec2-34-221-119-146.us-west-2.compute.amazonaws.com\/factory-tough-cameras\/"},"modified":"2022-10-28T17:09:46","modified_gmt":"2022-10-29T00:09:46","slug":"factory-tough-kameras","status":"publish","type":"page","link":"https:\/\/thinklucid.com\/de\/factory-tough-kameras\/","title":{"rendered":"Factory Tough Kameras"},"content":{"rendered":"<div class=\"wpb-content-wrapper\"><p>[vc_row full_width=&#8220;stretch_row_content&#8220;][vc_column]\n\t\t\t\t<p class=\"rs-p-wp-fix\"><\/p>\n\t\t\t\t<sr7-module data-alias=\"slider-10\" data-id=\"84\" id=\"SR7_84_1\" class=\"rs-ov-hidden\" data-version=\"6.7.41\">\n\t\t\t\t\t<sr7-adjuster><\/sr7-adjuster>\n\t\t\t\t\t<sr7-content>\n\t\t\t\t\t\t<sr7-slide id=\"SR7_84_1-100\" data-key=\"100\">\n\t\t\t\t\t\t\t<sr7-bg id=\"SR7_84_1-100-18\" class=\"sr7-layer\"><noscript><img data-opt-id=1628510932  decoding=\"async\" src=\"https:\/\/mlxrlrwirvff.i.optimole.com\/cb:UhP2~57313\/w:auto\/h:auto\/q:75\/https:\/\/thinklucid.com\/wp-content\/uploads\/2020\/12\/Factory-Tough-blue-background.jpg\" alt=\"\" title=\"Factory-Tough-blue-background\"><\/noscript><\/sr7-bg>\n\t\t\t\t\t\t\t<sr7-txt id=\"SR7_84_1-100-0\" class=\"sr7-layer\">F\u00fcr die hohen Anforderungen der Industrie entwickelt f\u00fcr den rund um die Uhr Betrieb.<\/sr7-txt>\n\t\t\t\t\t\t\t<sr7-txt id=\"SR7_84_1-100-3\" class=\"sr7-layer\">Kameras f\u00fcr die Bildverarbeitung<\/sr7-txt>\n\t\t\t\t\t\t\t<sr7-txt id=\"SR7_84_1-100-4\" class=\"sr7-layer\">FACTORY TOUGH <\/sr7-txt>\n\t\t\t\t\t\t\t<a id=\"SR7_84_1-100-5\" class=\"sr7-layer\" href=\"\/de\/atlas-5gige-machine-vision\/\" target=\"_self\">5GBASE-T Fl\u00e4chenkameras<\/a>\n\t\t\t\t\t\t\t<a id=\"SR7_84_1-100-6\" class=\"sr7-layer\" href=\"https:\/\/thinklucid.com\/de\/helios-time-of-flight-tof-camera\/\" target=\"_self\">3D ToF Kameras<\/a>\n\t\t\t\t\t\t\t<sr7-txt id=\"SR7_84_1-100-12\" class=\"sr7-layer\"><strong>Atlas<\/strong><br \/>IP67 Fl\u00e4chenkamera<br> 5GBASE-T, GigE Vision, PoE<\/sr7-txt>\n\t\t\t\t\t\t\t<sr7-txt id=\"SR7_84_1-100-13\" class=\"sr7-layer\"><strong>Helios2<\/strong><br>\nIP67 Time of Flight 3D Kamera<br>Sony DepthSense IMX556 <\/sr7-txt>\n\t\t\t\t\t\t\t<sr7-txt id=\"SR7_84_1-100-14\" class=\"sr7-layer\">TM<\/sr7-txt>\n\t\t\t\t\t\t\t<sr7-txt id=\"SR7_84_1-100-15\" class=\"sr7-layer\">Robuste<br \/>\nIndustriekameras<\/sr7-txt>\n\t\t\t\t\t\t\t<sr7-txt id=\"SR7_84_1-100-16\" class=\"sr7-layer\"><strong>Triton<\/strong><br \/>IP67 Fl\u00e4chenkamera<br> GigE Vision, PoE<\/sr7-txt>\n\t\t\t\t\t\t\t<a id=\"SR7_84_1-100-17\" class=\"sr7-layer\" href=\"https:\/\/thinklucid.com\/de\/triton-gige-machine-vision\/\" target=\"_self\">Fl\u00e4chenkameras<\/a>\n\t\t\t\t\t\t<\/sr7-slide>\n\t\t\t\t\t\t<sr7-slide id=\"SR7_84_1-583\" data-key=\"583\">\n\t\t\t\t\t\t<\/sr7-slide>\n\t\t\t\t\t<\/sr7-content>\n\t\t\t\t\t<image_lists style=\"display:none\">\n\t\t\t\t\t\t<img decoding=async data-opt-id=352111733  data-src=\"https:\/\/mlxrlrwirvff.i.optimole.com\/cb:UhP2~57313\/w:auto\/h:auto\/q:75\/https:\/\/thinklucid.com\/wp-content\/uploads\/2021\/06\/Triton-Helios-AtlasIP67-industrial-cameras.png\" data-libid=\"78619\" data-lib=\"medialibrary\" alt=\"Triton Helios Atlas IP67 factory tough industrial cameras\" width=\"0\" height=\"0\" data-dbsrc=\"Ly90aGlua2x1Y2lkLmNvbS93cC1jb250ZW50L3VwbG9hZHMvMjAyMS8wNi9Ucml0b24tSGVsaW9zLUF0bGFzSVA2Ny1pbmR1c3RyaWFsLWNhbWVyYXMucG5n\"\/>\n\t\t\t\t\t\t<img decoding=async data-opt-id=97826833  data-src=\"https:\/\/mlxrlrwirvff.i.optimole.com\/cb:UhP2~57313\/w:auto\/h:auto\/q:75\/https:\/\/thinklucid.com\/wp-content\/uploads\/2019\/04\/trimark-1.png\" data-libid=\"22728\" data-lib=\"medialibrary\" alt=\"Lucid Trimark\" width=\"0\" height=\"0\" data-dbsrc=\"Ly90aGlua2x1Y2lkLmNvbS93cC1jb250ZW50L3VwbG9hZHMvMjAxOS8wNC90cmltYXJrLTEucG5n\"\/>\n\t\t\t\t\t\t<img decoding=async data-opt-id=1748381420  data-src=\"https:\/\/mlxrlrwirvff.i.optimole.com\/cb:UhP2~57313\/w:auto\/h:auto\/q:75\/ig:avif\/https:\/\/thinklucid.com\/wp-content\/uploads\/2019\/01\/Gige-Vision-Logo-white.svg\" data-libid=\"19466\" data-lib=\"medialibrary\" alt=\"Gige-Vision-Logo-white\" width=\"0\" height=\"0\" data-dbsrc=\"Ly90aGlua2x1Y2lkLmNvbS93cC1jb250ZW50L3VwbG9hZHMvMjAxOS8wMS9HaWdlLVZpc2lvbi1Mb2dvLXdoaXRlLnN2Zw==\"\/>\n\t\t\t\t\t\t<img decoding=async data-opt-id=162968123  data-src=\"https:\/\/mlxrlrwirvff.i.optimole.com\/cb:UhP2~57313\/w:auto\/h:auto\/q:75\/ig:avif\/https:\/\/thinklucid.com\/wp-content\/uploads\/2019\/01\/genicam-logo-white.svg\" data-libid=\"19468\" data-lib=\"medialibrary\" alt=\"genicam-logo-white\" width=\"0\" height=\"0\" data-dbsrc=\"Ly90aGlua2x1Y2lkLmNvbS93cC1jb250ZW50L3VwbG9hZHMvMjAxOS8wMS9nZW5pY2FtLWxvZ28td2hpdGUuc3Zn\"\/>\n\t\t\t\t\t\t<img decoding=async data-opt-id=93412912  data-src=\"https:\/\/mlxrlrwirvff.i.optimole.com\/cb:UhP2~57313\/w:auto\/h:auto\/q:75\/https:\/\/thinklucid.com\/wp-content\/uploads\/2020\/12\/Factory-Tough-blue-background.jpg\" data-libid=\"65324\" data-lib=\"medialibrary\" title=\"Factory-Tough-blue-background\" width=\"0\" height=\"0\" data-dbsrc=\"Ly90aGlua2x1Y2lkLmNvbS93cC1jb250ZW50L3VwbG9hZHMvMjAyMC8xMi9GYWN0b3J5LVRvdWdoLWJsdWUtYmFja2dyb3VuZC5qcGc=\"\/>\n\t\t\t\t\t<\/image_lists>\n\t\t\t\t<\/sr7-module>\n\t\t\t\t<script>\n\t\t\t\t\tSR7.PMH ??={}; SR7.PMH[\"SR7_84_1\"] = {cn:100,state:false,fn: function() { if (_tpt!==undefined && _tpt.prepareModuleHeight !== undefined) {  _tpt.prepareModuleHeight({id:\"SR7_84_1\",el:[900,900,900,960,720],type:'standard',shdw:'0',gh:[900,900,900,960,720],gw:[1240,1240,1240,778,480],vpt:['-200px&#039;,&#039;-200px&#039;,&#039;-200px&#039;,&#039;-200px&#039;,&#039;-200px'],size:{fullWidth:true, fullHeight:false},mh:'0',onh:0,onw:0,bg:{color:'{\"orig\":\"transparent\",\"type\":\"solid\",\"string\":\"transparent\"}'},plType:'0',plColor:'#FFFFFF'});   SR7.PMH[\"SR7_84_1\"].state=true;} else if(SR7.PMH[\"SR7_84_1\"].cn-->0)\tsetTimeout( SR7.PMH[\"SR7_84_1\"].fn,19);}};SR7.PMH[\"SR7_84_1\" ].fn();\n\t\t\t\t<\/script>\n[\/vc_column][\/vc_row][vc_row full_width=&#8220;stretch_row_content&#8220; equal_height=&#8220;yes&#8220; css_animation=&#8220;none&#8220; css=&#8220;.vc_custom_1606182467299{border-top-width: 10px !important;background: #191919 url(https:\/\/mlxrlrwirvff.i.optimole.com\/cb:UhP2~57313\/w:auto\/h:auto\/q:75\/https:\/\/thinklucid.com\/wp-content\/uploads\/2020\/07\/LUCID-factory-tough-banner-1-1.png?id=54107) !important;background-position: center !important;background-repeat: no-repeat !important;background-size: contain !important;border-top-color: #000000 !important;border-top-style: solid !important;}&#8220;][vc_column css_animation=&#8220;none&#8220; offset=&#8220;vc_col-lg-offset-0 vc_col-lg-12 vc_col-md-offset-0 vc_col-md-12&#8243;][vc_row_inner][vc_column_inner offset=&#8220;vc_col-lg-offset-2 vc_col-lg-8&#8243;][vc_custom_heading text=&#8220;Was bedeutet es, \u201cFactory Tough\u201d zu sein?&#8220; font_container=&#8220;tag:h3|font_size:36px|text_align:center|color:%23ffffff&#8220; use_theme_fonts=&#8220;yes&#8220; css=&#8220;.vc_custom_1606182739243{margin-bottom: 15px !important;}&#8220; el_class=&#8220;shadow&#8220;][vc_column_text css=&#8220;.vc_custom_1606784737191{margin-bottom: 40px !important;}&#8220;]<\/p>\n<p class=\"shadow\" style=\"color: #ffffff;\">Unsere Triton- und Helios2-Kameras erf\u00fcllen h\u00f6chste industrielle Zertifizierungsstandards. Sie sind f\u00fcr den zuverl\u00e4ssigen Betrieb in anspruchsvollen Industrieanwendungen konzipiert. Wie z.B. die Integration des IP67 Schutzes in ein 29 x 29 mm kompaktes Geh\u00e4use der Triton mit einem hervorragendem Preis- Leistung-Verh\u00e4ltnis sowie die neuen Standards in der Pr\u00e4zision und Genauigkeit der Helios2 ToF-Kamera zeigt: Das prim\u00e4re Ziel von LUCID ist innovative Bildverarbeitungskameras, die f\u00fcr die Herausforderungen des industriellen Dauereinsatzes entwickelt wurden.<\/p>\n<p>[\/vc_column_text][\/vc_column_inner][\/vc_row_inner][vc_row_inner][vc_column_inner offset=&#8220;vc_col-lg-offset-2 vc_col-lg-8&#8243;][vc_custom_heading text=&#8220;Vorteile unserer \u201cFactory Tough\u201d Triton und Helios2 Kameras:&#8220; font_container=&#8220;tag:h3|font_size:36px|text_align:center|color:%23ffffff&#8220; use_theme_fonts=&#8220;yes&#8220; css_animation=&#8220;fadeInDown&#8220; css=&#8220;.vc_custom_1606182760614{margin-bottom: 35px !important;}&#8220; el_class=&#8220;shadow&#8220;][\/vc_column_inner][\/vc_row_inner][vc_row_inner][vc_column_inner width=&#8220;5\/12&#8243; offset=&#8220;vc_col-lg-offset-2 vc_col-lg-2 vc_col-md-offset-0 vc_col-md-3 vc_col-sm-offset-1&#8243;][vc_single_image image=&#8220;52752&#8243; alignment=&#8220;center&#8220; css_animation=&#8220;fadeInUp&#8220;][vc_custom_heading text=&#8220;Schock und Vibration&#8220; font_container=&#8220;tag:h3|font_size:21px|text_align:center|color:%23ffffff&#8220; use_theme_fonts=&#8220;yes&#8220; css_animation=&#8220;fadeInUp&#8220; css=&#8220;.vc_custom_1606182771453{margin-top: 0px !important;margin-bottom: 12px !important;}&#8220; el_class=&#8220;shadow&#8220;][vc_column_text css_animation=&#8220;fadeIn&#8220; css=&#8220;.vc_custom_1606182784351{margin-bottom: 40px !important;}&#8220;]<\/p>\n<p style=\"text-align: center; color: #ffffff; line-height: 1.7;\">Spezifikationen: EN 60068-2-27, EN 60068-2-64. Getestet und zertifiziert gegen Schock (x\/y\/z), St\u00f6\u00dfe (x\/y\/z), und Vibrationen (x\/y\/z, Random- und Sinusvibration).<\/p>\n<p>[\/vc_column_text][\/vc_column_inner][vc_column_inner width=&#8220;5\/12&#8243; offset=&#8220;vc_col-lg-2 vc_col-md-3&#8243;][vc_single_image image=&#8220;52752&#8243; alignment=&#8220;center&#8220; css_animation=&#8220;fadeInUp&#8220;][vc_custom_heading text=&#8220;Industrietaugliche EMV-Vertr\u00e4glichkeit&#8220; font_container=&#8220;tag:h3|font_size:21px|text_align:center|color:%23ffffff&#8220; use_theme_fonts=&#8220;yes&#8220; css_animation=&#8220;fadeInUp&#8220; css=&#8220;.vc_custom_1606182794991{margin-top: 0px !important;margin-bottom: 12px !important;}&#8220; el_class=&#8220;shadow&#8220;][vc_column_text css_animation=&#8220;fadeIn&#8220; css=&#8220;.vc_custom_1606182811231{margin-bottom: 40px !important;}&#8220;]<\/p>\n<p style=\"text-align: center; color: #ffffff; line-height: 1.7;\">Spezifikation: EN 61000-6-2. Unempfindlich gegen Spannungsschwankungen, elektrostatische Entladung, \u00dcberspannungen, starke Magnetfelder und St\u00f6rstr\u00f6me.<\/p>\n<p>[\/vc_column_text][\/vc_column_inner][vc_column_inner width=&#8220;5\/12&#8243; offset=&#8220;vc_col-lg-2 vc_col-md-offset-0 vc_col-md-3 vc_col-sm-offset-1&#8243;][vc_single_image image=&#8220;52752&#8243; alignment=&#8220;center&#8220; css_animation=&#8220;fadeInUp&#8220;][vc_custom_heading text=&#8220;Staubdicht, wasserfest&#8220; font_container=&#8220;tag:h3|font_size:21px|text_align:center|color:%23ffffff&#8220; use_theme_fonts=&#8220;yes&#8220; css_animation=&#8220;fadeInUp&#8220; css=&#8220;.vc_custom_1606182820415{margin-top: 0px !important;margin-bottom: 12px !important;}&#8220; el_class=&#8220;shadow&#8220;][vc_column_text css_animation=&#8220;fadeIn&#8220; css=&#8220;.vc_custom_1611698335628{margin-bottom: 40px !important;}&#8220;]<\/p>\n<p style=\"text-align: center; color: #ffffff;\">Unsere IP67 Kameras sind vor Staub und Schmutz gesch\u00fctzt. Kein Eintritt von Wasser bei einer Eintauchtiefe bis zu 1 m, f\u00fcr die Dauer von 30 Min.<\/p>\n<p>[\/vc_column_text][\/vc_column_inner][vc_column_inner width=&#8220;5\/12&#8243; offset=&#8220;vc_col-lg-2 vc_col-md-3&#8243;][vc_single_image image=&#8220;52752&#8243; alignment=&#8220;center&#8220; css_animation=&#8220;fadeInUp&#8220;][vc_custom_heading text=&#8220;Robuste, verschraubbare Steckverbinder&#8220; font_container=&#8220;tag:h3|font_size:21px|text_align:center|color:%23ffffff&#8220; use_theme_fonts=&#8220;yes&#8220; css_animation=&#8220;fadeInUp&#8220; css=&#8220;.vc_custom_1606182843203{margin-top: 0px !important;margin-bottom: 12px !important;}&#8220; el_class=&#8220;shadow&#8220;][vc_column_text css_animation=&#8220;fadeIn&#8220; css=&#8220;.vc_custom_1606182856152{margin-bottom: 40px !important;}&#8220;]<\/p>\n<p style=\"text-align: center; color: #ffffff;\">M12 und M8 Konnektoren (Spezifikation: IEC 61076-2-109, IEC 61076-2-104) bieten runde Gewindeverbindungen mit starker Schliesskraft und IP67 Schutzklasse.<\/p>\n<p>[\/vc_column_text][\/vc_column_inner][\/vc_row_inner][\/vc_column][\/vc_row][vc_row full_width=&#8220;stretch_row_content&#8220; equal_height=&#8220;yes&#8220; css_animation=&#8220;none&#8220; css=&#8220;.vc_custom_1594688177895{padding-bottom: 30px !important;background-color: #191919 !important;}&#8220;][vc_column css_animation=&#8220;fadeInUp&#8220; width=&#8220;5\/12&#8243; offset=&#8220;vc_col-lg-offset-2 vc_col-lg-2 vc_col-md-offset-0 vc_col-md-3 vc_col-sm-offset-1&#8243;][vc_single_image image=&#8220;52752&#8243; alignment=&#8220;center&#8220;][vc_custom_heading text=&#8220;Isoliertes PoE mit hohem Wirkungsgrad&#8220; font_container=&#8220;tag:h3|font_size:21px|text_align:center|color:%23ffffff&#8220; use_theme_fonts=&#8220;yes&#8220; css=&#8220;.vc_custom_1606182867189{margin-top: 0px !important;margin-bottom: 12px !important;}&#8220; el_class=&#8220;shadow&#8220;][vc_column_text css=&#8220;.vc_custom_1606182878772{margin-bottom: 40px !important;}&#8220;]<\/p>\n<p style=\"text-align: center; color: #ffffff;\">Geringer Stromverbrauch und optimales W\u00e4rmeverhalten.<\/p>\n<p>[\/vc_column_text][\/vc_column][vc_column css_animation=&#8220;fadeInUp&#8220; width=&#8220;5\/12&#8243; offset=&#8220;vc_col-lg-2 vc_col-md-offset-0 vc_col-md-3 vc_col-sm-offset-0&#8243;][vc_single_image image=&#8220;52752&#8243; alignment=&#8220;center&#8220;][vc_custom_heading text=&#8220;Geh\u00e4use aus Aluminium-Druckguss&#8220; font_container=&#8220;tag:h3|font_size:21px|text_align:center|color:%23ffffff&#8220; use_theme_fonts=&#8220;yes&#8220; css=&#8220;.vc_custom_1606182889151{margin-top: 0px !important;margin-bottom: 12px !important;}&#8220; el_class=&#8220;shadow&#8220;][vc_column_text css=&#8220;.vc_custom_1606785147232{margin-bottom: 40px !important;}&#8220;]<\/p>\n<p style=\"text-align: center; color: #ffffff;\">Robustes, leichtes Metall mit effizienter W\u00e4rmeableitung.<\/p>\n<p>[\/vc_column_text][\/vc_column][vc_column css_animation=&#8220;fadeInUp&#8220; width=&#8220;5\/12&#8243; offset=&#8220;vc_col-lg-offset-0 vc_col-lg-2 vc_col-md-offset-0 vc_col-md-3 vc_col-sm-offset-1&#8243;][vc_single_image image=&#8220;52752&#8243; alignment=&#8220;center&#8220;][vc_custom_heading text=&#8220;100 m Kabell\u00e4nge&#8220; font_container=&#8220;tag:h3|font_size:21px|text_align:center|color:%23ffffff&#8220; use_theme_fonts=&#8220;yes&#8220; css=&#8220;.vc_custom_1606182909867{margin-top: 0px !important;margin-bottom: 12px !important;}&#8220; el_class=&#8220;shadow&#8220;][vc_column_text css=&#8220;.vc_custom_1606182922332{margin-bottom: 40px !important;}&#8220;]<\/p>\n<p style=\"text-align: center; color: #ffffff;\">Bis zu 100 m Kabell\u00e4nge (abgeschirmt) mit sicher getrennter Stromversorgung.<\/p>\n<p>[\/vc_column_text][\/vc_column][vc_column css_animation=&#8220;fadeInUp&#8220; width=&#8220;5\/12&#8243; offset=&#8220;vc_col-lg-2 vc_col-md-3&#8243;][vc_single_image image=&#8220;52752&#8243; alignment=&#8220;center&#8220;][vc_custom_heading text=&#8220;Zertifizierungen&#8220; font_container=&#8220;tag:h3|font_size:21px|text_align:center|color:%23ffffff&#8220; use_theme_fonts=&#8220;yes&#8220; css=&#8220;.vc_custom_1606785186448{margin-top: 0px !important;margin-bottom: 12px !important;}&#8220; el_class=&#8220;shadow&#8220;][vc_column_text css=&#8220;.vc_custom_1606182942876{margin-bottom: 40px !important;}&#8220;]<\/p>\n<p style=\"text-align: center; color: #ffffff;\">FCC Klasse A, CE, KCC, RoHS, REACH und WEEE zertifziert.<\/p>\n<p>[\/vc_column_text][\/vc_column][\/vc_row][vc_row full_width=&#8220;stretch_row_content&#8220; equal_height=&#8220;yes&#8220; css_animation=&#8220;none&#8220; css=&#8220;.vc_custom_1594673897639{margin-bottom: 25px !important;border-bottom-width: 10px !important;padding-bottom: 30px !important;background-color: #191919 !important;border-bottom-color: #000000 !important;border-bottom-style: solid !important;}&#8220;][vc_column css_animation=&#8220;fadeInUp&#8220; width=&#8220;1\/3&#8243; offset=&#8220;vc_col-lg-offset-1\/5 vc_col-lg-1\/5 vc_col-md-offset-0 vc_col-md-3 vc_col-sm-offset-1&#8243;][vc_single_image image=&#8220;52752&#8243; alignment=&#8220;center&#8220;][vc_custom_heading text=&#8220;Hardware-Tests&#8220; font_container=&#8220;tag:h3|font_size:21px|text_align:center|color:%23ffffff&#8220; use_theme_fonts=&#8220;yes&#8220; css=&#8220;.vc_custom_1606182953710{margin-top: 0px !important;margin-bottom: 12px !important;}&#8220; el_class=&#8220;shadow&#8220;][vc_column_text css=&#8220;.vc_custom_1606182963882{margin-bottom: 40px !important;}&#8220;]<\/p>\n<p style=\"text-align: center; color: #ffffff;\">Jede einzelne Kamera wird in einem Klimaschrank getestet. Sie muss 100% aller Funktionstests bei wechselnden hei\u00dfen und kalten Temperaturen bestehen.<\/p>\n<p>[\/vc_column_text][\/vc_column][vc_column css_animation=&#8220;fadeInUp&#8220; width=&#8220;1\/3&#8243; offset=&#8220;vc_col-lg-1\/5&#8243;][vc_single_image image=&#8220;52752&#8243; alignment=&#8220;center&#8220;][vc_custom_heading text=&#8220;EMVA 1288 Tests&#8220; font_container=&#8220;tag:h3|font_size:21px|text_align:center|color:%23ffffff&#8220; use_theme_fonts=&#8220;yes&#8220; css=&#8220;.vc_custom_1606182975177{margin-top: 0px !important;margin-bottom: 12px !important;}&#8220; el_class=&#8220;shadow&#8220;][vc_column_text css=&#8220;.vc_custom_1611699058268{margin-bottom: 40px !important;}&#8220;]<\/p>\n<p style=\"text-align: center; color: #ffffff;\">Alle unsere GigE Vision Kameras werden in Bezug auf die korrekten Werte f\u00fcr Dynamikbereich, Dunkelrauschen, S\u00e4ttigungskapazit\u00e4t und Quanteneffizienz getestet.<\/p>\n<p>[\/vc_column_text][\/vc_column][vc_column css_animation=&#8220;fadeInUp&#8220; width=&#8220;1\/4&#8243; offset=&#8220;vc_col-lg-1\/5&#8243;][vc_single_image image=&#8220;52752&#8243; alignment=&#8220;center&#8220;][vc_custom_heading text=&#8220;Optischer 24V SPS-Eingang&#8220; font_container=&#8220;tag:h3|font_size:21px|text_align:center|color:%23ffffff&#8220; use_theme_fonts=&#8220;yes&#8220; css=&#8220;.vc_custom_1606183000060{margin-top: 0px !important;margin-bottom: 12px !important;}&#8220; el_class=&#8220;shadow&#8220;][vc_column_text css=&#8220;.vc_custom_1606188194194{margin-bottom: 40px !important;}&#8220;]<\/p>\n<p style=\"text-align: center; color: #ffffff;\">Eine 24V-Logik auf unserem Board, verhindert Fehlausl\u00f6sungen von Triggern, die durch elektrische St\u00f6rungen verursacht werden. <span style=\"font-size: small;\">(Bitte kontaktieren Sie den Vertrieb um zu erfahren, welche Triton-Modelle diese Funktion unterst\u00fctzen)<\/span><\/p>\n<p>[\/vc_column_text][\/vc_column][\/vc_row][vc_row full_width=&#8220;stretch_row_content&#8220; gap=&#8220;35&#8243; equal_height=&#8220;yes&#8220; content_placement=&#8220;top&#8220;][vc_column width=&#8220;1\/3&#8243; offset=&#8220;vc_col-lg-offset-0 vc_col-lg-4 vc_col-md-offset-1 vc_col-md-5&#8243;][vc_single_image image=&#8220;53932&#8243; img_size=&#8220;400&#215;202&#8243; alignment=&#8220;center&#8220;][vc_custom_heading text=&#8220;Triton GigE Kamera&#8220; font_container=&#8220;tag:h2|font_size:36px|text_align:center&#8220; use_theme_fonts=&#8220;yes&#8220; css=&#8220;.vc_custom_1611791214675{margin-top: 10px !important;}&#8220;][vc_column_text css=&#8220;.vc_custom_1622587104631{margin-bottom: 15px !important;}&#8220;]Triton: Der neue Ma\u00dfstab f\u00fcr Machine Vision Kameras im Format 29 x 29 mm. Die Elektronik der Triton ist in einem versiegelten, zweiteiligen Aluminumgeh\u00e4use untergebracht, welches durch vier M2-Schrauben gesichert wird. Die Sony Pregius CMOS Sensoren aller Triton Kameras werden mit dem von LUCID entwickelten \u201eActive Sensor Alignment\u201c optimal positioniert (6DoF) und montiert. Sie liefern damit eine \u00fcberragende optische Qualit\u00e4t. Um robust gegen Schock und Vibration zu sein, werden ein M12-Konnektor f\u00fcr Ethernet und ein M8-Konnektor f\u00fcr die Nutzung der GPIOs verwendet. F\u00fcr noch gr\u00f6\u00dferen Schutz gegen Staub und Wasser sind f\u00fcr die Kamera optionale IP67-Objektivhalter erh\u00e4ltlich. Damit kann in vielen F\u00e4llen auf ein externes Geh\u00e4use verzichtet werden. Die Triton arbeitet in einem breiten Umgebungstemperaturbereich von -20\u00b0C bis 55\u00b0C. Mit nur 67 Gramm Gewicht und ihrer Gr\u00f6\u00dfe von nur 29 x 29 mm ist die Triton optimal f\u00fcr den zuverl\u00e4ssigen Betrieb in jeder Umgebung geeignet.[\/vc_column_text]<div class=\"sober-button-wrapper text-center\"><a href=\"\/de\/triton-gige-machine-vision\/\" class=\"sober-button button-type-outline button-color-dark align-center   button large button-large\">Zu den Triton Seiten<\/a><\/div>[\/vc_column][vc_column width=&#8220;1\/3&#8243; offset=&#8220;vc_col-lg-4 vc_col-md-5&#8243;][vc_single_image image=&#8220;78627&#8243; img_size=&#8220;400&#215;224&#8243; alignment=&#8220;center&#8220;][vc_custom_heading text=&#8220;Atlas IP67 5GBASE-T Kamera&#8220; font_container=&#8220;tag:h2|font_size:36px|text_align:center&#8220; use_theme_fonts=&#8220;yes&#8220; css=&#8220;.vc_custom_1622586764081{margin-top: 10px !important;}&#8220;][vc_column_text css=&#8220;.vc_custom_1622587139816{margin-bottom: 15px !important;}&#8220;]Die Atlas ist eine GigE Vision- und GenICam-konforme Kamera mit einer Daten\u00fcbertragungsrate von 600 MB\/s (5Gbps), die hohe Aufl\u00f6sungen und Bildraten \u00fcber Standard-Kupfer-Ethernet-Kabel bis zu 100 Metern erm\u00f6glicht. Die Sony Pregius CMOS Sensoren aller Atlas IP67 Kameras werden mit dem von LUCID entwickelten \u201eActive Sensor Alignment\u201c optimal positioniert (6DoF) und montiert. Sie liefern damit eine \u00fcberragende optische Qualit\u00e4t. Um robust gegen Schock und Vibration zu sein, werden ein M12-Konnektor f\u00fcr Ethernet und ein M8-Konnektor f\u00fcr die Nutzung der GPIOs verwendet.<\/p>\n<p>Die Atlas Industriekamera wurde f\u00fcr Bildverarbeitungsanwendungen entwickelt, die eine hohe Bandbreite bei kompakter Gr\u00f6\u00dfe erfordern. Die 5Gbase-T (5GigE) Ethernet-Schnittstelle ist 5-mal schneller als Gigabit-Ethernet, 50 % schneller als USB3,1 Gen1 und funktioniert mit bis zu 100 m normalem Ethernet-Kupferkabel.[\/vc_column_text]<div class=\"sober-button-wrapper text-center\"><a href=\"\/de\/atlas-5gige-machine-vision\/\" class=\"sober-button button-type-outline button-color-dark align-center   button large button-large\">Zu den Atlas IP67 Seiten<\/a><\/div>[\/vc_column][vc_column width=&#8220;1\/3&#8243;][vc_single_image image=&#8220;53289&#8243; img_size=&#8220;400&#215;224&#8243; alignment=&#8220;center&#8220;][vc_custom_heading text=&#8220;Helios2 3D-Kamera Time-of-Flight&#8220; font_container=&#8220;tag:h2|font_size:36px|text_align:center&#8220; use_theme_fonts=&#8220;yes&#8220; css=&#8220;.vc_custom_1606183068510{margin-top: 10px !important;}&#8220;][vc_column_text css=&#8220;.vc_custom_1622587108110{margin-bottom: 15px !important;}&#8220;]Die n\u00e4chste Time-of-Flight Generation mit Sony\u2018s DepthSense-Sensor. Die Helios2 ToF-Kamera wurde f\u00fcr anspruchsvolle Anwendungen in industriellen Arbeitsumgebungen entwickelt. Sie bew\u00e4hrt sich im Dauereinsatz in zahlreichen 3D-Anwendungen in der Industrie, beispielweise f\u00fcr Robotik, 3D-Inspektion und Logistik, in der Materialhandhabung, Pick &amp; Place, Sortierung, Palettierung \/ Depalettierung, f\u00fcr Volumensch\u00e4tzungen und viele andere Bereiche.<\/p>\n<p>Die Helios2 IP67-basierte ToF Kamera bietet eine Pr\u00e4zision im Sub-Millimeter-Bereich und eine h\u00f6here Genauigkeit im Vergleich zur Helios der 1. Generation. Die verbesserte Kalibrierung der VCSEL Laserdioden und dem Sensor-Timing f\u00fchrt zu mehr 3D-Details. Um Pixelfehler und das allgemeine Rauschen zu reduzieren, wurde die Kantenerkennung weiter optimiert.[\/vc_column_text]<div class=\"sober-button-wrapper text-center\"><a href=\"\/de\/helios-time-of-flight-tof-camera\/\" class=\"sober-button button-type-outline button-color-dark align-center   button large button-large\">Zu den Helios2 Seiten<\/a><\/div>[\/vc_column][\/vc_row][vc_row full_width=&#8220;stretch_row_content_no_spaces&#8220; equal_height=&#8220;yes&#8220; content_placement=&#8220;middle&#8220; css=&#8220;.vc_custom_1606257808774{margin-top: 40px !important;background-color: #598fbf !important;}&#8220;][vc_column width=&#8220;1\/2&#8243; offset=&#8220;vc_col-lg-offset-2 vc_col-lg-4 vc_col-md-5&#8243;][vc_single_image image=&#8220;63585&#8243; img_size=&#8220;full&#8220;][\/vc_column][vc_column width=&#8220;1\/2&#8243; offset=&#8220;vc_col-lg-4 vc_col-md-5 vc_col-xs-12&#8243;][vc_column_text]<\/p>\n<iframe height=\"550px\" width=\"100%\" frameborder=\"0\" allow=\"geolocation;microphone;camera\" src=\"https:\/\/forms.zohopublic.com\/webmaster40\/form\/GermanSignUpForOurMonthlyNewsletter\/formperma\/gVdFWlI_PZF2sO7yoR68-NPWcin4atJL-8CEKfcnb78\"> <\/iframe>\n<p>[\/vc_column_text][\/vc_column][\/vc_row]<\/p>\n<\/div>","protected":false},"excerpt":{"rendered":"<p>[vc_row full_width=&#8220;stretch_row_content&#8220;][vc_column][\/vc_column][\/vc_row][vc_row full_width=&#8220;stretch_row_content&#8220; equal_height=&#8220;yes&#8220; css_animation=&#8220;none&#8220; css=&#8220;.vc_custom_1606182467299{border-top-width: 10px !important;background: #191919 url(https:\/\/mlxrlrwirvff.i.optimole.com\/cb:UhP2~57313\/w:auto\/h:auto\/q:75\/https:\/\/thinklucid.com\/wp-content\/uploads\/2020\/07\/LUCID-factory-tough-banner-1-1.png?id=54107) !important;background-position: center !important;background-repeat: no-repeat !important;background-size: contain !important;border-top-color: #000000 !important;border-top-style: solid&hellip;<\/p>\n","protected":false},"author":2,"featured_media":54179,"parent":0,"menu_order":0,"comment_status":"closed","ping_status":"closed","template":"templates\/homepage.php","meta":{"inline_featured_image":false,"footnotes":""},"tags":[],"camera_family":[],"class_list":["post-63440","page","type-page","status-publish","has-post-thumbnail","hentry"],"aioseo_notices":[],"_links":{"self":[{"href":"https:\/\/thinklucid.com\/de\/wp-json\/wp\/v2\/pages\/63440","targetHints":{"allow":["GET"]}}],"collection":[{"href":"https:\/\/thinklucid.com\/de\/wp-json\/wp\/v2\/pages"}],"about":[{"href":"https:\/\/thinklucid.com\/de\/wp-json\/wp\/v2\/types\/page"}],"author":[{"embeddable":true,"href":"https:\/\/thinklucid.com\/de\/wp-json\/wp\/v2\/users\/2"}],"replies":[{"embeddable":true,"href":"https:\/\/thinklucid.com\/de\/wp-json\/wp\/v2\/comments?post=63440"}],"version-history":[{"count":0,"href":"https:\/\/thinklucid.com\/de\/wp-json\/wp\/v2\/pages\/63440\/revisions"}],"wp:featuredmedia":[{"embeddable":true,"href":"https:\/\/thinklucid.com\/de\/wp-json\/wp\/v2\/media\/54179"}],"wp:attachment":[{"href":"https:\/\/thinklucid.com\/de\/wp-json\/wp\/v2\/media?parent=63440"}],"wp:term":[{"taxonomy":"post_tag","embeddable":true,"href":"https:\/\/thinklucid.com\/de\/wp-json\/wp\/v2\/tags?post=63440"},{"taxonomy":"camera_family","embeddable":true,"href":"https:\/\/thinklucid.com\/de\/wp-json\/wp\/v2\/camera_family?post=63440"}],"curies":[{"name":"wp","href":"https:\/\/api.w.org\/{rel}","templated":true}]}}