{"id":31787,"date":"2019-08-13T22:06:18","date_gmt":"2019-08-14T05:06:18","guid":{"rendered":"https:\/\/ec2-34-221-119-146.us-west-2.compute.amazonaws.com\/einkaufswagen\/"},"modified":"2025-01-02T10:13:57","modified_gmt":"2025-01-02T18:13:57","slug":"einkaufswagen","status":"publish","type":"page","link":"https:\/\/thinklucid.com\/de\/einkaufswagen\/","title":{"rendered":"Einkaufswagen"},"content":{"rendered":"<div class=\"wpb-content-wrapper\"><p>[vc_row][vc_column][vc_message message_box_color=&#8220;warning&#8220;]<\/p>\n<div style=\"font-size: small;\">Online-K\u00e4ufe mit Kredit-\/Debitkarte sind nur f\u00fcr Benutzer aus Kanada, den USA, Australien, Neuseeland, Israel, der EU, Japan, Singapur und S\u00fcdkorea m\u00f6glich. Wenn Sie sich au\u00dferhalb dieser L\u00e4nder befinden, wenden Sie sich bitte an unsere <a href=\"\/de\/contact-us\/\">regionalen Niederlassungen<\/a>, um Unterst\u00fctzung beim Verkauf zu erhalten.<\/div>\n<p>[\/vc_message][vc_message icon_fontawesome=&#8220;far fa-calendar-alt&#8220;]<\/p>\n<div style=\"font-size: small;\">Das tats\u00e4chliche Versanddatum f\u00fcr Webstore-Bestellungen wird innerhalb von 1-2 Werktagen nach Abschluss des Online-Kaufs per E-Mail best\u00e4tigt.<\/div>\n<p>[\/vc_message][\/vc_column][\/vc_row]<\/p>\n<\/div>","protected":false},"excerpt":{"rendered":"<p>[vc_row][vc_column][vc_message message_box_color=&#8220;warning&#8220;] Online-K\u00e4ufe mit Kredit-\/Debitkarte sind nur f\u00fcr Benutzer aus Kanada, den USA, Australien, Neuseeland, Israel, der EU, Japan, Singapur&hellip;<\/p>\n","protected":false},"author":2,"featured_media":0,"parent":0,"menu_order":0,"comment_status":"closed","ping_status":"closed","template":"","meta":{"inline_featured_image":false,"footnotes":""},"tags":[],"camera_family":[],"class_list":["post-31787","page","type-page","status-publish","hentry"],"aioseo_notices":[],"_links":{"self":[{"href":"https:\/\/thinklucid.com\/de\/wp-json\/wp\/v2\/pages\/31787","targetHints":{"allow":["GET"]}}],"collection":[{"href":"https:\/\/thinklucid.com\/de\/wp-json\/wp\/v2\/pages"}],"about":[{"href":"https:\/\/thinklucid.com\/de\/wp-json\/wp\/v2\/types\/page"}],"author":[{"embeddable":true,"href":"https:\/\/thinklucid.com\/de\/wp-json\/wp\/v2\/users\/2"}],"replies":[{"embeddable":true,"href":"https:\/\/thinklucid.com\/de\/wp-json\/wp\/v2\/comments?post=31787"}],"version-history":[{"count":2,"href":"https:\/\/thinklucid.com\/de\/wp-json\/wp\/v2\/pages\/31787\/revisions"}],"predecessor-version":[{"id":176917,"href":"https:\/\/thinklucid.com\/de\/wp-json\/wp\/v2\/pages\/31787\/revisions\/176917"}],"wp:attachment":[{"href":"https:\/\/thinklucid.com\/de\/wp-json\/wp\/v2\/media?parent=31787"}],"wp:term":[{"taxonomy":"post_tag","embeddable":true,"href":"https:\/\/thinklucid.com\/de\/wp-json\/wp\/v2\/tags?post=31787"},{"taxonomy":"camera_family","embeddable":true,"href":"https:\/\/thinklucid.com\/de\/wp-json\/wp\/v2\/camera_family?post=31787"}],"curies":[{"name":"wp","href":"https:\/\/api.w.org\/{rel}","templated":true}]}}