{"id":190882,"date":"2020-01-06T16:24:42","date_gmt":"2020-01-07T00:24:42","guid":{"rendered":"https:\/\/thinklucid.com\/tradeshows\/"},"modified":"2026-03-16T15:41:16","modified_gmt":"2026-03-16T22:41:16","slug":"tradeshows","status":"publish","type":"page","link":"https:\/\/thinklucid.com\/de\/tradeshows\/","title":{"rendered":"Messen"},"content":{"rendered":"<div class=\"wpb-content-wrapper\"><p>[vc_row full_width=&#8220;stretch_row_content_no_spaces&#8220; full_height=&#8220;yes&#8220; parallax=&#8220;content-moving&#8220; parallax_image=&#8220;168411&#8243; parallax_speed_bg=&#8220;1&#8243; css=&#8220;.vc_custom_1702070910015{margin-top: 0px !important;padding-top: 0px !important;}&#8220;][vc_column width=&#8220;2\/3&#8243; offset=&#8220;vc_col-lg-offset-2 vc_col-lg-8 vc_col-md-offset-2 vc_col-md-8 vc_col-sm-offset-2 vc_col-xs-offset-1 vc_col-xs-10&#8243;][vc_empty_space height=&#8220;12em&#8220;][vc_custom_heading text=&#8220;Messen&#8220; font_container=&#8220;tag:h1|font_size:72px|text_align:left|color:%23ffffff&#8220; use_theme_fonts=&#8220;yes&#8220; css_animation=&#8220;fadeIn&#8220; css=&#8220;.vc_custom_1542325224026{margin-bottom: 40px !important;}&#8220;][vc_custom_heading text=&#8220;Besuchen Sie LUCID auf den folgenden Messen&#8220; font_container=&#8220;tag:h2|font_size:36px|text_align:left|color:%23ffffff&#8220; use_theme_fonts=&#8220;yes&#8220; css_animation=&#8220;fadeInUp&#8220; el_class=&#8220;thinfont&#8220;][vc_empty_space height=&#8220;12em&#8220;][\/vc_column][\/vc_row][vc_row css=&#8220;.vc_custom_1521240081439{margin-top: 25px !important;}&#8220;][vc_column]<div class=\"sober-testimonial testimonial-align-left  events\">\n\t\t\t\t<div class=\"author-photo\"><img data-opt-id=1717574995  decoding=\"async\" class=\"\" src=\"https:\/\/mlxrlrwirvff.i.optimole.com\/cb:UhP2~57313\/w:160\/h:160\/q:75\/https:\/\/thinklucid.com\/wp-content\/uploads\/2025\/12\/SPIE-2026-1.jpg\" width=\"160\" height=\"160\" alt=\"SPIE-2026 (1)\" title=\"SPIE-2026 (1)\" \/><\/div>\n\t\t\t\t<div class=\"testimonial-entry\">\n\t\t\t\t\t<div class=\"testimonial-content\"><\/p>\n<p><a style=\"font-size: 21px;font-family: exo\" href=\"https:\/\/www.spie.org\">SPIE Photonics West 2026<br \/>\n<\/a><\/p>\n<p>Besuchen Sie uns auf der SPIE Photonics West in San Francisco, Kalifornien, der weltweit f\u00fchrenden Veranstaltung f\u00fcr Optik und Photonik. Die SPIE-Ausstellung bringt Forschende, Wissenschaftler, Ingenieure und Eink\u00e4ufer mit potenziellen Anbietern zusammen und informiert die Fachgemeinschaft \u00fcber neue technische M\u00f6glichkeiten.<\/p>\n<p><\/div>\n\t\t\t\t\t<div class=\"testimonial-author\"><span class=\"name\">Jan 20\u201322<\/span>, <span class=\"company\">2026 San Francisco, Kalifornien, USA - Booth #149<\/span><\/div>\n\t\t\t\t<\/div>\n\t\t\t<\/div><div class=\"sober-testimonial testimonial-align-left  events\">\n\t\t\t\t<div class=\"author-photo\"><img data-opt-id=588536328  decoding=\"async\" class=\"\" src=\"https:\/\/mlxrlrwirvff.i.optimole.com\/cb:UhP2~57313\/w:160\/h:160\/q:75\/https:\/\/thinklucid.com\/wp-content\/uploads\/2025\/01\/automation-world-2025-1.jpg\" width=\"160\" height=\"160\" alt=\"Smart Factory + Automation World 2025\" title=\"automation-world-2025 (1)\" \/><\/div>\n\t\t\t\t<div class=\"testimonial-entry\">\n\t\t\t\t\t<div class=\"testimonial-content\"><\/p>\n<p><a style=\"font-size: 21px;font-family: exo\" href=\"https:\/\/www.automationworld.co.kr\">Smart Factory + Automation World 2026<br \/>\n<\/a><\/p>\n<p>Wir stellen auf der Smart Factory + Automation World 2026 im Rahmen der Korean Vision Show aus. Diese Veranstaltung ist der ideale Marktplatz f\u00fcr Machine Vision, auf dem Fachleute und Eink\u00e4ufer der Branche in Seoul zusammenkommen, um die neuesten Technologien und L\u00f6sungen im Bereich der industriellen Bildverarbeitung kennenzulernen.<\/p>\n<p><\/div>\n\t\t\t\t\t<div class=\"testimonial-author\"><span class=\"name\">M\u00e4rz 4\u20136<\/span>, <span class=\"company\">2026 Seoul, KOREA - Booth B470<\/span><\/div>\n\t\t\t\t<\/div>\n\t\t\t<\/div><div class=\"sober-testimonial testimonial-align-left  events\">\n\t\t\t\t<div class=\"author-photo\"><img data-opt-id=910857916  decoding=\"async\" class=\"\" src=\"https:\/\/mlxrlrwirvff.i.optimole.com\/cb:UhP2~57313\/w:160\/h:160\/q:75\/https:\/\/thinklucid.com\/wp-content\/uploads\/2024\/12\/logimat-logo-1.jpg\" width=\"160\" height=\"160\" alt=\"LogiMAT\" title=\"logimat-logo (1)\" \/><\/div>\n\t\t\t\t<div class=\"testimonial-entry\">\n\t\t\t\t\t<div class=\"testimonial-content\"><\/p>\n<p><a style=\"font-size: 21px;font-family: exo\" href=\"https:\/\/www.logimat-messe.de\/en\">LogiMAT 2026<br \/>\n<\/a><\/p>\n<p>Die LogiMAT, internationale Fachmesse f\u00fcr Intralogistik-L\u00f6sungen und Prozessmanagement, setzt als gr\u00f6\u00dfte j\u00e4hrlich stattfindende Intralogistikmesse Europas neue Ma\u00dfst\u00e4be. Sie ist die f\u00fchrende internationale Fachmesse, die einen umfassenden Markt\u00fcberblick und fundierten Wissenstransfer bietet.<\/p>\n<p><\/div>\n\t\t\t\t\t<div class=\"testimonial-author\"><span class=\"name\">M\u00e4rz 24\u201326<\/span>, <span class=\"company\">2026 Stuttgart, Deutschland \u2013 Halle 2, Stand 2B17<\/span><\/div>\n\t\t\t\t<\/div>\n\t\t\t<\/div><div class=\"sober-testimonial testimonial-align-left  events\">\n\t\t\t\t<div class=\"author-photo\"><img data-opt-id=1966847462  decoding=\"async\" class=\"\" src=\"https:\/\/mlxrlrwirvff.i.optimole.com\/cb:UhP2~57313\/w:160\/h:160\/q:75\/https:\/\/thinklucid.com\/wp-content\/uploads\/2025\/11\/VCshanghai-1.jpg\" width=\"160\" height=\"160\" alt=\"VCshanghai (1)\" title=\"VCshanghai (1)\" \/><\/div>\n\t\t\t\t<div class=\"testimonial-entry\">\n\t\t\t\t\t<div class=\"testimonial-content\"><\/p>\n<p><a style=\"font-size: 21px;font-family: exo\" href=\"http:\/\/www.visionchinashow.net\/\">Vision China, Shanghai 2026<\/a><\/p>\n<p>Vision China pr\u00e4sentiert zentrale Komponenten und Bauteile der Branche. Mit der Teilnahme von Experten, Forschenden und Technikern aus verschiedensten Anwendungsbereichen bietet diese Messe eine hervorragende Plattform zur Pr\u00e4sentation von Technologien und zur Entwicklung von Branchenl\u00f6sungen.<\/p>\n<p><\/div>\n\t\t\t\t\t<div class=\"testimonial-author\"><span class=\"name\">M\u00e4rz 25\u201327<\/span>, <span class=\"company\">2026 in Shanghai, CHINA<\/span><\/div>\n\t\t\t\t<\/div>\n\t\t\t<\/div><div class=\"sober-testimonial testimonial-align-left  events\">\n\t\t\t\t<div class=\"author-photo\"><img data-opt-id=1185636362  decoding=\"async\" class=\"\" src=\"https:\/\/mlxrlrwirvff.i.optimole.com\/cb:UhP2~57313\/w:160\/h:160\/q:75\/https:\/\/thinklucid.com\/wp-content\/uploads\/2025\/11\/modex-2026-1.jpg\" width=\"160\" height=\"160\" alt=\"modex-2026 (1)\" title=\"modex-2026 (1)\" \/><\/div>\n\t\t\t\t<div class=\"testimonial-entry\">\n\t\t\t\t\t<div class=\"testimonial-content\"><\/p>\n<p><a style=\"font-size: 21px;font-family: exo\" href=\"https:\/\/www.modexshow.com\/\">MODEX 2026<br \/>\n<\/a><\/p>\n<p>Wir stellen auf der MODEX 2026 in Atlanta, Georgia aus. MODEX bringt das gesamte \u00d6kosystem der Lieferkette zusammen und pr\u00e4sentiert durchg\u00e4ngige L\u00f6sungen f\u00fcr Ihre Betriebsabl\u00e4ufe.<\/p>\n<p><\/div>\n\t\t\t\t\t<div class=\"testimonial-author\"><span class=\"name\">April 13\u201316<\/span>, <span class=\"company\">2026 Atlanta, Georgia, USA \u2013 Booth #B7619<\/span><\/div>\n\t\t\t\t<\/div>\n\t\t\t<\/div><div class=\"sober-testimonial testimonial-align-left  events\">\n\t\t\t\t<div class=\"author-photo\"><img data-opt-id=1943277665  decoding=\"async\" class=\"\" src=\"https:\/\/mlxrlrwirvff.i.optimole.com\/cb:UhP2~57313\/w:160\/h:160\/q:75\/https:\/\/thinklucid.com\/wp-content\/uploads\/2025\/11\/all-about-automation-logo-1.jpg\" width=\"160\" height=\"160\" alt=\"all-about-automation-logo (1)\" title=\"all-about-automation-logo (1)\" \/><\/div>\n\t\t\t\t<div class=\"testimonial-entry\">\n\t\t\t\t\t<div class=\"testimonial-content\"><\/p>\n<p><a style=\"font-size: 21px;font-family: exo\" href=\"https:\/\/www.allaboutautomation.de\/en\/\">All About Automation 2026<br \/>\n<\/a><\/p>\n<p>Die Messe-Reihe f\u00fcr industrielle Automation, Robotik und Digitalisierung richtet sich gezielt an regionale Besuchergruppen und pr\u00e4sentiert technischen Fortschritt, bew\u00e4hrte Produkte sowie innovative Konzepte. Besucher von all about automation erfahren, wie Strategien in der Praxis umgesetzt werden und zu effizienterer, produktiver und nachhaltiger industrieller Produktion f\u00fchren.<\/p>\n<p><\/div>\n\t\t\t\t\t<div class=\"testimonial-author\"><span class=\"name\">Mai 6\u20137<\/span>, <span class=\"company\">2026 in Heilbronn, Deutschland \u2013 Booth #F-218<\/span><\/div>\n\t\t\t\t<\/div>\n\t\t\t<\/div><div class=\"sober-testimonial testimonial-align-left  events\">\n\t\t\t\t<div class=\"author-photo\"><img data-opt-id=894558348  decoding=\"async\" class=\"\" src=\"https:\/\/mlxrlrwirvff.i.optimole.com\/cb:UhP2~57313\/w:160\/h:160\/q:75\/https:\/\/thinklucid.com\/wp-content\/uploads\/2020\/02\/iss-logo.jpg\" width=\"160\" height=\"160\" alt=\"iss-logo\" title=\"iss-logo\" \/><\/div>\n\t\t\t\t<div class=\"testimonial-entry\">\n\t\t\t\t\t<div class=\"testimonial-content\"><\/p>\n<p><a style=\"font-size: 21px;font-family: exo\" href=\"https:\/\/www.adcom-media.co.jp\/iss\/\">Image Sensing Show (ISS) 2026<br \/>\n<\/a><\/p>\n<p>2026 findet die 40. Image Sensing Show (ISS) statt, auf der Bildverarbeitungs- und Sensortechnologien aus dem In- und Ausland zusammenkommen.<\/p>\n<p><\/div>\n\t\t\t\t\t<div class=\"testimonial-author\"><span class=\"name\">Juni 10\u201312<\/span>, <span class=\"company\">2026 in Yokohama, Japan<\/span><\/div>\n\t\t\t\t<\/div>\n\t\t\t<\/div><div class=\"sober-testimonial testimonial-align-left  events\">\n\t\t\t\t<div class=\"author-photo\"><img data-opt-id=1971370471  decoding=\"async\" class=\"\" src=\"https:\/\/mlxrlrwirvff.i.optimole.com\/cb:UhP2~57313\/w:160\/h:160\/q:75\/https:\/\/thinklucid.com\/wp-content\/uploads\/2025\/11\/Automate-2026-logo.jpg\" width=\"160\" height=\"160\" alt=\"Automate-2026-logo\" title=\"Automate-2026-logo\" \/><\/div>\n\t\t\t\t<div class=\"testimonial-entry\">\n\t\t\t\t\t<div class=\"testimonial-content\"><\/p>\n<p><a style=\"font-size: 21px;font-family: exo\" href=\"https:\/\/www.automateshow.com\/\">Automate 2026<br \/>\n<\/a><\/p>\n<p>Entdecken Sie die neuesten Entwicklungen in Robotik, Machine Vision, KI, Motion Control und verwandten Technologien. Automate pr\u00e4sentiert das gesamte Spektrum der Automatisierungstechnologien und -l\u00f6sungen, von klassischen industriellen Anwendungen bis hin zu modernsten Innovationen.<\/p>\n<p><\/div>\n\t\t\t\t\t<div class=\"testimonial-author\"><span class=\"name\">Juni 22\u201325<\/span>, <span class=\"company\">2026 in Chicago, Illinois \u2013 Booth #571<\/span><\/div>\n\t\t\t\t<\/div>\n\t\t\t<\/div><div class=\"sober-testimonial testimonial-align-left  events\">\n\t\t\t\t<div class=\"author-photo\"><img data-opt-id=1259312777  decoding=\"async\" class=\"\" src=\"https:\/\/mlxrlrwirvff.i.optimole.com\/cb:UhP2~57313\/w:160\/h:160\/q:75\/https:\/\/thinklucid.com\/wp-content\/uploads\/2026\/02\/CeMAT-AUS-1.png\" width=\"160\" height=\"160\" alt=\"CeMAT-AUS (1)\" title=\"CeMAT-AUS (1)\" \/><\/div>\n\t\t\t\t<div class=\"testimonial-entry\">\n\t\t\t\t\t<div class=\"testimonial-content\"><\/p>\n<p><a style=\"font-size: 21px;font-family: exo\" href=\"https:\/\/www.cemat.com.au\/\">CeMAT Australia 2026<br \/>\n<\/a><\/p>\n<p>Die CeMAT Australia bietet eine einzigartige Gelegenheit, L\u00f6sungen und Technologien aus erster Hand zu erleben, die weltweit die Standards und die zuk\u00fcnftige Entwicklung von Logistik und Lagerhaltung pr\u00e4gen. Die CeMAT ist eine Fachmesse f\u00fcr Intralogistik, Robotik und Automation, Lagerhaltung, Supply Chain Management und Materialfluss.<\/p>\n<p><\/div>\n\t\t\t\t\t<div class=\"testimonial-author\"><span class=\"name\">Juni 23\u201325<\/span>, <span class=\"company\">2026 in Melbourne, Australien<\/span><\/div>\n\t\t\t\t<\/div>\n\t\t\t<\/div><div class=\"sober-testimonial testimonial-align-left  events\">\n\t\t\t\t<div class=\"author-photo\"><img data-opt-id=276896904  decoding=\"async\" class=\"\" src=\"https:\/\/mlxrlrwirvff.i.optimole.com\/cb:UhP2~57313\/w:auto\/h:auto\/q:75\/https:\/\/thinklucid.com\/wp-content\/uploads\/2021\/01\/Vision-China-Beijing-1.jpg\" width=\"160\" height=\"160\" alt=\"Vision-China-Beijing\" title=\"Vision-China-Beijing\" \/><\/div>\n\t\t\t\t<div class=\"testimonial-entry\">\n\t\t\t\t\t<div class=\"testimonial-content\"><\/p>\n<p><a style=\"font-size: 21px;font-family: exo\" href=\"http:\/\/www.visionchinashow.net\/\">Vision China Beijing 2026<\/a><\/p>\n<p>Vision China pr\u00e4sentiert zentrale Komponenten und Bauteile der Branche. Mit der Teilnahme von Experten und Technologien aus verschiedensten Anwendungsbereichen bietet diese Messe eine hervorragende Plattform zur Pr\u00e4sentation von Technologien und zur Entwicklung von Branchenl\u00f6sungen.<\/p>\n<p><\/div>\n\t\t\t\t\t<div class=\"testimonial-author\"><span class=\"name\">Juni 25\u201326<\/span>, <span class=\"company\">2026 in Beijing, China<\/span><\/div>\n\t\t\t\t<\/div>\n\t\t\t<\/div><div class=\"sober-testimonial testimonial-align-left  events\">\n\t\t\t\t<div class=\"author-photo\"><img data-opt-id=168044408  decoding=\"async\" class=\"\" src=\"https:\/\/mlxrlrwirvff.i.optimole.com\/cb:UhP2~57313\/w:auto\/h:auto\/q:75\/https:\/\/thinklucid.com\/wp-content\/uploads\/2020\/01\/automation-taipei-2020.jpg\" width=\"160\" height=\"160\" alt=\"automation-taipei-2020\" title=\"automation-taipei-2020\" \/><\/div>\n\t\t\t\t<div class=\"testimonial-entry\">\n\t\t\t\t\t<div class=\"testimonial-content\"><\/p>\n<p><a style=\"font-size: 21px;font-family: exo\" href=\"https:\/\/www.chanchao.com.tw\/AutomationTaipei\/en\/\">Automation Taipei 2026<\/a><\/p>\n<p>Die Ausstellungsschwerpunkte der Automation Taipei umfassen industrielle Automatisierung, Robotiktechnologie, industrielle Automatisierungs-ICT und Software, Werkzeugmaschinen und Maschinen, Hardware sowie Fabrikausr\u00fcstung.<\/p>\n<p><\/div>\n\t\t\t\t\t<div class=\"testimonial-author\"><span class=\"name\">Aug 19\u201322<\/span>, <span class=\"company\">2026 in Taipei, Taiwan<\/span><\/div>\n\t\t\t\t<\/div>\n\t\t\t<\/div><div class=\"sober-testimonial testimonial-align-left  events\">\n\t\t\t\t<div class=\"author-photo\"><img data-opt-id=41259714  decoding=\"async\" class=\"\" src=\"https:\/\/mlxrlrwirvff.i.optimole.com\/cb:UhP2~57313\/w:160\/h:160\/q:75\/https:\/\/thinklucid.com\/wp-content\/uploads\/2025\/11\/Vision-logo-dark-2.jpg\" width=\"160\" height=\"160\" alt=\"Vision-logo-dark (2)\" title=\"Vision-logo-dark (2)\" \/><\/div>\n\t\t\t\t<div class=\"testimonial-entry\">\n\t\t\t\t\t<div class=\"testimonial-content\"><\/p>\n<p><a style=\"font-size: 21px;font-family: exo\" href=\"https:\/\/www.messe-stuttgart.de\/vision\/en\/\">Vision Stuttgart 2026<br \/>\n<\/a><\/p>\n<p>Entdecken Sie die neuesten Entwicklungen in Robotik, Machine Vision, KI, Motion Control und verwandten Technologien. Automate pr\u00e4sentiert das gesamte Spektrum der Automatisierungstechnologien und -l\u00f6sungen, von klassischen industriellen Anwendungen bis hin zu modernsten Innovationen.<\/p>\n<p><\/div>\n\t\t\t\t\t<div class=\"testimonial-author\"><span class=\"name\">Oktober 6\u20138<\/span>, <span class=\"company\">2026 in Stuttgart, Deutschland \u2013 Booth #10E40<\/span><\/div>\n\t\t\t\t<\/div>\n\t\t\t<\/div><div class=\"sober-testimonial testimonial-align-left  events\">\n\t\t\t\t<div class=\"author-photo\"><img data-opt-id=1181895247  decoding=\"async\" class=\"\" src=\"https:\/\/mlxrlrwirvff.i.optimole.com\/cb:UhP2~57313\/w:160\/h:160\/q:75\/https:\/\/thinklucid.com\/wp-content\/uploads\/2018\/06\/Vision-China-Shenzhen.jpg\" width=\"160\" height=\"160\" alt=\"Lucid at Vision China Shenzhen\" title=\"\" \/><\/div>\n\t\t\t\t<div class=\"testimonial-entry\">\n\t\t\t\t\t<div class=\"testimonial-content\"><\/p>\n<p><a style=\"font-size: 21px;font-family: exo\" href=\"http:\/\/www.visionchinashow.net\/\">Vision China Shenzhen 2026<\/a><\/p>\n<p>Vision China pr\u00e4sentiert zentrale Komponenten und Bauteile der Branche. Mit der Teilnahme von Experten und Technologien aus verschiedensten Anwendungsbereichen bietet diese Messe eine hervorragende Plattform zur Pr\u00e4sentation von Technologien und zur Entwicklung von Branchenl\u00f6sungen.<\/p>\n<p><\/div>\n\t\t\t\t\t<div class=\"testimonial-author\"><span class=\"name\">Okt 27\u201329<\/span>, <span class=\"company\">2026 in Shenzhen, China<\/span><\/div>\n\t\t\t\t<\/div>\n\t\t\t<\/div><div class=\"sober-testimonial testimonial-align-left  events\">\n\t\t\t\t<div class=\"author-photo\"><img data-opt-id=291633823  decoding=\"async\" class=\"\" src=\"https:\/\/mlxrlrwirvff.i.optimole.com\/cb:UhP2~57313\/w:auto\/h:auto\/q:75\/https:\/\/thinklucid.com\/wp-content\/uploads\/2020\/01\/ITE-Japan.jpg\" width=\"160\" height=\"160\" alt=\"ITE-Japan\" title=\"ITE-Japan\" \/><\/div>\n\t\t\t\t<div class=\"testimonial-entry\">\n\t\t\t\t\t<div class=\"testimonial-content\"><\/p>\n<p><a style=\"font-size: 21px;font-family: exo\" href=\"https:\/\/www.adcom-media.co.jp\/ite\/\">ITE Yokohama 2026<br \/>\n<\/a>Fachmesse f\u00fcr Maschinen und industrielle Technologien. Zu den Ausstellungsthemen geh\u00f6ren Robotik, IoT, Fertigungstechnologie, Anlagen, Produkte, Forschung und Entwicklung sowie Business-Support.<\/p>\n<p><\/div>\n\t\t\t\t\t<div class=\"testimonial-author\"><span class=\"name\">Dezember<\/span>, <span class=\"company\">2026 Yokohama, Japan<\/span><\/div>\n\t\t\t\t<\/div>\n\t\t\t<\/div>[\/vc_column][\/vc_row]<\/p>\n<\/div>","protected":false},"excerpt":{"rendered":"<p>[vc_row full_width=&#8220;stretch_row_content_no_spaces&#8220; full_height=&#8220;yes&#8220; parallax=&#8220;content-moving&#8220; parallax_image=&#8220;168411&#8243; parallax_speed_bg=&#8220;1&#8243; css=&#8220;.vc_custom_1702070910015{margin-top: 0px !important;padding-top: 0px !important;}&#8220;][vc_column width=&#8220;2\/3&#8243; offset=&#8220;vc_col-lg-offset-2 vc_col-lg-8 vc_col-md-offset-2 vc_col-md-8 vc_col-sm-offset-2 vc_col-xs-offset-1 vc_col-xs-10&#8243;][vc_empty_space height=&#8220;12em&#8220;][vc_custom_heading&hellip;<\/p>\n","protected":false},"author":1281,"featured_media":0,"parent":0,"menu_order":0,"comment_status":"closed","ping_status":"closed","template":"","meta":{"inline_featured_image":false,"footnotes":""},"tags":[],"camera_family":[],"class_list":["post-190882","page","type-page","status-publish","hentry"],"aioseo_notices":[],"_links":{"self":[{"href":"https:\/\/thinklucid.com\/de\/wp-json\/wp\/v2\/pages\/190882","targetHints":{"allow":["GET"]}}],"collection":[{"href":"https:\/\/thinklucid.com\/de\/wp-json\/wp\/v2\/pages"}],"about":[{"href":"https:\/\/thinklucid.com\/de\/wp-json\/wp\/v2\/types\/page"}],"author":[{"embeddable":true,"href":"https:\/\/thinklucid.com\/de\/wp-json\/wp\/v2\/users\/1281"}],"replies":[{"embeddable":true,"href":"https:\/\/thinklucid.com\/de\/wp-json\/wp\/v2\/comments?post=190882"}],"version-history":[{"count":3,"href":"https:\/\/thinklucid.com\/de\/wp-json\/wp\/v2\/pages\/190882\/revisions"}],"predecessor-version":[{"id":190890,"href":"https:\/\/thinklucid.com\/de\/wp-json\/wp\/v2\/pages\/190882\/revisions\/190890"}],"wp:attachment":[{"href":"https:\/\/thinklucid.com\/de\/wp-json\/wp\/v2\/media?parent=190882"}],"wp:term":[{"taxonomy":"post_tag","embeddable":true,"href":"https:\/\/thinklucid.com\/de\/wp-json\/wp\/v2\/tags?post=190882"},{"taxonomy":"camera_family","embeddable":true,"href":"https:\/\/thinklucid.com\/de\/wp-json\/wp\/v2\/camera_family?post=190882"}],"curies":[{"name":"wp","href":"https:\/\/api.w.org\/{rel}","templated":true}]}}