{"id":190821,"date":"2018-02-20T20:50:07","date_gmt":"2018-02-20T20:50:07","guid":{"rendered":"https:\/\/thinklucid.com\/memberships\/"},"modified":"2026-03-13T16:12:00","modified_gmt":"2026-03-13T23:12:00","slug":"memberships","status":"publish","type":"page","link":"https:\/\/thinklucid.com\/de\/memberships\/","title":{"rendered":"Mitgliedschaften"},"content":{"rendered":"<div class=\"wpb-content-wrapper\"><p>[vc_row][vc_column][vc_column_text]LUCID Vision Labs ist aktives Mitglied in den folgenden Organisationen und Verb\u00e4nden:[\/vc_column_text][\/vc_column][\/vc_row][vc_row gap=&#8220;35&#8243; equal_height=&#8220;yes&#8220;][vc_column width=&#8220;1\/3&#8243; offset=&#8220;vc_col-lg-offset-0&#8243;]<div class=\"sober-banner3 text-align-center dark-scheme  \">\n\t\t\t\t<a href=\"https:\/\/www.vdma.org\" target=\"\" rel=\"\" title=\"\">\n\t\t\t\t\t<img data-opt-id=1679811509  decoding=\"async\" width=\"600\" height=\"382\" src=\"https:\/\/mlxrlrwirvff.i.optimole.com\/cb:UhP2~57313\/w:auto\/h:auto\/q:75\/https:\/\/thinklucid.com\/wp-content\/uploads\/2018\/02\/VDMA.jpg\" class=\"attachment-large\" alt=\"VDMA Logo\" title=\"\" srcset=\"https:\/\/mlxrlrwirvff.i.optimole.com\/cb:UhP2~57313\/w:600\/h:382\/q:75\/https:\/\/thinklucid.com\/wp-content\/uploads\/2018\/02\/VDMA.jpg 600w, https:\/\/mlxrlrwirvff.i.optimole.com\/cb:UhP2~57313\/w:300\/h:191\/q:75\/https:\/\/thinklucid.com\/wp-content\/uploads\/2018\/02\/VDMA.jpg 300w, https:\/\/mlxrlrwirvff.i.optimole.com\/cb:UhP2~57313\/w:565\/h:360\/q:75\/https:\/\/thinklucid.com\/wp-content\/uploads\/2018\/02\/VDMA.jpg 565w, https:\/\/mlxrlrwirvff.i.optimole.com\/cb:UhP2~57313\/w:600\/h:382\/q:75\/dpr:2\/https:\/\/thinklucid.com\/wp-content\/uploads\/2018\/02\/VDMA.jpg 2x\" sizes=\"(max-width: 600px) 100vw, 600px\" \/>\n\t\t\t\t\t<span class=\"banner-content\">\n\t\t\t\t\t\t<span class=\"banner-text\"><\/span>\n\t\t\t\t\t\t<span class=\"sober-button button-light line-hover active\"><\/span>\n\t\t\t\t\t<\/span>\n\t\t\t\t<\/a>\n\t\t\t<\/div>[vc_column_text]Mit mehr als 3.200 Mitgliedern ist der VDMA das gr\u00f6\u00dfte Netzwerk der Maschinenbauindustrie in Europa. Der Verband vertritt die gemeinsamen wirtschaftlichen, technologischen und wissenschaftlichen Interessen dieser vielf\u00e4ltigen Branche.[\/vc_column_text][\/vc_column][vc_column width=&#8220;1\/3&#8243; offset=&#8220;vc_col-lg-offset-0&#8243;]<div class=\"sober-banner3 text-align-center dark-scheme  \">\n\t\t\t\t<a href=\"https:\/\/www.visiononline.org\" target=\"\" rel=\"\" title=\"\">\n\t\t\t\t\t<img data-opt-id=1599681499  decoding=\"async\" width=\"600\" height=\"382\" src=\"https:\/\/mlxrlrwirvff.i.optimole.com\/cb:UhP2~57313\/w:auto\/h:auto\/q:75\/https:\/\/thinklucid.com\/wp-content\/uploads\/2018\/02\/aias-3.jpg\" class=\"attachment-large\" alt=\"AIA logo\" title=\"\" srcset=\"https:\/\/mlxrlrwirvff.i.optimole.com\/cb:UhP2~57313\/w:600\/h:382\/q:75\/https:\/\/thinklucid.com\/wp-content\/uploads\/2018\/02\/aias-3.jpg 600w, https:\/\/mlxrlrwirvff.i.optimole.com\/cb:UhP2~57313\/w:300\/h:191\/q:75\/https:\/\/thinklucid.com\/wp-content\/uploads\/2018\/02\/aias-3.jpg 300w, https:\/\/mlxrlrwirvff.i.optimole.com\/cb:UhP2~57313\/w:565\/h:360\/q:75\/https:\/\/thinklucid.com\/wp-content\/uploads\/2018\/02\/aias-3.jpg 565w, https:\/\/mlxrlrwirvff.i.optimole.com\/cb:UhP2~57313\/w:600\/h:382\/q:75\/dpr:2\/https:\/\/thinklucid.com\/wp-content\/uploads\/2018\/02\/aias-3.jpg 2x\" sizes=\"(max-width: 600px) 100vw, 600px\" \/>\n\t\t\t\t\t<span class=\"banner-content\">\n\t\t\t\t\t\t<span class=\"banner-text\"><\/span>\n\t\t\t\t\t\t<span class=\"sober-button button-light line-hover active\"><\/span>\n\t\t\t\t\t<\/span>\n\t\t\t\t<\/a>\n\t\t\t<\/div>[vc_column_text]Die AIA ist der weltweit gr\u00f6\u00dfte Branchenverband f\u00fcr Bildverarbeitung und Imaging mit mehr als 360 Mitgliedsunternehmen aus 32 L\u00e4ndern. Zu den Mitgliedern geh\u00f6ren Hersteller von Komponenten und Systemen, Integratoren, Distributoren, OEMs, Endanwender, Beratungsunternehmen, akademische Einrichtungen und Forschungsgruppen.[\/vc_column_text][\/vc_column][vc_column width=&#8220;1\/3&#8243;]<div class=\"sober-banner3 text-align-center dark-scheme  \">\n\t\t\t\t<a href=\"https:\/\/www.emva.org\/\" target=\"\" rel=\"\" title=\"\">\n\t\t\t\t\t<img data-opt-id=1751681408  decoding=\"async\" width=\"592\" height=\"342\" src=\"https:\/\/thinklucid.com\/wp-content\/uploads\/2019\/01\/emva_Member_of_Logo_LITHO_05cm.gif\" class=\"attachment-large\" alt=\"\" title=\"emva_Member_of_Logo_LITHO_05cm\" \/>\n\t\t\t\t\t<span class=\"banner-content\">\n\t\t\t\t\t\t<span class=\"banner-text\"><\/span>\n\t\t\t\t\t\t<span class=\"sober-button button-light line-hover active\"><\/span>\n\t\t\t\t\t<\/span>\n\t\t\t\t<\/a>\n\t\t\t<\/div>[vc_column_text css=&#8220;.vc_custom_1548268494681{margin-top: 20px !important;}&#8220;]Die European Machine Vision Association (EMVA) ist ein gemeinn\u00fctziger und nicht kommerzieller Verband, der die Bildverarbeitungsindustrie in Europa repr\u00e4sentiert. Der Verband wurde 2003 in Barcelona von Branchenvertretern aus ganz Europa gegr\u00fcndet, um die Entwicklung und den Einsatz von Machine-Vision-Technologien zu f\u00f6rdern.[\/vc_column_text][\/vc_column][\/vc_row][vc_row gap=&#8220;35&#8243; equal_height=&#8220;yes&#8220; content_placement=&#8220;middle&#8220; css=&#8220;.vc_custom_1733776306656{margin-top: 40px !important;}&#8220;][vc_column width=&#8220;1\/3&#8243; offset=&#8220;vc_col-lg-offset-0&#8243;]<div class=\"sober-banner3 text-align-center dark-scheme  \">\n\t\t\t\t<a href=\"https:\/\/www.china-vision.org\/\" target=\"\" rel=\"\" title=\"\">\n\t\t\t\t\t<img data-opt-id=576936614  decoding=\"async\" width=\"301\" height=\"130\" src=\"https:\/\/mlxrlrwirvff.i.optimole.com\/cb:UhP2~57313\/w:auto\/h:auto\/q:75\/https:\/\/thinklucid.com\/wp-content\/uploads\/2024\/12\/CMVU-logo-1.jpg\" class=\"attachment-large\" alt=\"CMVU\" title=\"CMVU-logo\" srcset=\"https:\/\/mlxrlrwirvff.i.optimole.com\/cb:UhP2~57313\/w:301\/h:130\/q:75\/https:\/\/thinklucid.com\/wp-content\/uploads\/2024\/12\/CMVU-logo-1.jpg 301w, https:\/\/mlxrlrwirvff.i.optimole.com\/cb:UhP2~57313\/w:301\/h:130\/q:75\/dpr:2\/https:\/\/thinklucid.com\/wp-content\/uploads\/2024\/12\/CMVU-logo-1.jpg 2x\" sizes=\"(max-width: 301px) 100vw, 301px\" \/>\n\t\t\t\t\t<span class=\"banner-content\">\n\t\t\t\t\t\t<span class=\"banner-text\"><\/span>\n\t\t\t\t\t\t<span class=\"sober-button button-light line-hover active\"><\/span>\n\t\t\t\t\t<\/span>\n\t\t\t\t<\/a>\n\t\t\t<\/div>[vc_column_text css=&#8220;&#8220;]Die China Machine Vision Industry Union (CMVU) ist eine nationale, gemeinn\u00fctzige Organisation mit 320 Mitgliedern, darunter Hersteller und Anwender von Machine-Vision-Technologien. Sie geh\u00f6rt zu den f\u00fcnf f\u00fchrenden globalen Organisationen der Bildverarbeitungsindustrie und ist das einzige chinesische Mitglied der G3-Organisation.[\/vc_column_text][\/vc_column][vc_column width=&#8220;1\/3&#8243; offset=&#8220;vc_col-lg-offset-0&#8243; css=&#8220;.vc_custom_1733776040154{margin-top: 40px !important;}&#8220;]<div class=\"sober-banner3 text-align-center dark-scheme  \">\n\t\t\t\t<a href=\"http:\/\/www.kmvia.org\/\" target=\"\" rel=\"\" title=\"\">\n\t\t\t\t\t<img data-opt-id=1751410546  decoding=\"async\" width=\"350\" height=\"37\" src=\"https:\/\/mlxrlrwirvff.i.optimole.com\/cb:UhP2~57313\/w:auto\/h:auto\/q:75\/https:\/\/thinklucid.com\/wp-content\/uploads\/2024\/12\/kmvia-logo350.png\" class=\"attachment-large\" alt=\"kmvia-logo\" title=\"kmvia-logo350\" srcset=\"https:\/\/mlxrlrwirvff.i.optimole.com\/cb:UhP2~57313\/w:350\/h:37\/q:75\/https:\/\/thinklucid.com\/wp-content\/uploads\/2024\/12\/kmvia-logo350.png 350w, https:\/\/mlxrlrwirvff.i.optimole.com\/cb:UhP2~57313\/w:300\/h:32\/q:75\/https:\/\/thinklucid.com\/wp-content\/uploads\/2024\/12\/kmvia-logo350.png 300w, https:\/\/mlxrlrwirvff.i.optimole.com\/cb:UhP2~57313\/w:350\/h:37\/q:75\/dpr:2\/https:\/\/thinklucid.com\/wp-content\/uploads\/2024\/12\/kmvia-logo350.png 2x\" sizes=\"(max-width: 350px) 100vw, 350px\" \/>\n\t\t\t\t\t<span class=\"banner-content\">\n\t\t\t\t\t\t<span class=\"banner-text\"><\/span>\n\t\t\t\t\t\t<span class=\"sober-button button-light line-hover active\"><\/span>\n\t\t\t\t\t<\/span>\n\t\t\t\t<\/a>\n\t\t\t<\/div>[vc_column_text css=&#8220;.vc_custom_1733774828667{margin-top: 50px !important;}&#8220;]Die Korea Machine Vision Industry Association (KMVIA) engagiert sich f\u00fcr die Weiterentwicklung der Machine-Vision-Industrie in S\u00fcdkorea. Der Schwerpunkt liegt auf der Entwicklung von Bildverarbeitungssoftware und verwandten Technologien, der F\u00f6rderung von Industriestandards sowie der Zusammenarbeit zwischen Branchenakteuren.[\/vc_column_text][\/vc_column][vc_column width=&#8220;1\/3&#8243;]<div class=\"sober-banner3 text-align-center dark-scheme  \">\n\t\t\t\t<a href=\"https:\/\/apps.boschrexroth.com\/microsites\/ctrlx-automation\/en\/ctrlx-world\/\" target=\"\" rel=\"\" title=\"\">\n\t\t\t\t\t<img data-opt-id=519660205  decoding=\"async\" width=\"500\" height=\"142\" src=\"https:\/\/mlxrlrwirvff.i.optimole.com\/cb:UhP2~57313\/w:auto\/h:auto\/q:75\/https:\/\/thinklucid.com\/wp-content\/uploads\/2024\/12\/crtlx-bosch.jpg\" class=\"attachment-large\" alt=\"crtlx-bosch\" title=\"crtlx-bosch\" srcset=\"https:\/\/mlxrlrwirvff.i.optimole.com\/cb:UhP2~57313\/w:500\/h:142\/q:75\/https:\/\/thinklucid.com\/wp-content\/uploads\/2024\/12\/crtlx-bosch.jpg 500w, https:\/\/mlxrlrwirvff.i.optimole.com\/cb:UhP2~57313\/w:300\/h:85\/q:75\/https:\/\/thinklucid.com\/wp-content\/uploads\/2024\/12\/crtlx-bosch.jpg 300w, https:\/\/mlxrlrwirvff.i.optimole.com\/cb:UhP2~57313\/w:433\/h:123\/q:75\/https:\/\/thinklucid.com\/wp-content\/uploads\/2024\/12\/crtlx-bosch.jpg 433w, https:\/\/mlxrlrwirvff.i.optimole.com\/cb:UhP2~57313\/w:350\/h:100\/q:75\/https:\/\/thinklucid.com\/wp-content\/uploads\/2024\/12\/crtlx-bosch.jpg 350w, https:\/\/mlxrlrwirvff.i.optimole.com\/cb:UhP2~57313\/w:500\/h:142\/q:75\/dpr:2\/https:\/\/thinklucid.com\/wp-content\/uploads\/2024\/12\/crtlx-bosch.jpg 2x\" sizes=\"(max-width: 500px) 100vw, 500px\" \/>\n\t\t\t\t\t<span class=\"banner-content\">\n\t\t\t\t\t\t<span class=\"banner-text\"><\/span>\n\t\t\t\t\t\t<span class=\"sober-button button-light line-hover active\"><\/span>\n\t\t\t\t\t<\/span>\n\t\t\t\t<\/a>\n\t\t\t<\/div>[vc_column_text css=&#8220;&#8220;]Die ctrlX AUTOMATION Plattform von Bosch Rexroth ist eine umfassende L\u00f6sung, die Maschinensteuerungen, IT und das Internet der Dinge (IoT) miteinander verbindet. LUCID Kameras sind mit ctrlX OS Apps kompatibel und erm\u00f6glichen kompakte, leistungsstarke GigE-Vision-L\u00f6sungen f\u00fcr industrielle Anwendungen.[\/vc_column_text][\/vc_column][\/vc_row][vc_row gap=&#8220;35&#8243; css=&#8220;.vc_custom_1733776117301{margin-top: 10px !important;}&#8220;][vc_column width=&#8220;5\/12&#8243; offset=&#8220;vc_col-lg-offset-1&#8243;]<div class=\"sober-banner3 text-align-center dark-scheme  \">\n\t\t\t\t<a href=\"https:\/\/www.visiononline.org\/vision-standards-details.cfm?type=5\" target=\"\" rel=\"\" title=\"\">\n\t\t\t\t\t<img data-opt-id=311831723  decoding=\"async\" width=\"600\" height=\"382\" src=\"https:\/\/mlxrlrwirvff.i.optimole.com\/cb:UhP2~57313\/w:auto\/h:auto\/q:75\/https:\/\/thinklucid.com\/wp-content\/uploads\/2018\/02\/gige-vision-1.jpg\" class=\"attachment-large\" alt=\"GigE Vision\" title=\"\" srcset=\"https:\/\/mlxrlrwirvff.i.optimole.com\/cb:UhP2~57313\/w:600\/h:382\/q:75\/https:\/\/thinklucid.com\/wp-content\/uploads\/2018\/02\/gige-vision-1.jpg 600w, https:\/\/mlxrlrwirvff.i.optimole.com\/cb:UhP2~57313\/w:300\/h:191\/q:75\/https:\/\/thinklucid.com\/wp-content\/uploads\/2018\/02\/gige-vision-1.jpg 300w, https:\/\/mlxrlrwirvff.i.optimole.com\/cb:UhP2~57313\/w:565\/h:360\/q:75\/https:\/\/thinklucid.com\/wp-content\/uploads\/2018\/02\/gige-vision-1.jpg 565w, https:\/\/mlxrlrwirvff.i.optimole.com\/cb:UhP2~57313\/w:600\/h:382\/q:75\/dpr:2\/https:\/\/thinklucid.com\/wp-content\/uploads\/2018\/02\/gige-vision-1.jpg 2x\" sizes=\"(max-width: 600px) 100vw, 600px\" \/>\n\t\t\t\t\t<span class=\"banner-content\">\n\t\t\t\t\t\t<span class=\"banner-text\"><\/span>\n\t\t\t\t\t\t<span class=\"sober-button button-light line-hover active\"><\/span>\n\t\t\t\t\t<\/span>\n\t\t\t\t<\/a>\n\t\t\t<\/div>[vc_column_text]LUCID Vision Labs ist Mitglied des technischen Komitees f\u00fcr den GigE-Vision-Standard. Dieses Komitee ist f\u00fcr die technische Weiterentwicklung des GigE-Vision-Kommunikationsstandards verantwortlich.[\/vc_column_text][\/vc_column][vc_column width=&#8220;5\/12&#8243;]<div class=\"sober-banner3 text-align-center dark-scheme  \">\n\t\t\t\t<a href=\"http:\/\/www.emva.org\/standards-technology\/genicam\/\" target=\"\" rel=\"\" title=\"\">\n\t\t\t\t\t<img data-opt-id=1115330117  decoding=\"async\" width=\"600\" height=\"382\" src=\"https:\/\/mlxrlrwirvff.i.optimole.com\/cb:UhP2~57313\/w:auto\/h:auto\/q:75\/https:\/\/thinklucid.com\/wp-content\/uploads\/2018\/02\/genicam-logo.jpg\" class=\"attachment-large\" alt=\"Genicam Logo\" title=\"\" srcset=\"https:\/\/mlxrlrwirvff.i.optimole.com\/cb:UhP2~57313\/w:600\/h:382\/q:75\/https:\/\/thinklucid.com\/wp-content\/uploads\/2018\/02\/genicam-logo.jpg 600w, https:\/\/mlxrlrwirvff.i.optimole.com\/cb:UhP2~57313\/w:300\/h:191\/q:75\/https:\/\/thinklucid.com\/wp-content\/uploads\/2018\/02\/genicam-logo.jpg 300w, https:\/\/mlxrlrwirvff.i.optimole.com\/cb:UhP2~57313\/w:565\/h:360\/q:75\/https:\/\/thinklucid.com\/wp-content\/uploads\/2018\/02\/genicam-logo.jpg 565w, https:\/\/mlxrlrwirvff.i.optimole.com\/cb:UhP2~57313\/w:600\/h:382\/q:75\/dpr:2\/https:\/\/thinklucid.com\/wp-content\/uploads\/2018\/02\/genicam-logo.jpg 2x\" sizes=\"(max-width: 600px) 100vw, 600px\" \/>\n\t\t\t\t\t<span class=\"banner-content\">\n\t\t\t\t\t\t<span class=\"banner-text\"><\/span>\n\t\t\t\t\t\t<span class=\"sober-button button-light line-hover active\"><\/span>\n\t\t\t\t\t<\/span>\n\t\t\t\t<\/a>\n\t\t\t<\/div>[vc_column_text]LUCID Vision Labs ist Mitglied der GenICam-Arbeitsgruppe. Als Mitglied unterst\u00fctzen wir die Weiterentwicklung, Zielsetzung und Aktivit\u00e4ten des Standards. Der GenICam-Standard bildet die Grundlage f\u00fcr die Plug-and-Play-Integration von Kameras und Ger\u00e4ten.[\/vc_column_text][\/vc_column][\/vc_row]<\/p>\n<\/div>","protected":false},"excerpt":{"rendered":"<p>[vc_row][vc_column][vc_column_text]LUCID Vision Labs ist aktives Mitglied in den folgenden Organisationen und Verb\u00e4nden:[\/vc_column_text][\/vc_column][\/vc_row][vc_row gap=&#8220;35&#8243; equal_height=&#8220;yes&#8220;][vc_column width=&#8220;1\/3&#8243; offset=&#8220;vc_col-lg-offset-0&#8243;][vc_column_text]Mit mehr als 3.200 Mitgliedern&hellip;<\/p>\n","protected":false},"author":2,"featured_media":0,"parent":0,"menu_order":0,"comment_status":"closed","ping_status":"closed","template":"","meta":{"inline_featured_image":false,"footnotes":""},"tags":[],"camera_family":[],"class_list":["post-190821","page","type-page","status-publish","hentry"],"aioseo_notices":[],"_links":{"self":[{"href":"https:\/\/thinklucid.com\/de\/wp-json\/wp\/v2\/pages\/190821","targetHints":{"allow":["GET"]}}],"collection":[{"href":"https:\/\/thinklucid.com\/de\/wp-json\/wp\/v2\/pages"}],"about":[{"href":"https:\/\/thinklucid.com\/de\/wp-json\/wp\/v2\/types\/page"}],"author":[{"embeddable":true,"href":"https:\/\/thinklucid.com\/de\/wp-json\/wp\/v2\/users\/2"}],"replies":[{"embeddable":true,"href":"https:\/\/thinklucid.com\/de\/wp-json\/wp\/v2\/comments?post=190821"}],"version-history":[{"count":3,"href":"https:\/\/thinklucid.com\/de\/wp-json\/wp\/v2\/pages\/190821\/revisions"}],"predecessor-version":[{"id":190833,"href":"https:\/\/thinklucid.com\/de\/wp-json\/wp\/v2\/pages\/190821\/revisions\/190833"}],"wp:attachment":[{"href":"https:\/\/thinklucid.com\/de\/wp-json\/wp\/v2\/media?parent=190821"}],"wp:term":[{"taxonomy":"post_tag","embeddable":true,"href":"https:\/\/thinklucid.com\/de\/wp-json\/wp\/v2\/tags?post=190821"},{"taxonomy":"camera_family","embeddable":true,"href":"https:\/\/thinklucid.com\/de\/wp-json\/wp\/v2\/camera_family?post=190821"}],"curies":[{"name":"wp","href":"https:\/\/api.w.org\/{rel}","templated":true}]}}