{"id":186067,"date":"2017-11-08T19:27:09","date_gmt":"2017-11-08T19:27:09","guid":{"rendered":"https:\/\/thinklucid.com\/tech-briefs\/"},"modified":"2025-09-30T16:28:02","modified_gmt":"2025-09-30T23:28:02","slug":"tech-briefs","status":"publish","type":"page","link":"https:\/\/thinklucid.com\/de\/tech-briefs\/","title":{"rendered":"Tech Briefs"},"content":{"rendered":"<div class=\"wpb-content-wrapper\"><p>[vc_row][vc_column][vc_column_text css=&#8220;.vc_custom_1759273779008{margin-bottom: 40px !important;}&#8220;]<\/p>\n<p style=\"text-align: center;\">Die Tech Briefs von LUCID bieten klare, praxisnahe Erl\u00e4uterungen zu den neuesten Technologien in der industriellen Bildverarbeitung. Jeder Artikel behandelt zentrale Themen wie Hochgeschwindigkeits-Daten\u00fcbertragung, moderne CMOS-Sensoren, Bildqualit\u00e4tsstandards sowie neue Ans\u00e4tze wie ereignisbasierte Bildverarbeitung oder On-Sensor-AI. Verfasst f\u00fcr Ingenieure und Systemintegratoren zeigen diese Fachartikel, wie LUCID-Kameras modernste Innovationen nutzen, um reale Herausforderungen in der Bildverarbeitung zu l\u00f6sen.<\/p>\n<p>[\/vc_column_text][vc_text_separator title=&#8220;Tech Briefs Filterauswahl&#8220; color=&#8220;black&#8220; css=&#8220;.vc_custom_1759273806979{margin-bottom: 20px !important;}&#8220;][\/vc_column][\/vc_row][vc_row full_width=&#8220;stretch_row_content&#8220;][vc_column offset=&#8220;vc_col-lg-offset-2 vc_col-lg-8 vc_col-md-offset-1 vc_col-md-10&#8243;][vc_basic_grid post_type=&#8220;page&#8220; max_items=&#8220;50&#8243; show_filter=&#8220;yes&#8220; gap=&#8220;25&#8243; filter_color=&#8220;sky&#8220; filter_size=&#8220;lg&#8220; item=&#8220;masonryGrid_FadeIn&#8220; css=&#8220;&#8220; grid_id=&#8220;vc_gid:1759274861591-3bb7411a-e17d-8&#8243; taxonomies=&#8220;95&#8243; filter_source=&#8220;post_tag&#8220; exclude_filter=&#8220;1777&#8243;][\/vc_column][\/vc_row]<\/p>\n<\/div>","protected":false},"excerpt":{"rendered":"<p>[vc_row][vc_column][vc_column_text css=&#8220;.vc_custom_1759273779008{margin-bottom: 40px !important;}&#8220;] Die Tech Briefs von LUCID bieten klare, praxisnahe Erl\u00e4uterungen zu den neuesten Technologien in der industriellen&hellip;<\/p>\n","protected":false},"author":2,"featured_media":35854,"parent":0,"menu_order":0,"comment_status":"closed","ping_status":"closed","template":"","meta":{"inline_featured_image":false,"footnotes":""},"tags":[],"camera_family":[],"class_list":["post-186067","page","type-page","status-publish","has-post-thumbnail","hentry"],"aioseo_notices":[],"_links":{"self":[{"href":"https:\/\/thinklucid.com\/de\/wp-json\/wp\/v2\/pages\/186067","targetHints":{"allow":["GET"]}}],"collection":[{"href":"https:\/\/thinklucid.com\/de\/wp-json\/wp\/v2\/pages"}],"about":[{"href":"https:\/\/thinklucid.com\/de\/wp-json\/wp\/v2\/types\/page"}],"author":[{"embeddable":true,"href":"https:\/\/thinklucid.com\/de\/wp-json\/wp\/v2\/users\/2"}],"replies":[{"embeddable":true,"href":"https:\/\/thinklucid.com\/de\/wp-json\/wp\/v2\/comments?post=186067"}],"version-history":[{"count":3,"href":"https:\/\/thinklucid.com\/de\/wp-json\/wp\/v2\/pages\/186067\/revisions"}],"predecessor-version":[{"id":186083,"href":"https:\/\/thinklucid.com\/de\/wp-json\/wp\/v2\/pages\/186067\/revisions\/186083"}],"wp:featuredmedia":[{"embeddable":true,"href":"https:\/\/thinklucid.com\/de\/wp-json\/wp\/v2\/media\/35854"}],"wp:attachment":[{"href":"https:\/\/thinklucid.com\/de\/wp-json\/wp\/v2\/media?parent=186067"}],"wp:term":[{"taxonomy":"post_tag","embeddable":true,"href":"https:\/\/thinklucid.com\/de\/wp-json\/wp\/v2\/tags?post=186067"},{"taxonomy":"camera_family","embeddable":true,"href":"https:\/\/thinklucid.com\/de\/wp-json\/wp\/v2\/camera_family?post=186067"}],"curies":[{"name":"wp","href":"https:\/\/api.w.org\/{rel}","templated":true}]}}