{"id":185558,"date":"2018-10-15T13:49:31","date_gmt":"2018-10-15T20:49:31","guid":{"rendered":"https:\/\/thinklucid.com\/active-sensor-alignment\/"},"modified":"2025-09-30T16:24:29","modified_gmt":"2025-09-30T23:24:29","slug":"active-sensor-alignment","status":"publish","type":"page","link":"https:\/\/thinklucid.com\/de\/tech-briefs\/active-sensor-alignment\/","title":{"rendered":"Aktive Sensoraus\u00adrichtung"},"content":{"rendered":"<div class=\"wpb-content-wrapper\"><p>[vc_row][vc_column offset=&#8220;vc_hidden-xs&#8220;][rev_slider_vc alias=&#8220;active-sensor-alignment&#8220;][\/vc_column][\/vc_row][vc_row][vc_column][vc_row_inner][vc_column_inner offset=&#8220;vc_col-lg-offset-2 vc_col-lg-6 vc_col-md-8 vc_col-xs-12&#8243;][vc_raw_html css=&#8220;&#8220;]JTNDb2wlMjBjbGFzcyUzRCUyMmJyZWFkY3J1bWIlMjIlMjBzdHlsZSUzRCUyMnBhZGRpbmctdG9wJTNBMTBweCUyMiUzRSUwQSUyMCUzQ2xpJTNFJTBBJTIwJTIwJTIwJTIwJTIwJTIwJTIwJTIwJTNDYSUyMGhyZWYlM0QlMjIlMkZkZSUyRiUyMiUzRUhvbWUlM0MlMkZhJTNFJTBBJTIwJTIwJTIwJTIwJTIwJTIwJTNDJTJGbGklM0UlMEElMjAlMjAlMjAlMjAlMjAlMjAlM0NsaSUzRSUwQSUyMCUyMCUyMCUyMCUyMCUyMCUyMCUyMCUzQ2ElMjBocmVmJTNEJTIyJTJGZGUlMkZ0ZWNoLWJyaWVmcyUyMiUzRVRlY2glMjBCcmllZnMlM0MlMkZhJTNFJTBBJTIwJTIwJTIwJTIwJTIwJTIwJTNDJTJGbGklM0UlMEElMjAlMjAlMjAlMjAlMjAlMjAlM0NsaSUzRSUwQSUyMCUyMCUyMCUyMCUyMCUyMCUyMEFrdGl2ZSUyMFNlbnNvcmF1c3JpY2h0dW5nJTBBJTIwJTIwJTIwJTIwJTIwJTIwJTNDJTJGbGklM0UlMEElMjAlMjAlMjAlMjAlMjAlMEElMjAlMjAlMjAlMjAlM0MlMkZvbCUzRQ==[\/vc_raw_html][vc_custom_heading text=&#8220;Aktive Sensoraus\u00adrichtung&#8220; use_theme_fonts=&#8220;yes&#8220; el_id=&#8220;overview&#8220;][vc_column_text]<\/p>\n<h3 style=\"line-height: 34px; color: #7c7c80;\">Entscheidend f\u00fcr die Bildqualit\u00e4t einer Kamera ist, in welchem Fertigungsschritt der Sensor montiert wird. Pr\u00e4zise ausgerichtete Sensoren erm\u00f6glichen scharfe und klare Bilder bis in die Ecken. Ein exakt zentrierter und plan eingesetzter Sensor nutzt die optische Leistung des Objektivs optimal. Dieser Prozess beeinflusst nicht nur die Qualit\u00e4t einer einzelnen Kamera, sondern auch die Konsistenz \u00fcber viele gefertigte Einheiten desselben Modells hinweg.<\/h3>\n<p>[\/vc_column_text][vc_column_text css=&#8220;.vc_custom_1539646787753{margin-top: 15px !important;margin-bottom: 40px !important;}&#8220;]So k\u00f6nnen Entwickler von Bildverarbeitungsanwendungen ihre optischen Spezifikationen zuverl\u00e4ssig einhalten, ohne bei der Skalierung der Anwendung st\u00e4ndig nachzujustieren. Stellen Sie sich vor, Sie bauen mehrere identische Pr\u00fcfstationen, m\u00fcssen aber bei jeder Kamera die Optik neu anpassen \u2013 oder Ger\u00e4te zur\u00fccksenden, weil Spezifikationen au\u00dferhalb der Toleranz liegen. LUCID setzt die Aktive Sensoraus\u00adrichtung bereits in der Fertigung ein, um Abweichungen zu minimieren und bei jeder Triton- und Atlas-Kamera gleichbleibend hohe Bildqualit\u00e4t sicherzustellen.[\/vc_column_text][\/vc_column_inner][vc_column_inner css=&#8220;.vc_custom_1503354487300{margin-top: 10px !important;padding-right: 25px !important;padding-bottom: 10px !important;padding-left: 25px !important;}&#8220; offset=&#8220;vc_col-lg-3 vc_col-md-4 vc_col-xs-12&#8243;][vc_custom_heading text=&#8220;Inhaltsverzeichnis&#8220; font_container=&#8220;tag:h2|font_size:18px|text_align:left&#8220; google_fonts=&#8220;font_family:Exo%3A100%2C100italic%2C200%2C200italic%2C300%2C300italic%2Cregular%2Citalic%2C500%2C500italic%2C600%2C600italic%2C700%2C700italic%2C800%2C800italic%2C900%2C900italic|font_style:500%20bold%20regular%3A500%3Anormal&#8220; css_animation=&#8220;none&#8220; css=&#8220;.vc_custom_1501780592576{padding-top: 35px !important;}&#8220;][vc_column_text css_animation=&#8220;none&#8220; css=&#8220;.vc_custom_1553111884265{margin-left: 15px !important;border-left-width: 2px !important;padding-right: 5px !important;padding-bottom: 15px !important;padding-left: 15px !important;border-left-color: #1e73be !important;border-left-style: dotted !important;}&#8220; el_class=&#8220;top-menu&#8220;]<a href=\"#components\"><span style=\"font-family: Exo; font-weight: 400; color: #3777bc;\">Aktive Sensoraus\u00adrichtung<\/span><\/a><\/p>\n<p><a href=\"#perfect\"><span style=\"font-family: Exo; font-weight: 400; color: #3777bc;\">In einer idealen Welt \u2026<\/span><\/a><\/p>\n<p><a href=\"#challenges\"><span style=\"font-family: Exo; font-weight: 400; color: #3777bc;\">Herausforderungen bei der Sensorplatzierung<\/span><\/a><\/p>\n<p><a href=\"#passive\"><span style=\"font-family: Exo; font-weight: 400; color: #3777bc;\">Passive Ausrichtung<\/span><\/a><\/p>\n<p><a href=\"#active\"><span style=\"font-family: Exo; font-weight: 400; color: #3777bc;\">Aktive Sensoraus\u00adrichtung: Exakte Platzierung ab Werk<\/span><\/a><\/p>\n<p><a href=\"#example\"><span style=\"font-family: Exo; font-weight: 400; color: #3777bc;\">Beispielsimulation: 30 \u00b5m Eckversatz<\/span><\/a><\/p>\n<p><a href=\"#conclusion\"><span style=\"font-family: Exo; font-weight: 400; color: #3777bc;\">Fazit<\/span><\/a>[\/vc_column_text][\/vc_column_inner][\/vc_row_inner][\/vc_column][\/vc_row][vc_row full_width=&#8220;stretch_row&#8220; el_id=&#8220;perfect&#8220;][vc_column offset=&#8220;vc_col-lg-offset-2 vc_col-lg-8 vc_col_md-offset-1 vc_col_md-10 vc_col-xs-12&#8243;][vc_custom_heading text=&#8220;In einer idealen Welt \u2026&#8220; font_container=&#8220;tag:h2|text_align:center&#8220; use_theme_fonts=&#8220;yes&#8220;][vc_column_text]In einer idealen Welt w\u00e4ren optisches Zentrum, Neigung, Rotation und Back Focal Distance (BFD) bei jeder Kamera identisch. Die Sensorplatzierung w\u00fcrde einmal spezifiziert und verifiziert und anschlie\u00dfend in der Fertigung f\u00fcr alle Einheiten \u00fcbernommen. In der Praxis gibt es jedoch kleine Unterschiede zwischen Bauteilen, etwa bei Winkel, Zentrum oder Tiefe des Objektivgeh\u00e4uses im Verh\u00e4ltnis zur Sensorposition auf der Leiterplatte.[\/vc_column_text][\/vc_column][\/vc_row][vc_row full_width=&#8220;stretch_row&#8220;][vc_column width=&#8220;1\/2&#8243; offset=&#8220;vc_col-lg-offset-2 vc_col-lg-4 vc_col_md-6 vc_col-xs-12&#8243;][vc_single_image image=&#8220;185571&#8243; img_size=&#8220;400&#215;400&#8243; alignment=&#8220;center&#8220;][vc_column_text el_class=&#8220;caption-pregius&#8220;]<\/p>\n<blockquote>\n<p style=\"text-align: center;\"><em><strong>Oben: W\u00e4ren alle Komponenten perfekt gefertigt, lie\u00dfe sich der Sensor in jeder Einheit exakt gleich positionieren.<\/strong><\/em><\/p>\n<\/blockquote>\n<p>[\/vc_column_text][\/vc_column][vc_column width=&#8220;1\/2&#8243; offset=&#8220;vc_col-lg-4 vc_col_md-6 vc_col-xs-12&#8243;][vc_single_image image=&#8220;185572&#8243; img_size=&#8220;400&#215;400&#8243; alignment=&#8220;center&#8220;][vc_column_text el_class=&#8220;caption-pregius&#8220;]<\/p>\n<blockquote>\n<p style=\"text-align: center;\"><em><strong>Oben: Stark \u00fcberzeichnete Darstellung typischer Variablen in Kamerakomponenten. Sie f\u00fchren zu Abweichungen bei der exakten Sensorplatzierung im Geh\u00e4use.<\/strong><\/em><\/p>\n<\/blockquote>\n<p>[\/vc_column_text][\/vc_column][\/vc_row][vc_row][vc_column][vc_column_text]<br \/>\n[\/vc_column_text][\/vc_column][\/vc_row][vc_row full_width=&#8220;stretch_row&#8220; el_id=&#8220;challenges&#8220;][vc_column offset=&#8220;vc_col-lg-offset-2 vc_col-lg-8 vc_col_md-offset-1 vc_col_md-10 vc_col-xs-12&#8243;][vc_custom_heading text=&#8220;Herausforderungen bei der Sensorplatzierung&#8220; font_container=&#8220;tag:h2|text_align:center&#8220; use_theme_fonts=&#8220;yes&#8220;][vc_column_text]Schon kleinste Unterschiede, etwa variierende L\u00f6tst\u00e4rken unter dem Bildsensor oder ein leicht geneigter Sensorchip im Geh\u00e4use, wirken sich sp\u00fcrbar auf die Bildqualit\u00e4t aus. Das f\u00fchrt zu Unterschieden in der Back Focal Distance \u00fcber die Sensorfl\u00e4che und kann zum Beispiel unscharfe Ecken verursachen. Die folgenden Animationen zeigen \u00fcberzeichnete Beispiele typischer Probleme bei ungenau ausgerichteten Sensoren.[\/vc_column_text][\/vc_column][\/vc_row][vc_row][vc_column width=&#8220;1\/12&#8243; el_class=&#8220;width12&#8243; offset=&#8220;vc_hidden-sm&#8220;][\/vc_column][vc_column width=&#8220;1\/3&#8243; offset=&#8220;vc_col-lg-3 vc_col_md-3 vc_col-xs-12&#8243;][vc_single_image image=&#8220;79561&#8243; img_size=&#8220;400&#215;400&#8243; alignment=&#8220;center&#8220;][\/vc_column][vc_column width=&#8220;1\/3&#8243; offset=&#8220;vc_col-lg-3 vc_col_md-3 vc_col-xs-12&#8243;][vc_single_image image=&#8220;181214&#8243; img_size=&#8220;400&#215;400&#8243; alignment=&#8220;center&#8220;][\/vc_column][vc_column width=&#8220;1\/3&#8243; offset=&#8220;vc_col-lg-offset-0 vc_col-lg-3 vc_col_md-3 vc_col-xs-12&#8243;][vc_single_image image=&#8220;181216&#8243; img_size=&#8220;400&#215;400&#8243; alignment=&#8220;center&#8220;][\/vc_column][\/vc_row][vc_row full_width=&#8220;stretch_row&#8220;][vc_column offset=&#8220;vc_col-lg-offset-2 vc_col-lg-8 vc_col_md-offset-1 vc_col_md-10 vc_col-xs-12&#8243;][vc_column_text el_class=&#8220;caption-pregius&#8220;]<\/p>\n<blockquote>\n<p style=\"text-align: center;\"><em><b>Links: Sensorkippung verursacht unterschiedliche Brennpunkte \u00fcber die Sensorfl\u00e4che. Mitte: Eine abweichende Sensorrotation erschwert die Kameramontage. Rechts: Ein leicht versetztes Objektivgeh\u00e4use kann zu abgedunkelten Ecken f\u00fchren.<\/b><\/em><\/p>\n<\/blockquote>\n<p>[\/vc_column_text][\/vc_column][\/vc_row][vc_row full_width=&#8220;stretch_row&#8220; el_id=&#8220;challenges&#8220;][vc_column offset=&#8220;vc_col-lg-offset-2 vc_col-lg-8 vc_col_md-offset-1 vc_col_md-10 vc_col-xs-12&#8243;][vc_custom_heading text=&#8220;Herausforderungen bei der Sensorplatzierung&#8220; font_container=&#8220;tag:h2|text_align:center&#8220; use_theme_fonts=&#8220;yes&#8220;][vc_column_text]Schon kleinste Unterschiede, etwa variierende L\u00f6tst\u00e4rken unter dem Bildsensor oder ein leicht geneigter Sensorchip im Geh\u00e4use, wirken sich sp\u00fcrbar auf die Bildqualit\u00e4t aus. Das f\u00fchrt zu Unterschieden in der Back Focal Distance \u00fcber die Sensorfl\u00e4che und kann zum Beispiel unscharfe Ecken verursachen. Die folgenden Animationen zeigen \u00fcberzeichnete Beispiele typischer Probleme bei ungenau ausgerichteten Sensoren.[\/vc_column_text][\/vc_column][\/vc_row][vc_row][vc_column width=&#8220;1\/12&#8243; el_class=&#8220;width12&#8243; offset=&#8220;vc_hidden-sm&#8220;][\/vc_column][vc_column width=&#8220;1\/3&#8243; offset=&#8220;vc_col-lg-3 vc_col_md-3 vc_col-xs-12&#8243;][vc_single_image image=&#8220;79561&#8243; img_size=&#8220;400&#215;400&#8243; alignment=&#8220;center&#8220;][\/vc_column][vc_column width=&#8220;1\/3&#8243; offset=&#8220;vc_col-lg-3 vc_col_md-3 vc_col-xs-12&#8243;][vc_single_image image=&#8220;181214&#8243; img_size=&#8220;400&#215;400&#8243; alignment=&#8220;center&#8220;][\/vc_column][vc_column width=&#8220;1\/3&#8243; offset=&#8220;vc_col-lg-offset-0 vc_col-lg-3 vc_col_md-3 vc_col-xs-12&#8243;][vc_single_image image=&#8220;181216&#8243; img_size=&#8220;400&#215;400&#8243; alignment=&#8220;center&#8220;][\/vc_column][\/vc_row][vc_row full_width=&#8220;stretch_row&#8220;][vc_column offset=&#8220;vc_col-lg-offset-2 vc_col-lg-8 vc_col_md-offset-1 vc_col_md-10 vc_col-xs-12&#8243;][vc_column_text el_class=&#8220;caption-pregius&#8220;]<\/p>\n<blockquote>\n<p style=\"text-align: center;\"><em><b>Links: Sensorkippung verursacht unterschiedliche Brennpunkte \u00fcber die Sensorfl\u00e4che. Mitte: Eine abweichende Sensorrotation erschwert die Kameramontage. Rechts: Ein leicht versetztes Objektivgeh\u00e4use kann zu abgedunkelten Ecken f\u00fchren.<\/b><\/em><\/p>\n<\/blockquote>\n<p>[\/vc_column_text][\/vc_column][\/vc_row][vc_row][vc_column][vc_column_text]<br \/>\n[\/vc_column_text][\/vc_column][\/vc_row][vc_row full_width=&#8220;stretch_row&#8220; el_id=&#8220;passive&#8220;][vc_column offset=&#8220;vc_col-lg-offset-2 vc_col-lg-8 vc_col_md-offset-1 vc_col_md-10 vc_col-xs-12&#8243; css=&#8220;.vc_custom_1539903594829{margin-top: 25px !important;}&#8220;][vc_empty_space height=&#8220;2px&#8220;][vc_custom_heading text=&#8220;Passive Ausrichtung&#8220; font_container=&#8220;tag:h2|text_align:center&#8220; use_theme_fonts=&#8220;yes&#8220;][vc_column_text css=&#8220;.vc_custom_1539733845758{margin-top: 25px !important;}&#8220;]Die traditionelle Methode, Sensor und optischen Strahlengang aufeinander abzustimmen, basiert auf engen Toleranzen der Kamerakomponenten. Hersteller beziehen Bauteile von verschiedenen Zulieferern und m\u00fcssen die Einhaltung der Spezifikationen sicherstellen. Anschlie\u00dfend wird die Kamera montiert \u2013 in der Hoffnung, dass alles exakt passt. Dies wird als <strong>Passive Ausrichtung<\/strong> bezeichnet.[\/vc_column_text][vc_single_image image=&#8220;185567&#8243; img_size=&#8220;full&#8220; css_animation=&#8220;fadeInUp&#8220;][vc_column_text css=&#8220;.vc_custom_1548367918360{margin-top: 25px !important;}&#8220;]Um fehlerhafte Kameras vor dem Versand zu erkennen, wird nach der Montage \u00fcblicherweise ein Bildqualit\u00e4tstest durchgef\u00fchrt. Das ist wirksam, aber zeitaufwendig und teuer. F\u00e4llt eine Kamera durch, ist sie bereits komplett montiert. Der Hersteller muss entscheiden, ob sie zerlegt, nachgearbeitet oder verworfen wird. Zus\u00e4tzlich sind betroffene Bauteilchargen zu identifizieren. Das erzwingt engere Toleranzen, erh\u00f6ht Kosten und Ausschuss. Manche Hersteller verzichten daher auf Tests oder weiten Toleranzen, was zulasten der Qualit\u00e4t geht.[\/vc_column_text][\/vc_column][\/vc_row][vc_row gap=&#8220;35&#8243; el_id=&#8220;active&#8220;][vc_column offset=&#8220;vc_col-lg-offset-2 vc_col-lg-8 vc_col_md-offset-1 vc_col_md-10 vc_col-xs-12&#8243; css=&#8220;.vc_custom_1539903622624{margin-top: 25px !important;}&#8220;][vc_empty_space height=&#8220;5px&#8220; el_id=&#8220;standards&#8220;][vc_custom_heading text=&#8220;Aktive Sensoraus\u00adrichtung: Exakte Platzierung ab Werk&#8220; font_container=&#8220;tag:h2|text_align:center&#8220; use_theme_fonts=&#8220;yes&#8220; css=&#8220;.vc_custom_1539668096346{margin-top: 30px !important;}&#8220;][vc_column_text]<\/p>\n<p style=\"text-align: left;\">Eine deutlich pr\u00e4zisere und effizientere Methode zur korrekten Sensorplatzierung ist die <strong>Aktive Sensoraus\u00adrichtung<\/strong>. W\u00e4hrend des Einbaus misst das System Bildzentrum, Rotation, Neigung und Back Focal Distance und passt die Sensorposition aktiv anhand optischer R\u00fcckmeldungen an. Dazu nutzt es eine automatisierte 6-DoF-Mechanik und eine Pr\u00fcfeinheit. Diese projiziert ein Muster auf die Sensorfl\u00e4che und bewertet die Gleichm\u00e4\u00dfigkeit der Sch\u00e4rfe. Erkennt das System eine Ecke mit Unsch\u00e4rfe, korrigiert es die Neigung, bis der Fokus stimmt. Sobald die maximale Sch\u00e4rfe \u00fcber die gesamte Sensorfl\u00e4che erreicht ist, werden die Komponenten fixiert.<\/p>\n<p>[\/vc_column_text][vc_row_inner content_placement=&#8220;middle&#8220;][vc_column_inner width=&#8220;1\/2&#8243;][vc_single_image image=&#8220;185570&#8243; img_size=&#8220;500&#215;300&#8243; alignment=&#8220;center&#8220; css_animation=&#8220;zoomIn&#8220;][\/vc_column_inner][vc_column_inner width=&#8220;1\/2&#8243;][vc_single_image image=&#8220;185566&#8243; img_size=&#8220;400&#215;400&#8243; alignment=&#8220;center&#8220; css_animation=&#8220;zoomIn&#8220;][\/vc_column_inner][\/vc_row_inner][vc_column_text css_animation=&#8220;fadeInRight&#8220; el_class=&#8220;caption-pregius&#8220;]<\/p>\n<blockquote>\n<p style=\"text-align: center;\"><em><b>Links: Ein Lichtmuster wird auf den Sensor projiziert. Abweichungen in Neigung, Rotation oder Tiefe verzerren das Muster. Diese Verzerrungen werden vom 6-DoF-System (rechts) erfasst und kompensiert, sodass der Sensor in Echtzeit korrekt positioniert wird.<\/b><\/em><\/p>\n<\/blockquote>\n<p>[\/vc_column_text][\/vc_column][\/vc_row][vc_row gap=&#8220;35&#8243; css=&#8220;.vc_custom_1553111843539{margin-bottom: 50px !important;}&#8220; el_id=&#8220;example&#8220;][vc_column offset=&#8220;vc_col-lg-offset-2 vc_col-lg-8 vc_col_md-offset-1 vc_col_md-10 vc_col-xs-12&#8243; css=&#8220;.vc_custom_1539903622624{margin-top: 25px !important;}&#8220;][vc_empty_space height=&#8220;5px&#8220;][vc_custom_heading text=&#8220;Beispielsimulation: 30 \u00b5m Eckversatz&#8220; font_container=&#8220;tag:h2|text_align:center&#8220; use_theme_fonts=&#8220;yes&#8220; css=&#8220;.vc_custom_1553111607757{margin-top: 30px !important;}&#8220;][vc_column_text]<\/p>\n<p style=\"text-align: left;\">Nachfolgend simulierte Beispielbilder eines 12,3-MP Sony IMX304 CMOS-Sensors (Format 1,1\u2033) mit 6-mm-Objektiv bei f\/2,8. Das Beispiel mit passiver Ausrichtung zeigt einen simulierten Eckversatz von 30 \u00b5m. Solche Abweichungen k\u00f6nnen u. a. durch unterschiedliche Mengen an Lotpaste im oder am Sensorgeh\u00e4use entstehen. Das Active Sensor Alignment von LUCID erm\u00f6glicht pr\u00e4zise Justagen im Mikrometerbereich und reduziert diese Einfl\u00fcsse.<\/p>\n<p>[\/vc_column_text][vc_single_image image=&#8220;21236&#8243; img_size=&#8220;full&#8220; alignment=&#8220;center&#8220; css_animation=&#8220;fadeIn&#8220;][vc_row_inner content_placement=&#8220;middle&#8220;][vc_column_inner width=&#8220;1\/2&#8243;][vc_single_image image=&#8220;21233&#8243; img_size=&#8220;full&#8220; alignment=&#8220;center&#8220; css_animation=&#8220;zoomIn&#8220;][\/vc_column_inner][vc_column_inner width=&#8220;1\/2&#8243;][vc_single_image image=&#8220;21230&#8243; img_size=&#8220;full&#8220; alignment=&#8220;center&#8220; css_animation=&#8220;zoomIn&#8220;][\/vc_column_inner][\/vc_row_inner][\/vc_column][\/vc_row][vc_row full_width=&#8220;stretch_row_content_no_spaces&#8220; equal_height=&#8220;yes&#8220; content_placement=&#8220;bottom&#8220; parallax=&#8220;content-moving&#8220; parallax_image=&#8220;12724&#8243; parallax_speed_bg=&#8220;1&#8243;][vc_column width=&#8220;1\/2&#8243;][vc_single_image image=&#8220;20684&#8243; img_size=&#8220;full&#8220;][\/vc_column][vc_column width=&#8220;5\/12&#8243; css=&#8220;.vc_custom_1539901286113{padding-right: 50px !important;}&#8220;][vc_column_text css=&#8220;.vc_custom_1539901164462{margin-top: 50px !important;}&#8220;]<img data-opt-id=29433669  decoding=\"async\" class=\"aligncenter size-full wp-image-13416\" src=\"https:\/\/mlxrlrwirvff.i.optimole.com\/cb:UhP2~57313\/w:auto\/h:auto\/q:75\/ig:avif\/https:\/\/thinklucid.com\/wp-content\/uploads\/2018\/08\/active-sensor-alignment-2.svg\" alt=\"Querschnitt: Aktive Sensoraus\u00adrichtung\" \/>[\/vc_column_text][vc_column_text css=&#8220;.vc_custom_1539902033044{margin-top: 25px !important;margin-bottom: 75px !important;}&#8220;]<\/p>\n<div style=\"color: white; text-align: center;\">Im Querschnitt des optischen Strahlengangs zeigt das Active Alignment, dass der Sensor exakt im Brennpunkt liegt und der Abstand vom Zentrum zu den R\u00e4ndern gleichm\u00e4\u00dfig ist.<\/div>\n<p>[\/vc_column_text][\/vc_column][vc_column width=&#8220;1\/12&#8243;][\/vc_column][\/vc_row][vc_row][vc_column][vc_column_text]<br \/>\n[\/vc_column_text][\/vc_column][\/vc_row][vc_row full_width=&#8220;stretch_row&#8220; el_id=&#8220;conclusion&#8220;][vc_column offset=&#8220;vc_col-lg-offset-2 vc_col-lg-8 vc_col_md-offset-1 vc_col_md-10 vc_col-xs-12&#8243;][vc_empty_space height=&#8220;50px&#8220;][vc_custom_heading text=&#8220;Fazit&#8220; font_container=&#8220;tag:h2|text_align:center&#8220; use_theme_fonts=&#8220;yes&#8220; css=&#8220;.vc_custom_1507340838129{margin-top: 15px !important;}&#8220;][vc_column_text]Dieses Verfahren erm\u00f6glicht eine hochpr\u00e4zise Sensorplatzierung mit linearer Ausrichtungs- und Neigungsaufl\u00f6sung im Mikrometerbereich. Kleinere Sensoren profitieren von exakter Zentrierung, da schon geringe Verschiebungen die Montage beeinflussen. Bei gr\u00f6\u00dferen Sensoren k\u00f6nnen minimale Neigungen deutliche Unterschiede in den Fokusebenen verursachen. F\u00fcr Anwendungen mit h\u00f6chsten Genauigkeitsanforderungen ist die Aktive Sensoraus\u00adrichtung ein entscheidender Fertigungsschritt, der eine bessere Bildsch\u00e4rfe erzielt als herk\u00f6mmliche passive Verfahren.[\/vc_column_text][vc_single_image image=&#8220;185568&#8243; img_size=&#8220;full&#8220; alignment=&#8220;center&#8220; css_animation=&#8220;fadeIn&#8220;][vc_column_text css_animation=&#8220;none&#8220; css=&#8220;&#8220; el_class=&#8220;caption-pregius&#8220;]<\/p>\n<blockquote>\n<p style=\"text-align: center;\"><em><b>Alle <a style=\"color: #0073aa;\" href=\"\/de\/atlas-5g-machine-vision\/\">Atlas<\/a>&#8211; und <a style=\"color: #0073aa;\" href=\"\/de\/triton-gige-machine-vision\/\">Triton<\/a>-Kameras werden bereits w\u00e4hrend der Fertigung aktiv sensorjustiert.<\/b><\/em><\/p>\n<\/blockquote>\n<p>[\/vc_column_text][vc_empty_space height=&#8220;50px&#8220;][\/vc_column][\/vc_row]<\/p>\n<\/div>","protected":false},"excerpt":{"rendered":"<p>Scharfe und klare Bilder in jeder Triton- und Atlas-Kamera. Erfahren Sie den Unterschied zwischen aktiver und passiver Ausrichtung und wie LUCID die Aktive Sensoraus\u00adrichtung in der Fertigung einsetzt, um die Bildqualit\u00e4t zu optimieren.<\/p>\n","protected":false},"author":2,"featured_media":185828,"parent":186067,"menu_order":0,"comment_status":"closed","ping_status":"closed","template":"templates\/homepage.php","meta":{"inline_featured_image":false,"footnotes":""},"tags":[2470,1777],"camera_family":[],"class_list":["post-185558","page","type-page","status-publish","has-post-thumbnail","hentry","tag-camera-technology-de","tag-tech-brief-de"],"aioseo_notices":[],"_links":{"self":[{"href":"https:\/\/thinklucid.com\/de\/wp-json\/wp\/v2\/pages\/185558","targetHints":{"allow":["GET"]}}],"collection":[{"href":"https:\/\/thinklucid.com\/de\/wp-json\/wp\/v2\/pages"}],"about":[{"href":"https:\/\/thinklucid.com\/de\/wp-json\/wp\/v2\/types\/page"}],"author":[{"embeddable":true,"href":"https:\/\/thinklucid.com\/de\/wp-json\/wp\/v2\/users\/2"}],"replies":[{"embeddable":true,"href":"https:\/\/thinklucid.com\/de\/wp-json\/wp\/v2\/comments?post=185558"}],"version-history":[{"count":9,"href":"https:\/\/thinklucid.com\/de\/wp-json\/wp\/v2\/pages\/185558\/revisions"}],"predecessor-version":[{"id":186080,"href":"https:\/\/thinklucid.com\/de\/wp-json\/wp\/v2\/pages\/185558\/revisions\/186080"}],"up":[{"embeddable":true,"href":"https:\/\/thinklucid.com\/de\/wp-json\/wp\/v2\/pages\/186067"}],"wp:featuredmedia":[{"embeddable":true,"href":"https:\/\/thinklucid.com\/de\/wp-json\/wp\/v2\/media\/185828"}],"wp:attachment":[{"href":"https:\/\/thinklucid.com\/de\/wp-json\/wp\/v2\/media?parent=185558"}],"wp:term":[{"taxonomy":"post_tag","embeddable":true,"href":"https:\/\/thinklucid.com\/de\/wp-json\/wp\/v2\/tags?post=185558"},{"taxonomy":"camera_family","embeddable":true,"href":"https:\/\/thinklucid.com\/de\/wp-json\/wp\/v2\/camera_family?post=185558"}],"curies":[{"name":"wp","href":"https:\/\/api.w.org\/{rel}","templated":true}]}}