{"id":183061,"date":"2023-12-01T16:56:53","date_gmt":"2023-12-02T00:56:53","guid":{"rendered":"https:\/\/thinklucid.com\/autonomous-passenger-ferry-uses-triton-hdr-cameras\/"},"modified":"2025-09-24T11:13:25","modified_gmt":"2025-09-24T18:13:25","slug":"autonomous-passenger-ferry-uses-triton-hdr-cameras","status":"publish","type":"page","link":"https:\/\/thinklucid.com\/de\/case-studies\/autonomous-passenger-ferry-uses-triton-hdr-cameras\/","title":{"rendered":"Autonome F\u00e4hre mit Triton HDR-Kameras f\u00fcr 360\u00b0 Lageerkennung"},"content":{"rendered":"<div class=\"wpb-content-wrapper\"><p>[vc_row css=&#8220;.vc_custom_1701448892824{background-image: url(https:\/\/mlxrlrwirvff.i.optimole.com\/cb:UhP2~57313\/w:auto\/h:auto\/q:75\/https:\/\/thinklucid.com\/wp-content\/uploads\/2023\/11\/Zeabus-cover.jpg?id=167598) !important;background-position: center !important;background-repeat: no-repeat !important;background-size: cover !important;}&#8220;][vc_column][vc_empty_space height=&#8220;260&#8243;][vc_custom_heading text=&#8220;FALLSTUDIE&#8220; font_container=&#8220;tag:h2|font_size:80|text_align:left|color:%23141414&#8243; google_fonts=&#8220;font_family:Exo%3A100%2C100italic%2C200%2C200italic%2C300%2C300italic%2Cregular%2Citalic%2C500%2C500italic%2C600%2C600italic%2C700%2C700italic%2C800%2C800italic%2C900%2C900italic|font_style:300%20light%20regular%3A300%3Anormal&#8220; css=&#8220;.vc_custom_1752736014559{margin-left: 55px !important;}&#8220;][vc_custom_heading text=&#8220;Branche: Transportwesen<br \/>\nProdukt: 5,4 MP Triton Kamera mit Sony IMX490 HDR-Sensor<br \/>\nSoftware: Kundenspezifisch&#8220; font_container=&#8220;tag:h2|font_size:18|text_align:left|color:%23191919&#8243; google_fonts=&#8220;font_family:Exo%3A100%2C100italic%2C200%2C200italic%2C300%2C300italic%2Cregular%2Citalic%2C500%2C500italic%2C600%2C600italic%2C700%2C700italic%2C800%2C800italic%2C900%2C900italic|font_style:400%20regular%3A400%3Anormal&#8220; css=&#8220;.vc_custom_1752044175175{margin-top: -30px !important;margin-left: 58px !important;}&#8220;][\/vc_column][\/vc_row][vc_row][vc_column][vc_raw_html css=&#8220;&#8220;]JTNDb2wlMjBjbGFzcyUzRCUyMmJyZWFkY3J1bWIlMjIlMjBzdHlsZSUzRCUyMnBhZGRpbmctdG9wJTNBMTBweCUyMiUzRSUwQSUyMCUzQ2xpJTNFJTBBJTIwJTIwJTIwJTIwJTIwJTIwJTIwJTIwJTNDYSUyMGhyZWYlM0QlMjIlMkZkZSUyRiUyMiUzRUhvbWUlM0MlMkZhJTNFJTBBJTIwJTIwJTIwJTIwJTIwJTIwJTNDJTJGbGklM0UlMEElMjAlMjAlMjAlMjAlMjAlMjAlM0NsaSUzRSUwQSUyMCUyMCUyMCUyMCUyMCUyMCUyMCUyMCUzQ2ElMjBocmVmJTNEJTIyJTJGZGUlMkZjYXNlLXN0dWRpZXMlMkYlMjIlM0VDYXNlJTIwU3R1ZGllcyUzQyUyRmElM0UlMEElMjAlMjAlMjAlMjAlMjAlMjAlM0MlMkZsaSUzRSUwQSUyMCUyMCUyMCUyMCUyMCUyMCUzQ2xpJTNFJTBBJTIwJTIwJTIwJTIwJTIwJTIwJTIwQXV0b25vbWUlMjBQZXJzb25lbmYlQzMlQTRocmUlMjBudXR6dCUyMFRyaXRvbiUyMEhEUi1LYW1lcmFzJTBBJTIwJTIwJTIwJTIwJTIwJTIwJTNDJTJGbGklM0UlMEElMjAlMjAlMjAlMjAlMjAlMEElMjAlMjAlMjAlMjAlM0MlMkZvbCUzRQ==[\/vc_raw_html][vc_custom_heading text=&#8220;Erste autonome, vollelektrische Personenf\u00e4hre der Welt setzt auf Triton HDR-Kameras f\u00fcr fortschrittliche Umgebungserfassung&#8220; font_container=&#8220;tag:h1|text_align:center&#8220; google_fonts=&#8220;font_family:Exo%3A100%2C100italic%2C200%2C200italic%2C300%2C300italic%2Cregular%2Citalic%2C500%2C500italic%2C600%2C600italic%2C700%2C700italic%2C800%2C800italic%2C900%2C900italic|font_style:500%20bold%20regular%3A500%3Anormal&#8220; css_animation=&#8220;fadeInDown&#8220; css=&#8220;&#8220;][\/vc_column][\/vc_row][vc_row css=&#8220;.vc_custom_1603407812402{margin-top: 20px !important;}&#8220;][vc_column][vc_column_text css=&#8220;&#8220;]Die urbane Mobilit\u00e4t entwickelt sich zunehmend in Richtung Automatisierung, um dem Fachkr\u00e4ftemangel entgegenzuwirken und die Effizienz zu steigern. Autonome L\u00f6sungen auf Basis fortschrittlicher Technologien und k\u00fcnstlicher Intelligenz \u00fcbernehmen Aufgaben, die bislang menschliche Bediener erforderten. Dies erm\u00f6glicht es Fachkr\u00e4ften, sich auf komplexere T\u00e4tigkeiten zu konzentrieren, reduziert die ben\u00f6tigte Crewst\u00e4rke und senkt somit Betriebskosten.[\/vc_column_text][\/vc_column][\/vc_row][vc_row][vc_column][vc_custom_heading text=&#8220;Herausforderung&#8220; google_fonts=&#8220;font_family:Exo%3A100%2C100italic%2C200%2C200italic%2C300%2C300italic%2Cregular%2Citalic%2C500%2C500italic%2C600%2C600italic%2C700%2C700italic%2C800%2C800italic%2C900%2C900italic|font_style:400%20regular%3A400%3Anormal&#8220; css=&#8220;&#8220;][\/vc_column][\/vc_row][vc_row css_animation=&#8220;none&#8220;][vc_column width=&#8220;5\/6&#8243; offset=&#8220;vc_col-lg-6 vc_col-md-offset-0 vc_col-md-6 vc_col-sm-offset-1 vc_col-xs-12&#8243;][vc_column_text css=&#8220;&#8220;]Die weltweite Knappheit an ausgebildeten Schiffsf\u00fchrern stellt eine der gr\u00f6\u00dften Herausforderungen der maritimen Industrie dar. Neben der Ausbildung neuer Fachkr\u00e4fte besteht ein alternativer Ansatz darin, die Personalanforderungen durch Automatisierung zu reduzieren. Regulatorische Anpassungen, die moderne Technologien und Automatisierung unterst\u00fctzen, k\u00f6nnen die Arbeitslast der Besatzung verringern, den Einstieg erleichtern und den Pool an geeigneten Kandidaten erweitern. Dar\u00fcber hinaus verbessert Automatisierung potenziell die Sicherheit und Effizienz des Schiffsverkehrs. Autonome Systeme helfen, fundiertere Entscheidungen zu treffen und Risiken zu minimieren.[\/vc_column_text][\/vc_column][vc_column width=&#8220;5\/6&#8243; offset=&#8220;vc_col-lg-6 vc_col-md-offset-0 vc_col-md-6 vc_col-sm-offset-1 vc_col-xs-12&#8243;][vc_single_image image=&#8220;167671&#8243; img_size=&#8220;full&#8220; css_animation=&#8220;fadeInDown&#8220;][\/vc_column][\/vc_row][vc_row][vc_column][vc_custom_heading text=&#8220;L\u00f6sung&#8220; google_fonts=&#8220;font_family:Exo%3A100%2C100italic%2C200%2C200italic%2C300%2C300italic%2Cregular%2Citalic%2C500%2C500italic%2C600%2C600italic%2C700%2C700italic%2C800%2C800italic%2C900%2C900italic|font_style:400%20regular%3A400%3Anormal&#8220; css=&#8220;&#8220;][\/vc_column][\/vc_row][vc_row][vc_column][vc_column_text css=&#8220;&#8220;]Das norwegische Unternehmen <a style=\"color: #0073aa; text-decoration: none;\" href=\"https:\/\/www.zeabuz.com\/\"><strong>Zeabuz<\/strong><\/a> entwickelt autonome, emissionsfreie Personenf\u00e4hren, die rund um die Uhr in urbanen Gebieten betrieben werden. Ziel ist es, st\u00e4dtische Wasserwege mit einem &#8222;Autonomy-as-a-Service&#8220;-Ansatz neu zu beleben. Davon profitieren sowohl Fahrg\u00e4ste als auch Betreiber. Das autonome Mobilit\u00e4tssystem von Zeabuz besteht aus vier zentralen Komponenten: Umgebungserfassung, Bewegungsplanung und Steuerung, \u00dcberwachungssteuerung sowie Betriebliche Infrastruktur.<br \/>\n[\/vc_column_text][\/vc_column][\/vc_row][vc_row css=&#8220;.vc_custom_1701475123500{margin-top: 25px !important;margin-bottom: 10px !important;}&#8220;][vc_column][vc_single_image image=&#8220;167694&#8243; img_size=&#8220;full&#8220;][\/vc_column][\/vc_row][vc_row equal_height=&#8220;yes&#8220; content_placement=&#8220;middle&#8220; css=&#8220;.vc_custom_1702405503087{margin-top: 15px !important;}&#8220;][vc_column width=&#8220;5\/6&#8243; offset=&#8220;vc_col-md-offset-0 vc_col-md-5 vc_col-sm-offset-1 vc_col-xs-12&#8243;][vc_custom_heading text=&#8220;Lageerkennung&#8220; font_container=&#8220;tag:h2|font_size:19px|text_align:left|color:%23058973&#8243; google_fonts=&#8220;font_family:Exo%3A100%2C100italic%2C200%2C200italic%2C300%2C300italic%2Cregular%2Citalic%2C500%2C500italic%2C600%2C600italic%2C700%2C700italic%2C800%2C800italic%2C900%2C900italic|font_style:400%20regular%3A400%3Anormal&#8220; css=&#8220;&#8220;][vc_column_text css=&#8220;&#8220;]Zeabuz setzt auf eine umfassende Sensor-Suite, bestehend aus Kameras, LiDAR, Radar und AIS. Diese liefern Eingangsdaten f\u00fcr die Objekterkennung, die auf Machine Learning und Clustering-Algorithmen basiert. Mithilfe von Sensorfusion und Trackingverfahren werden Bewegungen und Positionen von Objekten rund um das Schiff pr\u00e4zise erfasst und vorhergesagt. F\u00fcr eine vollst\u00e4ndige 360-Grad-Erfassung wurden mehrere 5,4 MP Triton-Kameras von LUCID in das autonome System integriert und \u00fcber das Precision Time Protocol (PTP) synchronisiert. Die Kameras mit dem Sony IMX490 Sensor bieten eine au\u00dfergew\u00f6hnlich hohe dynamische Reichweite (High Dynamic Range, HDR) und erm\u00f6glichen eine zuverl\u00e4ssige Erfassung selbst bei schwierigen Lichtverh\u00e4ltnissen.[\/vc_column_text][\/vc_column][vc_column width=&#8220;5\/6&#8243; offset=&#8220;vc_col-md-offset-0 vc_col-md-7 vc_col-sm-offset-1 vc_col-xs-12&#8243;][vc_single_image image=&#8220;167727&#8243; img_size=&#8220;full&#8220;][vc_column_text css_animation=&#8220;fadeInDown&#8220; css=&#8220;.vc_custom_1752044672004{margin-top: 5px !important;}&#8220;]<\/p>\n<p style=\"font-size: 11px;\"><em><strong>Mehrere Triton-Kameras mit Sony IMX490 HDR-Sensor erm\u00f6glichen dank ihres gro\u00dfen Dynamikbereichs eine zuverl\u00e4ssige 360\u00b0-Erfassung der Umgebung w\u00e4hrend der Fahrt.<\/strong><\/em><\/p>\n<p>[\/vc_column_text][\/vc_column][\/vc_row][vc_row equal_height=&#8220;yes&#8220; content_placement=&#8220;top&#8220; css=&#8220;.vc_custom_1702404333263{margin-top: 15px !important;margin-bottom: 15px !important;}&#8220;][vc_column width=&#8220;1\/2&#8243; offset=&#8220;vc_col-lg-6 vc_col-md-6 vc_col-xs-12&#8243;][vc_custom_heading text=&#8220;Betriebliche Infrastruktur&#8220; font_container=&#8220;tag:h2|font_size:19px|text_align:left|color:%23058973&#8243; google_fonts=&#8220;font_family:Exo%3A100%2C100italic%2C200%2C200italic%2C300%2C300italic%2Cregular%2Citalic%2C500%2C500italic%2C600%2C600italic%2C700%2C700italic%2C800%2C800italic%2C900%2C900italic|font_style:400%20regular%3A400%3Anormal&#8220; css=&#8220;&#8220;][vc_column_text css=&#8220;&#8220;]Das autonome System an Bord wird aus einem Remote Operations Centre (ROC) \u00fcberwacht. Bediener im ROC k\u00f6nnen den Zustand und Betrieb des Schiffs kontrollieren, auf Fahrgastanfragen reagieren und bei Bedarf eingreifen, entweder per Fernsteuerung auf hoher Ebene oder durch manuelle Steuerungs\u00fcbergaben.[\/vc_column_text][vc_single_image image=&#8220;168562&#8243; img_size=&#8220;full&#8220;][vc_column_text css_animation=&#8220;fadeInDown&#8220; css=&#8220;.vc_custom_1752044775752{margin-top: 5px !important;}&#8220;]<\/p>\n<p style=\"font-size: 11px;\"><em><strong>Triton IP67-Kamera mit Objektivschutzrohr und IMX490 HDR-Sensor. Die Kamera erf\u00fcllt die Schutzklasse IP67 bei Verwendung eines passenden Objektivrohrs und IP67-zertifizierter Kabel.<\/strong><\/em><\/p>\n<p>[\/vc_column_text][\/vc_column][vc_column width=&#8220;1\/2&#8243;][vc_custom_heading text=&#8220;Bewegungsplanung &amp; Steuerung&#8220; font_container=&#8220;tag:h2|font_size:19px|text_align:left|color:%23058973&#8243; google_fonts=&#8220;font_family:Exo%3A100%2C100italic%2C200%2C200italic%2C300%2C300italic%2Cregular%2Citalic%2C500%2C500italic%2C600%2C600italic%2C700%2C700italic%2C800%2C800italic%2C900%2C900italic|font_style:400%20regular%3A400%3Anormal&#8220; css=&#8220;&#8220;][vc_column_text css=&#8220;&#8220;]Basierend auf der Lageerkennung und der geplanten Route berechnet das System die ideale Schiffsbewegung unter Verwendung autonomer Navigations- und Kollisionsvermeidungsalgorithmen. Diese Trajektorie wird dann an das Bewegungssteuerungssystem \u00fcbermittelt, das auf einem industriellen Dynamic Positioning System basiert.[\/vc_column_text][vc_custom_heading text=&#8220;\u00dcberwachungssteuerung&#8220; font_container=&#8220;tag:h2|font_size:19px|text_align:left|color:%23058973&#8243; google_fonts=&#8220;font_family:Exo%3A100%2C100italic%2C200%2C200italic%2C300%2C300italic%2Cregular%2Citalic%2C500%2C500italic%2C600%2C600italic%2C700%2C700italic%2C800%2C800italic%2C900%2C900italic|font_style:400%20regular%3A400%3Anormal&#8220; css=&#8220;&#8220;][vc_column_text css=&#8220;&#8220;]Die \u00fcbergeordnete Steuerung trifft strategische Betriebsentscheidungen auf Grundlage der aktuellen Umgebungsbedingungen und der technischen F\u00e4higkeiten des Schiffs.[\/vc_column_text][\/vc_column][\/vc_row][vc_row][vc_column][vc_custom_heading text=&#8220;Fazit&#8220; google_fonts=&#8220;font_family:Exo%3A100%2C100italic%2C200%2C200italic%2C300%2C300italic%2Cregular%2Citalic%2C500%2C500italic%2C600%2C600italic%2C700%2C700italic%2C800%2C800italic%2C900%2C900italic|font_style:400%20regular%3A400%3Anormal&#8220; css=&#8220;&#8220;][\/vc_column][\/vc_row][vc_row][vc_column offset=&#8220;vc_col-lg-12 vc_col-md-12 vc_col-xs-12&#8243;][vc_column_text css=&#8220;&#8220;]In Zusammenarbeit mit dem F\u00e4hrbetreiber Torghatten hat Zeabuz im Sommer 2023 die weltweit erste kommerzielle autonome F\u00e4hre in Stockholm in Betrieb genommen. Langfristig ist geplant, weitere Schiffe einzusetzen und dadurch den Bedarf an zertifizierter Besatzung zu verringern. Die Vorteile liegen in geringerem Energieverbrauch, k\u00fcrzeren Reisezeiten und optimierten Abl\u00e4ufen. Dadurch entsteht eine nachhaltige und wirtschaftliche Mobilit\u00e4tsl\u00f6sung f\u00fcr Betreiber und Fahrg\u00e4ste. Diese zukunftsweisende L\u00f6sung zeigt eindrucksvoll das Potenzial autonomer Systeme zur Umgestaltung des st\u00e4dtischen Wassertransports.[\/vc_column_text][\/vc_column][vc_column width=&#8220;5\/6&#8243; offset=&#8220;vc_col-lg-offset-2 vc_col-lg-8 vc_col-md-offset-2 vc_col-md-8 vc_col-sm-offset-1 vc_col-xs-12&#8243; css=&#8220;.vc_custom_1704756767944{margin-top: 15px !important;}&#8220;][vc_video link=&#8220;https:\/\/www.youtube.com\/watch?v=J6rGB_QBV4A&#8220;][vc_column_text css_animation=&#8220;fadeInDown&#8220; css=&#8220;&#8220;]<\/p>\n<p style=\"font-size: 11px;\"><em><strong>Video ansehen: Die erste autonome F\u00e4hre der Welt im Einsatz<\/strong><\/em><\/p>\n<p>[\/vc_column_text][\/vc_column][\/vc_row][vc_row css=&#8220;.vc_custom_1687370800931{margin-top: 25px !important;}&#8220;][vc_column][vc_column_text css=&#8220;&#8220;]Mehr erfahren:<br \/>\n<strong><a style=\"text-decoration: none; color: #0073aa;\" href=\"https:\/\/thinklucid.com\/product\/triton-5-mp-imx490\/\" target=\"_blank\" rel=\"noopener\">Triton TRI054S Kamera mit Sony IMX490 HDR-Sensor<\/a><\/strong><br \/>\n<strong><a style=\"text-decoration: none; color: #0073aa;\" href=\"https:\/\/www.zeabuz.com\/technology\/\" target=\"_blank\" rel=\"noopener\">Zeabuz<\/a><\/strong>[\/vc_column_text][\/vc_column][\/vc_row]<\/p>\n<\/div>","protected":false},"excerpt":{"rendered":"<p><strong>KI-gesteuerte autonome Elektrof\u00e4hre:<\/strong> Zeabuz hat eine innovative L\u00f6sung f\u00fcr unbemannte, emissionsfreie Passagierf\u00e4hren entwickelt, die rund um die Uhr in st\u00e4dtischen Gebieten verkehren.<\/p>\n","protected":false},"author":1281,"featured_media":169595,"parent":183124,"menu_order":0,"comment_status":"closed","ping_status":"closed","template":"","meta":{"inline_featured_image":false,"footnotes":""},"tags":[1976,1966,1978,2005,2396],"camera_family":[],"class_list":["post-183061","page","type-page","status-publish","has-post-thumbnail","hentry","tag-autonomous-vehicles-de","tag-case-study-de","tag-maritime-de","tag-transportation-de","tag-triton-camera-de"],"aioseo_notices":[],"_links":{"self":[{"href":"https:\/\/thinklucid.com\/de\/wp-json\/wp\/v2\/pages\/183061","targetHints":{"allow":["GET"]}}],"collection":[{"href":"https:\/\/thinklucid.com\/de\/wp-json\/wp\/v2\/pages"}],"about":[{"href":"https:\/\/thinklucid.com\/de\/wp-json\/wp\/v2\/types\/page"}],"author":[{"embeddable":true,"href":"https:\/\/thinklucid.com\/de\/wp-json\/wp\/v2\/users\/1281"}],"replies":[{"embeddable":true,"href":"https:\/\/thinklucid.com\/de\/wp-json\/wp\/v2\/comments?post=183061"}],"version-history":[{"count":6,"href":"https:\/\/thinklucid.com\/de\/wp-json\/wp\/v2\/pages\/183061\/revisions"}],"predecessor-version":[{"id":185355,"href":"https:\/\/thinklucid.com\/de\/wp-json\/wp\/v2\/pages\/183061\/revisions\/185355"}],"up":[{"embeddable":true,"href":"https:\/\/thinklucid.com\/de\/wp-json\/wp\/v2\/pages\/183124"}],"wp:featuredmedia":[{"embeddable":true,"href":"https:\/\/thinklucid.com\/de\/wp-json\/wp\/v2\/media\/169595"}],"wp:attachment":[{"href":"https:\/\/thinklucid.com\/de\/wp-json\/wp\/v2\/media?parent=183061"}],"wp:term":[{"taxonomy":"post_tag","embeddable":true,"href":"https:\/\/thinklucid.com\/de\/wp-json\/wp\/v2\/tags?post=183061"},{"taxonomy":"camera_family","embeddable":true,"href":"https:\/\/thinklucid.com\/de\/wp-json\/wp\/v2\/camera_family?post=183061"}],"curies":[{"name":"wp","href":"https:\/\/api.w.org\/{rel}","templated":true}]}}