{"id":183046,"date":"2021-08-11T10:30:18","date_gmt":"2021-08-11T17:30:18","guid":{"rendered":"https:\/\/thinklucid.com\/vision-guided-pick-and-place-system-for-blister-packaging\/"},"modified":"2025-09-24T11:12:48","modified_gmt":"2025-09-24T18:12:48","slug":"vision-guided-pick-and-place-system-for-blister-packaging","status":"publish","type":"page","link":"https:\/\/thinklucid.com\/de\/case-studies\/vision-guided-pick-and-place-system-for-blister-packaging\/","title":{"rendered":"Effizientes Vision-gef\u00fchrtes Pick-and-Place-System f\u00fcr Blisterverpackungen"},"content":{"rendered":"<div class=\"wpb-content-wrapper\"><p>[vc_row css=&#8220;.vc_custom_1628700341738{background-image: url(https:\/\/mlxrlrwirvff.i.optimole.com\/cb:UhP2~57313\/w:auto\/h:auto\/q:75\/https:\/\/thinklucid.com\/wp-content\/uploads\/2021\/08\/PENSUR-case-study-cover.jpg?id=85801) !important;background-position: center !important;background-repeat: no-repeat !important;background-size: cover !important;}&#8220;][vc_column][vc_empty_space height=&#8220;30px&#8220;][vc_custom_heading text=&#8220;CASE STUDY&#8220; font_container=&#8220;tag:h1|font_size:70px|text_align:left|color:%23ffffff&#8220; google_fonts=&#8220;font_family:Exo%3A100%2C100italic%2C200%2C200italic%2C300%2C300italic%2Cregular%2Citalic%2C500%2C500italic%2C600%2C600italic%2C700%2C700italic%2C800%2C800italic%2C900%2C900italic|font_style:300%20light%20regular%3A300%3Anormal&#8220; css=&#8220;.vc_custom_1628700386726{margin-left: 55px !important;}&#8220;][vc_custom_heading text=&#8220;Industry: Manufacturing\/Packaging<br \/>\nProduct: Triton 5.0 MP Color Camera Feat. Sony IMX264<br \/>\nSDK: Custom Vision Software by PENSUR Using Halcon SDK&#8220; font_container=&#8220;tag:h2|font_size:18px|text_align:left|color:%23ffffff&#8220; google_fonts=&#8220;font_family:Exo%3A100%2C100italic%2C200%2C200italic%2C300%2C300italic%2Cregular%2Citalic%2C500%2C500italic%2C600%2C600italic%2C700%2C700italic%2C800%2C800italic%2C900%2C900italic|font_style:400%20regular%3A400%3Anormal&#8220; css=&#8220;.vc_custom_1628701741220{margin-top: -30px !important;margin-bottom: 230px !important;margin-left: 58px !important;}&#8220;][\/vc_column][\/vc_row][vc_row][vc_column][vc_raw_html css=&#8220;&#8220;]JTNDb2wlMjBjbGFzcyUzRCUyMmJyZWFkY3J1bWIlMjIlMjBzdHlsZSUzRCUyMnBhZGRpbmctdG9wJTNBMTBweCUyMiUzRSUwQSUyMCUzQ2xpJTNFJTBBJTIwJTIwJTIwJTIwJTIwJTIwJTIwJTIwJTNDYSUyMGhyZWYlM0QlMjIlMkZkZSUyRiUyMiUzRUhvbWUlM0MlMkZhJTNFJTBBJTIwJTIwJTIwJTIwJTIwJTIwJTNDJTJGbGklM0UlMEElMjAlMjAlMjAlMjAlMjAlMjAlM0NsaSUzRSUwQSUyMCUyMCUyMCUyMCUyMCUyMCUyMCUyMCUzQ2ElMjBocmVmJTNEJTIyJTJGZGUlMkZjYXNlLXN0dWRpZXMlMkYlMjIlM0VDYXNlJTIwU3R1ZGllcyUzQyUyRmElM0UlMEElMjAlMjAlMjAlMjAlMjAlMjAlM0MlMkZsaSUzRSUwQSUyMCUyMCUyMCUyMCUyMCUyMCUzQ2xpJTNFJTBBJTIwJTIwJTIwJTIwJTIwJTIwJTIwRWZmaXppZW50ZXMlMjBWaXNpb24tZ2VmJUMzJUJDaHJ0ZXMlMjBQaWNrLWFuZC1QbGFjZS1TeXN0ZW0lMjBmJUMzJUJDciUyMEJsaXN0ZXJ2ZXJwYWNrdW5nZW4lMEElMjAlMjAlMjAlMjAlMjAlMjAlM0MlMkZsaSUzRSUwQSUyMCUyMCUyMCUyMCUzQyUyRm9sJTNF[\/vc_raw_html][vc_custom_heading text=&#8220;Effizientes Vision-gef\u00fchrtes Pick-and-Place-System f\u00fcr Blisterverpackungen&#8220; font_container=&#8220;tag:h1|text_align:center&#8220; google_fonts=&#8220;font_family:Exo%3A100%2C100italic%2C200%2C200italic%2C300%2C300italic%2Cregular%2Citalic%2C500%2C500italic%2C600%2C600italic%2C700%2C700italic%2C800%2C800italic%2C900%2C900italic|font_style:400%20regular%3A400%3Anormal&#8220; css_animation=&#8220;fadeInDown&#8220; css=&#8220;&#8220;][\/vc_column][\/vc_row][vc_row][vc_column width=&#8220;7\/12&#8243; offset=&#8220;vc_col-lg-7 vc_col-md-7&#8243;][vc_column_text css=&#8220;&#8220;]Blisterverpackungen werden h\u00e4ufig als Einzelverpackung f\u00fcr Konsumg\u00fcter oder kleine Tabletten und Kapseln verwendet. Die vorgeformte Kunststoffverpackung besteht aus zwei Hauptkomponenten: einer Kavit\u00e4t aus Kunststoff oder Aluminium sowie einer Deckfolie aus Papier, Kunststoff, Aluminium oder einem Laminat aus weicher Folie und anderen Materialien. Die Kavit\u00e4t enth\u00e4lt das Produkt, die Deckfolie verschlie\u00dft es luftdicht.<\/p>\n<p>Beim Abf\u00fcllprozess werden die Produkte zun\u00e4chst in die vorgeformten Kavit\u00e4ten eingelegt, bevor die Deckfolie aufgebracht und versiegelt wird. Selbst wenn jedes Produkt vorab erkannt und inspiziert wurde, besteht weiterhin das Risiko von Besch\u00e4digungen oder St\u00f6rungen beim Bef\u00fcllen der Blister, was h\u00e4ufig manuelle Eingriffe erforderlich macht.[\/vc_column_text][\/vc_column][vc_column width=&#8220;5\/12&#8243; offset=&#8220;vc_col-lg-5 vc_col-md-5&#8243; css=&#8220;.vc_custom_1628704306665{margin-top: 0px !important;}&#8220;][vc_single_image image=&#8220;85822&#8243; img_size=&#8220;full&#8220;][\/vc_column][\/vc_row][vc_row css=&#8220;.vc_custom_1601492287178{margin-bottom: 25px !important;}&#8220;][vc_column][vc_custom_heading text=&#8220;Herausforderung&#8220; google_fonts=&#8220;font_family:Exo%3A100%2C100italic%2C200%2C200italic%2C300%2C300italic%2Cregular%2Citalic%2C500%2C500italic%2C600%2C600italic%2C700%2C700italic%2C800%2C800italic%2C900%2C900italic|font_style:400%20regular%3A400%3Anormal&#8220; css=&#8220;&#8220;][\/vc_column][vc_column][vc_column_text css=&#8220;.vc_custom_1752041846666{margin-bottom: 25px !important;}&#8220;]Fr\u00fcher bestand der Sortier- und Verpackungsprozess aus zwei Schritten. Zun\u00e4chst mussten die Produkte jeder Linie manuell sortiert und in Boxen verpackt werden, um sie f\u00fcr den n\u00e4chsten Schritt griffbereit zu haben. Danach platzierte ein Bediener jede Produktbox in eine vom System geformte Blisterform. Diese manuelle Arbeit f\u00fchrte h\u00e4ufig zu arbeitsbedingten Verletzungen durch sich wiederholende Bewegungen, da t\u00e4glich zehntausende Produkte verarbeitet werden. Weitere Herausforderungen waren hohe Anforderungen an Geschwindigkeit und Pr\u00e4zision sowie die Unterst\u00fctzung unterschiedlichster Produktlinien mit verschiedenen Gr\u00f6\u00dfen, Formen und Designs. F\u00fcr eine pr\u00e4zise Pick-Genauigkeit von 0,5 mm musste ein spezielles Kalibrierungsverfahren entwickelt werden.[\/vc_column_text][\/vc_column][vc_column width=&#8220;1\/2&#8243; offset=&#8220;vc_col-lg-6 vc_col-md-6&#8243;][vc_column_text css=&#8220;&#8220;]Um den manuellen Aufwand beim Sortieren und Platzieren der Boxen zu reduzieren, entwickelte <a style=\"color: #0073aa; text-decoration: none;\" href=\"https:\/\/pensur.com\" target=\"_blank\" rel=\"noopener\">Pensur<\/a>, ein Ingenieurdienstleister f\u00fcr Automatisierungsl\u00f6sungen, ein effizientes Vision-basiertes Pick-and-Place-System. Schnelle, zuverl\u00e4ssige Hardwarekomponenten kombiniert mit optimierter und individuell angepasster Software machten die Umsetzung m\u00f6glich. Spezielle Bildverarbeitungssoftware und Triton-Kameras von LUCID wurden eingesetzt, um die Produkte zuverl\u00e4ssig zu erkennen und zu identifizieren.[\/vc_column_text][\/vc_column][vc_column width=&#8220;1\/2&#8243; offset=&#8220;vc_col-lg-6 vc_col-md-6&#8243; el_id=&#8220;video&#8220;]<div id=\"ultimate-video-488369d22f065081e\" class=\"ult-video  ult-adjust-bottom-margin ultimate-video-488369d22f065081e ultv-9664 \"><div class=\"ultv-video ultv-aspect-ratio-16_9 ultv-subscribe-responsive-none\" data-videotype=\"uv_iframe\">\n\t\t\t\t\t\t<div class=\"ultv-video__outer-wrap\" data-autoplay=\"0\" data-device=\"false\"  data-iconbg=\"#3A3A3A\" data-overcolor=\"\" data-defaultbg=\"#DD3333\" data-defaultplay=\"defaulticon\"><div class=\"ultv-video__play\" data-src=\"https:\/\/www.youtube.com\/embed\/7m0RzTwwiuo?rel=0&#038;start&#038;end&#038;controls=1&#038;mute=0&#038;modestbranding=0&#038;autoplay=1\">\n\t\t\t\t\t\t\t\t<img data-opt-id=550332349  decoding=\"async\" class=\"ultv-video__thumb\" src=\"https:\/\/mlxrlrwirvff.i.optimole.com\/cb:UhP2~57313\/w:auto\/h:auto\/q:75\/https:\/\/thinklucid.com\/wp-content\/uploads\/2021\/08\/PENSUR-case-study-video-clip-1.jpg\"\/>\n\t\t\t\t\t\t\t\t<div class=\"ultv-video__play-icon  ultv-animation-none\" style=\"width:75px\"><svg height=\"100%\" version=\"1.1\" viewBox=\"0 0 68 48\" width=\"100%\"><path class=\"ultv-youtube-icon-bg\" d=\"m .66,37.62 c 0,0 .66,4.70 2.70,6.77 2.58,2.71 5.98,2.63 7.49,2.91 5.43,.52 23.10,.68 23.12,.68 .00,-1.3e-5 14.29,-0.02 23.81,-0.71 1.32,-0.15 4.22,-0.17 6.81,-2.89 2.03,-2.07 2.70,-6.77 2.70,-6.77 0,0 .67,-5.52 .67,-11.04 l 0,-5.17 c 0,-5.52 -0.67,-11.04 -0.67,-11.04 0,0 -0.66,-4.70 -2.70,-6.77 C 62.03,.86 59.13,.84 57.80,.69 48.28,0 34.00,0 34.00,0 33.97,0 19.69,0 10.18,.69 8.85,.84 5.95,.86 3.36,3.58 1.32,5.65 .66,10.35 .66,10.35 c 0,0 -0.55,4.50 -0.66,9.45 l 0,8.36 c .10,4.94 .66,9.45 .66,9.45 z\" fill=\"#1f1f1e\" ><\/path><path d=\"m 26.96,13.67 18.37,9.62 -18.37,9.55 -0.00,-19.17 z\" fill=\"#fff\"><\/path><path d=\"M 45.02,23.46 45.32,23.28 26.96,13.67 43.32,22.34 45.02,23.46 z\" fill=\"#ccc\"><\/path><\/svg><\/div> <\/div> <\/div><\/div><\/div>[vc_custom_heading text=&#8220;Video des Pick-and-Place-Systems von PENSUR in Aktion.&#8220; font_container=&#8220;tag:p|font_size:16%20px|text_align:center|color:%23545454|line_height:20px&#8220; google_fonts=&#8220;font_family:Exo%3A100%2C100italic%2C200%2C200italic%2C300%2C300italic%2Cregular%2Citalic%2C500%2C500italic%2C600%2C600italic%2C700%2C700italic%2C800%2C800italic%2C900%2C900italic|font_style:700%20bold%20italic%3A700%3Aitalic&#8220; css_animation=&#8220;slideInRight&#8220; css=&#8220;.vc_custom_1752042233334{margin-top: 5px !important;}&#8220;][\/vc_column][\/vc_row][vc_row css=&#8220;.vc_custom_1601492447718{margin-bottom: 25px !important;}&#8220;][vc_column offset=&#8220;vc_col-lg-12 vc_col-md-12&#8243;][vc_custom_heading text=&#8220;L\u00f6sung&#8220; google_fonts=&#8220;font_family:Exo%3A100%2C100italic%2C200%2C200italic%2C300%2C300italic%2Cregular%2Citalic%2C500%2C500italic%2C600%2C600italic%2C700%2C700italic%2C800%2C800italic%2C900%2C900italic|font_style:400%20regular%3A400%3Anormal&#8220; css=&#8220;&#8220;][\/vc_column][vc_column width=&#8220;2\/3&#8243; css=&#8220;.vc_custom_1628708311779{margin-top: 0px !important;}&#8220; offset=&#8220;vc_col-lg-8 vc_col-md-8&#8243;][vc_column_text css=&#8220;&#8220;]Jedes System umfasst zwei LUCID TRI050 Farbkameras zur Lokalisierung und Identifikation der Produkte, in diesem Fall Klebeprodukte. Die GigE Vision-Kameras sind f\u00fcr maximale Geschwindigkeit an separate Gigabit-Ports angeschlossen und werden \u00fcber optoentkoppelte Pins durch Roboter ausgel\u00f6st, um eine Synchronisierung mit dem Pick-System zu gew\u00e4hrleisten.<\/p>\n<p>\u201eDie Bildqualit\u00e4t der LUCID-Kameras in Kombination mit hochwertigen Objektiven erm\u00f6glicht eine pr\u00e4zise und konsistente Identifikation der Produkte \u00fcber das gesamte Sichtfeld\u201c, sagt Pablo Senatore, Elektroingenieur und Projektleiter bei Pensur. Die Softwarel\u00f6sung wurde von Pensur auf Basis des Halcon SDK von MVTec entwickelt.<\/p>\n<p>Das Gesamtsystem besteht aus einem Bedienpanel, einer Verarbeitungseinheit, einem Aufzugsf\u00f6rderband und zwei Roboter-Kamera-F\u00f6rderband-Systemen. Zun\u00e4chst w\u00e4hlt der Bediener am Steuerpult eines von \u00fcber 30 Produkten aus, die verpackt werden sollen.[\/vc_column_text][\/vc_column][vc_column width=&#8220;1\/3&#8243; offset=&#8220;vc_col-lg-4 vc_col-md-4&#8243;][vc_single_image image=&#8220;85845&#8243; img_size=&#8220;full&#8220;][vc_custom_heading text=&#8220;Das System von PENSUR verwendet zwei LUCID TRI050 Farbkameras zur Lokalisierung und Identifikation der Produkte.&#8220; font_container=&#8220;tag:p|font_size:16px|text_align:center|color:%23545454|line_height:20px&#8220; google_fonts=&#8220;font_family:Exo%3A100%2C100italic%2C200%2C200italic%2C300%2C300italic%2Cregular%2Citalic%2C500%2C500italic%2C600%2C600italic%2C700%2C700italic%2C800%2C800italic%2C900%2C900italic|font_style:700%20bold%20italic%3A700%3Aitalic&#8220; css_animation=&#8220;slideInRight&#8220; css=&#8220;.vc_custom_1752042204075{margin-top: 5px !important;}&#8220;][\/vc_column][vc_column offset=&#8220;vc_col-lg-offset-0 vc_col-lg-12 vc_col-md-12&#8243; css=&#8220;.vc_custom_1628708328700{margin-top: 30px !important;}&#8220;][vc_column_text css=&#8220;&#8220;]Danach gelangen die Produkte \u00fcber das Aufzugsf\u00f6rderband zur ersten Sortierstation. Die Boxen erreichen \u00fcber ein horizontales F\u00f6rderband den Arbeitsbereich des ersten Roboters. Dort werden Bilder mit der LUCID Triton 5.0 MP Farbkamera aufgenommen, die mit dem Sony IMX264 Global Shutter CMOS-Sensor ausgestattet ist. Nach der Bildverarbeitung entscheidet das System, welche Box aufgenommen wird. Je nach gew\u00fcnschter Ausrichtung f\u00fcr die Blisterstation wird die Box entsprechend auf das F\u00f6rderband des zweiten Systems positioniert. Am zweiten Arbeitsplatz werden die Boxen lokalisiert, Barcodes gepr\u00fcft, und anschlie\u00dfend vom Roboter entweder in die Blister eingelegt oder aussortiert.[\/vc_column_text][vc_column_text css=&#8220;.vc_custom_1752042050217{margin-top: 15px !important;}&#8220;]Die implementierte L\u00f6sung vereint beide Schritte in einer einzigen Station. Die Produkte starten am Aufzugsf\u00f6rderband, wo der erste Roboter mithilfe der Triton-Kamera die Sortierung \u00fcbernimmt. Diese Sortierung stellt sicher, dass die Vorderseite der Box korrekt am zweiten Roboter ankommt. In der zweiten Stufe werden die Boxen identifiziert und per Barcode verifiziert, bevor sie mit einer Taktzeit von 45 Boxen pro Minute in die Blister eingelegt werden.[\/vc_column_text][\/vc_column][\/vc_row][vc_row][vc_column offset=&#8220;vc_col-lg-6 vc_col-md-6&#8243; css=&#8220;.vc_custom_1601499619551{margin-bottom: 25px !important;}&#8220;][vc_single_image image=&#8220;85887&#8243; img_size=&#8220;full&#8220; css_animation=&#8220;slideInLeft&#8220;][vc_custom_heading text=&#8220;Die implementierte L\u00f6sung vereint beide Schritte des Pick-and-Place-Systems in einer Station, synchronisiert durch GigE-Vision-Kameras. Der erste Roboter sortiert die Produkte, der zweite lokalisiert, identifiziert und platziert die Boxen in die Blisterverpackungen.&#8220; font_container=&#8220;tag:p|font_size:16px|text_align:center|color:%23545454|line_height:20px&#8220; google_fonts=&#8220;font_family:Exo%3A100%2C100italic%2C200%2C200italic%2C300%2C300italic%2Cregular%2Citalic%2C500%2C500italic%2C600%2C600italic%2C700%2C700italic%2C800%2C800italic%2C900%2C900italic|font_style:700%20bold%20italic%3A700%3Aitalic&#8220; css_animation=&#8220;slideInLeft&#8220; css=&#8220;.vc_custom_1752042163818{margin-top: 5px !important;}&#8220;][\/vc_column][vc_column offset=&#8220;vc_col-lg-6 vc_col-md-6&#8243;][vc_single_image image=&#8220;85865&#8243; img_size=&#8220;full&#8220; css_animation=&#8220;slideInRight&#8220;][vc_custom_heading text=&#8220;Triton-Kameras mit Sony IMX264 CMOS 5.0 MP Sensoren bieten eine exzellente Bildqualit\u00e4t und erm\u00f6glichen eine zuverl\u00e4ssige Identifikation von Produkten im bildverarbeitungsbasierten System von PENSUR.&#8220; font_container=&#8220;tag:p|font_size:16px|text_align:center|color:%23545454|line_height:20px&#8220; google_fonts=&#8220;font_family:Exo%3A100%2C100italic%2C200%2C200italic%2C300%2C300italic%2Cregular%2Citalic%2C500%2C500italic%2C600%2C600italic%2C700%2C700italic%2C800%2C800italic%2C900%2C900italic|font_style:700%20bold%20italic%3A700%3Aitalic&#8220; css_animation=&#8220;slideInRight&#8220; css=&#8220;.vc_custom_1752042185230{margin-top: 5px !important;}&#8220;][\/vc_column][\/vc_row][vc_row][vc_column][vc_custom_heading text=&#8220;Fazit&#8220; google_fonts=&#8220;font_family:Exo%3A100%2C100italic%2C200%2C200italic%2C300%2C300italic%2Cregular%2Citalic%2C500%2C500italic%2C600%2C600italic%2C700%2C700italic%2C800%2C800italic%2C900%2C900italic|font_style:400%20regular%3A400%3Anormal&#8220; css=&#8220;&#8220;][vc_column_text css=&#8220;&#8220;]Traditionelle Pick-and-Place-Systeme f\u00fcr Blisterverpackungen erfordern komplexe Teach-Prozesse f\u00fcr jedes neue Produkt, die h\u00e4ufige \u00c4nderungen bei Form, Gr\u00f6\u00dfe und Position erfordern und f\u00fcr Bediener schwer umzusetzen sind. Durch den Einsatz schneller und zuverl\u00e4ssiger Hardwarekomponenten sowie ma\u00dfgeschneiderter Vision-Software bietet dieses moderne System signifikante Einsparungen, erh\u00f6ht die Produktivit\u00e4t und Sicherheit der Mitarbeiter und sorgt f\u00fcr maximale Prozesseffizienz bei hoher Taktleistung.[\/vc_column_text][\/vc_column][\/vc_row][vc_row][vc_column css=&#8220;.vc_custom_1616520234601{margin-top: 30px !important;}&#8220;][vc_column_text css=&#8220;&#8220;]<\/p>\n<p><strong>Mehr erfahren:<br \/>\n<a style=\"color: #0073aa; text-decoration: none;\" href=\"https:\/\/pensur.com\" target=\"_blank\" rel=\"noopener\">Besuchen Sie Pensur<\/a><br \/>\n<a style=\"color: #0073aa; text-decoration: none;\" href=\"https:\/\/thinklucid.com\/de\/triton-gige-machine-vision\/\">Zur Triton Produktseite<\/a><\/strong><\/p>\n<p>[\/vc_column_text][\/vc_column][\/vc_row]<\/p>\n<\/div>","protected":false},"excerpt":{"rendered":"<p><strong>Pick-and-Place-System:<\/strong> Blisterverpackungen dienen als Einzeldosisverpackung f\u00fcr Konsumg\u00fcter sowie kleine Tabletten und Kapseln. Um den manuellen Aufwand zu reduzieren, hat Pensur eine effiziente Pick-and-Place-L\u00f6sung entwickelt.<\/p>\n","protected":false},"author":1281,"featured_media":97733,"parent":183124,"menu_order":0,"comment_status":"closed","ping_status":"closed","template":"","meta":{"inline_featured_image":false,"footnotes":""},"tags":[1966,1967,2396,2003],"camera_family":[],"class_list":["post-183046","page","type-page","status-publish","has-post-thumbnail","hentry","tag-case-study-de","tag-manufacturing-automation-de","tag-triton-camera-de","tag-packaging-de"],"aioseo_notices":[],"_links":{"self":[{"href":"https:\/\/thinklucid.com\/de\/wp-json\/wp\/v2\/pages\/183046","targetHints":{"allow":["GET"]}}],"collection":[{"href":"https:\/\/thinklucid.com\/de\/wp-json\/wp\/v2\/pages"}],"about":[{"href":"https:\/\/thinklucid.com\/de\/wp-json\/wp\/v2\/types\/page"}],"author":[{"embeddable":true,"href":"https:\/\/thinklucid.com\/de\/wp-json\/wp\/v2\/users\/1281"}],"replies":[{"embeddable":true,"href":"https:\/\/thinklucid.com\/de\/wp-json\/wp\/v2\/comments?post=183046"}],"version-history":[{"count":7,"href":"https:\/\/thinklucid.com\/de\/wp-json\/wp\/v2\/pages\/183046\/revisions"}],"predecessor-version":[{"id":183213,"href":"https:\/\/thinklucid.com\/de\/wp-json\/wp\/v2\/pages\/183046\/revisions\/183213"}],"up":[{"embeddable":true,"href":"https:\/\/thinklucid.com\/de\/wp-json\/wp\/v2\/pages\/183124"}],"wp:featuredmedia":[{"embeddable":true,"href":"https:\/\/thinklucid.com\/de\/wp-json\/wp\/v2\/media\/97733"}],"wp:attachment":[{"href":"https:\/\/thinklucid.com\/de\/wp-json\/wp\/v2\/media?parent=183046"}],"wp:term":[{"taxonomy":"post_tag","embeddable":true,"href":"https:\/\/thinklucid.com\/de\/wp-json\/wp\/v2\/tags?post=183046"},{"taxonomy":"camera_family","embeddable":true,"href":"https:\/\/thinklucid.com\/de\/wp-json\/wp\/v2\/camera_family?post=183046"}],"curies":[{"name":"wp","href":"https:\/\/api.w.org\/{rel}","templated":true}]}}