{"id":183015,"date":"2022-03-17T14:02:19","date_gmt":"2022-03-17T21:02:19","guid":{"rendered":"https:\/\/thinklucid.com\/real-time-iot-video-monitoring-of-construction-sites-using-triton-ip67-cameras\/"},"modified":"2025-09-24T11:12:57","modified_gmt":"2025-09-24T18:12:57","slug":"real-time-iot-video-monitoring-of-construction-sites-using-triton-ip67-cameras","status":"publish","type":"page","link":"https:\/\/thinklucid.com\/de\/case-studies\/real-time-iot-video-monitoring-of-construction-sites-using-triton-ip67-cameras\/","title":{"rendered":"IoT-Baustellen\u00fcberwachung mit Triton IP67 Kameras"},"content":{"rendered":"<div class=\"wpb-content-wrapper\"><p>[vc_row css=&#8220;.vc_custom_1647889947497{background-image: url(https:\/\/mlxrlrwirvff.i.optimole.com\/cb:UhP2~57313\/w:auto\/h:auto\/q:75\/https:\/\/thinklucid.com\/wp-content\/uploads\/2022\/03\/case-study-construction-monitoring-cover-2.png?id=105564) !important;background-position: center !important;background-repeat: no-repeat !important;background-size: cover !important;}&#8220;][vc_column][vc_empty_space height=&#8220;30px&#8220;][vc_custom_heading text=&#8220;FALLSTUDIE&#8220; font_container=&#8220;tag:h1|font_size:70px|text_align:left|color:%23ffffff&#8220; google_fonts=&#8220;font_family:Exo%3A100%2C100italic%2C200%2C200italic%2C300%2C300italic%2Cregular%2Citalic%2C500%2C500italic%2C600%2C600italic%2C700%2C700italic%2C800%2C800italic%2C900%2C900italic|font_style:300%20light%20regular%3A300%3Anormal&#8220; css=&#8220;.vc_custom_1752735954970{margin-left: 55px !important;}&#8220;][vc_custom_heading text=&#8220;Branche: Bauprojektmanagement<br \/>\nProdukt: Triton IP67 Kamera<br \/>\nSDK: Arena Software Development Kit&#8220; font_container=&#8220;tag:h2|font_size:18px|text_align:left|color:%23ffffff&#8220; google_fonts=&#8220;font_family:Exo%3A100%2C100italic%2C200%2C200italic%2C300%2C300italic%2Cregular%2Citalic%2C500%2C500italic%2C600%2C600italic%2C700%2C700italic%2C800%2C800italic%2C900%2C900italic|font_style:400%20regular%3A400%3Anormal&#8220; css=&#8220;.vc_custom_1751996375980{margin-top: -30px !important;margin-bottom: 230px !important;margin-left: 58px !important;}&#8220;][\/vc_column][\/vc_row][vc_row][vc_column][vc_raw_html css=&#8220;&#8220;]JTNDb2wlMjBjbGFzcyUzRCUyMmJyZWFkY3J1bWIlMjIlMjBzdHlsZSUzRCUyMnBhZGRpbmctdG9wJTNBMTBweCUyMiUzRSUwQSUyMCUzQ2xpJTNFJTBBJTIwJTIwJTIwJTIwJTIwJTIwJTIwJTIwJTNDYSUyMGhyZWYlM0QlMjIlMkZkZSUyRiUyMiUzRUhvbWUlM0MlMkZhJTNFJTBBJTIwJTIwJTIwJTIwJTIwJTIwJTNDJTJGbGklM0UlMEElMjAlMjAlMjAlMjAlMjAlMjAlM0NsaSUzRSUwQSUyMCUyMCUyMCUyMCUyMCUyMCUyMCUyMCUzQ2ElMjBocmVmJTNEJTIyJTJGZGUlMkZjYXNlLXN0dWRpZXMlMkYlMjIlM0VDYXNlJTIwU3R1ZGllcyUzQyUyRmElM0UlMEElMjAlMjAlMjAlMjAlMjAlMjAlM0MlMkZsaSUzRSUwQSUyMCUyMCUyMCUyMCUyMCUyMCUzQ2xpJTNFSW9ULUJhdXN0ZWxsZW4lQzMlQkNiZXJ3YWNodW5nJTIwbWl0JTIwVHJpdG9uJTIwSVA2NyUyMEthbWVyYXMlMEElMjAlMjAlMjAlMjAlMjAlMjAlM0MlMkZsaSUzRSUwQSUyMCUyMCUyMCUyMCUzQyUyRm9sJTNF[\/vc_raw_html][vc_custom_heading text=&#8220;Echtzeit-IoT-Videouberwachung von Baustellen mit Triton IP67 Kameras&#8220; font_container=&#8220;tag:h1|text_align:center&#8220; google_fonts=&#8220;font_family:Exo%3A100%2C100italic%2C200%2C200italic%2C300%2C300italic%2Cregular%2Citalic%2C500%2C500italic%2C600%2C600italic%2C700%2C700italic%2C800%2C800italic%2C900%2C900italic|font_style:400%20regular%3A400%3Anormal&#8220; css_animation=&#8220;fadeInDown&#8220; css=&#8220;&#8220;][\/vc_column][\/vc_row][vc_row][vc_column width=&#8220;1\/2&#8243; offset=&#8220;vc_col-lg-6 vc_col-md-6&#8243;][vc_column_text css=&#8220;&#8220;]Wenn IoT-Daten zur Echtzeit\u00fcberwachung von Baustellen eingesetzt werden, kann die Bildverarbeitung entweder lokal oder in der Cloud erfolgen. Neben den Investitions- und Betriebskosten cloudbasierter L\u00f6sungen sind Hochgeschwindigkeitsdatenverarbeitung und Datensicherheit entscheidende Faktoren f\u00fcr eine zuverl\u00e4ssige \u00dcberwachung und Analyse. In den letzten Jahren hat sich die Video\u00fcberwachung und -analyse dank KI-Technologie stark weiterentwickelt. Dennoch ist die Menge der erfassten Videodaten oft enorm. Um eine gleichzeitige Analyse der st\u00e4ndig hochgeladenen Videodaten zahlreicher Kameras in der Cloud durchzuf\u00fchren, muss die Systemlast sorgf\u00e4ltig ber\u00fccksichtigt werden.[\/vc_column_text][\/vc_column][vc_column width=&#8220;1\/2&#8243; offset=&#8220;vc_col-lg-6 vc_col-md-6&#8243; css=&#8220;.vc_custom_1647547718130{margin-top: 0px !important;}&#8220;][vc_single_image image=&#8220;105311&#8243; img_size=&#8220;full&#8220; css_animation=&#8220;fadeIn&#8220;][\/vc_column][\/vc_row][vc_row css=&#8220;.vc_custom_1601492287178{margin-bottom: 25px !important;}&#8220;][vc_column][vc_custom_heading text=&#8220;Herausforderung&#8220; google_fonts=&#8220;font_family:Exo%3A100%2C100italic%2C200%2C200italic%2C300%2C300italic%2Cregular%2Citalic%2C500%2C500italic%2C600%2C600italic%2C700%2C700italic%2C800%2C800italic%2C900%2C900italic|font_style:400%20regular%3A400%3Anormal&#8220; css=&#8220;&#8220;][\/vc_column][vc_column css=&#8220;.vc_custom_1647550421870{margin-bottom: 15px !important;}&#8220;][vc_column_text css=&#8220;&#8220;]Durch zentrale Verwaltung der Daten von Fahrzeugen, Maschinen und Mitarbeitenden auf Baustellen l\u00e4sst sich der Gesamtstatus der Abl\u00e4ufe aus der Ferne in Echtzeit erfassen \u2013 mit dem Ziel, Betriebszust\u00e4nde besser zu verstehen und die Wartungseffizienz zu steigern. <a style=\"color: #0073aa; text-decoration: none;\" href=\"https:\/\/www.tinkermode.com\/\" target=\"_blank\" rel=\"noopener noreferrer\"><strong>MODE Inc<\/strong><\/a>, ein IoT-Unternehmen mit Sitz im Silicon Valley, bietet eine skalierbare Dateninfrastruktur, die physische Datenquellen vernetzt, um Unternehmen bei der Optimierung ihrer Betriebsabl\u00e4ufe zu unterst\u00fctzen. Mit der Sensor-Gateway-L\u00f6sung von MODE k\u00f6nnen Sensoren und Ger\u00e4te eines Unternehmens angebunden und die gesammelten Daten innerhalb weniger Tage in die Cloud \u00fcberf\u00fchrt werden.<\/p>\n<p>In fr\u00fcheren Generationen wurden nur kurze Videoclips aufgezeichnet \u2013 inzwischen k\u00f6nnen Videos mit einer Laufzeit von bis zu vier Stunden aufgenommen und in 20- bis 30-min\u00fctige Segmente unterteilt werden.[\/vc_column_text][\/vc_column][vc_column width=&#8220;7\/12&#8243; offset=&#8220;vc_col-lg-7 vc_col-md-7&#8243;][vc_column_text css=&#8220;.vc_custom_1751996119419{margin-bottom: 25px !important;}&#8220;]In dieser Anwendung wurden zwei Triton IP67 Kameras von LUCID mit dem 3,2 MP Sony IMX265 CMOS-Sensor an ein Gateway angeschlossen. Die gleichzeitige Aufnahme in hoher Aufl\u00f6sung stellte eine Herausforderung f\u00fcr die Leistung des Gateways dar. Dennoch gelang es, die Videos auf Webgr\u00f6\u00dfe zu komprimieren und in die Cloud zu \u00fcbertragen. MODE kombiniert leistungsstarke Gateway-Hardware mit der eigenen Gateway-Software, um KI-gest\u00fctzte Videoanalysen direkt am Netzwerkrand (Edge) durchzuf\u00fchren.[\/vc_column_text][\/vc_column][vc_column width=&#8220;5\/12&#8243; offset=&#8220;vc_col-lg-5 vc_col-md-5&#8243;][vc_single_image image=&#8220;105340&#8243; img_size=&#8220;full&#8220; css_animation=&#8220;fadeIn&#8220;][\/vc_column][\/vc_row][vc_row css=&#8220;.vc_custom_1601492447718{margin-bottom: 25px !important;}&#8220;][vc_column offset=&#8220;vc_col-lg-12 vc_col-md-12&#8243;][vc_custom_heading text=&#8220;L\u00f6sung&#8220; google_fonts=&#8220;font_family:Exo%3A100%2C100italic%2C200%2C200italic%2C300%2C300italic%2Cregular%2Citalic%2C500%2C500italic%2C600%2C600italic%2C700%2C700italic%2C800%2C800italic%2C900%2C900italic|font_style:400%20regular%3A400%3Anormal&#8220; css=&#8220;&#8220;][\/vc_column][vc_column width=&#8220;7\/12&#8243; css=&#8220;.vc_custom_1647549501854{margin-top: 0px !important;}&#8220; offset=&#8220;vc_col-lg-7 vc_col-md-7&#8243;][vc_column_text css=&#8220;&#8220;]Die Triton TRI032S-CC Kameras von LUCID wurden so konfiguriert, dass sie Rohdaten im RGB-Format an einen PC \u00fcbermittelten, wo mithilfe des Arena SDK das Video generiert wurde. Die Kamera war mehrere hundert Meter entfernt installiert und \u00fcbertrug die Daten von dort aus.<\/p>\n<p>Die gleichzeitige Verbindung der beiden Kameras erfolgte \u00fcber die MODE Mobility Cloud, welche Daten vom Fahrzeug sammelte \u2013 dabei wurden sowohl der Innenraum als auch das Umfeld der Baufahrzeuge aufgezeichnet. Diesmal wurde die Aufnahmefunktion der MODE Sensor Cloud erweitert, wobei dieselbe Infrastruktur wie bei der MODE Mobility Cloud genutzt wurde.[\/vc_column_text][\/vc_column][vc_column width=&#8220;5\/12&#8243; offset=&#8220;vc_col-lg-5 vc_col-md-5&#8243;][vc_single_image image=&#8220;105320&#8243; img_size=&#8220;full&#8220; css_animation=&#8220;fadeIn&#8220;][vc_custom_heading text=&#8220;Die Triton-Kameras von LUCID sind nach IP67 staub- und wasserdicht und k\u00f6nnen in rauen Umgebungen wie Baustellen problemlos installiert werden.&#8220; font_container=&#8220;tag:p|font_size:16px|text_align:center|color:%23545454|line_height:20px&#8220; google_fonts=&#8220;font_family:Exo%3A100%2C100italic%2C200%2C200italic%2C300%2C300italic%2Cregular%2Citalic%2C500%2C500italic%2C600%2C600italic%2C700%2C700italic%2C800%2C800italic%2C900%2C900italic|font_style:700%20bold%20italic%3A700%3Aitalic&#8220; css_animation=&#8220;fadeInDown&#8220; css=&#8220;.vc_custom_1751996153478{margin-top: 5px !important;}&#8220;][\/vc_column][vc_column offset=&#8220;vc_col-lg-12 vc_col-md-12&#8243;][vc_column_text css=&#8220;&#8220;]Da Videoaufnahmen in h\u00f6chster Qualit\u00e4t die gesamte Netzwerkbandbreite beanspruchen k\u00f6nnen, entschied sich MODE daf\u00fcr, die Videos \u00fcber eine selbst entwickelte Videopipeline zu erzeugen. Die Videotreiber von LUCID basieren haupts\u00e4chlich auf C++-APIs.[\/vc_column_text][\/vc_column][vc_column offset=&#8220;vc_col-lg-12 vc_col-md-12&#8243;][vc_single_image image=&#8220;105576&#8243; img_size=&#8220;full&#8220; css_animation=&#8220;fadeIn&#8220;][\/vc_column][\/vc_row][vc_row][vc_column][vc_custom_heading text=&#8220;Fazit&#8220; google_fonts=&#8220;font_family:Exo%3A100%2C100italic%2C200%2C200italic%2C300%2C300italic%2Cregular%2Citalic%2C500%2C500italic%2C600%2C600italic%2C700%2C700italic%2C800%2C800italic%2C900%2C900italic|font_style:400%20regular%3A400%3Anormal&#8220; css=&#8220;&#8220;][vc_column_text css=&#8220;&#8220;]Zus\u00e4tzlich zur Erfassung von Fahrzeugdaten wie Position und Beschleunigung erm\u00f6glichen Sensoren die \u00dcberwachung des Betriebsstatus von Baumaschinen, was deren Effizienz und Wartbarkeit verbessert. Durch das Sammeln von Umweltdaten auf der Baustelle in Echtzeit k\u00f6nnen potenzielle Probleme fr\u00fchzeitig erkannt und gezielt behoben werden.<\/p>\n<p>Besonders wichtig ist die M\u00f6glichkeit, Daten zentral aus der Unternehmenszentrale zu erfassen und zu verwalten. Angenommen, ein Unternehmen betreibt 100 Baustellen im ganzen Land und m\u00f6chte alle Bauaktivit\u00e4ten dort in Echtzeit \u00fcberwachen. Mithilfe von IoT-Automatisierung und dem Cloud-Dienst von MODE lassen sich t\u00e4glich 100 Videos automatisch erfassen, analysieren und die Zusammenarbeit zwischen den Baustellen nahtlos gestalten.[\/vc_column_text][\/vc_column][\/vc_row][vc_row][vc_column css=&#8220;.vc_custom_1616520234601{margin-top: 30px !important;}&#8220;][vc_column_text css=&#8220;&#8220;]<strong>Mehr erfahren:<br \/>\n<\/strong><\/p>\n<p><a style=\"color: #0073aa; text-decoration: none;\" href=\"https:\/\/www.tinkermode.com\/\" target=\"_blank\" rel=\"noopener noreferrer\">MODE Inc<\/a><\/p>\n<p><a style=\"color: #0073aa; text-decoration: none;\" href=\"https:\/\/thinklucid.com\/de\/triton-gige-machine-vision\/\">Zur Triton Produktseite<\/a>[\/vc_column_text][\/vc_column][\/vc_row]<\/p>\n<\/div>","protected":false},"excerpt":{"rendered":"<p><strong>IoT-gest\u00fctztes Baustellenmonitoring:<\/strong> Wenn IoT-Daten zur Echtzeit\u00fcberwachung von Baustellen genutzt werden, kann die Bildverarbeitung entweder lokal oder in der Cloud erfolgen.<\/p>\n","protected":false},"author":1281,"featured_media":112320,"parent":183124,"menu_order":0,"comment_status":"closed","ping_status":"closed","template":"","meta":{"inline_featured_image":false,"footnotes":""},"tags":[1999,1966,2396,1979],"camera_family":[],"class_list":["post-183015","page","type-page","status-publish","has-post-thumbnail","hentry","tag-construction-management-de","tag-case-study-de","tag-triton-camera-de","tag-surveillance-de"],"aioseo_notices":[],"_links":{"self":[{"href":"https:\/\/thinklucid.com\/de\/wp-json\/wp\/v2\/pages\/183015","targetHints":{"allow":["GET"]}}],"collection":[{"href":"https:\/\/thinklucid.com\/de\/wp-json\/wp\/v2\/pages"}],"about":[{"href":"https:\/\/thinklucid.com\/de\/wp-json\/wp\/v2\/types\/page"}],"author":[{"embeddable":true,"href":"https:\/\/thinklucid.com\/de\/wp-json\/wp\/v2\/users\/1281"}],"replies":[{"embeddable":true,"href":"https:\/\/thinklucid.com\/de\/wp-json\/wp\/v2\/comments?post=183015"}],"version-history":[{"count":6,"href":"https:\/\/thinklucid.com\/de\/wp-json\/wp\/v2\/pages\/183015\/revisions"}],"predecessor-version":[{"id":185352,"href":"https:\/\/thinklucid.com\/de\/wp-json\/wp\/v2\/pages\/183015\/revisions\/185352"}],"up":[{"embeddable":true,"href":"https:\/\/thinklucid.com\/de\/wp-json\/wp\/v2\/pages\/183124"}],"wp:featuredmedia":[{"embeddable":true,"href":"https:\/\/thinklucid.com\/de\/wp-json\/wp\/v2\/media\/112320"}],"wp:attachment":[{"href":"https:\/\/thinklucid.com\/de\/wp-json\/wp\/v2\/media?parent=183015"}],"wp:term":[{"taxonomy":"post_tag","embeddable":true,"href":"https:\/\/thinklucid.com\/de\/wp-json\/wp\/v2\/tags?post=183015"},{"taxonomy":"camera_family","embeddable":true,"href":"https:\/\/thinklucid.com\/de\/wp-json\/wp\/v2\/camera_family?post=183015"}],"curies":[{"name":"wp","href":"https:\/\/api.w.org\/{rel}","templated":true}]}}